{"id":9020,"date":"2022-08-11T08:27:11","date_gmt":"2022-08-11T06:27:11","guid":{"rendered":"https:\/\/wroniszewska.pl\/skinroom\/?page_id=9020"},"modified":"2023-03-10T12:08:40","modified_gmt":"2023-03-10T11:08:40","slug":"zespol","status":"publish","type":"page","link":"https:\/\/wroniszewska.pl\/skinroom\/zespol\/","title":{"rendered":"Zesp\u00f3\u0142"},"content":{"rendered":"<p>[vc_row css=&#8221;.vc_custom_1661412884737{margin-bottom: 10px !important;}&#8221;][vc_column width=&#8221;1\/2&#8243;]<div class=\"heading  header-subheader align-left color-main subcolor-main transform-default theme-icon-second icon-type-default l  vc_custom_1663326677749 heading-tag-h2\" id=\"like_sc_header_1604778202\"><h2 class=\"header ltx-sr-id-like_sc_header_160477820230725721 ltx-sr ltx-sr-effect-fade_in ltx-sr-el-block ltx-sr-delay-0 ltx-sr-duration-1000 ltx-sr-sequences-0\">Joanna Welon<\/h2><\/div>[vc_column_text]Licencjat z kosmetologii obroni\u0142am na Wydziale Farmaceutycznym Akademii Medycznej w Bydgoszczy w 2000r., a tytu\u0142 Magistra Promocji Zdrowia na kierunku Zdrowia Publicznego Wojskowej Akademii Medycznej w \u0141odzi w 2002r. Od ponad 20 lat pracuj\u0119 w zawodzie, kt\u00f3ry jest moj\u0105 pasj\u0105. Stale podnosz\u0119 swoje kwalifikacje zawodowe bior\u0105c udzia\u0142 w licznych szkoleniach i kursach. W 2017r. uzyska\u0142am tytu\u0142 specjalisty trychologa w Hair Medica. W maju 2021 zdoby\u0142am certyfikat potwierdzaj\u0105cy wiedz\u0119 i umiej\u0119tno\u015bci do wykonywania masa\u017cu KOBIDO UP. W 2022r. uko\u0144czy\u0142am studia podyplomowe w WSIiZ w Warszawie na kierunku kosmetologia bioestetyczna, aby \u0142\u0105czy\u0107 zaawansowane terapie z profesjonalnymi preparatami kosmetycznymi oraz dost\u0119pnymi na rynku najnowszymi technologiami.<\/p>\n<p>Specjalizuj\u0119 si\u0119 w peelingach chemicznych, kt\u00f3re odpowiednio dobrane lecz\u0105 wiele chor\u00f3b sk\u00f3ry, eliminuj\u0105 zanieczyszczenia, przywracaj\u0105 sk\u00f3rze elastyczno\u015b\u0107 i j\u0119drno\u015b\u0107, dzi\u0119ki czemu sk\u00f3ra jest nawil\u017cona i odm\u0142odzona. S\u0142ucham swoich pacjent\u00f3w i dopasowuj\u0119 dla nich odpowiedni\u0105 terapi\u0119 oraz podpowiadam jak piel\u0119gnowa\u0107 sk\u00f3r\u0119 w domu. Praca w Skin Room Wroniszewska daje mi mo\u017cliwo\u015b\u0107 kompletnej opieki nad pacjentem.<\/p>\n<p>Jestem optymistk\u0105, pe\u0142n\u0105 energii i gotow\u0105 na nowe wyzwania. Prywatnie jestem mam\u0105 nastolatk\u00f3w Wiktora i Weroniki.[\/vc_column_text][vc_column_text css=&#8221;.vc_custom_1661412686569{padding-top: 20px !important;padding-right: 20px !important;padding-bottom: 20px !important;padding-left: 20px !important;background-color: #f9f1ec !important;}&#8221;]<strong>Lista wykonywanych us\u0142ug:<\/strong><\/p>\n<ul>\n<li><a href=\"https:\/\/wroniszewska.pl\/skinroom\/services\/kobido\/\">Kobido<\/a><\/li>\n<li><a href=\"https:\/\/wroniszewska.pl\/skinroom\/zabiegi\/dermokosmetologia\/\">Dermokosmetologia<\/a><\/li>\n<li><a href=\"https:\/\/wroniszewska.pl\/skinroom\/zabiegi\/laseroterapia\/\">Laseroterapia<\/a><\/li>\n<li><a href=\"https:\/\/wroniszewska.pl\/skinroom\/zabiegi\/peelingi-medyczne\/\">Peelingi Medyczne<\/a><\/li>\n<li><a href=\"https:\/\/wroniszewska.pl\/skinroom\/zabiegi\/kosmetologia-estetyczna\/\">Kosmetologia Estetyczna<\/a><br \/>\n(Dermapen i Celluma)<\/li>\n<\/ul>\n<p>[\/vc_column_text][\/vc_column][vc_column width=&#8221;1\/2&#8243;][vc_single_image image=&#8221;9195&#8243; img_size=&#8221;full&#8221; alignment=&#8221;center&#8221; css_animation=&#8221;fadeIn&#8221;][\/vc_column][\/vc_row][vc_row full_width=&#8221;stretch_row_content&#8221;][vc_column][vc_empty_space][\/vc_column][\/vc_row][vc_row full_width=&#8221;stretch_row_content&#8221;][vc_column][vc_empty_space][vc_separator color=&#8221;custom&#8221; accent_color=&#8221;#f9f1ec&#8221;][vc_empty_space][\/vc_column][\/vc_row][vc_row css=&#8221;.vc_custom_1661412884737{margin-bottom: 10px !important;}&#8221;][vc_column width=&#8221;1\/2&#8243;]<div class=\"heading  header-subheader align-left color-main subcolor-main transform-default theme-icon-second icon-type-default   vc_custom_1661413123817 heading-tag-h2\" id=\"like_sc_header_1136583234\"><h2 class=\"header ltx-sr-id-like_sc_header_11365832341915160760 ltx-sr ltx-sr-effect-fade_in ltx-sr-el-block ltx-sr-delay-0 ltx-sr-duration-1000 ltx-sr-sequences-0\">Karolina Potocka<\/h2><\/div>[vc_column_text]Wykonuj\u0119 zaw\u00f3d linergistki ju\u017c kilkana\u015bcie lat i nadal czerpi\u0119 z tego ogromn\u0105 przyjemno\u015b\u0107. Uko\u0144czy\u0142am wiele kurs\u00f3w w siedzibie Long-Time-Liner w Monachium. Lubi\u0119 makija\u017cem delikatnie podkre\u015bla\u0107 urod\u0119 swoich klientek, uwypukla\u0107 atuty ich urody.<\/p>\n<p>Jestem zwolenniczk\u0105 makija\u017cu subtelnego i wyra\u017anego, ale w \u017caden spos\u00f3b nie przerysowanego.[\/vc_column_text][vc_column_text css=&#8221;.vc_custom_1662031736820{padding-top: 20px !important;padding-right: 20px !important;padding-bottom: 20px !important;padding-left: 20px !important;background-color: #f9f1ec !important;}&#8221;]<strong>Lista wykonywanych us\u0142ug:<\/strong><\/p>\n<ul>\n<li>\u00a0<a href=\"https:\/\/wroniszewska.pl\/skinroom\/services\/makijaz-permanentny\/\">Makija\u017c\u00a0 permanentny<\/a><\/li>\n<\/ul>\n<p>[\/vc_column_text][\/vc_column][vc_column width=&#8221;1\/2&#8243;][vc_single_image image=&#8221;9197&#8243; img_size=&#8221;full&#8221; alignment=&#8221;center&#8221; css_animation=&#8221;fadeIn&#8221;][\/vc_column][\/vc_row]<\/p>\n","protected":false},"excerpt":{"rendered":"<p>[vc_row css=&#8221;.vc_custom_1661412884737{margin-bottom: 10px !important;}&#8221;][vc_column width=&#8221;1\/2&#8243;][vc_column_text]Licencjat z kosmetologii obroni\u0142am na Wydziale Farmaceutycznym Akademii Medycznej w Bydgoszczy w 2000r., a tytu\u0142 Magistra Promocji Zdrowia na kierunku Zdrowia Publicznego Wojskowej Akademii Medycznej w \u0141odzi w 2002r. Od ponad 20 lat pracuj\u0119 w zawodzie, kt\u00f3ry jest moj\u0105 pasj\u0105. Stale podnosz\u0119 swoje kwalifikacje zawodowe bior\u0105c udzia\u0142 w licznych szkoleniach i kursach. W 2017r. uzyska\u0142am tytu\u0142 specjalisty trychologa w Hair Medica. W maju 2021 zdoby\u0142am certyfikat potwierdzaj\u0105cy wiedz\u0119 i umiej\u0119tno\u015bci do wykonywania masa\u017cu KOBIDO UP. W 2022r. uko\u0144czy\u0142am studia podyplomowe w WSIiZ w Warszawie na kierunku kosmetologia bioestetyczna, aby \u0142\u0105czy\u0107 zaawansowane terapie z profesjonalnymi preparatami kosmetycznymi oraz dost\u0119pnymi na rynku najnowszymi technologiami. Specjalizuj\u0119 si\u0119 w peelingach chemicznych, kt\u00f3re odpowiednio dobrane lecz\u0105 wiele chor\u00f3b sk\u00f3ry, eliminuj\u0105 zanieczyszczenia, przywracaj\u0105 sk\u00f3rze elastyczno\u015b\u0107 i j\u0119drno\u015b\u0107, dzi\u0119ki czemu sk\u00f3ra jest nawil\u017cona i odm\u0142odzona. S\u0142ucham swoich pacjent\u00f3w i dopasowuj\u0119 dla nich odpowiedni\u0105 terapi\u0119 oraz podpowiadam jak piel\u0119gnowa\u0107 sk\u00f3r\u0119 w domu. Praca w [&hellip;]<\/p>\n","protected":false},"author":1,"featured_media":0,"parent":0,"menu_order":0,"comment_status":"closed","ping_status":"closed","template":"","meta":[],"acf":[],"yoast_head":"<!-- This site is optimized with the Yoast SEO plugin v19.3 - https:\/\/yoast.com\/wordpress\/plugins\/seo\/ -->\n<title>Zesp\u00f3\u0142 - Skin Room Wroniszewska<\/title>\n<meta name=\"robots\" content=\"index, follow, max-snippet:-1, max-image-preview:large, max-video-preview:-1\" \/>\n<link rel=\"canonical\" href=\"https:\/\/wroniszewska.pl\/skinroom\/zespol\/\" \/>\n<meta property=\"og:locale\" content=\"pl_PL\" \/>\n<meta property=\"og:type\" content=\"article\" \/>\n<meta property=\"og:title\" content=\"Zesp\u00f3\u0142 - Skin Room Wroniszewska\" \/>\n<meta property=\"og:description\" content=\"[vc_row css=&#8221;.vc_custom_1661412884737{margin-bottom: 10px !important;}&#8221;][vc_column width=&#8221;1\/2&#8243;][vc_column_text]Licencjat z kosmetologii obroni\u0142am na Wydziale Farmaceutycznym Akademii Medycznej w Bydgoszczy w 2000r., a tytu\u0142 Magistra Promocji Zdrowia na kierunku Zdrowia Publicznego Wojskowej Akademii Medycznej w \u0141odzi w 2002r. Od ponad 20 lat pracuj\u0119 w zawodzie, kt\u00f3ry jest moj\u0105 pasj\u0105. Stale podnosz\u0119 swoje kwalifikacje zawodowe bior\u0105c udzia\u0142 w licznych szkoleniach i kursach. W 2017r. uzyska\u0142am tytu\u0142 specjalisty trychologa w Hair Medica. W maju 2021 zdoby\u0142am certyfikat potwierdzaj\u0105cy wiedz\u0119 i umiej\u0119tno\u015bci do wykonywania masa\u017cu KOBIDO UP. W 2022r. uko\u0144czy\u0142am studia podyplomowe w WSIiZ w Warszawie na kierunku kosmetologia bioestetyczna, aby \u0142\u0105czy\u0107 zaawansowane terapie z profesjonalnymi preparatami kosmetycznymi oraz dost\u0119pnymi na rynku najnowszymi technologiami. Specjalizuj\u0119 si\u0119 w peelingach chemicznych, kt\u00f3re odpowiednio dobrane lecz\u0105 wiele chor\u00f3b sk\u00f3ry, eliminuj\u0105 zanieczyszczenia, przywracaj\u0105 sk\u00f3rze elastyczno\u015b\u0107 i j\u0119drno\u015b\u0107, dzi\u0119ki czemu sk\u00f3ra jest nawil\u017cona i odm\u0142odzona. S\u0142ucham swoich pacjent\u00f3w i dopasowuj\u0119 dla nich odpowiedni\u0105 terapi\u0119 oraz podpowiadam jak piel\u0119gnowa\u0107 sk\u00f3r\u0119 w domu. Praca w [&hellip;]\" \/>\n<meta property=\"og:url\" content=\"https:\/\/wroniszewska.pl\/skinroom\/zespol\/\" \/>\n<meta property=\"og:site_name\" content=\"Skin Room Wroniszewska\" \/>\n<meta property=\"article:modified_time\" content=\"2023-03-10T11:08:40+00:00\" \/>\n<meta name=\"twitter:card\" content=\"summary_large_image\" \/>\n<meta name=\"twitter:label1\" content=\"Szacowany czas czytania\" \/>\n\t<meta name=\"twitter:data1\" content=\"3 minuty\" \/>\n<script type=\"application\/ld+json\" class=\"yoast-schema-graph\">{\"@context\":\"https:\/\/schema.org\",\"@graph\":[{\"@type\":\"WebSite\",\"@id\":\"https:\/\/wroniszewska.pl\/skinroom\/#website\",\"url\":\"https:\/\/wroniszewska.pl\/skinroom\/\",\"name\":\"Skin Room Wroniszewska\",\"description\":\"Gabinet kosmetologii estetycznej i leczniczej\",\"potentialAction\":[{\"@type\":\"SearchAction\",\"target\":{\"@type\":\"EntryPoint\",\"urlTemplate\":\"https:\/\/wroniszewska.pl\/skinroom\/?s={search_term_string}\"},\"query-input\":\"required name=search_term_string\"}],\"inLanguage\":\"pl-PL\"},{\"@type\":\"WebPage\",\"@id\":\"https:\/\/wroniszewska.pl\/skinroom\/zespol\/\",\"url\":\"https:\/\/wroniszewska.pl\/skinroom\/zespol\/\",\"name\":\"Zesp\u00f3\u0142 - Skin Room Wroniszewska\",\"isPartOf\":{\"@id\":\"https:\/\/wroniszewska.pl\/skinroom\/#website\"},\"datePublished\":\"2022-08-11T06:27:11+00:00\",\"dateModified\":\"2023-03-10T11:08:40+00:00\",\"breadcrumb\":{\"@id\":\"https:\/\/wroniszewska.pl\/skinroom\/zespol\/#breadcrumb\"},\"inLanguage\":\"pl-PL\",\"potentialAction\":[{\"@type\":\"ReadAction\",\"target\":[\"https:\/\/wroniszewska.pl\/skinroom\/zespol\/\"]}]},{\"@type\":\"BreadcrumbList\",\"@id\":\"https:\/\/wroniszewska.pl\/skinroom\/zespol\/#breadcrumb\",\"itemListElement\":[{\"@type\":\"ListItem\",\"position\":1,\"name\":\"Strona g\u0142\u00f3wna\",\"item\":\"https:\/\/wroniszewska.pl\/skinroom\/\"},{\"@type\":\"ListItem\",\"position\":2,\"name\":\"Zesp\u00f3\u0142\"}]}]}<\/script>\n<!-- \/ Yoast SEO plugin. -->","yoast_head_json":{"title":"Zesp\u00f3\u0142 - Skin Room Wroniszewska","robots":{"index":"index","follow":"follow","max-snippet":"max-snippet:-1","max-image-preview":"max-image-preview:large","max-video-preview":"max-video-preview:-1"},"canonical":"https:\/\/wroniszewska.pl\/skinroom\/zespol\/","og_locale":"pl_PL","og_type":"article","og_title":"Zesp\u00f3\u0142 - Skin Room Wroniszewska","og_description":"[vc_row css=&#8221;.vc_custom_1661412884737{margin-bottom: 10px !important;}&#8221;][vc_column width=&#8221;1\/2&#8243;][vc_column_text]Licencjat z kosmetologii obroni\u0142am na Wydziale Farmaceutycznym Akademii Medycznej w Bydgoszczy w 2000r., a tytu\u0142 Magistra Promocji Zdrowia na kierunku Zdrowia Publicznego Wojskowej Akademii Medycznej w \u0141odzi w 2002r. Od ponad 20 lat pracuj\u0119 w zawodzie, kt\u00f3ry jest moj\u0105 pasj\u0105. Stale podnosz\u0119 swoje kwalifikacje zawodowe bior\u0105c udzia\u0142 w licznych szkoleniach i kursach. W 2017r. uzyska\u0142am tytu\u0142 specjalisty trychologa w Hair Medica. W maju 2021 zdoby\u0142am certyfikat potwierdzaj\u0105cy wiedz\u0119 i umiej\u0119tno\u015bci do wykonywania masa\u017cu KOBIDO UP. W 2022r. uko\u0144czy\u0142am studia podyplomowe w WSIiZ w Warszawie na kierunku kosmetologia bioestetyczna, aby \u0142\u0105czy\u0107 zaawansowane terapie z profesjonalnymi preparatami kosmetycznymi oraz dost\u0119pnymi na rynku najnowszymi technologiami. Specjalizuj\u0119 si\u0119 w peelingach chemicznych, kt\u00f3re odpowiednio dobrane lecz\u0105 wiele chor\u00f3b sk\u00f3ry, eliminuj\u0105 zanieczyszczenia, przywracaj\u0105 sk\u00f3rze elastyczno\u015b\u0107 i j\u0119drno\u015b\u0107, dzi\u0119ki czemu sk\u00f3ra jest nawil\u017cona i odm\u0142odzona. S\u0142ucham swoich pacjent\u00f3w i dopasowuj\u0119 dla nich odpowiedni\u0105 terapi\u0119 oraz podpowiadam jak piel\u0119gnowa\u0107 sk\u00f3r\u0119 w domu. Praca w [&hellip;]","og_url":"https:\/\/wroniszewska.pl\/skinroom\/zespol\/","og_site_name":"Skin Room Wroniszewska","article_modified_time":"2023-03-10T11:08:40+00:00","twitter_card":"summary_large_image","twitter_misc":{"Szacowany czas czytania":"3 minuty"},"schema":{"@context":"https:\/\/schema.org","@graph":[{"@type":"WebSite","@id":"https:\/\/wroniszewska.pl\/skinroom\/#website","url":"https:\/\/wroniszewska.pl\/skinroom\/","name":"Skin Room Wroniszewska","description":"Gabinet kosmetologii estetycznej i leczniczej","potentialAction":[{"@type":"SearchAction","target":{"@type":"EntryPoint","urlTemplate":"https:\/\/wroniszewska.pl\/skinroom\/?s={search_term_string}"},"query-input":"required name=search_term_string"}],"inLanguage":"pl-PL"},{"@type":"WebPage","@id":"https:\/\/wroniszewska.pl\/skinroom\/zespol\/","url":"https:\/\/wroniszewska.pl\/skinroom\/zespol\/","name":"Zesp\u00f3\u0142 - Skin Room Wroniszewska","isPartOf":{"@id":"https:\/\/wroniszewska.pl\/skinroom\/#website"},"datePublished":"2022-08-11T06:27:11+00:00","dateModified":"2023-03-10T11:08:40+00:00","breadcrumb":{"@id":"https:\/\/wroniszewska.pl\/skinroom\/zespol\/#breadcrumb"},"inLanguage":"pl-PL","potentialAction":[{"@type":"ReadAction","target":["https:\/\/wroniszewska.pl\/skinroom\/zespol\/"]}]},{"@type":"BreadcrumbList","@id":"https:\/\/wroniszewska.pl\/skinroom\/zespol\/#breadcrumb","itemListElement":[{"@type":"ListItem","position":1,"name":"Strona g\u0142\u00f3wna","item":"https:\/\/wroniszewska.pl\/skinroom\/"},{"@type":"ListItem","position":2,"name":"Zesp\u00f3\u0142"}]}]}},"_links":{"self":[{"href":"https:\/\/wroniszewska.pl\/skinroom\/wp-json\/wp\/v2\/pages\/9020"}],"collection":[{"href":"https:\/\/wroniszewska.pl\/skinroom\/wp-json\/wp\/v2\/pages"}],"about":[{"href":"https:\/\/wroniszewska.pl\/skinroom\/wp-json\/wp\/v2\/types\/page"}],"author":[{"embeddable":true,"href":"https:\/\/wroniszewska.pl\/skinroom\/wp-json\/wp\/v2\/users\/1"}],"replies":[{"embeddable":true,"href":"https:\/\/wroniszewska.pl\/skinroom\/wp-json\/wp\/v2\/comments?post=9020"}],"version-history":[{"count":54,"href":"https:\/\/wroniszewska.pl\/skinroom\/wp-json\/wp\/v2\/pages\/9020\/revisions"}],"predecessor-version":[{"id":9385,"href":"https:\/\/wroniszewska.pl\/skinroom\/wp-json\/wp\/v2\/pages\/9020\/revisions\/9385"}],"wp:attachment":[{"href":"https:\/\/wroniszewska.pl\/skinroom\/wp-json\/wp\/v2\/media?parent=9020"}],"curies":[{"name":"wp","href":"https:\/\/api.w.org\/{rel}","templated":true}]}}