{"id":8737,"date":"2022-06-19T23:34:17","date_gmt":"2022-06-19T21:34:17","guid":{"rendered":"https:\/\/wroniszewska.pl\/skinroom\/?page_id=8737"},"modified":"2022-06-19T23:34:51","modified_gmt":"2022-06-19T21:34:51","slug":"laseroterapia","status":"publish","type":"page","link":"https:\/\/wroniszewska.pl\/skinroom\/zabiegi\/laseroterapia\/","title":{"rendered":"Laseroterapia"},"content":{"rendered":"<p>[vc_row][vc_column]<div class=\"heading  header-subheader align-center color-black subcolor-main transform-default has-subheader theme-icon-second icon-type-default heading-tag-h2\" id=\"like_sc_header_962172407\"><h2 class=\"subheader ltx-sr-id-like_sc_header_96217240757652124 ltx-sr ltx-sr-effect-fade_in ltx-sr-el-block ltx-sr-delay-100 ltx-sr-duration-300 ltx-sr-sequences-50\">Zabiegi<\/h2><h2 class=\"header ltx-sr-id-like_sc_header_962172407104540390 ltx-sr ltx-sr-effect-fade_in ltx-sr-el-block ltx-sr-delay-0 ltx-sr-duration-1000 ltx-sr-sequences-0\">Laseroterapia<\/h2><\/div><div class=\"services-sc  layout-list ltx-style-gray\"  id=\"like_sc_services_165947893\"><div class=\"ltx-list-wrap\">\t\t\t<article id=\"post-8651\" class=\"post-8651 services type-services status-publish hentry services-category-depilacja-laserowa services-category-laseroterapia\" >\r\n\t\t\t    <a href=\"https:\/\/wroniszewska.pl\/skinroom\/services\/depilacja-laserowa\/\">\r\n\t\t        \t<h4 class=\"header\">\r\n\t\t        \t\tDepilacja Laserowa\t\t\t\t        \t\r\n\t\t        \t<\/h4>\r\n\t\t        <\/a>\r\n\t\t\t    <div class=\"descr\">\r\n\t\t\t\t\t\t\t\t\t        \t\r\n\t\t\t    <\/div>\r\n\t\t\t    <a href=\"https:\/\/wroniszewska.pl\/skinroom\/services\/depilacja-laserowa\/\" class=\"btn btn-xs btn-black\">SZCZEG\u00d3\u0141Y<\/a>\t\t\t<\/article>\r\n\t\t\t\t\t\t<article id=\"post-8650\" class=\"post-8650 services type-services status-publish hentry services-category-laseroterapia services-category-obrzeki-i-cienie-pod-oczami services-category-starzenie-sie-skory-zmarszczki services-category-tradzik-doroslych-blizny services-category-utrata-jedrnosci\" >\r\n\t\t\t    <a href=\"https:\/\/wroniszewska.pl\/skinroom\/services\/resurfacing-odmlodzenie-odnowa-i-odbudowa-skory\/\">\r\n\t\t        \t<h4 class=\"header\">\r\n\t\t        \t\tResurfacing &#8211; odm\u0142odzenie, odnowa i odbudowa sk\u00f3ry\t\t\t\t        \t\r\n\t\t        \t<\/h4>\r\n\t\t        <\/a>\r\n\t\t\t    <div class=\"descr\">\r\n\t\t\t\t\t\t\t\t\t        \t\r\n\t\t\t    <\/div>\r\n\t\t\t    <a href=\"https:\/\/wroniszewska.pl\/skinroom\/services\/resurfacing-odmlodzenie-odnowa-i-odbudowa-skory\/\" class=\"btn btn-xs btn-black\">SZCZEG\u00d3\u0141Y<\/a>\t\t\t<\/article>\r\n\t\t\t\t\t\t<article id=\"post-8648\" class=\"post-8648 services type-services status-publish hentry services-category-cera-naczynkowa services-category-laseroterapia services-category-tradzik-rozowaty-rumien\" >\r\n\t\t\t    <a href=\"https:\/\/wroniszewska.pl\/skinroom\/services\/laserowe-zamykanie-naczynek\/\">\r\n\t\t        \t<h4 class=\"header\">\r\n\t\t        \t\tLaserowe Zamykanie Naczynek, Usuwanie Rumienia\t\t\t\t        \t\r\n\t\t        \t<\/h4>\r\n\t\t        <\/a>\r\n\t\t\t    <div class=\"descr\">\r\n\t\t\t\t\t\t\t\t\t        \t\r\n\t\t\t    <\/div>\r\n\t\t\t    <a href=\"https:\/\/wroniszewska.pl\/skinroom\/services\/laserowe-zamykanie-naczynek\/\" class=\"btn btn-xs btn-black\">SZCZEG\u00d3\u0141Y<\/a>\t\t\t<\/article>\r\n\t\t\t\t\t\t<article id=\"post-8647\" class=\"post-8647 services type-services status-publish hentry services-category-laseroterapia services-category-tradzik-rozowaty-rumien\" >\r\n\t\t\t    <a href=\"https:\/\/wroniszewska.pl\/skinroom\/services\/laserowe-wyciszanie-tradziku-rozowatego\/\">\r\n\t\t        \t<h4 class=\"header\">\r\n\t\t        \t\tLaserowe Wyciszanie Tr\u0105dziku R\u00f3\u017cowatego\t\t\t\t        \t\r\n\t\t        \t<\/h4>\r\n\t\t        <\/a>\r\n\t\t\t    <div class=\"descr\">\r\n\t\t\t\t\t\t\t\t\t        \t\r\n\t\t\t    <\/div>\r\n\t\t\t    <a href=\"https:\/\/wroniszewska.pl\/skinroom\/services\/laserowe-wyciszanie-tradziku-rozowatego\/\" class=\"btn btn-xs btn-black\">SZCZEG\u00d3\u0141Y<\/a>\t\t\t<\/article>\r\n\t\t\t\t\t\t<article id=\"post-8646\" class=\"post-8646 services type-services status-publish hentry services-category-laseroterapia services-category-tradzik-doroslych-blizny services-category-tradzik-mlodzienczy\" >\r\n\t\t\t    <a href=\"https:\/\/wroniszewska.pl\/skinroom\/services\/laserowe-wyciszanie-tradziku\/\">\r\n\t\t        \t<h4 class=\"header\">\r\n\t\t        \t\tLaserowe Wyciszanie Tr\u0105dziku\t\t\t\t        \t\r\n\t\t        \t<\/h4>\r\n\t\t        <\/a>\r\n\t\t\t    <div class=\"descr\">\r\n\t\t\t\t\t\t\t\t\t        \t\r\n\t\t\t    <\/div>\r\n\t\t\t    <a href=\"https:\/\/wroniszewska.pl\/skinroom\/services\/laserowe-wyciszanie-tradziku\/\" class=\"btn btn-xs btn-black\">SZCZEG\u00d3\u0141Y<\/a>\t\t\t<\/article>\r\n\t\t\t\t\t\t<article id=\"post-8645\" class=\"post-8645 services type-services status-publish hentry services-category-laseroterapia services-category-skora-sucha-atopia services-category-starzenie-sie-skory-zmarszczki services-category-utrata-jedrnosci\" >\r\n\t\t\t    <a href=\"https:\/\/wroniszewska.pl\/skinroom\/services\/laserowe-fotoodmladzanie\/\">\r\n\t\t        \t<h4 class=\"header\">\r\n\t\t        \t\tLaserowe Fotoodm\u0142adzanie\t\t\t\t        \t\r\n\t\t        \t<\/h4>\r\n\t\t        <\/a>\r\n\t\t\t    <div class=\"descr\">\r\n\t\t\t\t\t\t\t\t\t        \t\r\n\t\t\t    <\/div>\r\n\t\t\t    <a href=\"https:\/\/wroniszewska.pl\/skinroom\/services\/laserowe-fotoodmladzanie\/\" class=\"btn btn-xs btn-black\">SZCZEG\u00d3\u0141Y<\/a>\t\t\t<\/article>\r\n\t\t\t\t\t\t<article id=\"post-8644\" class=\"post-8644 services type-services status-publish hentry services-category-laseroterapia services-category-przebarwienia\" >\r\n\t\t\t    <a href=\"https:\/\/wroniszewska.pl\/skinroom\/services\/laserowe-usuwanie-przebarwien\/\">\r\n\t\t        \t<h4 class=\"header\">\r\n\t\t        \t\tLaserowe Usuwanie Przebarwie\u0144\t\t\t\t        \t\r\n\t\t        \t<\/h4>\r\n\t\t        <\/a>\r\n\t\t\t    <div class=\"descr\">\r\n\t\t\t\t\t\t\t\t\t        \t\r\n\t\t\t    <\/div>\r\n\t\t\t    <a href=\"https:\/\/wroniszewska.pl\/skinroom\/services\/laserowe-usuwanie-przebarwien\/\" class=\"btn btn-xs btn-black\">SZCZEG\u00d3\u0141Y<\/a>\t\t\t<\/article>\r\n\t\t\t<\/div><\/div>[\/vc_column][\/vc_row]<\/p>\n","protected":false},"excerpt":{"rendered":"<p>[vc_row][vc_column][\/vc_column][\/vc_row]<\/p>\n","protected":false},"author":1,"featured_media":0,"parent":8149,"menu_order":0,"comment_status":"closed","ping_status":"closed","template":"","meta":[],"acf":[],"yoast_head":"<!-- This site is optimized with the Yoast SEO plugin v19.3 - https:\/\/yoast.com\/wordpress\/plugins\/seo\/ -->\n<title>Laseroterapia - Skin Room Wroniszewska<\/title>\n<meta name=\"robots\" content=\"index, follow, max-snippet:-1, max-image-preview:large, max-video-preview:-1\" \/>\n<link rel=\"canonical\" href=\"https:\/\/wroniszewska.pl\/skinroom\/zabiegi\/laseroterapia\/\" \/>\n<meta property=\"og:locale\" content=\"pl_PL\" \/>\n<meta property=\"og:type\" content=\"article\" \/>\n<meta property=\"og:title\" content=\"Laseroterapia - Skin Room Wroniszewska\" \/>\n<meta property=\"og:description\" content=\"[vc_row][vc_column][\/vc_column][\/vc_row]\" \/>\n<meta property=\"og:url\" content=\"https:\/\/wroniszewska.pl\/skinroom\/zabiegi\/laseroterapia\/\" \/>\n<meta property=\"og:site_name\" content=\"Skin Room Wroniszewska\" \/>\n<meta property=\"article:modified_time\" content=\"2022-06-19T21:34:51+00:00\" \/>\n<meta name=\"twitter:card\" content=\"summary_large_image\" \/>\n<script type=\"application\/ld+json\" class=\"yoast-schema-graph\">{\"@context\":\"https:\/\/schema.org\",\"@graph\":[{\"@type\":\"WebSite\",\"@id\":\"https:\/\/wroniszewska.pl\/skinroom\/#website\",\"url\":\"https:\/\/wroniszewska.pl\/skinroom\/\",\"name\":\"Skin Room Wroniszewska\",\"description\":\"Gabinet kosmetologii estetycznej i leczniczej\",\"potentialAction\":[{\"@type\":\"SearchAction\",\"target\":{\"@type\":\"EntryPoint\",\"urlTemplate\":\"https:\/\/wroniszewska.pl\/skinroom\/?s={search_term_string}\"},\"query-input\":\"required name=search_term_string\"}],\"inLanguage\":\"pl-PL\"},{\"@type\":\"WebPage\",\"@id\":\"https:\/\/wroniszewska.pl\/skinroom\/zabiegi\/laseroterapia\/\",\"url\":\"https:\/\/wroniszewska.pl\/skinroom\/zabiegi\/laseroterapia\/\",\"name\":\"Laseroterapia - Skin Room Wroniszewska\",\"isPartOf\":{\"@id\":\"https:\/\/wroniszewska.pl\/skinroom\/#website\"},\"datePublished\":\"2022-06-19T21:34:17+00:00\",\"dateModified\":\"2022-06-19T21:34:51+00:00\",\"breadcrumb\":{\"@id\":\"https:\/\/wroniszewska.pl\/skinroom\/zabiegi\/laseroterapia\/#breadcrumb\"},\"inLanguage\":\"pl-PL\",\"potentialAction\":[{\"@type\":\"ReadAction\",\"target\":[\"https:\/\/wroniszewska.pl\/skinroom\/zabiegi\/laseroterapia\/\"]}]},{\"@type\":\"BreadcrumbList\",\"@id\":\"https:\/\/wroniszewska.pl\/skinroom\/zabiegi\/laseroterapia\/#breadcrumb\",\"itemListElement\":[{\"@type\":\"ListItem\",\"position\":1,\"name\":\"Strona g\u0142\u00f3wna\",\"item\":\"https:\/\/wroniszewska.pl\/skinroom\/\"},{\"@type\":\"ListItem\",\"position\":2,\"name\":\"Zabiegi\",\"item\":\"https:\/\/wroniszewska.pl\/skinroom\/zabiegi\/\"},{\"@type\":\"ListItem\",\"position\":3,\"name\":\"Laseroterapia\"}]}]}<\/script>\n<!-- \/ Yoast SEO plugin. -->","yoast_head_json":{"title":"Laseroterapia - Skin Room Wroniszewska","robots":{"index":"index","follow":"follow","max-snippet":"max-snippet:-1","max-image-preview":"max-image-preview:large","max-video-preview":"max-video-preview:-1"},"canonical":"https:\/\/wroniszewska.pl\/skinroom\/zabiegi\/laseroterapia\/","og_locale":"pl_PL","og_type":"article","og_title":"Laseroterapia - Skin Room Wroniszewska","og_description":"[vc_row][vc_column][\/vc_column][\/vc_row]","og_url":"https:\/\/wroniszewska.pl\/skinroom\/zabiegi\/laseroterapia\/","og_site_name":"Skin Room Wroniszewska","article_modified_time":"2022-06-19T21:34:51+00:00","twitter_card":"summary_large_image","schema":{"@context":"https:\/\/schema.org","@graph":[{"@type":"WebSite","@id":"https:\/\/wroniszewska.pl\/skinroom\/#website","url":"https:\/\/wroniszewska.pl\/skinroom\/","name":"Skin Room Wroniszewska","description":"Gabinet kosmetologii estetycznej i leczniczej","potentialAction":[{"@type":"SearchAction","target":{"@type":"EntryPoint","urlTemplate":"https:\/\/wroniszewska.pl\/skinroom\/?s={search_term_string}"},"query-input":"required name=search_term_string"}],"inLanguage":"pl-PL"},{"@type":"WebPage","@id":"https:\/\/wroniszewska.pl\/skinroom\/zabiegi\/laseroterapia\/","url":"https:\/\/wroniszewska.pl\/skinroom\/zabiegi\/laseroterapia\/","name":"Laseroterapia - Skin Room Wroniszewska","isPartOf":{"@id":"https:\/\/wroniszewska.pl\/skinroom\/#website"},"datePublished":"2022-06-19T21:34:17+00:00","dateModified":"2022-06-19T21:34:51+00:00","breadcrumb":{"@id":"https:\/\/wroniszewska.pl\/skinroom\/zabiegi\/laseroterapia\/#breadcrumb"},"inLanguage":"pl-PL","potentialAction":[{"@type":"ReadAction","target":["https:\/\/wroniszewska.pl\/skinroom\/zabiegi\/laseroterapia\/"]}]},{"@type":"BreadcrumbList","@id":"https:\/\/wroniszewska.pl\/skinroom\/zabiegi\/laseroterapia\/#breadcrumb","itemListElement":[{"@type":"ListItem","position":1,"name":"Strona g\u0142\u00f3wna","item":"https:\/\/wroniszewska.pl\/skinroom\/"},{"@type":"ListItem","position":2,"name":"Zabiegi","item":"https:\/\/wroniszewska.pl\/skinroom\/zabiegi\/"},{"@type":"ListItem","position":3,"name":"Laseroterapia"}]}]}},"_links":{"self":[{"href":"https:\/\/wroniszewska.pl\/skinroom\/wp-json\/wp\/v2\/pages\/8737"}],"collection":[{"href":"https:\/\/wroniszewska.pl\/skinroom\/wp-json\/wp\/v2\/pages"}],"about":[{"href":"https:\/\/wroniszewska.pl\/skinroom\/wp-json\/wp\/v2\/types\/page"}],"author":[{"embeddable":true,"href":"https:\/\/wroniszewska.pl\/skinroom\/wp-json\/wp\/v2\/users\/1"}],"replies":[{"embeddable":true,"href":"https:\/\/wroniszewska.pl\/skinroom\/wp-json\/wp\/v2\/comments?post=8737"}],"version-history":[{"count":2,"href":"https:\/\/wroniszewska.pl\/skinroom\/wp-json\/wp\/v2\/pages\/8737\/revisions"}],"predecessor-version":[{"id":8739,"href":"https:\/\/wroniszewska.pl\/skinroom\/wp-json\/wp\/v2\/pages\/8737\/revisions\/8739"}],"up":[{"embeddable":true,"href":"https:\/\/wroniszewska.pl\/skinroom\/wp-json\/wp\/v2\/pages\/8149"}],"wp:attachment":[{"href":"https:\/\/wroniszewska.pl\/skinroom\/wp-json\/wp\/v2\/media?parent=8737"}],"curies":[{"name":"wp","href":"https:\/\/api.w.org\/{rel}","templated":true}]}}