{"id":8731,"date":"2022-06-19T23:31:16","date_gmt":"2022-06-19T21:31:16","guid":{"rendered":"https:\/\/wroniszewska.pl\/skinroom\/?page_id=8731"},"modified":"2023-01-11T18:53:53","modified_gmt":"2023-01-11T17:53:53","slug":"dermokosmetologia","status":"publish","type":"page","link":"https:\/\/wroniszewska.pl\/skinroom\/zabiegi\/dermokosmetologia\/","title":{"rendered":"Dermokosmetologia"},"content":{"rendered":"<p>[vc_row][vc_column]<div class=\"heading  header-subheader align-center color-black subcolor-main transform-default has-subheader theme-icon-second icon-type-default heading-tag-h2\" id=\"like_sc_header_1502966392\"><h2 class=\"subheader ltx-sr-id-like_sc_header_15029663922075420884 ltx-sr ltx-sr-effect-fade_in ltx-sr-el-block ltx-sr-delay-100 ltx-sr-duration-300 ltx-sr-sequences-50\">Zabiegi<\/h2><h2 class=\"header ltx-sr-id-like_sc_header_15029663921149721722 ltx-sr ltx-sr-effect-fade_in ltx-sr-el-block ltx-sr-delay-0 ltx-sr-duration-1000 ltx-sr-sequences-0\">Dermokosmetologia<\/h2><\/div><div class=\"services-sc  layout-list ltx-style-gray\"  id=\"like_sc_services_650072080\"><div class=\"ltx-list-wrap\">\t\t\t<article id=\"post-8637\" class=\"post-8637 services type-services status-publish hentry services-category-dermokosmetologia services-category-skora-sucha-atopia services-category-utrata-jedrnosci\" >\r\n\t\t\t    <a href=\"https:\/\/wroniszewska.pl\/skinroom\/services\/arma-lift-terapia-skory-dojrzalej\/\">\r\n\t\t        \t<h4 class=\"header\">\r\n\t\t        \t\tARMA-LIFT \u2013 terapia sk\u00f3ry dojrza\u0142ej\t\t\t\t        \t\r\n\t\t        \t<\/h4>\r\n\t\t        <\/a>\r\n\t\t\t    <div class=\"descr\">\r\n\t\t\t\t\t\t\t\t\t        \t\r\n\t\t\t    <\/div>\r\n\t\t\t    <a href=\"https:\/\/wroniszewska.pl\/skinroom\/services\/arma-lift-terapia-skory-dojrzalej\/\" class=\"btn btn-xs btn-black\">SZCZEG\u00d3\u0141Y<\/a>\t\t\t<\/article>\r\n\t\t\t\t\t\t<article id=\"post-8639\" class=\"post-8639 services type-services status-publish hentry services-category-dermokosmetologia services-category-tradzik-doroslych-blizny services-category-tradzik-mlodzienczy services-category-zabiegi-w-okresie-ciazy\" >\r\n\t\t\t    <a href=\"https:\/\/wroniszewska.pl\/skinroom\/services\/eu-seb-pre-i-probiotyki-tradzik\/\">\r\n\t\t        \t<h4 class=\"header\">\r\n\t\t        \t\tEU-SEB &#8211; pre i probiotyki \/ tr\u0105dzik\t\t\t\t        \t\r\n\t\t        \t<\/h4>\r\n\t\t        <\/a>\r\n\t\t\t    <div class=\"descr\">\r\n\t\t\t\t\t\t\t\t\t        \t\r\n\t\t\t    <\/div>\r\n\t\t\t    <a href=\"https:\/\/wroniszewska.pl\/skinroom\/services\/eu-seb-pre-i-probiotyki-tradzik\/\" class=\"btn btn-xs btn-black\">SZCZEG\u00d3\u0141Y<\/a>\t\t\t<\/article>\r\n\t\t\t\t\t\t<article id=\"post-8642\" class=\"post-8642 services type-services status-publish hentry services-category-cera-naczynkowa services-category-dermokosmetologia services-category-prewencja-zabiegi-healthy-aging services-category-skora-sucha-atopia services-category-starzenie-sie-skory-zmarszczki services-category-zabiegi-w-okresie-ciazy\" >\r\n\t\t\t    <a href=\"https:\/\/wroniszewska.pl\/skinroom\/services\/hydra-fill-glebokie-nawilzanie\/\">\r\n\t\t        \t<h4 class=\"header\">\r\n\t\t        \t\tHYDRA-FILL &#8211; g\u0142\u0119bokie nawil\u017canie\t\t\t\t        \t\r\n\t\t        \t<\/h4>\r\n\t\t        <\/a>\r\n\t\t\t    <div class=\"descr\">\r\n\t\t\t\t\t\t\t\t\t        \t\r\n\t\t\t    <\/div>\r\n\t\t\t    <a href=\"https:\/\/wroniszewska.pl\/skinroom\/services\/hydra-fill-glebokie-nawilzanie\/\" class=\"btn btn-xs btn-black\">SZCZEG\u00d3\u0141Y<\/a>\t\t\t<\/article>\r\n\t\t\t\t\t\t<article id=\"post-8638\" class=\"post-8638 services type-services status-publish hentry services-category-dermokosmetologia services-category-obrzeki-i-cienie-pod-oczami\" >\r\n\t\t\t    <a href=\"https:\/\/wroniszewska.pl\/skinroom\/services\/lipo-oval-obrzeki-i-owal-twarzy\/\">\r\n\t\t        \t<h4 class=\"header\">\r\n\t\t        \t\tLIPO-OVAL &#8211; obrz\u0119ki i owal twarzy\t\t\t\t        \t\r\n\t\t        \t<\/h4>\r\n\t\t        <\/a>\r\n\t\t\t    <div class=\"descr\">\r\n\t\t\t\t\t\t\t\t\t        \t\r\n\t\t\t    <\/div>\r\n\t\t\t    <a href=\"https:\/\/wroniszewska.pl\/skinroom\/services\/lipo-oval-obrzeki-i-owal-twarzy\/\" class=\"btn btn-xs btn-black\">SZCZEG\u00d3\u0141Y<\/a>\t\t\t<\/article>\r\n\t\t\t\t\t\t<article id=\"post-8640\" class=\"post-8640 services type-services status-publish hentry services-category-dermokosmetologia services-category-starzenie-sie-skory-zmarszczki services-category-zabiegi-w-okresie-ciazy\" >\r\n\t\t\t    <a href=\"https:\/\/wroniszewska.pl\/skinroom\/services\/myo-fix-korekta-zmarszczek-mimicznych\/\">\r\n\t\t        \t<h4 class=\"header\">\r\n\t\t        \t\tMYO-FIX &#8211; korekta zmarszczek mimicznych\t\t\t\t        \t\r\n\t\t        \t<\/h4>\r\n\t\t        <\/a>\r\n\t\t\t    <div class=\"descr\">\r\n\t\t\t\t\t\t\t\t\t        \t\r\n\t\t\t    <\/div>\r\n\t\t\t    <a href=\"https:\/\/wroniszewska.pl\/skinroom\/services\/myo-fix-korekta-zmarszczek-mimicznych\/\" class=\"btn btn-xs btn-black\">SZCZEG\u00d3\u0141Y<\/a>\t\t\t<\/article>\r\n\t\t\t\t\t\t<article id=\"post-8641\" class=\"post-8641 services type-services status-publish hentry services-category-cera-naczynkowa services-category-dermokosmetologia services-category-tradzik-rozowaty-rumien services-category-zabiegi-w-okresie-ciazy\" >\r\n\t\t\t    <a href=\"https:\/\/wroniszewska.pl\/skinroom\/services\/red-apax-rumien-i-tradzik-rozowaty\/\">\r\n\t\t        \t<h4 class=\"header\">\r\n\t\t        \t\tRED-APAX &#8211; rumie\u0144 i tr\u0105dzik r\u00f3\u017cowaty\t\t\t\t        \t\r\n\t\t        \t<\/h4>\r\n\t\t        <\/a>\r\n\t\t\t    <div class=\"descr\">\r\n\t\t\t\t\t\t\t\t\t        \t\r\n\t\t\t    <\/div>\r\n\t\t\t    <a href=\"https:\/\/wroniszewska.pl\/skinroom\/services\/red-apax-rumien-i-tradzik-rozowaty\/\" class=\"btn btn-xs btn-black\">SZCZEG\u00d3\u0141Y<\/a>\t\t\t<\/article>\r\n\t\t\t<\/div><\/div>[\/vc_column][\/vc_row]<\/p>\n","protected":false},"excerpt":{"rendered":"<p>[vc_row][vc_column][\/vc_column][\/vc_row]<\/p>\n","protected":false},"author":1,"featured_media":0,"parent":8149,"menu_order":0,"comment_status":"closed","ping_status":"closed","template":"","meta":[],"acf":[],"yoast_head":"<!-- This site is optimized with the Yoast SEO plugin v19.3 - https:\/\/yoast.com\/wordpress\/plugins\/seo\/ -->\n<title>Dermokosmetologia - Skin Room Wroniszewska<\/title>\n<meta name=\"robots\" content=\"index, follow, max-snippet:-1, max-image-preview:large, max-video-preview:-1\" \/>\n<link rel=\"canonical\" href=\"https:\/\/wroniszewska.pl\/skinroom\/zabiegi\/dermokosmetologia\/\" \/>\n<meta property=\"og:locale\" content=\"pl_PL\" \/>\n<meta property=\"og:type\" content=\"article\" \/>\n<meta property=\"og:title\" content=\"Dermokosmetologia - Skin Room Wroniszewska\" \/>\n<meta property=\"og:description\" content=\"[vc_row][vc_column][\/vc_column][\/vc_row]\" \/>\n<meta property=\"og:url\" content=\"https:\/\/wroniszewska.pl\/skinroom\/zabiegi\/dermokosmetologia\/\" \/>\n<meta property=\"og:site_name\" content=\"Skin Room Wroniszewska\" \/>\n<meta property=\"article:modified_time\" content=\"2023-01-11T17:53:53+00:00\" \/>\n<meta name=\"twitter:card\" content=\"summary_large_image\" \/>\n<meta name=\"twitter:label1\" content=\"Szacowany czas czytania\" \/>\n\t<meta name=\"twitter:data1\" content=\"1 minuta\" \/>\n<script type=\"application\/ld+json\" class=\"yoast-schema-graph\">{\"@context\":\"https:\/\/schema.org\",\"@graph\":[{\"@type\":\"WebSite\",\"@id\":\"https:\/\/wroniszewska.pl\/skinroom\/#website\",\"url\":\"https:\/\/wroniszewska.pl\/skinroom\/\",\"name\":\"Skin Room Wroniszewska\",\"description\":\"Gabinet kosmetologii estetycznej i leczniczej\",\"potentialAction\":[{\"@type\":\"SearchAction\",\"target\":{\"@type\":\"EntryPoint\",\"urlTemplate\":\"https:\/\/wroniszewska.pl\/skinroom\/?s={search_term_string}\"},\"query-input\":\"required name=search_term_string\"}],\"inLanguage\":\"pl-PL\"},{\"@type\":\"WebPage\",\"@id\":\"https:\/\/wroniszewska.pl\/skinroom\/zabiegi\/dermokosmetologia\/\",\"url\":\"https:\/\/wroniszewska.pl\/skinroom\/zabiegi\/dermokosmetologia\/\",\"name\":\"Dermokosmetologia - Skin Room Wroniszewska\",\"isPartOf\":{\"@id\":\"https:\/\/wroniszewska.pl\/skinroom\/#website\"},\"datePublished\":\"2022-06-19T21:31:16+00:00\",\"dateModified\":\"2023-01-11T17:53:53+00:00\",\"breadcrumb\":{\"@id\":\"https:\/\/wroniszewska.pl\/skinroom\/zabiegi\/dermokosmetologia\/#breadcrumb\"},\"inLanguage\":\"pl-PL\",\"potentialAction\":[{\"@type\":\"ReadAction\",\"target\":[\"https:\/\/wroniszewska.pl\/skinroom\/zabiegi\/dermokosmetologia\/\"]}]},{\"@type\":\"BreadcrumbList\",\"@id\":\"https:\/\/wroniszewska.pl\/skinroom\/zabiegi\/dermokosmetologia\/#breadcrumb\",\"itemListElement\":[{\"@type\":\"ListItem\",\"position\":1,\"name\":\"Strona g\u0142\u00f3wna\",\"item\":\"https:\/\/wroniszewska.pl\/skinroom\/\"},{\"@type\":\"ListItem\",\"position\":2,\"name\":\"Zabiegi\",\"item\":\"https:\/\/wroniszewska.pl\/skinroom\/zabiegi\/\"},{\"@type\":\"ListItem\",\"position\":3,\"name\":\"Dermokosmetologia\"}]}]}<\/script>\n<!-- \/ Yoast SEO plugin. -->","yoast_head_json":{"title":"Dermokosmetologia - Skin Room Wroniszewska","robots":{"index":"index","follow":"follow","max-snippet":"max-snippet:-1","max-image-preview":"max-image-preview:large","max-video-preview":"max-video-preview:-1"},"canonical":"https:\/\/wroniszewska.pl\/skinroom\/zabiegi\/dermokosmetologia\/","og_locale":"pl_PL","og_type":"article","og_title":"Dermokosmetologia - Skin Room Wroniszewska","og_description":"[vc_row][vc_column][\/vc_column][\/vc_row]","og_url":"https:\/\/wroniszewska.pl\/skinroom\/zabiegi\/dermokosmetologia\/","og_site_name":"Skin Room Wroniszewska","article_modified_time":"2023-01-11T17:53:53+00:00","twitter_card":"summary_large_image","twitter_misc":{"Szacowany czas czytania":"1 minuta"},"schema":{"@context":"https:\/\/schema.org","@graph":[{"@type":"WebSite","@id":"https:\/\/wroniszewska.pl\/skinroom\/#website","url":"https:\/\/wroniszewska.pl\/skinroom\/","name":"Skin Room Wroniszewska","description":"Gabinet kosmetologii estetycznej i leczniczej","potentialAction":[{"@type":"SearchAction","target":{"@type":"EntryPoint","urlTemplate":"https:\/\/wroniszewska.pl\/skinroom\/?s={search_term_string}"},"query-input":"required name=search_term_string"}],"inLanguage":"pl-PL"},{"@type":"WebPage","@id":"https:\/\/wroniszewska.pl\/skinroom\/zabiegi\/dermokosmetologia\/","url":"https:\/\/wroniszewska.pl\/skinroom\/zabiegi\/dermokosmetologia\/","name":"Dermokosmetologia - Skin Room Wroniszewska","isPartOf":{"@id":"https:\/\/wroniszewska.pl\/skinroom\/#website"},"datePublished":"2022-06-19T21:31:16+00:00","dateModified":"2023-01-11T17:53:53+00:00","breadcrumb":{"@id":"https:\/\/wroniszewska.pl\/skinroom\/zabiegi\/dermokosmetologia\/#breadcrumb"},"inLanguage":"pl-PL","potentialAction":[{"@type":"ReadAction","target":["https:\/\/wroniszewska.pl\/skinroom\/zabiegi\/dermokosmetologia\/"]}]},{"@type":"BreadcrumbList","@id":"https:\/\/wroniszewska.pl\/skinroom\/zabiegi\/dermokosmetologia\/#breadcrumb","itemListElement":[{"@type":"ListItem","position":1,"name":"Strona g\u0142\u00f3wna","item":"https:\/\/wroniszewska.pl\/skinroom\/"},{"@type":"ListItem","position":2,"name":"Zabiegi","item":"https:\/\/wroniszewska.pl\/skinroom\/zabiegi\/"},{"@type":"ListItem","position":3,"name":"Dermokosmetologia"}]}]}},"_links":{"self":[{"href":"https:\/\/wroniszewska.pl\/skinroom\/wp-json\/wp\/v2\/pages\/8731"}],"collection":[{"href":"https:\/\/wroniszewska.pl\/skinroom\/wp-json\/wp\/v2\/pages"}],"about":[{"href":"https:\/\/wroniszewska.pl\/skinroom\/wp-json\/wp\/v2\/types\/page"}],"author":[{"embeddable":true,"href":"https:\/\/wroniszewska.pl\/skinroom\/wp-json\/wp\/v2\/users\/1"}],"replies":[{"embeddable":true,"href":"https:\/\/wroniszewska.pl\/skinroom\/wp-json\/wp\/v2\/comments?post=8731"}],"version-history":[{"count":4,"href":"https:\/\/wroniszewska.pl\/skinroom\/wp-json\/wp\/v2\/pages\/8731\/revisions"}],"predecessor-version":[{"id":8736,"href":"https:\/\/wroniszewska.pl\/skinroom\/wp-json\/wp\/v2\/pages\/8731\/revisions\/8736"}],"up":[{"embeddable":true,"href":"https:\/\/wroniszewska.pl\/skinroom\/wp-json\/wp\/v2\/pages\/8149"}],"wp:attachment":[{"href":"https:\/\/wroniszewska.pl\/skinroom\/wp-json\/wp\/v2\/media?parent=8731"}],"curies":[{"name":"wp","href":"https:\/\/api.w.org\/{rel}","templated":true}]}}