{"id":8694,"date":"2022-06-19T23:14:39","date_gmt":"2022-06-19T21:14:39","guid":{"rendered":"https:\/\/wroniszewska.pl\/skinroom\/?page_id=8694"},"modified":"2022-08-18T09:42:12","modified_gmt":"2022-08-18T07:42:12","slug":"zabiegi-w-okresie-ciazy","status":"publish","type":"page","link":"https:\/\/wroniszewska.pl\/skinroom\/twoj-problem\/zabiegi-w-okresie-ciazy\/","title":{"rendered":"Zabiegi w okresie ci\u0105\u017cy"},"content":{"rendered":"<p>[vc_row][vc_column]<div class=\"heading  header-subheader align-left color-black subcolor-main transform-default has-subheader theme-icon-second icon-type-default heading-tag-h2\" id=\"like_sc_header_1132064473\"><h2 class=\"subheader ltx-sr-id-like_sc_header_11320644731018632824 ltx-sr ltx-sr-effect-fade_in ltx-sr-el-block ltx-sr-delay-100 ltx-sr-duration-300 ltx-sr-sequences-50\">Problem<\/h2><h2 class=\"header ltx-sr-id-like_sc_header_11320644731549819564 ltx-sr ltx-sr-effect-fade_in ltx-sr-el-block ltx-sr-delay-0 ltx-sr-duration-1000 ltx-sr-sequences-0\">Zabiegi w okresie ci\u0105\u017cy<\/h2><\/div>[\/vc_column][\/vc_row][vc_row][vc_column][vc_column_text]<strong>Ci\u0105\u017ca to szczeg\u00f3lny czas w \u017cyciu ka\u017cdej kobiety. W organizmie przysz\u0142ej mamy zachodzi wiele zmian zar\u00f3wno fizycznych ale te\u017c emocjonalnych.\u00a0<\/strong>[\/vc_column_text][vc_column_text]Wiele kobiet s\u0105dzi, \u017ce ci\u0105\u017ca nie jest dobrym czasem na wizyty w gabinecie kosmetologicznym i odk\u0142ada je na okres ju\u017c po porodzie. Nies\u0142usznie. Nie warto odk\u0142ada\u0107 piel\u0119gnacji na p\u00f3\u017aniej.<\/p>\n<p>Potwierdzamy, \u017ce istniej\u0105 zabiegi kosmetyczne i estetyczne, kt\u00f3rych w czasie ci\u0105\u017cy wykonywa\u0107 nie mo\u017cna, a to m.in. ze wzgl\u0119du na zdrowie rozwijaj\u0105cego si\u0119 dziecka. Istniej\u0105 te\u017c takie zabiegi, kt\u00f3re s\u0105 bezpieczne i nie nale\u017cy z nich rezygnowa\u0107 szczeg\u00f3lnie gdy sk\u00f3ra przysz\u0142ej mamy wymaga profesjonalnego wsparcia \u2013 s\u0105 Panie, u kt\u00f3rych w tym czasie pojawiaj\u0105 si\u0119 p\u0119kaj\u0105ce naczynka i rumie\u0144, borykaj\u0105ce si\u0119 z przesuszeniem sk\u00f3ry lub na odwr\u00f3t \u2013 jej silnym przet\u0142uszczeniem, \u0142ojotokiem i wypryskami.<\/p>\n<p>Opr\u00f3cz odpowiedniej piel\u0119gnacji domowej warto zadba\u0107 o sk\u00f3r\u0119 korzystaj\u0105c z pomocy specjalisty, kt\u00f3ry zaplanuje odpowiedni\u0105 terapi\u0119 zabiegow\u0105 na czas ci\u0105\u017cy i po porodzie.[\/vc_column_text][\/vc_column][\/vc_row][vc_row][vc_column]<div class=\"heading  header-subheader align-center color-black subcolor-main transform-default has-subheader theme-icon-second icon-type-default heading-tag-h2\" id=\"like_sc_header_648209969\"><h2 class=\"subheader ltx-sr-id-like_sc_header_648209969292091 ltx-sr ltx-sr-effect-fade_in ltx-sr-el-block ltx-sr-delay-100 ltx-sr-duration-300 ltx-sr-sequences-50\">Zalecane<\/h2><h2 class=\"header ltx-sr-id-like_sc_header_6482099691820496392 ltx-sr ltx-sr-effect-fade_in ltx-sr-el-block ltx-sr-delay-0 ltx-sr-duration-1000 ltx-sr-sequences-0\">Zabiegi<\/h2><\/div><div class=\"services-sc  layout-list ltx-style-gray\"  id=\"like_sc_services_1063943313\"><div class=\"ltx-list-wrap\">\t\t\t<article id=\"post-9430\" class=\"post-9430 services type-services status-publish hentry services-category-cera-naczynkowa services-category-peelingi-medyczne services-category-prewencja-zabiegi-healthy-aging services-category-przebarwienia services-category-skora-sucha-atopia services-category-starzenie-sie-skory-zmarszczki services-category-tradzik-doroslych-blizny services-category-tradzik-rozowaty-rumien services-category-utrata-jedrnosci services-category-zabiegi-w-okresie-ciazy\" >\r\n\t\t\t    <a href=\"https:\/\/wroniszewska.pl\/skinroom\/services\/lh-polite-peel\/\">\r\n\t\t        \t<h4 class=\"header\">\r\n\t\t        \t\tLH Polite Peel\t\t\t\t        \t\r\n\t\t        \t<\/h4>\r\n\t\t        <\/a>\r\n\t\t\t    <div class=\"descr\">\r\n\t\t\t\t\t\t\t\t\t        \t\r\n\t\t\t    <\/div>\r\n\t\t\t    <a href=\"https:\/\/wroniszewska.pl\/skinroom\/services\/lh-polite-peel\/\" class=\"btn btn-xs btn-black\">SZCZEG\u00d3\u0141Y<\/a>\t\t\t<\/article>\r\n\t\t\t\t\t\t<article id=\"post-9409\" class=\"post-9409 services type-services status-publish hentry services-category-cera-naczynkowa services-category-konsultacja-kosmetologiczna services-category-obrzeki-i-cienie-pod-oczami services-category-prewencja-zabiegi-healthy-aging services-category-przebarwienia services-category-skora-sucha-atopia services-category-starzenie-sie-skory-zmarszczki services-category-tradzik-doroslych-blizny services-category-tradzik-mlodzienczy services-category-tradzik-rozowaty-rumien services-category-utrata-jedrnosci services-category-zabiegi-w-okresie-ciazy\" >\r\n\t\t\t    <a href=\"https:\/\/wroniszewska.pl\/skinroom\/services\/komputerowa-analiza-skory-observ-520x\/\">\r\n\t\t        \t<h4 class=\"header\">\r\n\t\t        \t\tKomputerowa analiza sk\u00f3ry Observ 520x\t\t\t\t        \t\r\n\t\t        \t<\/h4>\r\n\t\t        <\/a>\r\n\t\t\t    <div class=\"descr\">\r\n\t\t\t\t\t\t\t\t\t        \t\r\n\t\t\t    <\/div>\r\n\t\t\t    <a href=\"https:\/\/wroniszewska.pl\/skinroom\/services\/komputerowa-analiza-skory-observ-520x\/\" class=\"btn btn-xs btn-black\">SZCZEG\u00d3\u0141Y<\/a>\t\t\t<\/article>\r\n\t\t\t\t\t\t<article id=\"post-8968\" class=\"post-8968 services type-services status-publish hentry services-category-kobido services-category-obrzeki-i-cienie-pod-oczami services-category-prewencja-zabiegi-healthy-aging services-category-starzenie-sie-skory-zmarszczki services-category-utrata-jedrnosci services-category-zabiegi-w-okresie-ciazy\" >\r\n\t\t\t    <a href=\"https:\/\/wroniszewska.pl\/skinroom\/services\/kobido\/\">\r\n\t\t        \t<h4 class=\"header\">\r\n\t\t        \t\tKOBIDO UP\t\t\t\t        \t\r\n\t\t        \t<\/h4>\r\n\t\t        <\/a>\r\n\t\t\t    <div class=\"descr\">\r\n\t\t\t\t\t\t\t\t\t        \t\r\n\t\t\t    <\/div>\r\n\t\t\t    <a href=\"https:\/\/wroniszewska.pl\/skinroom\/services\/kobido\/\" class=\"btn btn-xs btn-black\">SZCZEG\u00d3\u0141Y<\/a>\t\t\t<\/article>\r\n\t\t\t\t\t\t<article id=\"post-8639\" class=\"post-8639 services type-services status-publish hentry services-category-dermokosmetologia services-category-tradzik-doroslych-blizny services-category-tradzik-mlodzienczy services-category-zabiegi-w-okresie-ciazy\" >\r\n\t\t\t    <a href=\"https:\/\/wroniszewska.pl\/skinroom\/services\/eu-seb-pre-i-probiotyki-tradzik\/\">\r\n\t\t        \t<h4 class=\"header\">\r\n\t\t        \t\tEU-SEB &#8211; pre i probiotyki \/ tr\u0105dzik\t\t\t\t        \t\r\n\t\t        \t<\/h4>\r\n\t\t        <\/a>\r\n\t\t\t    <div class=\"descr\">\r\n\t\t\t\t\t\t\t\t\t        \t\r\n\t\t\t    <\/div>\r\n\t\t\t    <a href=\"https:\/\/wroniszewska.pl\/skinroom\/services\/eu-seb-pre-i-probiotyki-tradzik\/\" class=\"btn btn-xs btn-black\">SZCZEG\u00d3\u0141Y<\/a>\t\t\t<\/article>\r\n\t\t\t\t\t\t<article id=\"post-8729\" class=\"post-8729 services type-services status-publish hentry services-category-cera-naczynkowa services-category-peelingi-medyczne services-category-tradzik-rozowaty-rumien services-category-zabiegi-w-okresie-ciazy\" >\r\n\t\t\t    <a href=\"https:\/\/wroniszewska.pl\/skinroom\/services\/azelac-kwas-azelainowy\/\">\r\n\t\t        \t<h4 class=\"header\">\r\n\t\t        \t\tAZELAC \u2013 kwas azelainowy\t\t\t\t        \t\r\n\t\t        \t<\/h4>\r\n\t\t        <\/a>\r\n\t\t\t    <div class=\"descr\">\r\n\t\t\t\t\t\t\t\t\t        \t\r\n\t\t\t    <\/div>\r\n\t\t\t    <a href=\"https:\/\/wroniszewska.pl\/skinroom\/services\/azelac-kwas-azelainowy\/\" class=\"btn btn-xs btn-black\">SZCZEG\u00d3\u0141Y<\/a>\t\t\t<\/article>\r\n\t\t\t\t\t\t<article id=\"post-8642\" class=\"post-8642 services type-services status-publish hentry services-category-cera-naczynkowa services-category-dermokosmetologia services-category-prewencja-zabiegi-healthy-aging services-category-skora-sucha-atopia services-category-starzenie-sie-skory-zmarszczki services-category-zabiegi-w-okresie-ciazy\" >\r\n\t\t\t    <a href=\"https:\/\/wroniszewska.pl\/skinroom\/services\/hydra-fill-glebokie-nawilzanie\/\">\r\n\t\t        \t<h4 class=\"header\">\r\n\t\t        \t\tHYDRA-FILL &#8211; g\u0142\u0119bokie nawil\u017canie\t\t\t\t        \t\r\n\t\t        \t<\/h4>\r\n\t\t        <\/a>\r\n\t\t\t    <div class=\"descr\">\r\n\t\t\t\t\t\t\t\t\t        \t\r\n\t\t\t    <\/div>\r\n\t\t\t    <a href=\"https:\/\/wroniszewska.pl\/skinroom\/services\/hydra-fill-glebokie-nawilzanie\/\" class=\"btn btn-xs btn-black\">SZCZEG\u00d3\u0141Y<\/a>\t\t\t<\/article>\r\n\t\t\t\t\t\t<article id=\"post-8640\" class=\"post-8640 services type-services status-publish hentry services-category-dermokosmetologia services-category-starzenie-sie-skory-zmarszczki services-category-zabiegi-w-okresie-ciazy\" >\r\n\t\t\t    <a href=\"https:\/\/wroniszewska.pl\/skinroom\/services\/myo-fix-korekta-zmarszczek-mimicznych\/\">\r\n\t\t        \t<h4 class=\"header\">\r\n\t\t        \t\tMYO-FIX &#8211; korekta zmarszczek mimicznych\t\t\t\t        \t\r\n\t\t        \t<\/h4>\r\n\t\t        <\/a>\r\n\t\t\t    <div class=\"descr\">\r\n\t\t\t\t\t\t\t\t\t        \t\r\n\t\t\t    <\/div>\r\n\t\t\t    <a href=\"https:\/\/wroniszewska.pl\/skinroom\/services\/myo-fix-korekta-zmarszczek-mimicznych\/\" class=\"btn btn-xs btn-black\">SZCZEG\u00d3\u0141Y<\/a>\t\t\t<\/article>\r\n\t\t\t\t\t\t<article id=\"post-8659\" class=\"post-8659 services type-services status-publish hentry services-category-peelingi-medyczne services-category-prewencja-zabiegi-healthy-aging services-category-skora-sucha-atopia services-category-starzenie-sie-skory-zmarszczki services-category-tradzik-doroslych-blizny services-category-utrata-jedrnosci services-category-zabiegi-w-okresie-ciazy\" >\r\n\t\t\t    <a href=\"https:\/\/wroniszewska.pl\/skinroom\/services\/pca-oxygenating-trio\/\">\r\n\t\t        \t<h4 class=\"header\">\r\n\t\t        \t\tPCA Oxygenating Trio\t\t\t\t        \t\r\n\t\t        \t<\/h4>\r\n\t\t        <\/a>\r\n\t\t\t    <div class=\"descr\">\r\n\t\t\t\t\t\t\t\t\t        \t\r\n\t\t\t    <\/div>\r\n\t\t\t    <a href=\"https:\/\/wroniszewska.pl\/skinroom\/services\/pca-oxygenating-trio\/\" class=\"btn btn-xs btn-black\">SZCZEG\u00d3\u0141Y<\/a>\t\t\t<\/article>\r\n\t\t\t\t\t\t<article id=\"post-8641\" class=\"post-8641 services type-services status-publish hentry services-category-cera-naczynkowa services-category-dermokosmetologia services-category-tradzik-rozowaty-rumien services-category-zabiegi-w-okresie-ciazy\" >\r\n\t\t\t    <a href=\"https:\/\/wroniszewska.pl\/skinroom\/services\/red-apax-rumien-i-tradzik-rozowaty\/\">\r\n\t\t        \t<h4 class=\"header\">\r\n\t\t        \t\tRED-APAX &#8211; rumie\u0144 i tr\u0105dzik r\u00f3\u017cowaty\t\t\t\t        \t\r\n\t\t        \t<\/h4>\r\n\t\t        <\/a>\r\n\t\t\t    <div class=\"descr\">\r\n\t\t\t\t\t\t\t\t\t        \t\r\n\t\t\t    <\/div>\r\n\t\t\t    <a href=\"https:\/\/wroniszewska.pl\/skinroom\/services\/red-apax-rumien-i-tradzik-rozowaty\/\" class=\"btn btn-xs btn-black\">SZCZEG\u00d3\u0141Y<\/a>\t\t\t<\/article>\r\n\t\t\t<\/div><\/div>[\/vc_column][\/vc_row]<\/p>\n","protected":false},"excerpt":{"rendered":"<p>[vc_row][vc_column][\/vc_column][\/vc_row][vc_row][vc_column][vc_column_text]Ci\u0105\u017ca to szczeg\u00f3lny czas w \u017cyciu ka\u017cdej kobiety. W organizmie przysz\u0142ej mamy zachodzi wiele zmian zar\u00f3wno fizycznych ale te\u017c emocjonalnych.\u00a0[\/vc_column_text][vc_column_text]Wiele kobiet s\u0105dzi, \u017ce ci\u0105\u017ca nie jest dobrym czasem na wizyty w gabinecie kosmetologicznym i odk\u0142ada je na okres ju\u017c po porodzie. Nies\u0142usznie. Nie warto odk\u0142ada\u0107 piel\u0119gnacji na p\u00f3\u017aniej. Potwierdzamy, \u017ce istniej\u0105 zabiegi kosmetyczne i estetyczne, kt\u00f3rych w czasie ci\u0105\u017cy wykonywa\u0107 nie mo\u017cna, a to m.in. ze wzgl\u0119du na zdrowie rozwijaj\u0105cego si\u0119 dziecka. Istniej\u0105 te\u017c takie zabiegi, kt\u00f3re s\u0105 bezpieczne i nie nale\u017cy z nich rezygnowa\u0107 szczeg\u00f3lnie gdy sk\u00f3ra przysz\u0142ej mamy wymaga profesjonalnego wsparcia \u2013 s\u0105 Panie, u kt\u00f3rych w tym czasie pojawiaj\u0105 si\u0119 p\u0119kaj\u0105ce naczynka i rumie\u0144, borykaj\u0105ce si\u0119 z przesuszeniem sk\u00f3ry lub na odwr\u00f3t \u2013 jej silnym przet\u0142uszczeniem, \u0142ojotokiem i wypryskami. Opr\u00f3cz odpowiedniej piel\u0119gnacji domowej warto zadba\u0107 o sk\u00f3r\u0119 korzystaj\u0105c z pomocy specjalisty, kt\u00f3ry zaplanuje odpowiedni\u0105 terapi\u0119 zabiegow\u0105 na czas ci\u0105\u017cy i po porodzie.[\/vc_column_text][\/vc_column][\/vc_row][vc_row][vc_column][\/vc_column][\/vc_row]<\/p>\n","protected":false},"author":1,"featured_media":0,"parent":9151,"menu_order":0,"comment_status":"closed","ping_status":"closed","template":"","meta":[],"acf":[],"yoast_head":"<!-- This site is optimized with the Yoast SEO plugin v19.3 - https:\/\/yoast.com\/wordpress\/plugins\/seo\/ -->\n<title>Zabiegi w okresie ci\u0105\u017cy - Skin Room Wroniszewska<\/title>\n<meta name=\"robots\" content=\"index, follow, max-snippet:-1, max-image-preview:large, max-video-preview:-1\" \/>\n<link rel=\"canonical\" href=\"https:\/\/wroniszewska.pl\/skinroom\/twoj-problem\/zabiegi-w-okresie-ciazy\/\" \/>\n<meta property=\"og:locale\" content=\"pl_PL\" \/>\n<meta property=\"og:type\" content=\"article\" \/>\n<meta property=\"og:title\" content=\"Zabiegi w okresie ci\u0105\u017cy - Skin Room Wroniszewska\" \/>\n<meta property=\"og:description\" content=\"[vc_row][vc_column][\/vc_column][\/vc_row][vc_row][vc_column][vc_column_text]Ci\u0105\u017ca to szczeg\u00f3lny czas w \u017cyciu ka\u017cdej kobiety. W organizmie przysz\u0142ej mamy zachodzi wiele zmian zar\u00f3wno fizycznych ale te\u017c emocjonalnych.\u00a0[\/vc_column_text][vc_column_text]Wiele kobiet s\u0105dzi, \u017ce ci\u0105\u017ca nie jest dobrym czasem na wizyty w gabinecie kosmetologicznym i odk\u0142ada je na okres ju\u017c po porodzie. Nies\u0142usznie. Nie warto odk\u0142ada\u0107 piel\u0119gnacji na p\u00f3\u017aniej. Potwierdzamy, \u017ce istniej\u0105 zabiegi kosmetyczne i estetyczne, kt\u00f3rych w czasie ci\u0105\u017cy wykonywa\u0107 nie mo\u017cna, a to m.in. ze wzgl\u0119du na zdrowie rozwijaj\u0105cego si\u0119 dziecka. Istniej\u0105 te\u017c takie zabiegi, kt\u00f3re s\u0105 bezpieczne i nie nale\u017cy z nich rezygnowa\u0107 szczeg\u00f3lnie gdy sk\u00f3ra przysz\u0142ej mamy wymaga profesjonalnego wsparcia \u2013 s\u0105 Panie, u kt\u00f3rych w tym czasie pojawiaj\u0105 si\u0119 p\u0119kaj\u0105ce naczynka i rumie\u0144, borykaj\u0105ce si\u0119 z przesuszeniem sk\u00f3ry lub na odwr\u00f3t \u2013 jej silnym przet\u0142uszczeniem, \u0142ojotokiem i wypryskami. Opr\u00f3cz odpowiedniej piel\u0119gnacji domowej warto zadba\u0107 o sk\u00f3r\u0119 korzystaj\u0105c z pomocy specjalisty, kt\u00f3ry zaplanuje odpowiedni\u0105 terapi\u0119 zabiegow\u0105 na czas ci\u0105\u017cy i po porodzie.[\/vc_column_text][\/vc_column][\/vc_row][vc_row][vc_column][\/vc_column][\/vc_row]\" \/>\n<meta property=\"og:url\" content=\"https:\/\/wroniszewska.pl\/skinroom\/twoj-problem\/zabiegi-w-okresie-ciazy\/\" \/>\n<meta property=\"og:site_name\" content=\"Skin Room Wroniszewska\" \/>\n<meta property=\"article:modified_time\" content=\"2022-08-18T07:42:12+00:00\" \/>\n<meta name=\"twitter:card\" content=\"summary_large_image\" \/>\n<meta name=\"twitter:label1\" content=\"Szacowany czas czytania\" \/>\n\t<meta name=\"twitter:data1\" content=\"1 minuta\" \/>\n<script type=\"application\/ld+json\" class=\"yoast-schema-graph\">{\"@context\":\"https:\/\/schema.org\",\"@graph\":[{\"@type\":\"WebSite\",\"@id\":\"https:\/\/wroniszewska.pl\/skinroom\/#website\",\"url\":\"https:\/\/wroniszewska.pl\/skinroom\/\",\"name\":\"Skin Room Wroniszewska\",\"description\":\"Gabinet kosmetologii estetycznej i leczniczej\",\"potentialAction\":[{\"@type\":\"SearchAction\",\"target\":{\"@type\":\"EntryPoint\",\"urlTemplate\":\"https:\/\/wroniszewska.pl\/skinroom\/?s={search_term_string}\"},\"query-input\":\"required name=search_term_string\"}],\"inLanguage\":\"pl-PL\"},{\"@type\":\"WebPage\",\"@id\":\"https:\/\/wroniszewska.pl\/skinroom\/twoj-problem\/zabiegi-w-okresie-ciazy\/\",\"url\":\"https:\/\/wroniszewska.pl\/skinroom\/twoj-problem\/zabiegi-w-okresie-ciazy\/\",\"name\":\"Zabiegi w okresie ci\u0105\u017cy - Skin Room Wroniszewska\",\"isPartOf\":{\"@id\":\"https:\/\/wroniszewska.pl\/skinroom\/#website\"},\"datePublished\":\"2022-06-19T21:14:39+00:00\",\"dateModified\":\"2022-08-18T07:42:12+00:00\",\"breadcrumb\":{\"@id\":\"https:\/\/wroniszewska.pl\/skinroom\/twoj-problem\/zabiegi-w-okresie-ciazy\/#breadcrumb\"},\"inLanguage\":\"pl-PL\",\"potentialAction\":[{\"@type\":\"ReadAction\",\"target\":[\"https:\/\/wroniszewska.pl\/skinroom\/twoj-problem\/zabiegi-w-okresie-ciazy\/\"]}]},{\"@type\":\"BreadcrumbList\",\"@id\":\"https:\/\/wroniszewska.pl\/skinroom\/twoj-problem\/zabiegi-w-okresie-ciazy\/#breadcrumb\",\"itemListElement\":[{\"@type\":\"ListItem\",\"position\":1,\"name\":\"Strona g\u0142\u00f3wna\",\"item\":\"https:\/\/wroniszewska.pl\/skinroom\/\"},{\"@type\":\"ListItem\",\"position\":2,\"name\":\"Tw\u00f3j problem\",\"item\":\"https:\/\/wroniszewska.pl\/skinroom\/twoj-problem\/\"},{\"@type\":\"ListItem\",\"position\":3,\"name\":\"Zabiegi w okresie ci\u0105\u017cy\"}]}]}<\/script>\n<!-- \/ Yoast SEO plugin. -->","yoast_head_json":{"title":"Zabiegi w okresie ci\u0105\u017cy - Skin Room Wroniszewska","robots":{"index":"index","follow":"follow","max-snippet":"max-snippet:-1","max-image-preview":"max-image-preview:large","max-video-preview":"max-video-preview:-1"},"canonical":"https:\/\/wroniszewska.pl\/skinroom\/twoj-problem\/zabiegi-w-okresie-ciazy\/","og_locale":"pl_PL","og_type":"article","og_title":"Zabiegi w okresie ci\u0105\u017cy - Skin Room Wroniszewska","og_description":"[vc_row][vc_column][\/vc_column][\/vc_row][vc_row][vc_column][vc_column_text]Ci\u0105\u017ca to szczeg\u00f3lny czas w \u017cyciu ka\u017cdej kobiety. W organizmie przysz\u0142ej mamy zachodzi wiele zmian zar\u00f3wno fizycznych ale te\u017c emocjonalnych.\u00a0[\/vc_column_text][vc_column_text]Wiele kobiet s\u0105dzi, \u017ce ci\u0105\u017ca nie jest dobrym czasem na wizyty w gabinecie kosmetologicznym i odk\u0142ada je na okres ju\u017c po porodzie. Nies\u0142usznie. Nie warto odk\u0142ada\u0107 piel\u0119gnacji na p\u00f3\u017aniej. Potwierdzamy, \u017ce istniej\u0105 zabiegi kosmetyczne i estetyczne, kt\u00f3rych w czasie ci\u0105\u017cy wykonywa\u0107 nie mo\u017cna, a to m.in. ze wzgl\u0119du na zdrowie rozwijaj\u0105cego si\u0119 dziecka. Istniej\u0105 te\u017c takie zabiegi, kt\u00f3re s\u0105 bezpieczne i nie nale\u017cy z nich rezygnowa\u0107 szczeg\u00f3lnie gdy sk\u00f3ra przysz\u0142ej mamy wymaga profesjonalnego wsparcia \u2013 s\u0105 Panie, u kt\u00f3rych w tym czasie pojawiaj\u0105 si\u0119 p\u0119kaj\u0105ce naczynka i rumie\u0144, borykaj\u0105ce si\u0119 z przesuszeniem sk\u00f3ry lub na odwr\u00f3t \u2013 jej silnym przet\u0142uszczeniem, \u0142ojotokiem i wypryskami. Opr\u00f3cz odpowiedniej piel\u0119gnacji domowej warto zadba\u0107 o sk\u00f3r\u0119 korzystaj\u0105c z pomocy specjalisty, kt\u00f3ry zaplanuje odpowiedni\u0105 terapi\u0119 zabiegow\u0105 na czas ci\u0105\u017cy i po porodzie.[\/vc_column_text][\/vc_column][\/vc_row][vc_row][vc_column][\/vc_column][\/vc_row]","og_url":"https:\/\/wroniszewska.pl\/skinroom\/twoj-problem\/zabiegi-w-okresie-ciazy\/","og_site_name":"Skin Room Wroniszewska","article_modified_time":"2022-08-18T07:42:12+00:00","twitter_card":"summary_large_image","twitter_misc":{"Szacowany czas czytania":"1 minuta"},"schema":{"@context":"https:\/\/schema.org","@graph":[{"@type":"WebSite","@id":"https:\/\/wroniszewska.pl\/skinroom\/#website","url":"https:\/\/wroniszewska.pl\/skinroom\/","name":"Skin Room Wroniszewska","description":"Gabinet kosmetologii estetycznej i leczniczej","potentialAction":[{"@type":"SearchAction","target":{"@type":"EntryPoint","urlTemplate":"https:\/\/wroniszewska.pl\/skinroom\/?s={search_term_string}"},"query-input":"required name=search_term_string"}],"inLanguage":"pl-PL"},{"@type":"WebPage","@id":"https:\/\/wroniszewska.pl\/skinroom\/twoj-problem\/zabiegi-w-okresie-ciazy\/","url":"https:\/\/wroniszewska.pl\/skinroom\/twoj-problem\/zabiegi-w-okresie-ciazy\/","name":"Zabiegi w okresie ci\u0105\u017cy - Skin Room Wroniszewska","isPartOf":{"@id":"https:\/\/wroniszewska.pl\/skinroom\/#website"},"datePublished":"2022-06-19T21:14:39+00:00","dateModified":"2022-08-18T07:42:12+00:00","breadcrumb":{"@id":"https:\/\/wroniszewska.pl\/skinroom\/twoj-problem\/zabiegi-w-okresie-ciazy\/#breadcrumb"},"inLanguage":"pl-PL","potentialAction":[{"@type":"ReadAction","target":["https:\/\/wroniszewska.pl\/skinroom\/twoj-problem\/zabiegi-w-okresie-ciazy\/"]}]},{"@type":"BreadcrumbList","@id":"https:\/\/wroniszewska.pl\/skinroom\/twoj-problem\/zabiegi-w-okresie-ciazy\/#breadcrumb","itemListElement":[{"@type":"ListItem","position":1,"name":"Strona g\u0142\u00f3wna","item":"https:\/\/wroniszewska.pl\/skinroom\/"},{"@type":"ListItem","position":2,"name":"Tw\u00f3j problem","item":"https:\/\/wroniszewska.pl\/skinroom\/twoj-problem\/"},{"@type":"ListItem","position":3,"name":"Zabiegi w okresie ci\u0105\u017cy"}]}]}},"_links":{"self":[{"href":"https:\/\/wroniszewska.pl\/skinroom\/wp-json\/wp\/v2\/pages\/8694"}],"collection":[{"href":"https:\/\/wroniszewska.pl\/skinroom\/wp-json\/wp\/v2\/pages"}],"about":[{"href":"https:\/\/wroniszewska.pl\/skinroom\/wp-json\/wp\/v2\/types\/page"}],"author":[{"embeddable":true,"href":"https:\/\/wroniszewska.pl\/skinroom\/wp-json\/wp\/v2\/users\/1"}],"replies":[{"embeddable":true,"href":"https:\/\/wroniszewska.pl\/skinroom\/wp-json\/wp\/v2\/comments?post=8694"}],"version-history":[{"count":3,"href":"https:\/\/wroniszewska.pl\/skinroom\/wp-json\/wp\/v2\/pages\/8694\/revisions"}],"predecessor-version":[{"id":8945,"href":"https:\/\/wroniszewska.pl\/skinroom\/wp-json\/wp\/v2\/pages\/8694\/revisions\/8945"}],"up":[{"embeddable":true,"href":"https:\/\/wroniszewska.pl\/skinroom\/wp-json\/wp\/v2\/pages\/9151"}],"wp:attachment":[{"href":"https:\/\/wroniszewska.pl\/skinroom\/wp-json\/wp\/v2\/media?parent=8694"}],"curies":[{"name":"wp","href":"https:\/\/api.w.org\/{rel}","templated":true}]}}