{"id":8688,"date":"2022-06-19T23:14:25","date_gmt":"2022-06-19T21:14:25","guid":{"rendered":"https:\/\/wroniszewska.pl\/skinroom\/?page_id=8688"},"modified":"2022-08-18T09:41:50","modified_gmt":"2022-08-18T07:41:50","slug":"prewencja-zabiegi-healthy-aging","status":"publish","type":"page","link":"https:\/\/wroniszewska.pl\/skinroom\/twoj-problem\/prewencja-zabiegi-healthy-aging\/","title":{"rendered":"Zabiegi Healthy Aging"},"content":{"rendered":"<p>[vc_row][vc_column]<div class=\"heading  header-subheader align-left color-black subcolor-main transform-default has-subheader theme-icon-second icon-type-default heading-tag-h2\" id=\"like_sc_header_577743476\"><h2 class=\"subheader ltx-sr-id-like_sc_header_5777434761046140502 ltx-sr ltx-sr-effect-fade_in ltx-sr-el-block ltx-sr-delay-100 ltx-sr-duration-300 ltx-sr-sequences-50\">Problem<\/h2><h2 class=\"header ltx-sr-id-like_sc_header_5777434761938549163 ltx-sr ltx-sr-effect-fade_in ltx-sr-el-block ltx-sr-delay-0 ltx-sr-duration-1000 ltx-sr-sequences-0\">Prewencja-zabiegi Healthy Aging<\/h2><\/div>[\/vc_column][\/vc_row][vc_row][vc_column][vc_column_text]<strong>Healthy aging to obecnie najmodniejszy kierunek w kosmetologii i medycynie estetycznej. Jest rozwi\u0105zaniem, kt\u00f3re pozwala zadba\u0107 o swoje zdrowie i wygl\u0105d na ka\u017cdym etapie \u017cycia i w spos\u00f3b adekwatny do potrzeb. <\/strong>[\/vc_column_text][vc_column_text]To fakt, nie mo\u017cemy przesta\u0107 si\u0119 starze\u0107 i nie ma magicznej mikstury, kt\u00f3ra zatrzyma proces starzenia! Mo\u017cemy jednak starze\u0107 si\u0119 zdrowo i \u0142adnie, w taki spos\u00f3b aby jak najd\u0142u\u017cej utrzymywa\u0107 sk\u00f3r\u0119 w dobrej kondycji. Trend healthy aging wyznacza r\u00f3wnie\u017c nasz kierunek, kt\u00f3rym pod\u0105\u017camy.<\/p>\n<p>Jednym z naszych najwa\u017cniejszych cel\u00f3w w Skin Room Wroniszewska jest dzia\u0142anie na rzecz urody i zdrowia poprzez promocj\u0119 profilaktycznej piel\u0119gnacji sk\u00f3ry. Zamiast \u201eupodabnia\u0107 Ci\u0119 do gwiazd\u201d, pomo\u017cemy utrzyma\u0107 w dobrej formie i zdrowiu to, co natura Ci da\u0142a. Zamiast nieprzemy\u015blanych i cz\u0119sto chaotycznych zabieg\u00f3w, zaproponujemy terapie wspieraj\u0105ce naturaln\u0105 regeneracj\u0119 i kondycj\u0119 sk\u00f3ry szyte na miar\u0119 Twoich potrzeb. Zobaczysz, \u017ce Twoja sk\u00f3ra szybko Ci za to podzi\u0119kuje.<\/p>\n<p><strong>Pami\u0119taj nigdy nie jest za wcze\u015bnie lub za p\u00f3\u017ano na wypracowanie dobrych i zdrowych nawyk\u00f3w!<\/strong>[\/vc_column_text][\/vc_column][\/vc_row][vc_row][vc_column]<div class=\"heading  header-subheader align-center color-black subcolor-main transform-default has-subheader theme-icon-second icon-type-default heading-tag-h2\" id=\"like_sc_header_498664930\"><h2 class=\"subheader ltx-sr-id-like_sc_header_498664930921781458 ltx-sr ltx-sr-effect-fade_in ltx-sr-el-block ltx-sr-delay-100 ltx-sr-duration-300 ltx-sr-sequences-50\">Zalecane<\/h2><h2 class=\"header ltx-sr-id-like_sc_header_4986649301700573692 ltx-sr ltx-sr-effect-fade_in ltx-sr-el-block ltx-sr-delay-0 ltx-sr-duration-1000 ltx-sr-sequences-0\">Zabiegi<\/h2><\/div><div class=\"services-sc  layout-list ltx-style-gray\"  id=\"like_sc_services_1698490396\"><div class=\"ltx-list-wrap\">\t\t\t<article id=\"post-9427\" class=\"post-9427 services type-services status-publish hentry services-category-peelingi-medyczne services-category-prewencja-zabiegi-healthy-aging services-category-przebarwienia services-category-skora-sucha-atopia services-category-starzenie-sie-skory-zmarszczki services-category-tradzik-doroslych-blizny services-category-utrata-jedrnosci\" >\r\n\t\t\t    <a href=\"https:\/\/wroniszewska.pl\/skinroom\/services\/lh-hero-peel\/\">\r\n\t\t        \t<h4 class=\"header\">\r\n\t\t        \t\tLH Hero Peel\t\t\t\t        \t\r\n\t\t        \t<\/h4>\r\n\t\t        <\/a>\r\n\t\t\t    <div class=\"descr\">\r\n\t\t\t\t\t\t\t\t\t        \t\r\n\t\t\t    <\/div>\r\n\t\t\t    <a href=\"https:\/\/wroniszewska.pl\/skinroom\/services\/lh-hero-peel\/\" class=\"btn btn-xs btn-black\">SZCZEG\u00d3\u0141Y<\/a>\t\t\t<\/article>\r\n\t\t\t\t\t\t<article id=\"post-9430\" class=\"post-9430 services type-services status-publish hentry services-category-cera-naczynkowa services-category-peelingi-medyczne services-category-prewencja-zabiegi-healthy-aging services-category-przebarwienia services-category-skora-sucha-atopia services-category-starzenie-sie-skory-zmarszczki services-category-tradzik-doroslych-blizny services-category-tradzik-rozowaty-rumien services-category-utrata-jedrnosci services-category-zabiegi-w-okresie-ciazy\" >\r\n\t\t\t    <a href=\"https:\/\/wroniszewska.pl\/skinroom\/services\/lh-polite-peel\/\">\r\n\t\t        \t<h4 class=\"header\">\r\n\t\t        \t\tLH Polite Peel\t\t\t\t        \t\r\n\t\t        \t<\/h4>\r\n\t\t        <\/a>\r\n\t\t\t    <div class=\"descr\">\r\n\t\t\t\t\t\t\t\t\t        \t\r\n\t\t\t    <\/div>\r\n\t\t\t    <a href=\"https:\/\/wroniszewska.pl\/skinroom\/services\/lh-polite-peel\/\" class=\"btn btn-xs btn-black\">SZCZEG\u00d3\u0141Y<\/a>\t\t\t<\/article>\r\n\t\t\t\t\t\t<article id=\"post-9426\" class=\"post-9426 services type-services status-publish hentry services-category-cera-naczynkowa services-category-kosmetologia-estetyczna services-category-obrzeki-i-cienie-pod-oczami services-category-prewencja-zabiegi-healthy-aging services-category-przebarwienia services-category-skora-sucha-atopia services-category-starzenie-sie-skory-zmarszczki services-category-tradzik-doroslych-blizny services-category-utrata-jedrnosci\" >\r\n\t\t\t    <a href=\"https:\/\/wroniszewska.pl\/skinroom\/services\/osocze-bogatoplytkowe-fibryna\/\">\r\n\t\t        \t<h4 class=\"header\">\r\n\t\t        \t\tOsocze bogatop\u0142ytkowe + fibryna\t\t\t\t        \t\r\n\t\t        \t<\/h4>\r\n\t\t        <\/a>\r\n\t\t\t    <div class=\"descr\">\r\n\t\t\t\t\t\t\t\t\t        \t\r\n\t\t\t    <\/div>\r\n\t\t\t    <a href=\"https:\/\/wroniszewska.pl\/skinroom\/services\/osocze-bogatoplytkowe-fibryna\/\" class=\"btn btn-xs btn-black\">SZCZEG\u00d3\u0141Y<\/a>\t\t\t<\/article>\r\n\t\t\t\t\t\t<article id=\"post-9409\" class=\"post-9409 services type-services status-publish hentry services-category-cera-naczynkowa services-category-konsultacja-kosmetologiczna services-category-obrzeki-i-cienie-pod-oczami services-category-prewencja-zabiegi-healthy-aging services-category-przebarwienia services-category-skora-sucha-atopia services-category-starzenie-sie-skory-zmarszczki services-category-tradzik-doroslych-blizny services-category-tradzik-mlodzienczy services-category-tradzik-rozowaty-rumien services-category-utrata-jedrnosci services-category-zabiegi-w-okresie-ciazy\" >\r\n\t\t\t    <a href=\"https:\/\/wroniszewska.pl\/skinroom\/services\/komputerowa-analiza-skory-observ-520x\/\">\r\n\t\t        \t<h4 class=\"header\">\r\n\t\t        \t\tKomputerowa analiza sk\u00f3ry Observ 520x\t\t\t\t        \t\r\n\t\t        \t<\/h4>\r\n\t\t        <\/a>\r\n\t\t\t    <div class=\"descr\">\r\n\t\t\t\t\t\t\t\t\t        \t\r\n\t\t\t    <\/div>\r\n\t\t\t    <a href=\"https:\/\/wroniszewska.pl\/skinroom\/services\/komputerowa-analiza-skory-observ-520x\/\" class=\"btn btn-xs btn-black\">SZCZEG\u00d3\u0141Y<\/a>\t\t\t<\/article>\r\n\t\t\t\t\t\t<article id=\"post-9396\" class=\"post-9396 services type-services status-publish hentry services-category-cera-naczynkowa services-category-kosmetologia-estetyczna services-category-obrzeki-i-cienie-pod-oczami services-category-prewencja-zabiegi-healthy-aging services-category-przebarwienia services-category-skora-sucha-atopia services-category-starzenie-sie-skory-zmarszczki services-category-tradzik-doroslych-blizny services-category-tradzik-mlodzienczy services-category-utrata-jedrnosci\" >\r\n\t\t\t    <a href=\"https:\/\/wroniszewska.pl\/skinroom\/services\/radiofrekwencja-mikroiglowa\/\">\r\n\t\t        \t<h4 class=\"header\">\r\n\t\t        \t\tRadiofrekwencja Mikroig\u0142owa\t\t\t\t        \t\r\n\t\t        \t<\/h4>\r\n\t\t        <\/a>\r\n\t\t\t    <div class=\"descr\">\r\n\t\t\t\t\t\t\t\t\t        \t\r\n\t\t\t    <\/div>\r\n\t\t\t    <a href=\"https:\/\/wroniszewska.pl\/skinroom\/services\/radiofrekwencja-mikroiglowa\/\" class=\"btn btn-xs btn-black\">SZCZEG\u00d3\u0141Y<\/a>\t\t\t<\/article>\r\n\t\t\t\t\t\t<article id=\"post-8968\" class=\"post-8968 services type-services status-publish hentry services-category-kobido services-category-obrzeki-i-cienie-pod-oczami services-category-prewencja-zabiegi-healthy-aging services-category-starzenie-sie-skory-zmarszczki services-category-utrata-jedrnosci services-category-zabiegi-w-okresie-ciazy\" >\r\n\t\t\t    <a href=\"https:\/\/wroniszewska.pl\/skinroom\/services\/kobido\/\">\r\n\t\t        \t<h4 class=\"header\">\r\n\t\t        \t\tKOBIDO UP\t\t\t\t        \t\r\n\t\t        \t<\/h4>\r\n\t\t        <\/a>\r\n\t\t\t    <div class=\"descr\">\r\n\t\t\t\t\t\t\t\t\t        \t\r\n\t\t\t    <\/div>\r\n\t\t\t    <a href=\"https:\/\/wroniszewska.pl\/skinroom\/services\/kobido\/\" class=\"btn btn-xs btn-black\">SZCZEG\u00d3\u0141Y<\/a>\t\t\t<\/article>\r\n\t\t\t\t\t\t<article id=\"post-8642\" class=\"post-8642 services type-services status-publish hentry services-category-cera-naczynkowa services-category-dermokosmetologia services-category-prewencja-zabiegi-healthy-aging services-category-skora-sucha-atopia services-category-starzenie-sie-skory-zmarszczki services-category-zabiegi-w-okresie-ciazy\" >\r\n\t\t\t    <a href=\"https:\/\/wroniszewska.pl\/skinroom\/services\/hydra-fill-glebokie-nawilzanie\/\">\r\n\t\t        \t<h4 class=\"header\">\r\n\t\t        \t\tHYDRA-FILL &#8211; g\u0142\u0119bokie nawil\u017canie\t\t\t\t        \t\r\n\t\t        \t<\/h4>\r\n\t\t        <\/a>\r\n\t\t\t    <div class=\"descr\">\r\n\t\t\t\t\t\t\t\t\t        \t\r\n\t\t\t    <\/div>\r\n\t\t\t    <a href=\"https:\/\/wroniszewska.pl\/skinroom\/services\/hydra-fill-glebokie-nawilzanie\/\" class=\"btn btn-xs btn-black\">SZCZEG\u00d3\u0141Y<\/a>\t\t\t<\/article>\r\n\t\t\t\t\t\t<article id=\"post-8652\" class=\"post-8652 services type-services status-publish hentry services-category-peelingi-medyczne services-category-prewencja-zabiegi-healthy-aging services-category-przebarwienia services-category-starzenie-sie-skory-zmarszczki\" >\r\n\t\t\t    <a href=\"https:\/\/wroniszewska.pl\/skinroom\/services\/dna-recovery-peel-zabieg-naprawiajacy-uszkodzenia-posloneczne\/\">\r\n\t\t        \t<h4 class=\"header\">\r\n\t\t        \t\tDNA RECOVERY PEEL &#8211; zabieg naprawiaj\u0105cy uszkodzenia pos\u0142oneczne\t\t\t\t        \t\r\n\t\t        \t<\/h4>\r\n\t\t        <\/a>\r\n\t\t\t    <div class=\"descr\">\r\n\t\t\t\t\t\t\t\t\t        \t\r\n\t\t\t    <\/div>\r\n\t\t\t    <a href=\"https:\/\/wroniszewska.pl\/skinroom\/services\/dna-recovery-peel-zabieg-naprawiajacy-uszkodzenia-posloneczne\/\" class=\"btn btn-xs btn-black\">SZCZEG\u00d3\u0141Y<\/a>\t\t\t<\/article>\r\n\t\t\t\t\t\t<article id=\"post-8659\" class=\"post-8659 services type-services status-publish hentry services-category-peelingi-medyczne services-category-prewencja-zabiegi-healthy-aging services-category-skora-sucha-atopia services-category-starzenie-sie-skory-zmarszczki services-category-tradzik-doroslych-blizny services-category-utrata-jedrnosci services-category-zabiegi-w-okresie-ciazy\" >\r\n\t\t\t    <a href=\"https:\/\/wroniszewska.pl\/skinroom\/services\/pca-oxygenating-trio\/\">\r\n\t\t        \t<h4 class=\"header\">\r\n\t\t        \t\tPCA Oxygenating Trio\t\t\t\t        \t\r\n\t\t        \t<\/h4>\r\n\t\t        <\/a>\r\n\t\t\t    <div class=\"descr\">\r\n\t\t\t\t\t\t\t\t\t        \t\r\n\t\t\t    <\/div>\r\n\t\t\t    <a href=\"https:\/\/wroniszewska.pl\/skinroom\/services\/pca-oxygenating-trio\/\" class=\"btn btn-xs btn-black\">SZCZEG\u00d3\u0141Y<\/a>\t\t\t<\/article>\r\n\t\t\t\t\t\t<article id=\"post-8636\" class=\"post-8636 services type-services status-publish hentry services-category-kosmetologia-estetyczna services-category-obrzeki-i-cienie-pod-oczami services-category-prewencja-zabiegi-healthy-aging services-category-przebarwienia services-category-skora-sucha-atopia services-category-starzenie-sie-skory-zmarszczki services-category-tradzik-doroslych-blizny services-category-utrata-jedrnosci\" >\r\n\t\t\t    <a href=\"https:\/\/wroniszewska.pl\/skinroom\/services\/dermapen-4-0-tm\/\">\r\n\t\t        \t<h4 class=\"header\">\r\n\t\t        \t\tMezoterapia Mikroig\u0142owa\t\t\t\t        \t\r\n\t\t        \t<\/h4>\r\n\t\t        <\/a>\r\n\t\t\t    <div class=\"descr\">\r\n\t\t\t\t\t\t\t\t\t        \t\r\n\t\t\t    <\/div>\r\n\t\t\t    <a href=\"https:\/\/wroniszewska.pl\/skinroom\/services\/dermapen-4-0-tm\/\" class=\"btn btn-xs btn-black\">SZCZEG\u00d3\u0141Y<\/a>\t\t\t<\/article>\r\n\t\t\t\t\t\t<article id=\"post-8571\" class=\"post-8571 services type-services status-publish hentry services-category-kosmetologia-estetyczna services-category-obrzeki-i-cienie-pod-oczami services-category-prewencja-zabiegi-healthy-aging services-category-przebarwienia services-category-skora-sucha-atopia services-category-starzenie-sie-skory-zmarszczki services-category-utrata-jedrnosci\" >\r\n\t\t\t    <a href=\"https:\/\/wroniszewska.pl\/skinroom\/services\/mezoterapia\/\">\r\n\t\t        \t<h4 class=\"header\">\r\n\t\t        \t\tMezoterapia\t\t\t\t        \t\r\n\t\t        \t<\/h4>\r\n\t\t        <\/a>\r\n\t\t\t    <div class=\"descr\">\r\n\t\t\t\t\t\t\t\t\t        \t\r\n\t\t\t    <\/div>\r\n\t\t\t    <a href=\"https:\/\/wroniszewska.pl\/skinroom\/services\/mezoterapia\/\" class=\"btn btn-xs btn-black\">SZCZEG\u00d3\u0141Y<\/a>\t\t\t<\/article>\r\n\t\t\t<\/div><\/div>[\/vc_column][\/vc_row]<\/p>\n","protected":false},"excerpt":{"rendered":"<p>[vc_row][vc_column][\/vc_column][\/vc_row][vc_row][vc_column][vc_column_text]Healthy aging to obecnie najmodniejszy kierunek w kosmetologii i medycynie estetycznej. Jest rozwi\u0105zaniem, kt\u00f3re pozwala zadba\u0107 o swoje zdrowie i wygl\u0105d na ka\u017cdym etapie \u017cycia i w spos\u00f3b adekwatny do potrzeb. [\/vc_column_text][vc_column_text]To fakt, nie mo\u017cemy przesta\u0107 si\u0119 starze\u0107 i nie ma magicznej mikstury, kt\u00f3ra zatrzyma proces starzenia! Mo\u017cemy jednak starze\u0107 si\u0119 zdrowo i \u0142adnie, w taki spos\u00f3b aby jak najd\u0142u\u017cej utrzymywa\u0107 sk\u00f3r\u0119 w dobrej kondycji. Trend healthy aging wyznacza r\u00f3wnie\u017c nasz kierunek, kt\u00f3rym pod\u0105\u017camy. Jednym z naszych najwa\u017cniejszych cel\u00f3w w Skin Room Wroniszewska jest dzia\u0142anie na rzecz urody i zdrowia poprzez promocj\u0119 profilaktycznej piel\u0119gnacji sk\u00f3ry. Zamiast \u201eupodabnia\u0107 Ci\u0119 do gwiazd\u201d, pomo\u017cemy utrzyma\u0107 w dobrej formie i zdrowiu to, co natura Ci da\u0142a. Zamiast nieprzemy\u015blanych i cz\u0119sto chaotycznych zabieg\u00f3w, zaproponujemy terapie wspieraj\u0105ce naturaln\u0105 regeneracj\u0119 i kondycj\u0119 sk\u00f3ry szyte na miar\u0119 Twoich potrzeb. Zobaczysz, \u017ce Twoja sk\u00f3ra szybko Ci za to podzi\u0119kuje. Pami\u0119taj nigdy nie jest za wcze\u015bnie lub za p\u00f3\u017ano na [&hellip;]<\/p>\n","protected":false},"author":1,"featured_media":0,"parent":9151,"menu_order":0,"comment_status":"closed","ping_status":"closed","template":"","meta":[],"acf":[],"yoast_head":"<!-- This site is optimized with the Yoast SEO plugin v19.3 - https:\/\/yoast.com\/wordpress\/plugins\/seo\/ -->\n<title>Zabiegi Healthy Aging - Skin Room Wroniszewska<\/title>\n<meta name=\"robots\" content=\"index, follow, max-snippet:-1, max-image-preview:large, max-video-preview:-1\" \/>\n<link rel=\"canonical\" href=\"https:\/\/wroniszewska.pl\/skinroom\/twoj-problem\/prewencja-zabiegi-healthy-aging\/\" \/>\n<meta property=\"og:locale\" content=\"pl_PL\" \/>\n<meta property=\"og:type\" content=\"article\" \/>\n<meta property=\"og:title\" content=\"Zabiegi Healthy Aging - Skin Room Wroniszewska\" \/>\n<meta property=\"og:description\" content=\"[vc_row][vc_column][\/vc_column][\/vc_row][vc_row][vc_column][vc_column_text]Healthy aging to obecnie najmodniejszy kierunek w kosmetologii i medycynie estetycznej. Jest rozwi\u0105zaniem, kt\u00f3re pozwala zadba\u0107 o swoje zdrowie i wygl\u0105d na ka\u017cdym etapie \u017cycia i w spos\u00f3b adekwatny do potrzeb. [\/vc_column_text][vc_column_text]To fakt, nie mo\u017cemy przesta\u0107 si\u0119 starze\u0107 i nie ma magicznej mikstury, kt\u00f3ra zatrzyma proces starzenia! Mo\u017cemy jednak starze\u0107 si\u0119 zdrowo i \u0142adnie, w taki spos\u00f3b aby jak najd\u0142u\u017cej utrzymywa\u0107 sk\u00f3r\u0119 w dobrej kondycji. Trend healthy aging wyznacza r\u00f3wnie\u017c nasz kierunek, kt\u00f3rym pod\u0105\u017camy. Jednym z naszych najwa\u017cniejszych cel\u00f3w w Skin Room Wroniszewska jest dzia\u0142anie na rzecz urody i zdrowia poprzez promocj\u0119 profilaktycznej piel\u0119gnacji sk\u00f3ry. Zamiast \u201eupodabnia\u0107 Ci\u0119 do gwiazd\u201d, pomo\u017cemy utrzyma\u0107 w dobrej formie i zdrowiu to, co natura Ci da\u0142a. Zamiast nieprzemy\u015blanych i cz\u0119sto chaotycznych zabieg\u00f3w, zaproponujemy terapie wspieraj\u0105ce naturaln\u0105 regeneracj\u0119 i kondycj\u0119 sk\u00f3ry szyte na miar\u0119 Twoich potrzeb. Zobaczysz, \u017ce Twoja sk\u00f3ra szybko Ci za to podzi\u0119kuje. Pami\u0119taj nigdy nie jest za wcze\u015bnie lub za p\u00f3\u017ano na [&hellip;]\" \/>\n<meta property=\"og:url\" content=\"https:\/\/wroniszewska.pl\/skinroom\/twoj-problem\/prewencja-zabiegi-healthy-aging\/\" \/>\n<meta property=\"og:site_name\" content=\"Skin Room Wroniszewska\" \/>\n<meta property=\"article:modified_time\" content=\"2022-08-18T07:41:50+00:00\" \/>\n<meta name=\"twitter:card\" content=\"summary_large_image\" \/>\n<meta name=\"twitter:label1\" content=\"Szacowany czas czytania\" \/>\n\t<meta name=\"twitter:data1\" content=\"2 minuty\" \/>\n<script type=\"application\/ld+json\" class=\"yoast-schema-graph\">{\"@context\":\"https:\/\/schema.org\",\"@graph\":[{\"@type\":\"WebSite\",\"@id\":\"https:\/\/wroniszewska.pl\/skinroom\/#website\",\"url\":\"https:\/\/wroniszewska.pl\/skinroom\/\",\"name\":\"Skin Room Wroniszewska\",\"description\":\"Gabinet kosmetologii estetycznej i leczniczej\",\"potentialAction\":[{\"@type\":\"SearchAction\",\"target\":{\"@type\":\"EntryPoint\",\"urlTemplate\":\"https:\/\/wroniszewska.pl\/skinroom\/?s={search_term_string}\"},\"query-input\":\"required name=search_term_string\"}],\"inLanguage\":\"pl-PL\"},{\"@type\":\"WebPage\",\"@id\":\"https:\/\/wroniszewska.pl\/skinroom\/twoj-problem\/prewencja-zabiegi-healthy-aging\/\",\"url\":\"https:\/\/wroniszewska.pl\/skinroom\/twoj-problem\/prewencja-zabiegi-healthy-aging\/\",\"name\":\"Zabiegi Healthy Aging - Skin Room Wroniszewska\",\"isPartOf\":{\"@id\":\"https:\/\/wroniszewska.pl\/skinroom\/#website\"},\"datePublished\":\"2022-06-19T21:14:25+00:00\",\"dateModified\":\"2022-08-18T07:41:50+00:00\",\"breadcrumb\":{\"@id\":\"https:\/\/wroniszewska.pl\/skinroom\/twoj-problem\/prewencja-zabiegi-healthy-aging\/#breadcrumb\"},\"inLanguage\":\"pl-PL\",\"potentialAction\":[{\"@type\":\"ReadAction\",\"target\":[\"https:\/\/wroniszewska.pl\/skinroom\/twoj-problem\/prewencja-zabiegi-healthy-aging\/\"]}]},{\"@type\":\"BreadcrumbList\",\"@id\":\"https:\/\/wroniszewska.pl\/skinroom\/twoj-problem\/prewencja-zabiegi-healthy-aging\/#breadcrumb\",\"itemListElement\":[{\"@type\":\"ListItem\",\"position\":1,\"name\":\"Strona g\u0142\u00f3wna\",\"item\":\"https:\/\/wroniszewska.pl\/skinroom\/\"},{\"@type\":\"ListItem\",\"position\":2,\"name\":\"Tw\u00f3j problem\",\"item\":\"https:\/\/wroniszewska.pl\/skinroom\/twoj-problem\/\"},{\"@type\":\"ListItem\",\"position\":3,\"name\":\"Zabiegi Healthy Aging\"}]}]}<\/script>\n<!-- \/ Yoast SEO plugin. -->","yoast_head_json":{"title":"Zabiegi Healthy Aging - Skin Room Wroniszewska","robots":{"index":"index","follow":"follow","max-snippet":"max-snippet:-1","max-image-preview":"max-image-preview:large","max-video-preview":"max-video-preview:-1"},"canonical":"https:\/\/wroniszewska.pl\/skinroom\/twoj-problem\/prewencja-zabiegi-healthy-aging\/","og_locale":"pl_PL","og_type":"article","og_title":"Zabiegi Healthy Aging - Skin Room Wroniszewska","og_description":"[vc_row][vc_column][\/vc_column][\/vc_row][vc_row][vc_column][vc_column_text]Healthy aging to obecnie najmodniejszy kierunek w kosmetologii i medycynie estetycznej. Jest rozwi\u0105zaniem, kt\u00f3re pozwala zadba\u0107 o swoje zdrowie i wygl\u0105d na ka\u017cdym etapie \u017cycia i w spos\u00f3b adekwatny do potrzeb. [\/vc_column_text][vc_column_text]To fakt, nie mo\u017cemy przesta\u0107 si\u0119 starze\u0107 i nie ma magicznej mikstury, kt\u00f3ra zatrzyma proces starzenia! Mo\u017cemy jednak starze\u0107 si\u0119 zdrowo i \u0142adnie, w taki spos\u00f3b aby jak najd\u0142u\u017cej utrzymywa\u0107 sk\u00f3r\u0119 w dobrej kondycji. Trend healthy aging wyznacza r\u00f3wnie\u017c nasz kierunek, kt\u00f3rym pod\u0105\u017camy. Jednym z naszych najwa\u017cniejszych cel\u00f3w w Skin Room Wroniszewska jest dzia\u0142anie na rzecz urody i zdrowia poprzez promocj\u0119 profilaktycznej piel\u0119gnacji sk\u00f3ry. Zamiast \u201eupodabnia\u0107 Ci\u0119 do gwiazd\u201d, pomo\u017cemy utrzyma\u0107 w dobrej formie i zdrowiu to, co natura Ci da\u0142a. Zamiast nieprzemy\u015blanych i cz\u0119sto chaotycznych zabieg\u00f3w, zaproponujemy terapie wspieraj\u0105ce naturaln\u0105 regeneracj\u0119 i kondycj\u0119 sk\u00f3ry szyte na miar\u0119 Twoich potrzeb. Zobaczysz, \u017ce Twoja sk\u00f3ra szybko Ci za to podzi\u0119kuje. Pami\u0119taj nigdy nie jest za wcze\u015bnie lub za p\u00f3\u017ano na [&hellip;]","og_url":"https:\/\/wroniszewska.pl\/skinroom\/twoj-problem\/prewencja-zabiegi-healthy-aging\/","og_site_name":"Skin Room Wroniszewska","article_modified_time":"2022-08-18T07:41:50+00:00","twitter_card":"summary_large_image","twitter_misc":{"Szacowany czas czytania":"2 minuty"},"schema":{"@context":"https:\/\/schema.org","@graph":[{"@type":"WebSite","@id":"https:\/\/wroniszewska.pl\/skinroom\/#website","url":"https:\/\/wroniszewska.pl\/skinroom\/","name":"Skin Room Wroniszewska","description":"Gabinet kosmetologii estetycznej i leczniczej","potentialAction":[{"@type":"SearchAction","target":{"@type":"EntryPoint","urlTemplate":"https:\/\/wroniszewska.pl\/skinroom\/?s={search_term_string}"},"query-input":"required name=search_term_string"}],"inLanguage":"pl-PL"},{"@type":"WebPage","@id":"https:\/\/wroniszewska.pl\/skinroom\/twoj-problem\/prewencja-zabiegi-healthy-aging\/","url":"https:\/\/wroniszewska.pl\/skinroom\/twoj-problem\/prewencja-zabiegi-healthy-aging\/","name":"Zabiegi Healthy Aging - Skin Room Wroniszewska","isPartOf":{"@id":"https:\/\/wroniszewska.pl\/skinroom\/#website"},"datePublished":"2022-06-19T21:14:25+00:00","dateModified":"2022-08-18T07:41:50+00:00","breadcrumb":{"@id":"https:\/\/wroniszewska.pl\/skinroom\/twoj-problem\/prewencja-zabiegi-healthy-aging\/#breadcrumb"},"inLanguage":"pl-PL","potentialAction":[{"@type":"ReadAction","target":["https:\/\/wroniszewska.pl\/skinroom\/twoj-problem\/prewencja-zabiegi-healthy-aging\/"]}]},{"@type":"BreadcrumbList","@id":"https:\/\/wroniszewska.pl\/skinroom\/twoj-problem\/prewencja-zabiegi-healthy-aging\/#breadcrumb","itemListElement":[{"@type":"ListItem","position":1,"name":"Strona g\u0142\u00f3wna","item":"https:\/\/wroniszewska.pl\/skinroom\/"},{"@type":"ListItem","position":2,"name":"Tw\u00f3j problem","item":"https:\/\/wroniszewska.pl\/skinroom\/twoj-problem\/"},{"@type":"ListItem","position":3,"name":"Zabiegi Healthy Aging"}]}]}},"_links":{"self":[{"href":"https:\/\/wroniszewska.pl\/skinroom\/wp-json\/wp\/v2\/pages\/8688"}],"collection":[{"href":"https:\/\/wroniszewska.pl\/skinroom\/wp-json\/wp\/v2\/pages"}],"about":[{"href":"https:\/\/wroniszewska.pl\/skinroom\/wp-json\/wp\/v2\/types\/page"}],"author":[{"embeddable":true,"href":"https:\/\/wroniszewska.pl\/skinroom\/wp-json\/wp\/v2\/users\/1"}],"replies":[{"embeddable":true,"href":"https:\/\/wroniszewska.pl\/skinroom\/wp-json\/wp\/v2\/comments?post=8688"}],"version-history":[{"count":5,"href":"https:\/\/wroniszewska.pl\/skinroom\/wp-json\/wp\/v2\/pages\/8688\/revisions"}],"predecessor-version":[{"id":9141,"href":"https:\/\/wroniszewska.pl\/skinroom\/wp-json\/wp\/v2\/pages\/8688\/revisions\/9141"}],"up":[{"embeddable":true,"href":"https:\/\/wroniszewska.pl\/skinroom\/wp-json\/wp\/v2\/pages\/9151"}],"wp:attachment":[{"href":"https:\/\/wroniszewska.pl\/skinroom\/wp-json\/wp\/v2\/media?parent=8688"}],"curies":[{"name":"wp","href":"https:\/\/api.w.org\/{rel}","templated":true}]}}