{"id":8685,"date":"2022-06-19T23:14:13","date_gmt":"2022-06-19T21:14:13","guid":{"rendered":"https:\/\/wroniszewska.pl\/skinroom\/?page_id=8685"},"modified":"2022-08-18T09:41:40","modified_gmt":"2022-08-18T07:41:40","slug":"obrzeki-i-cienie-pod-oczami","status":"publish","type":"page","link":"https:\/\/wroniszewska.pl\/skinroom\/twoj-problem\/obrzeki-i-cienie-pod-oczami\/","title":{"rendered":"Obrz\u0119ki i cienie pod oczami"},"content":{"rendered":"<p>[vc_row][vc_column]<div class=\"heading  header-subheader align-left color-black subcolor-main transform-default has-subheader theme-icon-second icon-type-default heading-tag-h2\" id=\"like_sc_header_2099291830\"><h2 class=\"subheader ltx-sr-id-like_sc_header_2099291830120118763 ltx-sr ltx-sr-effect-fade_in ltx-sr-el-block ltx-sr-delay-100 ltx-sr-duration-300 ltx-sr-sequences-50\">Problem<\/h2><h2 class=\"header ltx-sr-id-like_sc_header_2099291830862761544 ltx-sr ltx-sr-effect-fade_in ltx-sr-el-block ltx-sr-delay-0 ltx-sr-duration-1000 ltx-sr-sequences-0\">Obrz\u0119ki i cienie pod oczami<\/h2><\/div>[\/vc_column][\/vc_row][vc_row][vc_column][vc_column_text]<strong>Przyczyna ciemnych obw\u00f3dek wok\u00f3\u0142 oczu nie jest dok\u0142adnie znana. Powodem jest genetyka &#8211; niekt\u00f3re osoby maj\u0105 wi\u0119ksz\u0105 predyspozycj\u0119 do wyst\u0119powania cieni pod oczami. S\u0105 to osoby z cie\u0144sz\u0105 sk\u00f3r\u0105 przez kt\u00f3r\u0105 prze\u015bwituj\u0105 drobne naczynia krwiono\u015bne i to w\u0142a\u015bnie one przyczyniaj\u0105 si\u0119 do tego, \u017ce wok\u00f3\u0142 oczu tworz\u0105 si\u0119 \u201ezasinienia\u201d.<\/strong>[\/vc_column_text][vc_column_text]Pojawienie si\u0119 cieni i obrz\u0119k\u00f3w wi\u0105\u017ce si\u0119 te\u017c z ograniczeniem snu i zm\u0119czeniem oraz nieodpowiednim od\u017cywianiem. Przyczyn\u0105 cieni pod oczami mog\u0105 by\u0107 niekt\u00f3re choroby nerek, w\u0105troby, tarczycy oraz zaburzenia hormonalne zw\u0142aszcza zwi\u0105zanych z okresem przekwitania.<\/p>\n<p>Obrz\u0119ki mog\u0105 te\u017c by\u0107 jednym z objaw\u00f3w alergii (szczeg\u00f3lnie uczulenia na niekt\u00f3re grzyby) ale r\u00f3wnie\u017c efektem ubocznym przyjmowanych lek\u00f3w. Palenie papieros\u00f3w i spo\u017cywanie alkoholu r\u00f3wnie\u017c sprzyja powstawaniu obrz\u0119k\u00f3w i cieni pod oczami.[\/vc_column_text][\/vc_column][\/vc_row][vc_row][vc_column]<div class=\"heading  header-subheader align-center color-black subcolor-main transform-default has-subheader theme-icon-second icon-type-default heading-tag-h2\" id=\"like_sc_header_2139269342\"><h2 class=\"subheader ltx-sr-id-like_sc_header_2139269342843377903 ltx-sr ltx-sr-effect-fade_in ltx-sr-el-block ltx-sr-delay-100 ltx-sr-duration-300 ltx-sr-sequences-50\">Zalecane<\/h2><h2 class=\"header ltx-sr-id-like_sc_header_2139269342257857945 ltx-sr ltx-sr-effect-fade_in ltx-sr-el-block ltx-sr-delay-0 ltx-sr-duration-1000 ltx-sr-sequences-0\">Zabiegi<\/h2><\/div><div class=\"services-sc  layout-list ltx-style-gray\"  id=\"like_sc_services_667674200\"><div class=\"ltx-list-wrap\">\t\t\t<article id=\"post-9426\" class=\"post-9426 services type-services status-publish hentry services-category-cera-naczynkowa services-category-kosmetologia-estetyczna services-category-obrzeki-i-cienie-pod-oczami services-category-prewencja-zabiegi-healthy-aging services-category-przebarwienia services-category-skora-sucha-atopia services-category-starzenie-sie-skory-zmarszczki services-category-tradzik-doroslych-blizny services-category-utrata-jedrnosci\" >\r\n\t\t\t    <a href=\"https:\/\/wroniszewska.pl\/skinroom\/services\/osocze-bogatoplytkowe-fibryna\/\">\r\n\t\t        \t<h4 class=\"header\">\r\n\t\t        \t\tOsocze bogatop\u0142ytkowe + fibryna\t\t\t\t        \t\r\n\t\t        \t<\/h4>\r\n\t\t        <\/a>\r\n\t\t\t    <div class=\"descr\">\r\n\t\t\t\t\t\t\t\t\t        \t\r\n\t\t\t    <\/div>\r\n\t\t\t    <a href=\"https:\/\/wroniszewska.pl\/skinroom\/services\/osocze-bogatoplytkowe-fibryna\/\" class=\"btn btn-xs btn-black\">SZCZEG\u00d3\u0141Y<\/a>\t\t\t<\/article>\r\n\t\t\t\t\t\t<article id=\"post-9409\" class=\"post-9409 services type-services status-publish hentry services-category-cera-naczynkowa services-category-konsultacja-kosmetologiczna services-category-obrzeki-i-cienie-pod-oczami services-category-prewencja-zabiegi-healthy-aging services-category-przebarwienia services-category-skora-sucha-atopia services-category-starzenie-sie-skory-zmarszczki services-category-tradzik-doroslych-blizny services-category-tradzik-mlodzienczy services-category-tradzik-rozowaty-rumien services-category-utrata-jedrnosci services-category-zabiegi-w-okresie-ciazy\" >\r\n\t\t\t    <a href=\"https:\/\/wroniszewska.pl\/skinroom\/services\/komputerowa-analiza-skory-observ-520x\/\">\r\n\t\t        \t<h4 class=\"header\">\r\n\t\t        \t\tKomputerowa analiza sk\u00f3ry Observ 520x\t\t\t\t        \t\r\n\t\t        \t<\/h4>\r\n\t\t        <\/a>\r\n\t\t\t    <div class=\"descr\">\r\n\t\t\t\t\t\t\t\t\t        \t\r\n\t\t\t    <\/div>\r\n\t\t\t    <a href=\"https:\/\/wroniszewska.pl\/skinroom\/services\/komputerowa-analiza-skory-observ-520x\/\" class=\"btn btn-xs btn-black\">SZCZEG\u00d3\u0141Y<\/a>\t\t\t<\/article>\r\n\t\t\t\t\t\t<article id=\"post-9396\" class=\"post-9396 services type-services status-publish hentry services-category-cera-naczynkowa services-category-kosmetologia-estetyczna services-category-obrzeki-i-cienie-pod-oczami services-category-prewencja-zabiegi-healthy-aging services-category-przebarwienia services-category-skora-sucha-atopia services-category-starzenie-sie-skory-zmarszczki services-category-tradzik-doroslych-blizny services-category-tradzik-mlodzienczy services-category-utrata-jedrnosci\" >\r\n\t\t\t    <a href=\"https:\/\/wroniszewska.pl\/skinroom\/services\/radiofrekwencja-mikroiglowa\/\">\r\n\t\t        \t<h4 class=\"header\">\r\n\t\t        \t\tRadiofrekwencja Mikroig\u0142owa\t\t\t\t        \t\r\n\t\t        \t<\/h4>\r\n\t\t        <\/a>\r\n\t\t\t    <div class=\"descr\">\r\n\t\t\t\t\t\t\t\t\t        \t\r\n\t\t\t    <\/div>\r\n\t\t\t    <a href=\"https:\/\/wroniszewska.pl\/skinroom\/services\/radiofrekwencja-mikroiglowa\/\" class=\"btn btn-xs btn-black\">SZCZEG\u00d3\u0141Y<\/a>\t\t\t<\/article>\r\n\t\t\t\t\t\t<article id=\"post-8968\" class=\"post-8968 services type-services status-publish hentry services-category-kobido services-category-obrzeki-i-cienie-pod-oczami services-category-prewencja-zabiegi-healthy-aging services-category-starzenie-sie-skory-zmarszczki services-category-utrata-jedrnosci services-category-zabiegi-w-okresie-ciazy\" >\r\n\t\t\t    <a href=\"https:\/\/wroniszewska.pl\/skinroom\/services\/kobido\/\">\r\n\t\t        \t<h4 class=\"header\">\r\n\t\t        \t\tKOBIDO UP\t\t\t\t        \t\r\n\t\t        \t<\/h4>\r\n\t\t        <\/a>\r\n\t\t\t    <div class=\"descr\">\r\n\t\t\t\t\t\t\t\t\t        \t\r\n\t\t\t    <\/div>\r\n\t\t\t    <a href=\"https:\/\/wroniszewska.pl\/skinroom\/services\/kobido\/\" class=\"btn btn-xs btn-black\">SZCZEG\u00d3\u0141Y<\/a>\t\t\t<\/article>\r\n\t\t\t\t\t\t<article id=\"post-8638\" class=\"post-8638 services type-services status-publish hentry services-category-dermokosmetologia services-category-obrzeki-i-cienie-pod-oczami\" >\r\n\t\t\t    <a href=\"https:\/\/wroniszewska.pl\/skinroom\/services\/lipo-oval-obrzeki-i-owal-twarzy\/\">\r\n\t\t        \t<h4 class=\"header\">\r\n\t\t        \t\tLIPO-OVAL &#8211; obrz\u0119ki i owal twarzy\t\t\t\t        \t\r\n\t\t        \t<\/h4>\r\n\t\t        <\/a>\r\n\t\t\t    <div class=\"descr\">\r\n\t\t\t\t\t\t\t\t\t        \t\r\n\t\t\t    <\/div>\r\n\t\t\t    <a href=\"https:\/\/wroniszewska.pl\/skinroom\/services\/lipo-oval-obrzeki-i-owal-twarzy\/\" class=\"btn btn-xs btn-black\">SZCZEG\u00d3\u0141Y<\/a>\t\t\t<\/article>\r\n\t\t\t\t\t\t<article id=\"post-8650\" class=\"post-8650 services type-services status-publish hentry services-category-laseroterapia services-category-obrzeki-i-cienie-pod-oczami services-category-starzenie-sie-skory-zmarszczki services-category-tradzik-doroslych-blizny services-category-utrata-jedrnosci\" >\r\n\t\t\t    <a href=\"https:\/\/wroniszewska.pl\/skinroom\/services\/resurfacing-odmlodzenie-odnowa-i-odbudowa-skory\/\">\r\n\t\t        \t<h4 class=\"header\">\r\n\t\t        \t\tResurfacing &#8211; odm\u0142odzenie, odnowa i odbudowa sk\u00f3ry\t\t\t\t        \t\r\n\t\t        \t<\/h4>\r\n\t\t        <\/a>\r\n\t\t\t    <div class=\"descr\">\r\n\t\t\t\t\t\t\t\t\t        \t\r\n\t\t\t    <\/div>\r\n\t\t\t    <a href=\"https:\/\/wroniszewska.pl\/skinroom\/services\/resurfacing-odmlodzenie-odnowa-i-odbudowa-skory\/\" class=\"btn btn-xs btn-black\">SZCZEG\u00d3\u0141Y<\/a>\t\t\t<\/article>\r\n\t\t\t\t\t\t<article id=\"post-8636\" class=\"post-8636 services type-services status-publish hentry services-category-kosmetologia-estetyczna services-category-obrzeki-i-cienie-pod-oczami services-category-prewencja-zabiegi-healthy-aging services-category-przebarwienia services-category-skora-sucha-atopia services-category-starzenie-sie-skory-zmarszczki services-category-tradzik-doroslych-blizny services-category-utrata-jedrnosci\" >\r\n\t\t\t    <a href=\"https:\/\/wroniszewska.pl\/skinroom\/services\/dermapen-4-0-tm\/\">\r\n\t\t        \t<h4 class=\"header\">\r\n\t\t        \t\tMezoterapia Mikroig\u0142owa\t\t\t\t        \t\r\n\t\t        \t<\/h4>\r\n\t\t        <\/a>\r\n\t\t\t    <div class=\"descr\">\r\n\t\t\t\t\t\t\t\t\t        \t\r\n\t\t\t    <\/div>\r\n\t\t\t    <a href=\"https:\/\/wroniszewska.pl\/skinroom\/services\/dermapen-4-0-tm\/\" class=\"btn btn-xs btn-black\">SZCZEG\u00d3\u0141Y<\/a>\t\t\t<\/article>\r\n\t\t\t\t\t\t<article id=\"post-8571\" class=\"post-8571 services type-services status-publish hentry services-category-kosmetologia-estetyczna services-category-obrzeki-i-cienie-pod-oczami services-category-prewencja-zabiegi-healthy-aging services-category-przebarwienia services-category-skora-sucha-atopia services-category-starzenie-sie-skory-zmarszczki services-category-utrata-jedrnosci\" >\r\n\t\t\t    <a href=\"https:\/\/wroniszewska.pl\/skinroom\/services\/mezoterapia\/\">\r\n\t\t        \t<h4 class=\"header\">\r\n\t\t        \t\tMezoterapia\t\t\t\t        \t\r\n\t\t        \t<\/h4>\r\n\t\t        <\/a>\r\n\t\t\t    <div class=\"descr\">\r\n\t\t\t\t\t\t\t\t\t        \t\r\n\t\t\t    <\/div>\r\n\t\t\t    <a href=\"https:\/\/wroniszewska.pl\/skinroom\/services\/mezoterapia\/\" class=\"btn btn-xs btn-black\">SZCZEG\u00d3\u0141Y<\/a>\t\t\t<\/article>\r\n\t\t\t<\/div><\/div>[\/vc_column][\/vc_row]<\/p>\n","protected":false},"excerpt":{"rendered":"<p>[vc_row][vc_column][\/vc_column][\/vc_row][vc_row][vc_column][vc_column_text]Przyczyna ciemnych obw\u00f3dek wok\u00f3\u0142 oczu nie jest dok\u0142adnie znana. Powodem jest genetyka &#8211; niekt\u00f3re osoby maj\u0105 wi\u0119ksz\u0105 predyspozycj\u0119 do wyst\u0119powania cieni pod oczami. S\u0105 to osoby z cie\u0144sz\u0105 sk\u00f3r\u0105 przez kt\u00f3r\u0105 prze\u015bwituj\u0105 drobne naczynia krwiono\u015bne i to w\u0142a\u015bnie one przyczyniaj\u0105 si\u0119 do tego, \u017ce wok\u00f3\u0142 oczu tworz\u0105 si\u0119 \u201ezasinienia\u201d.[\/vc_column_text][vc_column_text]Pojawienie si\u0119 cieni i obrz\u0119k\u00f3w wi\u0105\u017ce si\u0119 te\u017c z ograniczeniem snu i zm\u0119czeniem oraz nieodpowiednim od\u017cywianiem. Przyczyn\u0105 cieni pod oczami mog\u0105 by\u0107 niekt\u00f3re choroby nerek, w\u0105troby, tarczycy oraz zaburzenia hormonalne zw\u0142aszcza zwi\u0105zanych z okresem przekwitania. Obrz\u0119ki mog\u0105 te\u017c by\u0107 jednym z objaw\u00f3w alergii (szczeg\u00f3lnie uczulenia na niekt\u00f3re grzyby) ale r\u00f3wnie\u017c efektem ubocznym przyjmowanych lek\u00f3w. Palenie papieros\u00f3w i spo\u017cywanie alkoholu r\u00f3wnie\u017c sprzyja powstawaniu obrz\u0119k\u00f3w i cieni pod oczami.[\/vc_column_text][\/vc_column][\/vc_row][vc_row][vc_column][\/vc_column][\/vc_row]<\/p>\n","protected":false},"author":1,"featured_media":0,"parent":9151,"menu_order":0,"comment_status":"closed","ping_status":"closed","template":"","meta":[],"acf":[],"yoast_head":"<!-- This site is optimized with the Yoast SEO plugin v19.3 - https:\/\/yoast.com\/wordpress\/plugins\/seo\/ -->\n<title>Obrz\u0119ki i cienie pod oczami - Skin Room Wroniszewska<\/title>\n<meta name=\"robots\" content=\"index, follow, max-snippet:-1, max-image-preview:large, max-video-preview:-1\" \/>\n<link rel=\"canonical\" href=\"https:\/\/wroniszewska.pl\/skinroom\/twoj-problem\/obrzeki-i-cienie-pod-oczami\/\" \/>\n<meta property=\"og:locale\" content=\"pl_PL\" \/>\n<meta property=\"og:type\" content=\"article\" \/>\n<meta property=\"og:title\" content=\"Obrz\u0119ki i cienie pod oczami - Skin Room Wroniszewska\" \/>\n<meta property=\"og:description\" content=\"[vc_row][vc_column][\/vc_column][\/vc_row][vc_row][vc_column][vc_column_text]Przyczyna ciemnych obw\u00f3dek wok\u00f3\u0142 oczu nie jest dok\u0142adnie znana. Powodem jest genetyka &#8211; niekt\u00f3re osoby maj\u0105 wi\u0119ksz\u0105 predyspozycj\u0119 do wyst\u0119powania cieni pod oczami. S\u0105 to osoby z cie\u0144sz\u0105 sk\u00f3r\u0105 przez kt\u00f3r\u0105 prze\u015bwituj\u0105 drobne naczynia krwiono\u015bne i to w\u0142a\u015bnie one przyczyniaj\u0105 si\u0119 do tego, \u017ce wok\u00f3\u0142 oczu tworz\u0105 si\u0119 \u201ezasinienia\u201d.[\/vc_column_text][vc_column_text]Pojawienie si\u0119 cieni i obrz\u0119k\u00f3w wi\u0105\u017ce si\u0119 te\u017c z ograniczeniem snu i zm\u0119czeniem oraz nieodpowiednim od\u017cywianiem. Przyczyn\u0105 cieni pod oczami mog\u0105 by\u0107 niekt\u00f3re choroby nerek, w\u0105troby, tarczycy oraz zaburzenia hormonalne zw\u0142aszcza zwi\u0105zanych z okresem przekwitania. Obrz\u0119ki mog\u0105 te\u017c by\u0107 jednym z objaw\u00f3w alergii (szczeg\u00f3lnie uczulenia na niekt\u00f3re grzyby) ale r\u00f3wnie\u017c efektem ubocznym przyjmowanych lek\u00f3w. Palenie papieros\u00f3w i spo\u017cywanie alkoholu r\u00f3wnie\u017c sprzyja powstawaniu obrz\u0119k\u00f3w i cieni pod oczami.[\/vc_column_text][\/vc_column][\/vc_row][vc_row][vc_column][\/vc_column][\/vc_row]\" \/>\n<meta property=\"og:url\" content=\"https:\/\/wroniszewska.pl\/skinroom\/twoj-problem\/obrzeki-i-cienie-pod-oczami\/\" \/>\n<meta property=\"og:site_name\" content=\"Skin Room Wroniszewska\" \/>\n<meta property=\"article:modified_time\" content=\"2022-08-18T07:41:40+00:00\" \/>\n<meta name=\"twitter:card\" content=\"summary_large_image\" \/>\n<meta name=\"twitter:label1\" content=\"Szacowany czas czytania\" \/>\n\t<meta name=\"twitter:data1\" content=\"1 minuta\" \/>\n<script type=\"application\/ld+json\" class=\"yoast-schema-graph\">{\"@context\":\"https:\/\/schema.org\",\"@graph\":[{\"@type\":\"WebSite\",\"@id\":\"https:\/\/wroniszewska.pl\/skinroom\/#website\",\"url\":\"https:\/\/wroniszewska.pl\/skinroom\/\",\"name\":\"Skin Room Wroniszewska\",\"description\":\"Gabinet kosmetologii estetycznej i leczniczej\",\"potentialAction\":[{\"@type\":\"SearchAction\",\"target\":{\"@type\":\"EntryPoint\",\"urlTemplate\":\"https:\/\/wroniszewska.pl\/skinroom\/?s={search_term_string}\"},\"query-input\":\"required name=search_term_string\"}],\"inLanguage\":\"pl-PL\"},{\"@type\":\"WebPage\",\"@id\":\"https:\/\/wroniszewska.pl\/skinroom\/twoj-problem\/obrzeki-i-cienie-pod-oczami\/\",\"url\":\"https:\/\/wroniszewska.pl\/skinroom\/twoj-problem\/obrzeki-i-cienie-pod-oczami\/\",\"name\":\"Obrz\u0119ki i cienie pod oczami - Skin Room Wroniszewska\",\"isPartOf\":{\"@id\":\"https:\/\/wroniszewska.pl\/skinroom\/#website\"},\"datePublished\":\"2022-06-19T21:14:13+00:00\",\"dateModified\":\"2022-08-18T07:41:40+00:00\",\"breadcrumb\":{\"@id\":\"https:\/\/wroniszewska.pl\/skinroom\/twoj-problem\/obrzeki-i-cienie-pod-oczami\/#breadcrumb\"},\"inLanguage\":\"pl-PL\",\"potentialAction\":[{\"@type\":\"ReadAction\",\"target\":[\"https:\/\/wroniszewska.pl\/skinroom\/twoj-problem\/obrzeki-i-cienie-pod-oczami\/\"]}]},{\"@type\":\"BreadcrumbList\",\"@id\":\"https:\/\/wroniszewska.pl\/skinroom\/twoj-problem\/obrzeki-i-cienie-pod-oczami\/#breadcrumb\",\"itemListElement\":[{\"@type\":\"ListItem\",\"position\":1,\"name\":\"Strona g\u0142\u00f3wna\",\"item\":\"https:\/\/wroniszewska.pl\/skinroom\/\"},{\"@type\":\"ListItem\",\"position\":2,\"name\":\"Tw\u00f3j problem\",\"item\":\"https:\/\/wroniszewska.pl\/skinroom\/twoj-problem\/\"},{\"@type\":\"ListItem\",\"position\":3,\"name\":\"Obrz\u0119ki i cienie pod oczami\"}]}]}<\/script>\n<!-- \/ Yoast SEO plugin. -->","yoast_head_json":{"title":"Obrz\u0119ki i cienie pod oczami - Skin Room Wroniszewska","robots":{"index":"index","follow":"follow","max-snippet":"max-snippet:-1","max-image-preview":"max-image-preview:large","max-video-preview":"max-video-preview:-1"},"canonical":"https:\/\/wroniszewska.pl\/skinroom\/twoj-problem\/obrzeki-i-cienie-pod-oczami\/","og_locale":"pl_PL","og_type":"article","og_title":"Obrz\u0119ki i cienie pod oczami - Skin Room Wroniszewska","og_description":"[vc_row][vc_column][\/vc_column][\/vc_row][vc_row][vc_column][vc_column_text]Przyczyna ciemnych obw\u00f3dek wok\u00f3\u0142 oczu nie jest dok\u0142adnie znana. Powodem jest genetyka &#8211; niekt\u00f3re osoby maj\u0105 wi\u0119ksz\u0105 predyspozycj\u0119 do wyst\u0119powania cieni pod oczami. S\u0105 to osoby z cie\u0144sz\u0105 sk\u00f3r\u0105 przez kt\u00f3r\u0105 prze\u015bwituj\u0105 drobne naczynia krwiono\u015bne i to w\u0142a\u015bnie one przyczyniaj\u0105 si\u0119 do tego, \u017ce wok\u00f3\u0142 oczu tworz\u0105 si\u0119 \u201ezasinienia\u201d.[\/vc_column_text][vc_column_text]Pojawienie si\u0119 cieni i obrz\u0119k\u00f3w wi\u0105\u017ce si\u0119 te\u017c z ograniczeniem snu i zm\u0119czeniem oraz nieodpowiednim od\u017cywianiem. Przyczyn\u0105 cieni pod oczami mog\u0105 by\u0107 niekt\u00f3re choroby nerek, w\u0105troby, tarczycy oraz zaburzenia hormonalne zw\u0142aszcza zwi\u0105zanych z okresem przekwitania. Obrz\u0119ki mog\u0105 te\u017c by\u0107 jednym z objaw\u00f3w alergii (szczeg\u00f3lnie uczulenia na niekt\u00f3re grzyby) ale r\u00f3wnie\u017c efektem ubocznym przyjmowanych lek\u00f3w. Palenie papieros\u00f3w i spo\u017cywanie alkoholu r\u00f3wnie\u017c sprzyja powstawaniu obrz\u0119k\u00f3w i cieni pod oczami.[\/vc_column_text][\/vc_column][\/vc_row][vc_row][vc_column][\/vc_column][\/vc_row]","og_url":"https:\/\/wroniszewska.pl\/skinroom\/twoj-problem\/obrzeki-i-cienie-pod-oczami\/","og_site_name":"Skin Room Wroniszewska","article_modified_time":"2022-08-18T07:41:40+00:00","twitter_card":"summary_large_image","twitter_misc":{"Szacowany czas czytania":"1 minuta"},"schema":{"@context":"https:\/\/schema.org","@graph":[{"@type":"WebSite","@id":"https:\/\/wroniszewska.pl\/skinroom\/#website","url":"https:\/\/wroniszewska.pl\/skinroom\/","name":"Skin Room Wroniszewska","description":"Gabinet kosmetologii estetycznej i leczniczej","potentialAction":[{"@type":"SearchAction","target":{"@type":"EntryPoint","urlTemplate":"https:\/\/wroniszewska.pl\/skinroom\/?s={search_term_string}"},"query-input":"required name=search_term_string"}],"inLanguage":"pl-PL"},{"@type":"WebPage","@id":"https:\/\/wroniszewska.pl\/skinroom\/twoj-problem\/obrzeki-i-cienie-pod-oczami\/","url":"https:\/\/wroniszewska.pl\/skinroom\/twoj-problem\/obrzeki-i-cienie-pod-oczami\/","name":"Obrz\u0119ki i cienie pod oczami - Skin Room Wroniszewska","isPartOf":{"@id":"https:\/\/wroniszewska.pl\/skinroom\/#website"},"datePublished":"2022-06-19T21:14:13+00:00","dateModified":"2022-08-18T07:41:40+00:00","breadcrumb":{"@id":"https:\/\/wroniszewska.pl\/skinroom\/twoj-problem\/obrzeki-i-cienie-pod-oczami\/#breadcrumb"},"inLanguage":"pl-PL","potentialAction":[{"@type":"ReadAction","target":["https:\/\/wroniszewska.pl\/skinroom\/twoj-problem\/obrzeki-i-cienie-pod-oczami\/"]}]},{"@type":"BreadcrumbList","@id":"https:\/\/wroniszewska.pl\/skinroom\/twoj-problem\/obrzeki-i-cienie-pod-oczami\/#breadcrumb","itemListElement":[{"@type":"ListItem","position":1,"name":"Strona g\u0142\u00f3wna","item":"https:\/\/wroniszewska.pl\/skinroom\/"},{"@type":"ListItem","position":2,"name":"Tw\u00f3j problem","item":"https:\/\/wroniszewska.pl\/skinroom\/twoj-problem\/"},{"@type":"ListItem","position":3,"name":"Obrz\u0119ki i cienie pod oczami"}]}]}},"_links":{"self":[{"href":"https:\/\/wroniszewska.pl\/skinroom\/wp-json\/wp\/v2\/pages\/8685"}],"collection":[{"href":"https:\/\/wroniszewska.pl\/skinroom\/wp-json\/wp\/v2\/pages"}],"about":[{"href":"https:\/\/wroniszewska.pl\/skinroom\/wp-json\/wp\/v2\/types\/page"}],"author":[{"embeddable":true,"href":"https:\/\/wroniszewska.pl\/skinroom\/wp-json\/wp\/v2\/users\/1"}],"replies":[{"embeddable":true,"href":"https:\/\/wroniszewska.pl\/skinroom\/wp-json\/wp\/v2\/comments?post=8685"}],"version-history":[{"count":3,"href":"https:\/\/wroniszewska.pl\/skinroom\/wp-json\/wp\/v2\/pages\/8685\/revisions"}],"predecessor-version":[{"id":8924,"href":"https:\/\/wroniszewska.pl\/skinroom\/wp-json\/wp\/v2\/pages\/8685\/revisions\/8924"}],"up":[{"embeddable":true,"href":"https:\/\/wroniszewska.pl\/skinroom\/wp-json\/wp\/v2\/pages\/9151"}],"wp:attachment":[{"href":"https:\/\/wroniszewska.pl\/skinroom\/wp-json\/wp\/v2\/media?parent=8685"}],"curies":[{"name":"wp","href":"https:\/\/api.w.org\/{rel}","templated":true}]}}