{"id":8672,"date":"2022-06-19T23:13:45","date_gmt":"2022-06-19T21:13:45","guid":{"rendered":"https:\/\/wroniszewska.pl\/skinroom\/?page_id=8672"},"modified":"2022-08-18T09:40:56","modified_gmt":"2022-08-18T07:40:56","slug":"tradzik-mlodzienczy","status":"publish","type":"page","link":"https:\/\/wroniszewska.pl\/skinroom\/twoj-problem\/tradzik-mlodzienczy\/","title":{"rendered":"Tr\u0105dzik m\u0142odzie\u0144czy"},"content":{"rendered":"<p>[vc_row][vc_column]<div class=\"heading  header-subheader align-left color-black subcolor-main transform-default has-subheader theme-icon-second icon-type-default heading-tag-h2\" id=\"like_sc_header_548104565\"><h2 class=\"subheader ltx-sr-id-like_sc_header_548104565204973589 ltx-sr ltx-sr-effect-fade_in ltx-sr-el-block ltx-sr-delay-100 ltx-sr-duration-300 ltx-sr-sequences-50\">Problem<\/h2><h2 class=\"header ltx-sr-id-like_sc_header_5481045651470204252 ltx-sr ltx-sr-effect-fade_in ltx-sr-el-block ltx-sr-delay-0 ltx-sr-duration-1000 ltx-sr-sequences-0\">Tr\u0105dzik m\u0142odzie\u0144czy<\/h2><\/div>[\/vc_column][\/vc_row][vc_row][vc_column][vc_column_text]<strong>Tr\u0105dzik to bardzo z\u0142o\u017cona dermatoza, kt\u00f3rej do\u015bwiadcza niemal 80% nastolatk\u00f3w.<\/strong>[\/vc_column_text][vc_column_text]Wiek: 12-19 lat. Czy wiesz, \u017ce wiek kiedy pojawia si\u0119 tr\u0105dzik m\u0142odzie\u0144czy, obni\u017cy\u0142 si\u0119 w ostatnich kilkunastu latach i ju\u017c 9-10 latki maj\u0105 tr\u0105dzik?<\/p>\n<p>Lokalizacja: strefa T (czo\u0142o, nos, broda), okolica mostka, mi\u0119dzy\u0142opatkowa<\/p>\n<p>Obraz: mikrozask\u00f3rniki, zask\u00f3rniki zamkni\u0119te i otwarte, grudki, krostki<\/p>\n<p>Przyczyna: kszta\u0142towanie gospodarki hormonalnej i czynniki prozapalne<\/p>\n<p>Tr\u0105dzik powstaje w wyniku na\u0142o\u017cenia wielu czynnik\u00f3w: przerostu gruczo\u0142\u00f3w \u0142ojowych i nadprodukcji sebum, hiperkeratynizacji uj\u015b\u0107 mieszk\u00f3w w\u0142osowych, braku odpowiedniej higieny sk\u00f3ry, niew\u0142a\u015bciwej diety bogatej w produkty przetworzone i cukry proste, stosowania komedogennych sk\u0142adnik\u00f3w w piel\u0119gnacji domowej (korektory, podk\u0142ady, fluidy, pudry etc.) i\u00a0 w konsekwencji rozwoju patogennej flory bakteryjnej i stan\u00f3w zapalnych.[\/vc_column_text][\/vc_column][\/vc_row][vc_row full_width=&#8221;stretch_row&#8221; css=&#8221;.vc_custom_1655708690004{margin-top: 60px !important;margin-bottom: 60px !important;background-color: #f9f1ec !important;}&#8221;][vc_column][vc_row_inner][vc_column_inner][vc_column_text]<strong>Prawid\u0142owa walka z tr\u0105dzikiem nie polega na usuni\u0119ciu samych pryszczy. Aby faktycznie pozby\u0107 si\u0119 problemu w pracy z m\u0142od\u0105 sk\u00f3r\u0105 skupiamy si\u0119 na pi\u0119ciu wa\u017cnych celach:<\/strong><\/p>\n<ul>\n<li>dzia\u0142aniu antybakteryjnym<\/li>\n<li>sebostatycznym czyli regulacji pracy gruczo\u0142\u00f3w \u0142ojowych<\/li>\n<li>przeciwzapalnym<\/li>\n<li>regulacji rogowacenia<\/li>\n<li>przywr\u00f3ceniu prawid\u0142owego poziomu nawil\u017cenia \u2013 wysuszanie zmian tr\u0105dzikowych bez odpowiedniego nawil\u017cania to pot\u0119\u017cny b\u0142\u0105d! gdy sk\u00f3ra jest dobrze nawil\u017cona zmiany pozapalne goj\u0105 si\u0119 szybciej.<\/li>\n<\/ul>\n<p>[\/vc_column_text][\/vc_column_inner][\/vc_row_inner][\/vc_column][\/vc_row][vc_row][vc_column][vc_column_text]Ca\u0142a terapia jest roz\u0142o\u017cona w czasie. Nie da si\u0119 wyleczy\u0107 z tr\u0105dziku w jeden czy dwa miesi\u0105ce, poniewa\u017c gospodarka hormonalna kszta\u0142tuje si\u0119 do 18 roku \u017cycia. D\u0142ugo\u015b\u0107 terapii zale\u017cy od nasilenia tr\u0105dziku oraz obop\u00f3lnego zaanga\u017cowania i specjalisty i m\u0142odego pacjenta.[\/vc_column_text][\/vc_column][\/vc_row][vc_row][vc_column]<div class=\"heading  header-subheader align-center color-black subcolor-main transform-default has-subheader theme-icon-second icon-type-default heading-tag-h2\" id=\"like_sc_header_1580018306\"><h2 class=\"subheader ltx-sr-id-like_sc_header_15800183061490816879 ltx-sr ltx-sr-effect-fade_in ltx-sr-el-block ltx-sr-delay-100 ltx-sr-duration-300 ltx-sr-sequences-50\">Zalecane<\/h2><h2 class=\"header ltx-sr-id-like_sc_header_15800183061370114267 ltx-sr ltx-sr-effect-fade_in ltx-sr-el-block ltx-sr-delay-0 ltx-sr-duration-1000 ltx-sr-sequences-0\">Zabiegi<\/h2><\/div><div class=\"services-sc  layout-list ltx-style-gray\"  id=\"like_sc_services_2096931979\"><div class=\"ltx-list-wrap\">\t\t\t<article id=\"post-9409\" class=\"post-9409 services type-services status-publish hentry services-category-cera-naczynkowa services-category-konsultacja-kosmetologiczna services-category-obrzeki-i-cienie-pod-oczami services-category-prewencja-zabiegi-healthy-aging services-category-przebarwienia services-category-skora-sucha-atopia services-category-starzenie-sie-skory-zmarszczki services-category-tradzik-doroslych-blizny services-category-tradzik-mlodzienczy services-category-tradzik-rozowaty-rumien services-category-utrata-jedrnosci services-category-zabiegi-w-okresie-ciazy\" >\r\n\t\t\t    <a href=\"https:\/\/wroniszewska.pl\/skinroom\/services\/komputerowa-analiza-skory-observ-520x\/\">\r\n\t\t        \t<h4 class=\"header\">\r\n\t\t        \t\tKomputerowa analiza sk\u00f3ry Observ 520x\t\t\t\t        \t\r\n\t\t        \t<\/h4>\r\n\t\t        <\/a>\r\n\t\t\t    <div class=\"descr\">\r\n\t\t\t\t\t\t\t\t\t        \t\r\n\t\t\t    <\/div>\r\n\t\t\t    <a href=\"https:\/\/wroniszewska.pl\/skinroom\/services\/komputerowa-analiza-skory-observ-520x\/\" class=\"btn btn-xs btn-black\">SZCZEG\u00d3\u0141Y<\/a>\t\t\t<\/article>\r\n\t\t\t\t\t\t<article id=\"post-9396\" class=\"post-9396 services type-services status-publish hentry services-category-cera-naczynkowa services-category-kosmetologia-estetyczna services-category-obrzeki-i-cienie-pod-oczami services-category-prewencja-zabiegi-healthy-aging services-category-przebarwienia services-category-skora-sucha-atopia services-category-starzenie-sie-skory-zmarszczki services-category-tradzik-doroslych-blizny services-category-tradzik-mlodzienczy services-category-utrata-jedrnosci\" >\r\n\t\t\t    <a href=\"https:\/\/wroniszewska.pl\/skinroom\/services\/radiofrekwencja-mikroiglowa\/\">\r\n\t\t        \t<h4 class=\"header\">\r\n\t\t        \t\tRadiofrekwencja Mikroig\u0142owa\t\t\t\t        \t\r\n\t\t        \t<\/h4>\r\n\t\t        <\/a>\r\n\t\t\t    <div class=\"descr\">\r\n\t\t\t\t\t\t\t\t\t        \t\r\n\t\t\t    <\/div>\r\n\t\t\t    <a href=\"https:\/\/wroniszewska.pl\/skinroom\/services\/radiofrekwencja-mikroiglowa\/\" class=\"btn btn-xs btn-black\">SZCZEG\u00d3\u0141Y<\/a>\t\t\t<\/article>\r\n\t\t\t\t\t\t<article id=\"post-8639\" class=\"post-8639 services type-services status-publish hentry services-category-dermokosmetologia services-category-tradzik-doroslych-blizny services-category-tradzik-mlodzienczy services-category-zabiegi-w-okresie-ciazy\" >\r\n\t\t\t    <a href=\"https:\/\/wroniszewska.pl\/skinroom\/services\/eu-seb-pre-i-probiotyki-tradzik\/\">\r\n\t\t        \t<h4 class=\"header\">\r\n\t\t        \t\tEU-SEB &#8211; pre i probiotyki \/ tr\u0105dzik\t\t\t\t        \t\r\n\t\t        \t<\/h4>\r\n\t\t        <\/a>\r\n\t\t\t    <div class=\"descr\">\r\n\t\t\t\t\t\t\t\t\t        \t\r\n\t\t\t    <\/div>\r\n\t\t\t    <a href=\"https:\/\/wroniszewska.pl\/skinroom\/services\/eu-seb-pre-i-probiotyki-tradzik\/\" class=\"btn btn-xs btn-black\">SZCZEG\u00d3\u0141Y<\/a>\t\t\t<\/article>\r\n\t\t\t\t\t\t<article id=\"post-8655\" class=\"post-8655 services type-services status-publish hentry services-category-peelingi-medyczne services-category-tradzik-doroslych-blizny services-category-tradzik-mlodzienczy\" >\r\n\t\t\t    <a href=\"https:\/\/wroniszewska.pl\/skinroom\/services\/pca-detoxifying-pore-treatment\/\">\r\n\t\t        \t<h4 class=\"header\">\r\n\t\t        \t\tPca Detoxifying Pore Treatment\t\t\t\t        \t\r\n\t\t        \t<\/h4>\r\n\t\t        <\/a>\r\n\t\t\t    <div class=\"descr\">\r\n\t\t\t\t\t\t\t\t\t        \t\r\n\t\t\t    <\/div>\r\n\t\t\t    <a href=\"https:\/\/wroniszewska.pl\/skinroom\/services\/pca-detoxifying-pore-treatment\/\" class=\"btn btn-xs btn-black\">SZCZEG\u00d3\u0141Y<\/a>\t\t\t<\/article>\r\n\t\t\t\t\t\t<article id=\"post-9016\" class=\"post-9016 services type-services status-publish hentry services-category-peelingi-medyczne services-category-przebarwienia services-category-skora-sucha-atopia services-category-starzenie-sie-skory-zmarszczki services-category-tradzik-doroslych-blizny services-category-tradzik-mlodzienczy services-category-utrata-jedrnosci\" >\r\n\t\t\t    <a href=\"https:\/\/wroniszewska.pl\/skinroom\/services\/pca-enzymatic-treatment\/\">\r\n\t\t        \t<h4 class=\"header\">\r\n\t\t        \t\tPCA ENZYMATIC TREATMENT\t\t\t\t        \t\r\n\t\t        \t<\/h4>\r\n\t\t        <\/a>\r\n\t\t\t    <div class=\"descr\">\r\n\t\t\t\t\t\t\t\t\t        \t\r\n\t\t\t    <\/div>\r\n\t\t\t    <a href=\"https:\/\/wroniszewska.pl\/skinroom\/services\/pca-enzymatic-treatment\/\" class=\"btn btn-xs btn-black\">SZCZEG\u00d3\u0141Y<\/a>\t\t\t<\/article>\r\n\t\t\t\t\t\t<article id=\"post-8871\" class=\"post-8871 services type-services status-publish hentry services-category-kosmetologia-estetyczna services-category-skora-sucha-atopia services-category-starzenie-sie-skory-zmarszczki services-category-tradzik-doroslych-blizny services-category-tradzik-mlodzienczy services-category-utrata-jedrnosci\" >\r\n\t\t\t    <a href=\"https:\/\/wroniszewska.pl\/skinroom\/services\/celluma-pro-medyczna-terapia-swiatlem-led\/\">\r\n\t\t        \t<h4 class=\"header\">\r\n\t\t        \t\tMedyczna terapia \u015bwiat\u0142em LED\t\t\t\t        \t\r\n\t\t        \t<\/h4>\r\n\t\t        <\/a>\r\n\t\t\t    <div class=\"descr\">\r\n\t\t\t\t\t\t\t\t\t        \t\r\n\t\t\t    <\/div>\r\n\t\t\t    <a href=\"https:\/\/wroniszewska.pl\/skinroom\/services\/celluma-pro-medyczna-terapia-swiatlem-led\/\" class=\"btn btn-xs btn-black\">SZCZEG\u00d3\u0141Y<\/a>\t\t\t<\/article>\r\n\t\t\t\t\t\t<article id=\"post-8658\" class=\"post-8658 services type-services status-publish hentry services-category-peelingi-medyczne services-category-przebarwienia services-category-tradzik-doroslych-blizny services-category-tradzik-mlodzienczy\" >\r\n\t\t\t    <a href=\"https:\/\/wroniszewska.pl\/skinroom\/services\/pca-peel-hydroquinone-free\/\">\r\n\t\t        \t<h4 class=\"header\">\r\n\t\t        \t\tPCA Peel Hydroquinone Free\t\t\t\t        \t\r\n\t\t        \t<\/h4>\r\n\t\t        <\/a>\r\n\t\t\t    <div class=\"descr\">\r\n\t\t\t\t\t\t\t\t\t        \t\r\n\t\t\t    <\/div>\r\n\t\t\t    <a href=\"https:\/\/wroniszewska.pl\/skinroom\/services\/pca-peel-hydroquinone-free\/\" class=\"btn btn-xs btn-black\">SZCZEG\u00d3\u0141Y<\/a>\t\t\t<\/article>\r\n\t\t\t\t\t\t<article id=\"post-8656\" class=\"post-8656 services type-services status-publish hentry services-category-peelingi-medyczne services-category-tradzik-doroslych-blizny services-category-tradzik-mlodzienczy\" >\r\n\t\t\t    <a href=\"https:\/\/wroniszewska.pl\/skinroom\/services\/pca-sensi-peel\/\">\r\n\t\t        \t<h4 class=\"header\">\r\n\t\t        \t\tPCA Sensi Peel\t\t\t\t        \t\r\n\t\t        \t<\/h4>\r\n\t\t        <\/a>\r\n\t\t\t    <div class=\"descr\">\r\n\t\t\t\t\t\t\t\t\t        \t\r\n\t\t\t    <\/div>\r\n\t\t\t    <a href=\"https:\/\/wroniszewska.pl\/skinroom\/services\/pca-sensi-peel\/\" class=\"btn btn-xs btn-black\">SZCZEG\u00d3\u0141Y<\/a>\t\t\t<\/article>\r\n\t\t\t\t\t\t<article id=\"post-8646\" class=\"post-8646 services type-services status-publish hentry services-category-laseroterapia services-category-tradzik-doroslych-blizny services-category-tradzik-mlodzienczy\" >\r\n\t\t\t    <a href=\"https:\/\/wroniszewska.pl\/skinroom\/services\/laserowe-wyciszanie-tradziku\/\">\r\n\t\t        \t<h4 class=\"header\">\r\n\t\t        \t\tLaserowe Wyciszanie Tr\u0105dziku\t\t\t\t        \t\r\n\t\t        \t<\/h4>\r\n\t\t        <\/a>\r\n\t\t\t    <div class=\"descr\">\r\n\t\t\t\t\t\t\t\t\t        \t\r\n\t\t\t    <\/div>\r\n\t\t\t    <a href=\"https:\/\/wroniszewska.pl\/skinroom\/services\/laserowe-wyciszanie-tradziku\/\" class=\"btn btn-xs btn-black\">SZCZEG\u00d3\u0141Y<\/a>\t\t\t<\/article>\r\n\t\t\t<\/div><\/div>[\/vc_column][\/vc_row]<\/p>\n","protected":false},"excerpt":{"rendered":"<p>[vc_row][vc_column][\/vc_column][\/vc_row][vc_row][vc_column][vc_column_text]Tr\u0105dzik to bardzo z\u0142o\u017cona dermatoza, kt\u00f3rej do\u015bwiadcza niemal 80% nastolatk\u00f3w.[\/vc_column_text][vc_column_text]Wiek: 12-19 lat. Czy wiesz, \u017ce wiek kiedy pojawia si\u0119 tr\u0105dzik m\u0142odzie\u0144czy, obni\u017cy\u0142 si\u0119 w ostatnich kilkunastu latach i ju\u017c 9-10 latki maj\u0105 tr\u0105dzik? Lokalizacja: strefa T (czo\u0142o, nos, broda), okolica mostka, mi\u0119dzy\u0142opatkowa Obraz: mikrozask\u00f3rniki, zask\u00f3rniki zamkni\u0119te i otwarte, grudki, krostki Przyczyna: kszta\u0142towanie gospodarki hormonalnej i czynniki prozapalne Tr\u0105dzik powstaje w wyniku na\u0142o\u017cenia wielu czynnik\u00f3w: przerostu gruczo\u0142\u00f3w \u0142ojowych i nadprodukcji sebum, hiperkeratynizacji uj\u015b\u0107 mieszk\u00f3w w\u0142osowych, braku odpowiedniej higieny sk\u00f3ry, niew\u0142a\u015bciwej diety bogatej w produkty przetworzone i cukry proste, stosowania komedogennych sk\u0142adnik\u00f3w w piel\u0119gnacji domowej (korektory, podk\u0142ady, fluidy, pudry etc.) i\u00a0 w konsekwencji rozwoju patogennej flory bakteryjnej i stan\u00f3w zapalnych.[\/vc_column_text][\/vc_column][\/vc_row][vc_row full_width=&#8221;stretch_row&#8221; css=&#8221;.vc_custom_1655708690004{margin-top: 60px !important;margin-bottom: 60px !important;background-color: #f9f1ec !important;}&#8221;][vc_column][vc_row_inner][vc_column_inner][vc_column_text]Prawid\u0142owa walka z tr\u0105dzikiem nie polega na usuni\u0119ciu samych pryszczy. Aby faktycznie pozby\u0107 si\u0119 problemu w pracy z m\u0142od\u0105 sk\u00f3r\u0105 skupiamy si\u0119 na pi\u0119ciu wa\u017cnych celach: dzia\u0142aniu antybakteryjnym sebostatycznym czyli regulacji pracy gruczo\u0142\u00f3w \u0142ojowych przeciwzapalnym [&hellip;]<\/p>\n","protected":false},"author":1,"featured_media":0,"parent":9151,"menu_order":0,"comment_status":"closed","ping_status":"closed","template":"","meta":[],"acf":[],"yoast_head":"<!-- This site is optimized with the Yoast SEO plugin v19.3 - https:\/\/yoast.com\/wordpress\/plugins\/seo\/ -->\n<title>Tr\u0105dzik m\u0142odzie\u0144czy - Skin Room Wroniszewska<\/title>\n<meta name=\"robots\" content=\"index, follow, max-snippet:-1, max-image-preview:large, max-video-preview:-1\" \/>\n<link rel=\"canonical\" href=\"https:\/\/wroniszewska.pl\/skinroom\/twoj-problem\/tradzik-mlodzienczy\/\" \/>\n<meta property=\"og:locale\" content=\"pl_PL\" \/>\n<meta property=\"og:type\" content=\"article\" \/>\n<meta property=\"og:title\" content=\"Tr\u0105dzik m\u0142odzie\u0144czy - Skin Room Wroniszewska\" \/>\n<meta property=\"og:description\" content=\"[vc_row][vc_column][\/vc_column][\/vc_row][vc_row][vc_column][vc_column_text]Tr\u0105dzik to bardzo z\u0142o\u017cona dermatoza, kt\u00f3rej do\u015bwiadcza niemal 80% nastolatk\u00f3w.[\/vc_column_text][vc_column_text]Wiek: 12-19 lat. Czy wiesz, \u017ce wiek kiedy pojawia si\u0119 tr\u0105dzik m\u0142odzie\u0144czy, obni\u017cy\u0142 si\u0119 w ostatnich kilkunastu latach i ju\u017c 9-10 latki maj\u0105 tr\u0105dzik? Lokalizacja: strefa T (czo\u0142o, nos, broda), okolica mostka, mi\u0119dzy\u0142opatkowa Obraz: mikrozask\u00f3rniki, zask\u00f3rniki zamkni\u0119te i otwarte, grudki, krostki Przyczyna: kszta\u0142towanie gospodarki hormonalnej i czynniki prozapalne Tr\u0105dzik powstaje w wyniku na\u0142o\u017cenia wielu czynnik\u00f3w: przerostu gruczo\u0142\u00f3w \u0142ojowych i nadprodukcji sebum, hiperkeratynizacji uj\u015b\u0107 mieszk\u00f3w w\u0142osowych, braku odpowiedniej higieny sk\u00f3ry, niew\u0142a\u015bciwej diety bogatej w produkty przetworzone i cukry proste, stosowania komedogennych sk\u0142adnik\u00f3w w piel\u0119gnacji domowej (korektory, podk\u0142ady, fluidy, pudry etc.) i\u00a0 w konsekwencji rozwoju patogennej flory bakteryjnej i stan\u00f3w zapalnych.[\/vc_column_text][\/vc_column][\/vc_row][vc_row full_width=&#8221;stretch_row&#8221; css=&#8221;.vc_custom_1655708690004{margin-top: 60px !important;margin-bottom: 60px !important;background-color: #f9f1ec !important;}&#8221;][vc_column][vc_row_inner][vc_column_inner][vc_column_text]Prawid\u0142owa walka z tr\u0105dzikiem nie polega na usuni\u0119ciu samych pryszczy. Aby faktycznie pozby\u0107 si\u0119 problemu w pracy z m\u0142od\u0105 sk\u00f3r\u0105 skupiamy si\u0119 na pi\u0119ciu wa\u017cnych celach: dzia\u0142aniu antybakteryjnym sebostatycznym czyli regulacji pracy gruczo\u0142\u00f3w \u0142ojowych przeciwzapalnym [&hellip;]\" \/>\n<meta property=\"og:url\" content=\"https:\/\/wroniszewska.pl\/skinroom\/twoj-problem\/tradzik-mlodzienczy\/\" \/>\n<meta property=\"og:site_name\" content=\"Skin Room Wroniszewska\" \/>\n<meta property=\"article:modified_time\" content=\"2022-08-18T07:40:56+00:00\" \/>\n<meta name=\"twitter:card\" content=\"summary_large_image\" \/>\n<meta name=\"twitter:label1\" content=\"Szacowany czas czytania\" \/>\n\t<meta name=\"twitter:data1\" content=\"2 minuty\" \/>\n<script type=\"application\/ld+json\" class=\"yoast-schema-graph\">{\"@context\":\"https:\/\/schema.org\",\"@graph\":[{\"@type\":\"WebSite\",\"@id\":\"https:\/\/wroniszewska.pl\/skinroom\/#website\",\"url\":\"https:\/\/wroniszewska.pl\/skinroom\/\",\"name\":\"Skin Room Wroniszewska\",\"description\":\"Gabinet kosmetologii estetycznej i leczniczej\",\"potentialAction\":[{\"@type\":\"SearchAction\",\"target\":{\"@type\":\"EntryPoint\",\"urlTemplate\":\"https:\/\/wroniszewska.pl\/skinroom\/?s={search_term_string}\"},\"query-input\":\"required name=search_term_string\"}],\"inLanguage\":\"pl-PL\"},{\"@type\":\"WebPage\",\"@id\":\"https:\/\/wroniszewska.pl\/skinroom\/twoj-problem\/tradzik-mlodzienczy\/\",\"url\":\"https:\/\/wroniszewska.pl\/skinroom\/twoj-problem\/tradzik-mlodzienczy\/\",\"name\":\"Tr\u0105dzik m\u0142odzie\u0144czy - Skin Room Wroniszewska\",\"isPartOf\":{\"@id\":\"https:\/\/wroniszewska.pl\/skinroom\/#website\"},\"datePublished\":\"2022-06-19T21:13:45+00:00\",\"dateModified\":\"2022-08-18T07:40:56+00:00\",\"breadcrumb\":{\"@id\":\"https:\/\/wroniszewska.pl\/skinroom\/twoj-problem\/tradzik-mlodzienczy\/#breadcrumb\"},\"inLanguage\":\"pl-PL\",\"potentialAction\":[{\"@type\":\"ReadAction\",\"target\":[\"https:\/\/wroniszewska.pl\/skinroom\/twoj-problem\/tradzik-mlodzienczy\/\"]}]},{\"@type\":\"BreadcrumbList\",\"@id\":\"https:\/\/wroniszewska.pl\/skinroom\/twoj-problem\/tradzik-mlodzienczy\/#breadcrumb\",\"itemListElement\":[{\"@type\":\"ListItem\",\"position\":1,\"name\":\"Strona g\u0142\u00f3wna\",\"item\":\"https:\/\/wroniszewska.pl\/skinroom\/\"},{\"@type\":\"ListItem\",\"position\":2,\"name\":\"Tw\u00f3j problem\",\"item\":\"https:\/\/wroniszewska.pl\/skinroom\/twoj-problem\/\"},{\"@type\":\"ListItem\",\"position\":3,\"name\":\"Tr\u0105dzik m\u0142odzie\u0144czy\"}]}]}<\/script>\n<!-- \/ Yoast SEO plugin. -->","yoast_head_json":{"title":"Tr\u0105dzik m\u0142odzie\u0144czy - Skin Room Wroniszewska","robots":{"index":"index","follow":"follow","max-snippet":"max-snippet:-1","max-image-preview":"max-image-preview:large","max-video-preview":"max-video-preview:-1"},"canonical":"https:\/\/wroniszewska.pl\/skinroom\/twoj-problem\/tradzik-mlodzienczy\/","og_locale":"pl_PL","og_type":"article","og_title":"Tr\u0105dzik m\u0142odzie\u0144czy - Skin Room Wroniszewska","og_description":"[vc_row][vc_column][\/vc_column][\/vc_row][vc_row][vc_column][vc_column_text]Tr\u0105dzik to bardzo z\u0142o\u017cona dermatoza, kt\u00f3rej do\u015bwiadcza niemal 80% nastolatk\u00f3w.[\/vc_column_text][vc_column_text]Wiek: 12-19 lat. Czy wiesz, \u017ce wiek kiedy pojawia si\u0119 tr\u0105dzik m\u0142odzie\u0144czy, obni\u017cy\u0142 si\u0119 w ostatnich kilkunastu latach i ju\u017c 9-10 latki maj\u0105 tr\u0105dzik? Lokalizacja: strefa T (czo\u0142o, nos, broda), okolica mostka, mi\u0119dzy\u0142opatkowa Obraz: mikrozask\u00f3rniki, zask\u00f3rniki zamkni\u0119te i otwarte, grudki, krostki Przyczyna: kszta\u0142towanie gospodarki hormonalnej i czynniki prozapalne Tr\u0105dzik powstaje w wyniku na\u0142o\u017cenia wielu czynnik\u00f3w: przerostu gruczo\u0142\u00f3w \u0142ojowych i nadprodukcji sebum, hiperkeratynizacji uj\u015b\u0107 mieszk\u00f3w w\u0142osowych, braku odpowiedniej higieny sk\u00f3ry, niew\u0142a\u015bciwej diety bogatej w produkty przetworzone i cukry proste, stosowania komedogennych sk\u0142adnik\u00f3w w piel\u0119gnacji domowej (korektory, podk\u0142ady, fluidy, pudry etc.) i\u00a0 w konsekwencji rozwoju patogennej flory bakteryjnej i stan\u00f3w zapalnych.[\/vc_column_text][\/vc_column][\/vc_row][vc_row full_width=&#8221;stretch_row&#8221; css=&#8221;.vc_custom_1655708690004{margin-top: 60px !important;margin-bottom: 60px !important;background-color: #f9f1ec !important;}&#8221;][vc_column][vc_row_inner][vc_column_inner][vc_column_text]Prawid\u0142owa walka z tr\u0105dzikiem nie polega na usuni\u0119ciu samych pryszczy. Aby faktycznie pozby\u0107 si\u0119 problemu w pracy z m\u0142od\u0105 sk\u00f3r\u0105 skupiamy si\u0119 na pi\u0119ciu wa\u017cnych celach: dzia\u0142aniu antybakteryjnym sebostatycznym czyli regulacji pracy gruczo\u0142\u00f3w \u0142ojowych przeciwzapalnym [&hellip;]","og_url":"https:\/\/wroniszewska.pl\/skinroom\/twoj-problem\/tradzik-mlodzienczy\/","og_site_name":"Skin Room Wroniszewska","article_modified_time":"2022-08-18T07:40:56+00:00","twitter_card":"summary_large_image","twitter_misc":{"Szacowany czas czytania":"2 minuty"},"schema":{"@context":"https:\/\/schema.org","@graph":[{"@type":"WebSite","@id":"https:\/\/wroniszewska.pl\/skinroom\/#website","url":"https:\/\/wroniszewska.pl\/skinroom\/","name":"Skin Room Wroniszewska","description":"Gabinet kosmetologii estetycznej i leczniczej","potentialAction":[{"@type":"SearchAction","target":{"@type":"EntryPoint","urlTemplate":"https:\/\/wroniszewska.pl\/skinroom\/?s={search_term_string}"},"query-input":"required name=search_term_string"}],"inLanguage":"pl-PL"},{"@type":"WebPage","@id":"https:\/\/wroniszewska.pl\/skinroom\/twoj-problem\/tradzik-mlodzienczy\/","url":"https:\/\/wroniszewska.pl\/skinroom\/twoj-problem\/tradzik-mlodzienczy\/","name":"Tr\u0105dzik m\u0142odzie\u0144czy - Skin Room Wroniszewska","isPartOf":{"@id":"https:\/\/wroniszewska.pl\/skinroom\/#website"},"datePublished":"2022-06-19T21:13:45+00:00","dateModified":"2022-08-18T07:40:56+00:00","breadcrumb":{"@id":"https:\/\/wroniszewska.pl\/skinroom\/twoj-problem\/tradzik-mlodzienczy\/#breadcrumb"},"inLanguage":"pl-PL","potentialAction":[{"@type":"ReadAction","target":["https:\/\/wroniszewska.pl\/skinroom\/twoj-problem\/tradzik-mlodzienczy\/"]}]},{"@type":"BreadcrumbList","@id":"https:\/\/wroniszewska.pl\/skinroom\/twoj-problem\/tradzik-mlodzienczy\/#breadcrumb","itemListElement":[{"@type":"ListItem","position":1,"name":"Strona g\u0142\u00f3wna","item":"https:\/\/wroniszewska.pl\/skinroom\/"},{"@type":"ListItem","position":2,"name":"Tw\u00f3j problem","item":"https:\/\/wroniszewska.pl\/skinroom\/twoj-problem\/"},{"@type":"ListItem","position":3,"name":"Tr\u0105dzik m\u0142odzie\u0144czy"}]}]}},"_links":{"self":[{"href":"https:\/\/wroniszewska.pl\/skinroom\/wp-json\/wp\/v2\/pages\/8672"}],"collection":[{"href":"https:\/\/wroniszewska.pl\/skinroom\/wp-json\/wp\/v2\/pages"}],"about":[{"href":"https:\/\/wroniszewska.pl\/skinroom\/wp-json\/wp\/v2\/types\/page"}],"author":[{"embeddable":true,"href":"https:\/\/wroniszewska.pl\/skinroom\/wp-json\/wp\/v2\/users\/1"}],"replies":[{"embeddable":true,"href":"https:\/\/wroniszewska.pl\/skinroom\/wp-json\/wp\/v2\/comments?post=8672"}],"version-history":[{"count":6,"href":"https:\/\/wroniszewska.pl\/skinroom\/wp-json\/wp\/v2\/pages\/8672\/revisions"}],"predecessor-version":[{"id":8912,"href":"https:\/\/wroniszewska.pl\/skinroom\/wp-json\/wp\/v2\/pages\/8672\/revisions\/8912"}],"up":[{"embeddable":true,"href":"https:\/\/wroniszewska.pl\/skinroom\/wp-json\/wp\/v2\/pages\/9151"}],"wp:attachment":[{"href":"https:\/\/wroniszewska.pl\/skinroom\/wp-json\/wp\/v2\/media?parent=8672"}],"curies":[{"name":"wp","href":"https:\/\/api.w.org\/{rel}","templated":true}]}}