{"id":8666,"date":"2022-06-19T23:13:30","date_gmt":"2022-06-19T21:13:30","guid":{"rendered":"https:\/\/wroniszewska.pl\/skinroom\/?page_id=8666"},"modified":"2022-08-18T09:34:35","modified_gmt":"2022-08-18T07:34:35","slug":"cera-naczynkowa","status":"publish","type":"page","link":"https:\/\/wroniszewska.pl\/skinroom\/twoj-problem\/cera-naczynkowa\/","title":{"rendered":"Cera naczynkowa"},"content":{"rendered":"<p>[vc_row][vc_column]<div class=\"heading  header-subheader align-left color-black subcolor-main transform-default has-subheader theme-icon-second icon-type-default heading-tag-h2\" id=\"like_sc_header_243126496\"><h2 class=\"subheader ltx-sr-id-like_sc_header_2431264961464250916 ltx-sr ltx-sr-effect-fade_in ltx-sr-el-block ltx-sr-delay-100 ltx-sr-duration-300 ltx-sr-sequences-50\">Problem<\/h2><h2 class=\"header ltx-sr-id-like_sc_header_2431264961495913012 ltx-sr ltx-sr-effect-fade_in ltx-sr-el-block ltx-sr-delay-0 ltx-sr-duration-1000 ltx-sr-sequences-0\">Cera naczynkowa<\/h2><\/div>[\/vc_column][\/vc_row][vc_row][vc_column][vc_column_text]<strong>Rozszerzone naczynka krwiono\u015bne popularnie nazywane \u201epaj\u0105czkami\u201d to obecnie problem, kt\u00f3ry dotyka coraz wi\u0119ksz\u0105 ilo\u015b\u0107 kobiet i m\u0119\u017cczyzn.<\/strong>[\/vc_column_text][vc_column_text]Rozszerzone naczynka krwiono\u015bne zazwyczaj pojawiaj\u0105 si\u0119 na twarzy, dekolcie oraz nogach. Pojawiaj\u0105 si\u0119 pod wp\u0142ywem zimnych lub gor\u0105cych temperatur, ich gwa\u0142townej zmiany, wiatru, emocji, s\u0142o\u0144ca czy jedzenia gor\u0105cych i pikantnych potraw, picia alkoholu.[\/vc_column_text][\/vc_column][\/vc_row][vc_row full_width=&#8221;stretch_row&#8221; css=&#8221;.vc_custom_1655708690004{margin-top: 60px !important;margin-bottom: 60px !important;background-color: #f9f1ec !important;}&#8221;][vc_column][vc_row_inner][vc_column_inner][vc_column_text]Szczeg\u00f3lnie podatne na p\u0119kanie naczynek s\u0105 osoby z such\u0105, cienk\u0105 i delikatn\u0105 sk\u00f3r\u0105, kt\u00f3ra gwa\u0142towniej reaguje na bod\u017ace zewn\u0119trzne. S\u0142abe i pozbawione elastyczno\u015bci naczynka przebiegaj\u0105 bli\u017cej powierzchni sk\u00f3ry, dlatego cera staje si\u0119 nienaturalnie zar\u00f3\u017cowiona. Profesjonalna nazwa takich zmian to teleangiektazje. Wyra\u017ane, czerwone niteczki uk\u0142adaj\u0105 si\u0119 w kszta\u0142t ma\u0142ych paj\u0105czk\u00f3w ale te\u017c mog\u0105 do siebie \u015bci\u015ble przylega\u0107. Wygl\u0105daj\u0105 wtedy jak jednolite, zlane zaczerwienienie.[\/vc_column_text][\/vc_column_inner][\/vc_row_inner][\/vc_column][\/vc_row][vc_row][vc_column][vc_column_text]Pierwsze objawy rozszerzonych naczynek to zaczerwienienie nosa, policzk\u00f3w i przestrzeni mi\u0119dzy brwiami, a tak\u017ce uczucie gor\u0105ca na twarzy po wypiciu alkoholu, kawy i herbaty oraz po wej\u015bciu do ciep\u0142ego pomieszczenia.<\/p>\n<p>Sk\u00f3ra z tendencj\u0105 do rozszerzonych, p\u0119kaj\u0105cych naczynek wymaga odpowiedniej piel\u0119gnacji oraz profilaktyki chroni\u0105cej przed nasileniem si\u0119 objaw\u00f3w.<\/p>\n<p>Leczenie tego schorzenia wymaga du\u017cego do\u015bwiadczenia ze strony terapeuty ale r\u00f3wnie\u017c wytrwa\u0142o\u015bci i determinacji ze strony pacjenta.<\/p>\n<p>W Skin Room Wroniszewska mamy dla Ciebie propozycje zabieg\u00f3w, kt\u00f3re w skuteczny spos\u00f3b pomog\u0105 Ci rozwi\u0105za\u0107 problem \u201epaj\u0105czk\u00f3w\u201d.[\/vc_column_text][\/vc_column][\/vc_row][vc_row][vc_column]<div class=\"heading  header-subheader align-center color-black subcolor-main transform-default has-subheader theme-icon-second icon-type-default heading-tag-h2\" id=\"like_sc_header_769663852\"><h2 class=\"subheader ltx-sr-id-like_sc_header_769663852636090961 ltx-sr ltx-sr-effect-fade_in ltx-sr-el-block ltx-sr-delay-100 ltx-sr-duration-300 ltx-sr-sequences-50\">Zalecane<\/h2><h2 class=\"header ltx-sr-id-like_sc_header_7696638521747145224 ltx-sr ltx-sr-effect-fade_in ltx-sr-el-block ltx-sr-delay-0 ltx-sr-duration-1000 ltx-sr-sequences-0\">Zabiegi<\/h2><\/div><div class=\"services-sc  layout-list ltx-style-gray\"  id=\"like_sc_services_1061761644\"><div class=\"ltx-list-wrap\">\t\t\t<article id=\"post-9430\" class=\"post-9430 services type-services status-publish hentry services-category-cera-naczynkowa services-category-peelingi-medyczne services-category-prewencja-zabiegi-healthy-aging services-category-przebarwienia services-category-skora-sucha-atopia services-category-starzenie-sie-skory-zmarszczki services-category-tradzik-doroslych-blizny services-category-tradzik-rozowaty-rumien services-category-utrata-jedrnosci services-category-zabiegi-w-okresie-ciazy\" >\r\n\t\t\t    <a href=\"https:\/\/wroniszewska.pl\/skinroom\/services\/lh-polite-peel\/\">\r\n\t\t        \t<h4 class=\"header\">\r\n\t\t        \t\tLH Polite Peel\t\t\t\t        \t\r\n\t\t        \t<\/h4>\r\n\t\t        <\/a>\r\n\t\t\t    <div class=\"descr\">\r\n\t\t\t\t\t\t\t\t\t        \t\r\n\t\t\t    <\/div>\r\n\t\t\t    <a href=\"https:\/\/wroniszewska.pl\/skinroom\/services\/lh-polite-peel\/\" class=\"btn btn-xs btn-black\">SZCZEG\u00d3\u0141Y<\/a>\t\t\t<\/article>\r\n\t\t\t\t\t\t<article id=\"post-9426\" class=\"post-9426 services type-services status-publish hentry services-category-cera-naczynkowa services-category-kosmetologia-estetyczna services-category-obrzeki-i-cienie-pod-oczami services-category-prewencja-zabiegi-healthy-aging services-category-przebarwienia services-category-skora-sucha-atopia services-category-starzenie-sie-skory-zmarszczki services-category-tradzik-doroslych-blizny services-category-utrata-jedrnosci\" >\r\n\t\t\t    <a href=\"https:\/\/wroniszewska.pl\/skinroom\/services\/osocze-bogatoplytkowe-fibryna\/\">\r\n\t\t        \t<h4 class=\"header\">\r\n\t\t        \t\tOsocze bogatop\u0142ytkowe + fibryna\t\t\t\t        \t\r\n\t\t        \t<\/h4>\r\n\t\t        <\/a>\r\n\t\t\t    <div class=\"descr\">\r\n\t\t\t\t\t\t\t\t\t        \t\r\n\t\t\t    <\/div>\r\n\t\t\t    <a href=\"https:\/\/wroniszewska.pl\/skinroom\/services\/osocze-bogatoplytkowe-fibryna\/\" class=\"btn btn-xs btn-black\">SZCZEG\u00d3\u0141Y<\/a>\t\t\t<\/article>\r\n\t\t\t\t\t\t<article id=\"post-9409\" class=\"post-9409 services type-services status-publish hentry services-category-cera-naczynkowa services-category-konsultacja-kosmetologiczna services-category-obrzeki-i-cienie-pod-oczami services-category-prewencja-zabiegi-healthy-aging services-category-przebarwienia services-category-skora-sucha-atopia services-category-starzenie-sie-skory-zmarszczki services-category-tradzik-doroslych-blizny services-category-tradzik-mlodzienczy services-category-tradzik-rozowaty-rumien services-category-utrata-jedrnosci services-category-zabiegi-w-okresie-ciazy\" >\r\n\t\t\t    <a href=\"https:\/\/wroniszewska.pl\/skinroom\/services\/komputerowa-analiza-skory-observ-520x\/\">\r\n\t\t        \t<h4 class=\"header\">\r\n\t\t        \t\tKomputerowa analiza sk\u00f3ry Observ 520x\t\t\t\t        \t\r\n\t\t        \t<\/h4>\r\n\t\t        <\/a>\r\n\t\t\t    <div class=\"descr\">\r\n\t\t\t\t\t\t\t\t\t        \t\r\n\t\t\t    <\/div>\r\n\t\t\t    <a href=\"https:\/\/wroniszewska.pl\/skinroom\/services\/komputerowa-analiza-skory-observ-520x\/\" class=\"btn btn-xs btn-black\">SZCZEG\u00d3\u0141Y<\/a>\t\t\t<\/article>\r\n\t\t\t\t\t\t<article id=\"post-9396\" class=\"post-9396 services type-services status-publish hentry services-category-cera-naczynkowa services-category-kosmetologia-estetyczna services-category-obrzeki-i-cienie-pod-oczami services-category-prewencja-zabiegi-healthy-aging services-category-przebarwienia services-category-skora-sucha-atopia services-category-starzenie-sie-skory-zmarszczki services-category-tradzik-doroslych-blizny services-category-tradzik-mlodzienczy services-category-utrata-jedrnosci\" >\r\n\t\t\t    <a href=\"https:\/\/wroniszewska.pl\/skinroom\/services\/radiofrekwencja-mikroiglowa\/\">\r\n\t\t        \t<h4 class=\"header\">\r\n\t\t        \t\tRadiofrekwencja Mikroig\u0142owa\t\t\t\t        \t\r\n\t\t        \t<\/h4>\r\n\t\t        <\/a>\r\n\t\t\t    <div class=\"descr\">\r\n\t\t\t\t\t\t\t\t\t        \t\r\n\t\t\t    <\/div>\r\n\t\t\t    <a href=\"https:\/\/wroniszewska.pl\/skinroom\/services\/radiofrekwencja-mikroiglowa\/\" class=\"btn btn-xs btn-black\">SZCZEG\u00d3\u0141Y<\/a>\t\t\t<\/article>\r\n\t\t\t\t\t\t<article id=\"post-8729\" class=\"post-8729 services type-services status-publish hentry services-category-cera-naczynkowa services-category-peelingi-medyczne services-category-tradzik-rozowaty-rumien services-category-zabiegi-w-okresie-ciazy\" >\r\n\t\t\t    <a href=\"https:\/\/wroniszewska.pl\/skinroom\/services\/azelac-kwas-azelainowy\/\">\r\n\t\t        \t<h4 class=\"header\">\r\n\t\t        \t\tAZELAC \u2013 kwas azelainowy\t\t\t\t        \t\r\n\t\t        \t<\/h4>\r\n\t\t        <\/a>\r\n\t\t\t    <div class=\"descr\">\r\n\t\t\t\t\t\t\t\t\t        \t\r\n\t\t\t    <\/div>\r\n\t\t\t    <a href=\"https:\/\/wroniszewska.pl\/skinroom\/services\/azelac-kwas-azelainowy\/\" class=\"btn btn-xs btn-black\">SZCZEG\u00d3\u0141Y<\/a>\t\t\t<\/article>\r\n\t\t\t\t\t\t<article id=\"post-8642\" class=\"post-8642 services type-services status-publish hentry services-category-cera-naczynkowa services-category-dermokosmetologia services-category-prewencja-zabiegi-healthy-aging services-category-skora-sucha-atopia services-category-starzenie-sie-skory-zmarszczki services-category-zabiegi-w-okresie-ciazy\" >\r\n\t\t\t    <a href=\"https:\/\/wroniszewska.pl\/skinroom\/services\/hydra-fill-glebokie-nawilzanie\/\">\r\n\t\t        \t<h4 class=\"header\">\r\n\t\t        \t\tHYDRA-FILL &#8211; g\u0142\u0119bokie nawil\u017canie\t\t\t\t        \t\r\n\t\t        \t<\/h4>\r\n\t\t        <\/a>\r\n\t\t\t    <div class=\"descr\">\r\n\t\t\t\t\t\t\t\t\t        \t\r\n\t\t\t    <\/div>\r\n\t\t\t    <a href=\"https:\/\/wroniszewska.pl\/skinroom\/services\/hydra-fill-glebokie-nawilzanie\/\" class=\"btn btn-xs btn-black\">SZCZEG\u00d3\u0141Y<\/a>\t\t\t<\/article>\r\n\t\t\t\t\t\t<article id=\"post-8657\" class=\"post-8657 services type-services status-publish hentry services-category-cera-naczynkowa services-category-peelingi-medyczne services-category-skora-sucha-atopia services-category-tradzik-rozowaty-rumien services-category-utrata-jedrnosci\" >\r\n\t\t\t    <a href=\"https:\/\/wroniszewska.pl\/skinroom\/services\/pca-nopeel-peel\/\">\r\n\t\t        \t<h4 class=\"header\">\r\n\t\t        \t\tPCA NoPeel Peel\t\t\t\t        \t\r\n\t\t        \t<\/h4>\r\n\t\t        <\/a>\r\n\t\t\t    <div class=\"descr\">\r\n\t\t\t\t\t\t\t\t\t        \t\r\n\t\t\t    <\/div>\r\n\t\t\t    <a href=\"https:\/\/wroniszewska.pl\/skinroom\/services\/pca-nopeel-peel\/\" class=\"btn btn-xs btn-black\">SZCZEG\u00d3\u0141Y<\/a>\t\t\t<\/article>\r\n\t\t\t\t\t\t<article id=\"post-8648\" class=\"post-8648 services type-services status-publish hentry services-category-cera-naczynkowa services-category-laseroterapia services-category-tradzik-rozowaty-rumien\" >\r\n\t\t\t    <a href=\"https:\/\/wroniszewska.pl\/skinroom\/services\/laserowe-zamykanie-naczynek\/\">\r\n\t\t        \t<h4 class=\"header\">\r\n\t\t        \t\tLaserowe Zamykanie Naczynek, Usuwanie Rumienia\t\t\t\t        \t\r\n\t\t        \t<\/h4>\r\n\t\t        <\/a>\r\n\t\t\t    <div class=\"descr\">\r\n\t\t\t\t\t\t\t\t\t        \t\r\n\t\t\t    <\/div>\r\n\t\t\t    <a href=\"https:\/\/wroniszewska.pl\/skinroom\/services\/laserowe-zamykanie-naczynek\/\" class=\"btn btn-xs btn-black\">SZCZEG\u00d3\u0141Y<\/a>\t\t\t<\/article>\r\n\t\t\t\t\t\t<article id=\"post-8641\" class=\"post-8641 services type-services status-publish hentry services-category-cera-naczynkowa services-category-dermokosmetologia services-category-tradzik-rozowaty-rumien services-category-zabiegi-w-okresie-ciazy\" >\r\n\t\t\t    <a href=\"https:\/\/wroniszewska.pl\/skinroom\/services\/red-apax-rumien-i-tradzik-rozowaty\/\">\r\n\t\t        \t<h4 class=\"header\">\r\n\t\t        \t\tRED-APAX &#8211; rumie\u0144 i tr\u0105dzik r\u00f3\u017cowaty\t\t\t\t        \t\r\n\t\t        \t<\/h4>\r\n\t\t        <\/a>\r\n\t\t\t    <div class=\"descr\">\r\n\t\t\t\t\t\t\t\t\t        \t\r\n\t\t\t    <\/div>\r\n\t\t\t    <a href=\"https:\/\/wroniszewska.pl\/skinroom\/services\/red-apax-rumien-i-tradzik-rozowaty\/\" class=\"btn btn-xs btn-black\">SZCZEG\u00d3\u0141Y<\/a>\t\t\t<\/article>\r\n\t\t\t<\/div><\/div>[\/vc_column][\/vc_row]<\/p>\n","protected":false},"excerpt":{"rendered":"<p>[vc_row][vc_column][\/vc_column][\/vc_row][vc_row][vc_column][vc_column_text]Rozszerzone naczynka krwiono\u015bne popularnie nazywane \u201epaj\u0105czkami\u201d to obecnie problem, kt\u00f3ry dotyka coraz wi\u0119ksz\u0105 ilo\u015b\u0107 kobiet i m\u0119\u017cczyzn.[\/vc_column_text][vc_column_text]Rozszerzone naczynka krwiono\u015bne zazwyczaj pojawiaj\u0105 si\u0119 na twarzy, dekolcie oraz nogach. Pojawiaj\u0105 si\u0119 pod wp\u0142ywem zimnych lub gor\u0105cych temperatur, ich gwa\u0142townej zmiany, wiatru, emocji, s\u0142o\u0144ca czy jedzenia gor\u0105cych i pikantnych potraw, picia alkoholu.[\/vc_column_text][\/vc_column][\/vc_row][vc_row full_width=&#8221;stretch_row&#8221; css=&#8221;.vc_custom_1655708690004{margin-top: 60px !important;margin-bottom: 60px !important;background-color: #f9f1ec !important;}&#8221;][vc_column][vc_row_inner][vc_column_inner][vc_column_text]Szczeg\u00f3lnie podatne na p\u0119kanie naczynek s\u0105 osoby z such\u0105, cienk\u0105 i delikatn\u0105 sk\u00f3r\u0105, kt\u00f3ra gwa\u0142towniej reaguje na bod\u017ace zewn\u0119trzne. S\u0142abe i pozbawione elastyczno\u015bci naczynka przebiegaj\u0105 bli\u017cej powierzchni sk\u00f3ry, dlatego cera staje si\u0119 nienaturalnie zar\u00f3\u017cowiona. Profesjonalna nazwa takich zmian to teleangiektazje. Wyra\u017ane, czerwone niteczki uk\u0142adaj\u0105 si\u0119 w kszta\u0142t ma\u0142ych paj\u0105czk\u00f3w ale te\u017c mog\u0105 do siebie \u015bci\u015ble przylega\u0107. Wygl\u0105daj\u0105 wtedy jak jednolite, zlane zaczerwienienie.[\/vc_column_text][\/vc_column_inner][\/vc_row_inner][\/vc_column][\/vc_row][vc_row][vc_column][vc_column_text]Pierwsze objawy rozszerzonych naczynek to zaczerwienienie nosa, policzk\u00f3w i przestrzeni mi\u0119dzy brwiami, a tak\u017ce uczucie gor\u0105ca na twarzy po wypiciu alkoholu, kawy i herbaty oraz po wej\u015bciu do ciep\u0142ego pomieszczenia. Sk\u00f3ra z tendencj\u0105 [&hellip;]<\/p>\n","protected":false},"author":1,"featured_media":0,"parent":9151,"menu_order":0,"comment_status":"closed","ping_status":"closed","template":"","meta":[],"acf":[],"yoast_head":"<!-- This site is optimized with the Yoast SEO plugin v19.3 - https:\/\/yoast.com\/wordpress\/plugins\/seo\/ -->\n<title>Cera naczynkowa - Skin Room Wroniszewska<\/title>\n<meta name=\"robots\" content=\"index, follow, max-snippet:-1, max-image-preview:large, max-video-preview:-1\" \/>\n<link rel=\"canonical\" href=\"https:\/\/wroniszewska.pl\/skinroom\/twoj-problem\/cera-naczynkowa\/\" \/>\n<meta property=\"og:locale\" content=\"pl_PL\" \/>\n<meta property=\"og:type\" content=\"article\" \/>\n<meta property=\"og:title\" content=\"Cera naczynkowa - Skin Room Wroniszewska\" \/>\n<meta property=\"og:description\" content=\"[vc_row][vc_column][\/vc_column][\/vc_row][vc_row][vc_column][vc_column_text]Rozszerzone naczynka krwiono\u015bne popularnie nazywane \u201epaj\u0105czkami\u201d to obecnie problem, kt\u00f3ry dotyka coraz wi\u0119ksz\u0105 ilo\u015b\u0107 kobiet i m\u0119\u017cczyzn.[\/vc_column_text][vc_column_text]Rozszerzone naczynka krwiono\u015bne zazwyczaj pojawiaj\u0105 si\u0119 na twarzy, dekolcie oraz nogach. Pojawiaj\u0105 si\u0119 pod wp\u0142ywem zimnych lub gor\u0105cych temperatur, ich gwa\u0142townej zmiany, wiatru, emocji, s\u0142o\u0144ca czy jedzenia gor\u0105cych i pikantnych potraw, picia alkoholu.[\/vc_column_text][\/vc_column][\/vc_row][vc_row full_width=&#8221;stretch_row&#8221; css=&#8221;.vc_custom_1655708690004{margin-top: 60px !important;margin-bottom: 60px !important;background-color: #f9f1ec !important;}&#8221;][vc_column][vc_row_inner][vc_column_inner][vc_column_text]Szczeg\u00f3lnie podatne na p\u0119kanie naczynek s\u0105 osoby z such\u0105, cienk\u0105 i delikatn\u0105 sk\u00f3r\u0105, kt\u00f3ra gwa\u0142towniej reaguje na bod\u017ace zewn\u0119trzne. S\u0142abe i pozbawione elastyczno\u015bci naczynka przebiegaj\u0105 bli\u017cej powierzchni sk\u00f3ry, dlatego cera staje si\u0119 nienaturalnie zar\u00f3\u017cowiona. Profesjonalna nazwa takich zmian to teleangiektazje. Wyra\u017ane, czerwone niteczki uk\u0142adaj\u0105 si\u0119 w kszta\u0142t ma\u0142ych paj\u0105czk\u00f3w ale te\u017c mog\u0105 do siebie \u015bci\u015ble przylega\u0107. Wygl\u0105daj\u0105 wtedy jak jednolite, zlane zaczerwienienie.[\/vc_column_text][\/vc_column_inner][\/vc_row_inner][\/vc_column][\/vc_row][vc_row][vc_column][vc_column_text]Pierwsze objawy rozszerzonych naczynek to zaczerwienienie nosa, policzk\u00f3w i przestrzeni mi\u0119dzy brwiami, a tak\u017ce uczucie gor\u0105ca na twarzy po wypiciu alkoholu, kawy i herbaty oraz po wej\u015bciu do ciep\u0142ego pomieszczenia. Sk\u00f3ra z tendencj\u0105 [&hellip;]\" \/>\n<meta property=\"og:url\" content=\"https:\/\/wroniszewska.pl\/skinroom\/twoj-problem\/cera-naczynkowa\/\" \/>\n<meta property=\"og:site_name\" content=\"Skin Room Wroniszewska\" \/>\n<meta property=\"article:modified_time\" content=\"2022-08-18T07:34:35+00:00\" \/>\n<meta name=\"twitter:card\" content=\"summary_large_image\" \/>\n<meta name=\"twitter:label1\" content=\"Szacowany czas czytania\" \/>\n\t<meta name=\"twitter:data1\" content=\"2 minuty\" \/>\n<script type=\"application\/ld+json\" class=\"yoast-schema-graph\">{\"@context\":\"https:\/\/schema.org\",\"@graph\":[{\"@type\":\"WebSite\",\"@id\":\"https:\/\/wroniszewska.pl\/skinroom\/#website\",\"url\":\"https:\/\/wroniszewska.pl\/skinroom\/\",\"name\":\"Skin Room Wroniszewska\",\"description\":\"Gabinet kosmetologii estetycznej i leczniczej\",\"potentialAction\":[{\"@type\":\"SearchAction\",\"target\":{\"@type\":\"EntryPoint\",\"urlTemplate\":\"https:\/\/wroniszewska.pl\/skinroom\/?s={search_term_string}\"},\"query-input\":\"required name=search_term_string\"}],\"inLanguage\":\"pl-PL\"},{\"@type\":\"WebPage\",\"@id\":\"https:\/\/wroniszewska.pl\/skinroom\/twoj-problem\/cera-naczynkowa\/\",\"url\":\"https:\/\/wroniszewska.pl\/skinroom\/twoj-problem\/cera-naczynkowa\/\",\"name\":\"Cera naczynkowa - Skin Room Wroniszewska\",\"isPartOf\":{\"@id\":\"https:\/\/wroniszewska.pl\/skinroom\/#website\"},\"datePublished\":\"2022-06-19T21:13:30+00:00\",\"dateModified\":\"2022-08-18T07:34:35+00:00\",\"breadcrumb\":{\"@id\":\"https:\/\/wroniszewska.pl\/skinroom\/twoj-problem\/cera-naczynkowa\/#breadcrumb\"},\"inLanguage\":\"pl-PL\",\"potentialAction\":[{\"@type\":\"ReadAction\",\"target\":[\"https:\/\/wroniszewska.pl\/skinroom\/twoj-problem\/cera-naczynkowa\/\"]}]},{\"@type\":\"BreadcrumbList\",\"@id\":\"https:\/\/wroniszewska.pl\/skinroom\/twoj-problem\/cera-naczynkowa\/#breadcrumb\",\"itemListElement\":[{\"@type\":\"ListItem\",\"position\":1,\"name\":\"Strona g\u0142\u00f3wna\",\"item\":\"https:\/\/wroniszewska.pl\/skinroom\/\"},{\"@type\":\"ListItem\",\"position\":2,\"name\":\"Tw\u00f3j problem\",\"item\":\"https:\/\/wroniszewska.pl\/skinroom\/twoj-problem\/\"},{\"@type\":\"ListItem\",\"position\":3,\"name\":\"Cera naczynkowa\"}]}]}<\/script>\n<!-- \/ Yoast SEO plugin. -->","yoast_head_json":{"title":"Cera naczynkowa - Skin Room Wroniszewska","robots":{"index":"index","follow":"follow","max-snippet":"max-snippet:-1","max-image-preview":"max-image-preview:large","max-video-preview":"max-video-preview:-1"},"canonical":"https:\/\/wroniszewska.pl\/skinroom\/twoj-problem\/cera-naczynkowa\/","og_locale":"pl_PL","og_type":"article","og_title":"Cera naczynkowa - Skin Room Wroniszewska","og_description":"[vc_row][vc_column][\/vc_column][\/vc_row][vc_row][vc_column][vc_column_text]Rozszerzone naczynka krwiono\u015bne popularnie nazywane \u201epaj\u0105czkami\u201d to obecnie problem, kt\u00f3ry dotyka coraz wi\u0119ksz\u0105 ilo\u015b\u0107 kobiet i m\u0119\u017cczyzn.[\/vc_column_text][vc_column_text]Rozszerzone naczynka krwiono\u015bne zazwyczaj pojawiaj\u0105 si\u0119 na twarzy, dekolcie oraz nogach. Pojawiaj\u0105 si\u0119 pod wp\u0142ywem zimnych lub gor\u0105cych temperatur, ich gwa\u0142townej zmiany, wiatru, emocji, s\u0142o\u0144ca czy jedzenia gor\u0105cych i pikantnych potraw, picia alkoholu.[\/vc_column_text][\/vc_column][\/vc_row][vc_row full_width=&#8221;stretch_row&#8221; css=&#8221;.vc_custom_1655708690004{margin-top: 60px !important;margin-bottom: 60px !important;background-color: #f9f1ec !important;}&#8221;][vc_column][vc_row_inner][vc_column_inner][vc_column_text]Szczeg\u00f3lnie podatne na p\u0119kanie naczynek s\u0105 osoby z such\u0105, cienk\u0105 i delikatn\u0105 sk\u00f3r\u0105, kt\u00f3ra gwa\u0142towniej reaguje na bod\u017ace zewn\u0119trzne. S\u0142abe i pozbawione elastyczno\u015bci naczynka przebiegaj\u0105 bli\u017cej powierzchni sk\u00f3ry, dlatego cera staje si\u0119 nienaturalnie zar\u00f3\u017cowiona. Profesjonalna nazwa takich zmian to teleangiektazje. Wyra\u017ane, czerwone niteczki uk\u0142adaj\u0105 si\u0119 w kszta\u0142t ma\u0142ych paj\u0105czk\u00f3w ale te\u017c mog\u0105 do siebie \u015bci\u015ble przylega\u0107. Wygl\u0105daj\u0105 wtedy jak jednolite, zlane zaczerwienienie.[\/vc_column_text][\/vc_column_inner][\/vc_row_inner][\/vc_column][\/vc_row][vc_row][vc_column][vc_column_text]Pierwsze objawy rozszerzonych naczynek to zaczerwienienie nosa, policzk\u00f3w i przestrzeni mi\u0119dzy brwiami, a tak\u017ce uczucie gor\u0105ca na twarzy po wypiciu alkoholu, kawy i herbaty oraz po wej\u015bciu do ciep\u0142ego pomieszczenia. Sk\u00f3ra z tendencj\u0105 [&hellip;]","og_url":"https:\/\/wroniszewska.pl\/skinroom\/twoj-problem\/cera-naczynkowa\/","og_site_name":"Skin Room Wroniszewska","article_modified_time":"2022-08-18T07:34:35+00:00","twitter_card":"summary_large_image","twitter_misc":{"Szacowany czas czytania":"2 minuty"},"schema":{"@context":"https:\/\/schema.org","@graph":[{"@type":"WebSite","@id":"https:\/\/wroniszewska.pl\/skinroom\/#website","url":"https:\/\/wroniszewska.pl\/skinroom\/","name":"Skin Room Wroniszewska","description":"Gabinet kosmetologii estetycznej i leczniczej","potentialAction":[{"@type":"SearchAction","target":{"@type":"EntryPoint","urlTemplate":"https:\/\/wroniszewska.pl\/skinroom\/?s={search_term_string}"},"query-input":"required name=search_term_string"}],"inLanguage":"pl-PL"},{"@type":"WebPage","@id":"https:\/\/wroniszewska.pl\/skinroom\/twoj-problem\/cera-naczynkowa\/","url":"https:\/\/wroniszewska.pl\/skinroom\/twoj-problem\/cera-naczynkowa\/","name":"Cera naczynkowa - Skin Room Wroniszewska","isPartOf":{"@id":"https:\/\/wroniszewska.pl\/skinroom\/#website"},"datePublished":"2022-06-19T21:13:30+00:00","dateModified":"2022-08-18T07:34:35+00:00","breadcrumb":{"@id":"https:\/\/wroniszewska.pl\/skinroom\/twoj-problem\/cera-naczynkowa\/#breadcrumb"},"inLanguage":"pl-PL","potentialAction":[{"@type":"ReadAction","target":["https:\/\/wroniszewska.pl\/skinroom\/twoj-problem\/cera-naczynkowa\/"]}]},{"@type":"BreadcrumbList","@id":"https:\/\/wroniszewska.pl\/skinroom\/twoj-problem\/cera-naczynkowa\/#breadcrumb","itemListElement":[{"@type":"ListItem","position":1,"name":"Strona g\u0142\u00f3wna","item":"https:\/\/wroniszewska.pl\/skinroom\/"},{"@type":"ListItem","position":2,"name":"Tw\u00f3j problem","item":"https:\/\/wroniszewska.pl\/skinroom\/twoj-problem\/"},{"@type":"ListItem","position":3,"name":"Cera naczynkowa"}]}]}},"_links":{"self":[{"href":"https:\/\/wroniszewska.pl\/skinroom\/wp-json\/wp\/v2\/pages\/8666"}],"collection":[{"href":"https:\/\/wroniszewska.pl\/skinroom\/wp-json\/wp\/v2\/pages"}],"about":[{"href":"https:\/\/wroniszewska.pl\/skinroom\/wp-json\/wp\/v2\/types\/page"}],"author":[{"embeddable":true,"href":"https:\/\/wroniszewska.pl\/skinroom\/wp-json\/wp\/v2\/users\/1"}],"replies":[{"embeddable":true,"href":"https:\/\/wroniszewska.pl\/skinroom\/wp-json\/wp\/v2\/comments?post=8666"}],"version-history":[{"count":7,"href":"https:\/\/wroniszewska.pl\/skinroom\/wp-json\/wp\/v2\/pages\/8666\/revisions"}],"predecessor-version":[{"id":8948,"href":"https:\/\/wroniszewska.pl\/skinroom\/wp-json\/wp\/v2\/pages\/8666\/revisions\/8948"}],"up":[{"embeddable":true,"href":"https:\/\/wroniszewska.pl\/skinroom\/wp-json\/wp\/v2\/pages\/9151"}],"wp:attachment":[{"href":"https:\/\/wroniszewska.pl\/skinroom\/wp-json\/wp\/v2\/media?parent=8666"}],"curies":[{"name":"wp","href":"https:\/\/api.w.org\/{rel}","templated":true}]}}