{"id":8574,"date":"2022-06-19T21:00:15","date_gmt":"2022-06-19T19:00:15","guid":{"rendered":"https:\/\/wroniszewska.pl\/skinroom\/?page_id=8574"},"modified":"2024-03-03T19:12:27","modified_gmt":"2024-03-03T18:12:27","slug":"pierwsza-wizyta","status":"publish","type":"page","link":"https:\/\/wroniszewska.pl\/skinroom\/pierwsza-wizyta\/","title":{"rendered":"Pierwsza wizyta"},"content":{"rendered":"<p>[vc_row][vc_column]<div class=\"heading  header-subheader align-left color-black subcolor-main transform-default has-subheader theme-icon-second icon-type-default heading-tag-h2\" id=\"like_sc_header_454171206\"><h2 class=\"subheader ltx-sr-id-like_sc_header_4541712061722125270 ltx-sr ltx-sr-effect-fade_in ltx-sr-el-block ltx-sr-delay-100 ltx-sr-duration-300 ltx-sr-sequences-50\">Pierwsza wizyta<\/h2><h2 class=\"header ltx-sr-id-like_sc_header_4541712061281607092 ltx-sr ltx-sr-effect-fade_in ltx-sr-el-block ltx-sr-delay-0 ltx-sr-duration-1000 ltx-sr-sequences-0\">Konsultacja kosmetologiczna<\/h2><\/div>[vc_column_text]Je\u015bli nie wiesz, jak dba\u0107 o swoj\u0105 sk\u00f3r\u0119, jakie kosmetyki stosowa\u0107, aby cera by\u0142a g\u0142adka, nawil\u017cona i promienna, kt\u00f3rych preparat\u00f3w u\u017cywa\u0107 a kt\u00f3re lepiej jak najszybciej wyrzuci\u0107 do kosza to zapraszam na konsultacj\u0119 kosmetologiczn\u0105 z komputerow\u0105 analiz\u0105 sk\u00f3ry Observ 520x i zabiegiem.<\/p>\n<p><strong>Przygotuj\u0119 dla Ciebie TW\u00d3J SPERSONALIZOWANY BEAUTY PLAN.<\/strong>[\/vc_column_text][\/vc_column][\/vc_row][vc_row][vc_column width=&#8221;1\/2&#8243;][vc_column_text]<strong>Co otrzymasz po konsultacji:<\/strong><\/p>\n<ul>\n<li>Dok\u0142adny opis Twojej sk\u00f3ry wraz z dokumentacj\u0105 zdj\u0119ciow\u0105.<\/li>\n<li>Cel terapii, czyli co i jak mo\u017cesz poprawi\u0107 w wygl\u0105dzie Twojej sk\u00f3ry.<\/li>\n<li>Indywidualny plan piel\u0119gnacji na dzie\u0144 i na noc wraz z instrukcj\u0105 \u201ekrok po kroku\u201d \u2013 ile produktu na\u0142o\u017cy\u0107, w jakiej kolejno\u015bci. W planie znajdzie si\u0119 r\u00f3wnie\u017c lista sk\u0142adnik\u00f3w aktywnych, kt\u00f3re b\u0119d\u0105 wsp\u00f3\u0142pracowa\u0142y z Twoj\u0105 sk\u00f3r\u0105, je\u015bli w przysz\u0142o\u015bci zdecydujesz si\u0119 na samodzielny dob\u00f3r kosmetyk\u00f3w.<\/li>\n<li>Plan spersonalizowanej piel\u0119gnacji gabinetowej dedykowanej do potrzeb Twojej sk\u00f3ry. B\u0119dzie to konkretna lista zabieg\u00f3w z rozpisanymi terminami.<\/li>\n<li>Zalecenia og\u00f3lne dotycz\u0105ce codziennej piel\u0119gnacji np. jak prawid\u0142owo i dok\u0142adnie zrobi\u0107 demakija\u017c? Jak cz\u0119sto robi\u0107 peeling?<\/li>\n<li>List\u0119 bada\u0144 diagnostycznych, je\u015bli borykasz si\u0119 z tr\u0105dzikiem wieku doros\u0142ego, tr\u0105dzikiem r\u00f3\u017cowatym, przebarwieniami, rumieniem i rozszerzonymi naczynkami.<\/li>\n<li>Wskaz\u00f3wki zmian w diecie lub\/i ewentualnej suplementacji, kt\u00f3ra mo\u017ce mie\u0107 wp\u0142yw na popraw\u0119 kondycji Twojej sk\u00f3ry.<\/li>\n<\/ul>\n<p>[\/vc_column_text][\/vc_column][vc_column width=&#8221;1\/2&#8243;][vc_single_image image=&#8221;8830&#8243; img_size=&#8221;full&#8221; alignment=&#8221;center&#8221; css_animation=&#8221;fadeInRight&#8221;][\/vc_column][\/vc_row][vc_row][vc_column][vc_column_text]Przygotuj si\u0119 na to, \u017ce konsultacja w SKIN ROOM WRONISZEWSKA potrwa ok dwie godziny a<strong> po 3 \u2013 5 dniach na maila otrzymasz TW\u00d3J SPERSONALIZOWANY BEAUTY PLAN<\/strong>*.[\/vc_column_text][\/vc_column][\/vc_row][vc_row full_width=&#8221;stretch_row&#8221; css=&#8221;.vc_custom_1655706296915{margin-top: 60px !important;margin-bottom: 60px !important;background-color: #f9f1ec !important;}&#8221;][vc_column]<div class=\"heading  header-subheader align-center color-black subcolor-main transform-default theme-icon-second icon-type-default heading-tag-h3\" id=\"like_sc_header_1476638672\"><h3 class=\"header ltx-sr-id-like_sc_header_14766386721512274919 ltx-sr ltx-sr-effect-fade_in ltx-sr-el-block ltx-sr-delay-0 ltx-sr-duration-1000 ltx-sr-sequences-0\">Jak przygotowa\u0107 si\u0119 na konsultacj\u0119 kosmetologiczn\u0105 w SKIN ROOM WRONISZEWSKA:<\/h3><\/div>[vc_empty_space height=&#8221;18px&#8221;][vc_row_inner][vc_column_inner width=&#8221;1\/2&#8243;][vc_column_text]<\/p>\n<div class=\"lar-number-square-gold\">\n<h4>1.<\/h4>\n<\/div>\n<p style=\"text-align: center;\">Zmyj makija\u017c je\u015bli to mo\u017cliwe i przygotuj si\u0119 na to, \u017ce kosmetolog wykona dodatkowe oczyszczanie sk\u00f3ry.<\/p>\n<p>[\/vc_column_text][\/vc_column_inner][vc_column_inner width=&#8221;1\/2&#8243;][vc_column_text]<\/p>\n<div class=\"lar-number-square-gold\">\n<h4>4.<\/h4>\n<\/div>\n<p style=\"text-align: center;\">Powiedz o alergiach\/uczuleniach na leki, \u017cywno\u015b\u0107 i kosmetyki.<\/p>\n<p>[\/vc_column_text][\/vc_column_inner][\/vc_row_inner][vc_row_inner][vc_column_inner width=&#8221;1\/2&#8243;][vc_column_text]<\/p>\n<div class=\"lar-number-square-gold\">\n<h4>2.<\/h4>\n<\/div>\n<p style=\"text-align: center;\">Zabierz ze sob\u0105 wszystkie preparaty do domowej piel\u0119gnacji, kt\u00f3re stosujesz na co dzie\u0144. R\u00f3wnie\u017c te zalecone przez lekarza dermatologa\/medycyny estetycznej.<\/p>\n<p>[\/vc_column_text][\/vc_column_inner][vc_column_inner width=&#8221;1\/2&#8243;][vc_column_text]<\/p>\n<div class=\"lar-number-square-gold\">\n<h4>5.<\/h4>\n<\/div>\n<p style=\"text-align: center;\">Powiedz o wszystkich chorobach towarzysz\u0105cych. To niezwykle wa\u017cne, wr\u0119cz koniecznie, aby kosmetolog m\u00f3g\u0142 przygotowa\u0107 Tw\u00f3j Spersonalizowany Beauty Plan.<\/p>\n<p>[\/vc_column_text][\/vc_column_inner][\/vc_row_inner][vc_row_inner][vc_column_inner width=&#8221;1\/2&#8243;][vc_column_text]<\/p>\n<div class=\"lar-number-square-gold\">\n<h4>3.<\/h4>\n<\/div>\n<p style=\"text-align: center;\">Zr\u00f3b aktualne badania krwi lub miej przy sobie ostatnie wyniki (do 3 miesi\u0119cy) tj.: morfologia, lipidogram, AST, ALT, poziom witaminy D3, ferrytyny b\u0119d\u0105 pomocne w pracy o zdrowy i \u0142adny wygl\u0105d sk\u00f3ry.<\/p>\n<p>[\/vc_column_text][\/vc_column_inner][vc_column_inner width=&#8221;1\/2&#8243;][vc_column_text]<\/p>\n<div class=\"lar-number-square-gold\">\n<h4>6.<\/h4>\n<\/div>\n<p style=\"text-align: center;\">To wa\u017cne! Podczas wizyty kosmetolog wykona test witalno\u015bci (nazywany te\u017c \u201eprowokacj\u0105\u201d) aby oceni\u0107 stan i kondycj\u0119 Twojej sk\u00f3ry. To tylko gro\u017anie brzmi. Gwarantuj\u0119, \u017ce po takim te\u015bcie sk\u00f3ra b\u0119dzie wygl\u0105da\u0142a \u015bwietnie!.<\/p>\n<p>[\/vc_column_text][\/vc_column_inner][\/vc_row_inner][vc_empty_space][\/vc_column][\/vc_row][vc_row][vc_column width=&#8221;1\/2&#8243;][vc_column_text]Czym si\u0119 r\u00f3\u017cni indywidualna terapia sk\u00f3ry u\u0142o\u017cona specjalnie dla Ciebie od zabieg\u00f3w w schemacie \u201edla ka\u017cdego\u201d?<\/p>\n<p>Pami\u0119taj nie ma drugiej takiej samej osoby jak Ty, nie ma drugiej takiej samej sk\u00f3ry jak Twoja. Tak jak Robert Zen powiedzia\u0142 \u201eLudzie maj\u0105 jedn\u0105 wsp\u00f3ln\u0105 cech\u0119. Wszyscy s\u0105 inni.\u201d<\/p>\n<p>Ka\u017cda sk\u00f3ra jest nietypowa i zmaga si\u0119 z innymi problemami, kt\u00f3re najcz\u0119\u015bciej s\u0105 objawem niew\u0142a\u015bciwej piel\u0119gnacji w domu i z\u0142ych nawyk\u00f3w, stylu \u017cycia, stosowanej diety, chor\u00f3b przewlek\u0142ych, stosowanych lek\u00f3w, r\u00f3\u017cnych zaburze\u0144 ze strony organizmu i tych przej\u015bciowych i d\u0142ugoterminowych jak zaburzenia hormonalne, niedobory witamin i minera\u0142\u00f3w.<\/p>\n<p>Zabiegi spersonalizowane, to takie dzi\u0119ki kt\u00f3rym mo\u017cesz uzyska\u0107 wymarzone efekty w kr\u00f3tszym czasie i zostan\u0105 z Tob\u0105 na d\u0142ugo.<\/p>\n<p><strong>Konsultacj\u0119 kosmetologiczn\u0105 prowadzi Monika Grudnik-Wroniszewska<\/strong>[\/vc_column_text][\/vc_column][vc_column width=&#8221;1\/2&#8243;][vc_single_image image=&#8221;9415&#8243; img_size=&#8221;full&#8221; alignment=&#8221;center&#8221; css_animation=&#8221;fadeIn&#8221;][\/vc_column][\/vc_row][vc_row][vc_column][vc_empty_space][vc_column_text]<em>*\u201eSpersonalizowany plan piel\u0119gnacji gabinetowej\u201d albo inaczej \u201eTerapie uszyte na miar\u0119\u201d to najwa\u017cniejsze has\u0142o w Skin Room Wroniszewska.\u00a0<\/em>[\/vc_column_text][\/vc_column][\/vc_row][vc_row][vc_column]<div class=\"heading  header-subheader align-center color-black subcolor-main transform-default theme-icon-second icon-type-default heading-tag-h2\" id=\"like_sc_header_1229613074\"><h2 class=\"header ltx-sr-id-like_sc_header_1229613074313801611 ltx-sr ltx-sr-effect-fade_in ltx-sr-el-block ltx-sr-delay-0 ltx-sr-duration-1000 ltx-sr-sequences-0\">Cennik<\/h2><\/div>[vc_column_text el_class=&#8221;lar-table&#8221;]<\/p>\n<table>\n<tbody>\n<tr>\n<td style=\"text-align: center;\" colspan=\"3\">Konsultacja kosmetologiczna<\/td>\n<\/tr>\n<tr>\n<td>Zabieg<\/td>\n<td>Czas trwania<\/td>\n<td>Cena<\/td>\n<\/tr>\n<tr>\n<td>Konsultacja kosmetologiczna z zabiegiem<\/td>\n<td>2h<\/td>\n<td>380 z\u0142<\/td>\n<\/tr>\n<\/tbody>\n<\/table>\n<p>[\/vc_column_text][\/vc_column][\/vc_row]<\/p>\n","protected":false},"excerpt":{"rendered":"<p>[vc_row][vc_column][vc_column_text]Je\u015bli nie wiesz, jak dba\u0107 o swoj\u0105 sk\u00f3r\u0119, jakie kosmetyki stosowa\u0107, aby cera by\u0142a g\u0142adka, nawil\u017cona i promienna, kt\u00f3rych preparat\u00f3w u\u017cywa\u0107 a kt\u00f3re lepiej jak najszybciej wyrzuci\u0107 do kosza to zapraszam na konsultacj\u0119 kosmetologiczn\u0105 z komputerow\u0105 analiz\u0105 sk\u00f3ry Observ 520x i zabiegiem. Przygotuj\u0119 dla Ciebie TW\u00d3J SPERSONALIZOWANY BEAUTY PLAN.[\/vc_column_text][\/vc_column][\/vc_row][vc_row][vc_column width=&#8221;1\/2&#8243;][vc_column_text]Co otrzymasz po konsultacji: Dok\u0142adny opis Twojej sk\u00f3ry wraz z dokumentacj\u0105 zdj\u0119ciow\u0105. Cel terapii, czyli co i jak mo\u017cesz poprawi\u0107 w wygl\u0105dzie Twojej sk\u00f3ry. Indywidualny plan piel\u0119gnacji na dzie\u0144 i na noc wraz z instrukcj\u0105 \u201ekrok po kroku\u201d \u2013 ile produktu na\u0142o\u017cy\u0107, w jakiej kolejno\u015bci. W planie znajdzie si\u0119 r\u00f3wnie\u017c lista sk\u0142adnik\u00f3w aktywnych, kt\u00f3re b\u0119d\u0105 wsp\u00f3\u0142pracowa\u0142y z Twoj\u0105 sk\u00f3r\u0105, je\u015bli w przysz\u0142o\u015bci zdecydujesz si\u0119 na samodzielny dob\u00f3r kosmetyk\u00f3w. Plan spersonalizowanej piel\u0119gnacji gabinetowej dedykowanej do potrzeb Twojej sk\u00f3ry. B\u0119dzie to konkretna lista zabieg\u00f3w z rozpisanymi terminami. Zalecenia og\u00f3lne dotycz\u0105ce codziennej piel\u0119gnacji np. jak prawid\u0142owo i dok\u0142adnie zrobi\u0107 demakija\u017c? Jak cz\u0119sto robi\u0107 peeling? [&hellip;]<\/p>\n","protected":false},"author":1,"featured_media":0,"parent":0,"menu_order":0,"comment_status":"closed","ping_status":"closed","template":"","meta":[],"acf":[],"yoast_head":"<!-- This site is optimized with the Yoast SEO plugin v19.3 - https:\/\/yoast.com\/wordpress\/plugins\/seo\/ -->\n<title>Pierwsza wizyta - Skin Room Wroniszewska<\/title>\n<meta name=\"robots\" content=\"index, follow, max-snippet:-1, max-image-preview:large, max-video-preview:-1\" \/>\n<link rel=\"canonical\" href=\"https:\/\/wroniszewska.pl\/skinroom\/pierwsza-wizyta\/\" \/>\n<meta property=\"og:locale\" content=\"pl_PL\" \/>\n<meta property=\"og:type\" content=\"article\" \/>\n<meta property=\"og:title\" content=\"Pierwsza wizyta - Skin Room Wroniszewska\" \/>\n<meta property=\"og:description\" content=\"[vc_row][vc_column][vc_column_text]Je\u015bli nie wiesz, jak dba\u0107 o swoj\u0105 sk\u00f3r\u0119, jakie kosmetyki stosowa\u0107, aby cera by\u0142a g\u0142adka, nawil\u017cona i promienna, kt\u00f3rych preparat\u00f3w u\u017cywa\u0107 a kt\u00f3re lepiej jak najszybciej wyrzuci\u0107 do kosza to zapraszam na konsultacj\u0119 kosmetologiczn\u0105 z komputerow\u0105 analiz\u0105 sk\u00f3ry Observ 520x i zabiegiem. Przygotuj\u0119 dla Ciebie TW\u00d3J SPERSONALIZOWANY BEAUTY PLAN.[\/vc_column_text][\/vc_column][\/vc_row][vc_row][vc_column width=&#8221;1\/2&#8243;][vc_column_text]Co otrzymasz po konsultacji: Dok\u0142adny opis Twojej sk\u00f3ry wraz z dokumentacj\u0105 zdj\u0119ciow\u0105. Cel terapii, czyli co i jak mo\u017cesz poprawi\u0107 w wygl\u0105dzie Twojej sk\u00f3ry. Indywidualny plan piel\u0119gnacji na dzie\u0144 i na noc wraz z instrukcj\u0105 \u201ekrok po kroku\u201d \u2013 ile produktu na\u0142o\u017cy\u0107, w jakiej kolejno\u015bci. W planie znajdzie si\u0119 r\u00f3wnie\u017c lista sk\u0142adnik\u00f3w aktywnych, kt\u00f3re b\u0119d\u0105 wsp\u00f3\u0142pracowa\u0142y z Twoj\u0105 sk\u00f3r\u0105, je\u015bli w przysz\u0142o\u015bci zdecydujesz si\u0119 na samodzielny dob\u00f3r kosmetyk\u00f3w. Plan spersonalizowanej piel\u0119gnacji gabinetowej dedykowanej do potrzeb Twojej sk\u00f3ry. B\u0119dzie to konkretna lista zabieg\u00f3w z rozpisanymi terminami. Zalecenia og\u00f3lne dotycz\u0105ce codziennej piel\u0119gnacji np. jak prawid\u0142owo i dok\u0142adnie zrobi\u0107 demakija\u017c? Jak cz\u0119sto robi\u0107 peeling? [&hellip;]\" \/>\n<meta property=\"og:url\" content=\"https:\/\/wroniszewska.pl\/skinroom\/pierwsza-wizyta\/\" \/>\n<meta property=\"og:site_name\" content=\"Skin Room Wroniszewska\" \/>\n<meta property=\"article:modified_time\" content=\"2024-03-03T18:12:27+00:00\" \/>\n<meta name=\"twitter:card\" content=\"summary_large_image\" \/>\n<meta name=\"twitter:label1\" content=\"Szacowany czas czytania\" \/>\n\t<meta name=\"twitter:data1\" content=\"4 minuty\" \/>\n<script type=\"application\/ld+json\" class=\"yoast-schema-graph\">{\"@context\":\"https:\/\/schema.org\",\"@graph\":[{\"@type\":\"WebSite\",\"@id\":\"https:\/\/wroniszewska.pl\/skinroom\/#website\",\"url\":\"https:\/\/wroniszewska.pl\/skinroom\/\",\"name\":\"Skin Room Wroniszewska\",\"description\":\"Gabinet kosmetologii estetycznej i leczniczej\",\"potentialAction\":[{\"@type\":\"SearchAction\",\"target\":{\"@type\":\"EntryPoint\",\"urlTemplate\":\"https:\/\/wroniszewska.pl\/skinroom\/?s={search_term_string}\"},\"query-input\":\"required name=search_term_string\"}],\"inLanguage\":\"pl-PL\"},{\"@type\":\"WebPage\",\"@id\":\"https:\/\/wroniszewska.pl\/skinroom\/pierwsza-wizyta\/\",\"url\":\"https:\/\/wroniszewska.pl\/skinroom\/pierwsza-wizyta\/\",\"name\":\"Pierwsza wizyta - Skin Room Wroniszewska\",\"isPartOf\":{\"@id\":\"https:\/\/wroniszewska.pl\/skinroom\/#website\"},\"datePublished\":\"2022-06-19T19:00:15+00:00\",\"dateModified\":\"2024-03-03T18:12:27+00:00\",\"breadcrumb\":{\"@id\":\"https:\/\/wroniszewska.pl\/skinroom\/pierwsza-wizyta\/#breadcrumb\"},\"inLanguage\":\"pl-PL\",\"potentialAction\":[{\"@type\":\"ReadAction\",\"target\":[\"https:\/\/wroniszewska.pl\/skinroom\/pierwsza-wizyta\/\"]}]},{\"@type\":\"BreadcrumbList\",\"@id\":\"https:\/\/wroniszewska.pl\/skinroom\/pierwsza-wizyta\/#breadcrumb\",\"itemListElement\":[{\"@type\":\"ListItem\",\"position\":1,\"name\":\"Strona g\u0142\u00f3wna\",\"item\":\"https:\/\/wroniszewska.pl\/skinroom\/\"},{\"@type\":\"ListItem\",\"position\":2,\"name\":\"Pierwsza wizyta\"}]}]}<\/script>\n<!-- \/ Yoast SEO plugin. -->","yoast_head_json":{"title":"Pierwsza wizyta - Skin Room Wroniszewska","robots":{"index":"index","follow":"follow","max-snippet":"max-snippet:-1","max-image-preview":"max-image-preview:large","max-video-preview":"max-video-preview:-1"},"canonical":"https:\/\/wroniszewska.pl\/skinroom\/pierwsza-wizyta\/","og_locale":"pl_PL","og_type":"article","og_title":"Pierwsza wizyta - Skin Room Wroniszewska","og_description":"[vc_row][vc_column][vc_column_text]Je\u015bli nie wiesz, jak dba\u0107 o swoj\u0105 sk\u00f3r\u0119, jakie kosmetyki stosowa\u0107, aby cera by\u0142a g\u0142adka, nawil\u017cona i promienna, kt\u00f3rych preparat\u00f3w u\u017cywa\u0107 a kt\u00f3re lepiej jak najszybciej wyrzuci\u0107 do kosza to zapraszam na konsultacj\u0119 kosmetologiczn\u0105 z komputerow\u0105 analiz\u0105 sk\u00f3ry Observ 520x i zabiegiem. Przygotuj\u0119 dla Ciebie TW\u00d3J SPERSONALIZOWANY BEAUTY PLAN.[\/vc_column_text][\/vc_column][\/vc_row][vc_row][vc_column width=&#8221;1\/2&#8243;][vc_column_text]Co otrzymasz po konsultacji: Dok\u0142adny opis Twojej sk\u00f3ry wraz z dokumentacj\u0105 zdj\u0119ciow\u0105. Cel terapii, czyli co i jak mo\u017cesz poprawi\u0107 w wygl\u0105dzie Twojej sk\u00f3ry. Indywidualny plan piel\u0119gnacji na dzie\u0144 i na noc wraz z instrukcj\u0105 \u201ekrok po kroku\u201d \u2013 ile produktu na\u0142o\u017cy\u0107, w jakiej kolejno\u015bci. W planie znajdzie si\u0119 r\u00f3wnie\u017c lista sk\u0142adnik\u00f3w aktywnych, kt\u00f3re b\u0119d\u0105 wsp\u00f3\u0142pracowa\u0142y z Twoj\u0105 sk\u00f3r\u0105, je\u015bli w przysz\u0142o\u015bci zdecydujesz si\u0119 na samodzielny dob\u00f3r kosmetyk\u00f3w. Plan spersonalizowanej piel\u0119gnacji gabinetowej dedykowanej do potrzeb Twojej sk\u00f3ry. B\u0119dzie to konkretna lista zabieg\u00f3w z rozpisanymi terminami. Zalecenia og\u00f3lne dotycz\u0105ce codziennej piel\u0119gnacji np. jak prawid\u0142owo i dok\u0142adnie zrobi\u0107 demakija\u017c? Jak cz\u0119sto robi\u0107 peeling? [&hellip;]","og_url":"https:\/\/wroniszewska.pl\/skinroom\/pierwsza-wizyta\/","og_site_name":"Skin Room Wroniszewska","article_modified_time":"2024-03-03T18:12:27+00:00","twitter_card":"summary_large_image","twitter_misc":{"Szacowany czas czytania":"4 minuty"},"schema":{"@context":"https:\/\/schema.org","@graph":[{"@type":"WebSite","@id":"https:\/\/wroniszewska.pl\/skinroom\/#website","url":"https:\/\/wroniszewska.pl\/skinroom\/","name":"Skin Room Wroniszewska","description":"Gabinet kosmetologii estetycznej i leczniczej","potentialAction":[{"@type":"SearchAction","target":{"@type":"EntryPoint","urlTemplate":"https:\/\/wroniszewska.pl\/skinroom\/?s={search_term_string}"},"query-input":"required name=search_term_string"}],"inLanguage":"pl-PL"},{"@type":"WebPage","@id":"https:\/\/wroniszewska.pl\/skinroom\/pierwsza-wizyta\/","url":"https:\/\/wroniszewska.pl\/skinroom\/pierwsza-wizyta\/","name":"Pierwsza wizyta - Skin Room Wroniszewska","isPartOf":{"@id":"https:\/\/wroniszewska.pl\/skinroom\/#website"},"datePublished":"2022-06-19T19:00:15+00:00","dateModified":"2024-03-03T18:12:27+00:00","breadcrumb":{"@id":"https:\/\/wroniszewska.pl\/skinroom\/pierwsza-wizyta\/#breadcrumb"},"inLanguage":"pl-PL","potentialAction":[{"@type":"ReadAction","target":["https:\/\/wroniszewska.pl\/skinroom\/pierwsza-wizyta\/"]}]},{"@type":"BreadcrumbList","@id":"https:\/\/wroniszewska.pl\/skinroom\/pierwsza-wizyta\/#breadcrumb","itemListElement":[{"@type":"ListItem","position":1,"name":"Strona g\u0142\u00f3wna","item":"https:\/\/wroniszewska.pl\/skinroom\/"},{"@type":"ListItem","position":2,"name":"Pierwsza wizyta"}]}]}},"_links":{"self":[{"href":"https:\/\/wroniszewska.pl\/skinroom\/wp-json\/wp\/v2\/pages\/8574"}],"collection":[{"href":"https:\/\/wroniszewska.pl\/skinroom\/wp-json\/wp\/v2\/pages"}],"about":[{"href":"https:\/\/wroniszewska.pl\/skinroom\/wp-json\/wp\/v2\/types\/page"}],"author":[{"embeddable":true,"href":"https:\/\/wroniszewska.pl\/skinroom\/wp-json\/wp\/v2\/users\/1"}],"replies":[{"embeddable":true,"href":"https:\/\/wroniszewska.pl\/skinroom\/wp-json\/wp\/v2\/comments?post=8574"}],"version-history":[{"count":68,"href":"https:\/\/wroniszewska.pl\/skinroom\/wp-json\/wp\/v2\/pages\/8574\/revisions"}],"predecessor-version":[{"id":9416,"href":"https:\/\/wroniszewska.pl\/skinroom\/wp-json\/wp\/v2\/pages\/8574\/revisions\/9416"}],"wp:attachment":[{"href":"https:\/\/wroniszewska.pl\/skinroom\/wp-json\/wp\/v2\/media?parent=8574"}],"curies":[{"name":"wp","href":"https:\/\/api.w.org\/{rel}","templated":true}]}}