{"id":8141,"date":"2019-02-04T19:33:51","date_gmt":"2019-02-04T19:33:51","guid":{"rendered":"https:\/\/wroniszewska.pl\/skinroom\/?page_id=8141"},"modified":"2025-02-23T14:30:58","modified_gmt":"2025-02-23T13:30:58","slug":"o-mnie","status":"publish","type":"page","link":"https:\/\/wroniszewska.pl\/skinroom\/o-mnie\/","title":{"rendered":"O mnie"},"content":{"rendered":"<p>[vc_row text_align=&#8221;center-md-sm-ms&#8221;][vc_column offset=&#8221;vc_col-lg-6&#8243;]<div class=\"heading  header-subheader align-left color-main subcolor-main transform-default theme-icon-second icon-type-default lar-left  vc_custom_1663326746401 heading-tag-h2\" id=\"like_sc_header_289363542\"><h2 class=\"header ltx-sr-id-like_sc_header_2893635421871095264 ltx-sr ltx-sr-effect-fade_in ltx-sr-el-block ltx-sr-delay-0 ltx-sr-duration-1000 ltx-sr-sequences-0\">Monika<br \/>\nGrudnik-Wroniszewska<\/h2><\/div>[vc_column_text]<\/p>\n<p style=\"text-align: left;\">Jestem biologiem i kosmetologiem. Urod\u0105 zajmuj\u0119 si\u0119 prawie 24 lata. Specjalizuj\u0119 si\u0119 w kosmetologii estetycznej i leczniczej.<\/p>\n<p style=\"text-align: left;\">Swoje pierwsze kroki w bran\u017cy stawia\u0142am w L&#8217;Or\u00e9al Polska. Po roku trafi\u0142am na rynek kosmetyki profesjonalnej i tu na dobre si\u0119 zadomowi\u0142am. Przez kolejne 14 lat pracowa\u0142am jako ekspert, g\u0142\u00f3wny szkoleniowiec kilku profesjonalnych marek kosmetycznych oraz wyk\u0142adowca w Wy\u017cszej Szkole Kosmetyki i Nauk o Zdrowiu w \u0141odzi.<\/p>\n<p style=\"text-align: left;\">Sk\u0105d pomys\u0142 na SKIN ROOM WRONISZEWSKA? Po latach prowadzenia szkole\u0144 dla kosmetolog\u00f3w zar\u00f3wno tych pocz\u0105tkuj\u0105cych, jak i du\u017co bardziej do\u015bwiadczonych (to prawda! mam za sob\u0105 tysi\u0105ce godzin pracy trenerskiej) pomy\u015bla\u0142am, \u017ce chc\u0119 wykorzysta\u0107 swoj\u0105 wiedz\u0119, do\u015bwiadczenie i pomaga\u0107 te\u017c innym. PLANOWA\u0141AM przez ponad 5 lat, WIZUALIZOWA\u0141AM kolejny rok miejsce, do kt\u00f3rego chc\u0119 zaprosi\u0107 osoby ceni\u0105ce komfort, dyskrecj\u0119, profesjonalizm, poszukuj\u0105ce najlepszych zabieg\u00f3w z zakresu kosmetologii i medycyny estetycznej.<\/p>\n<p style=\"text-align: left;\">Czym jest KOSMETOLOGIA, kt\u00f3r\u0105 si\u0119 zajmuj\u0119? To nie tylko lata nauki: studia magisterskie, potem podyplomowe, kursy, szkolenia, warsztaty i ci\u0105g\u0142e pog\u0142\u0119bianie wiedzy, czy 24 lata praktyki. To te\u017c w pewnym sensie sztuka, w kt\u00f3rej w mojej ocenie dominowa\u0107 powinno wyczucie ESTETYKI i PI\u0118KNA. Dlatego jako profesjonalistka m\u00f3wi\u0119 stanowcze NIE dla wszystkich internetowych specjalist\u00f3w od urody. \u201eTo co pomog\u0142o Twojej kole\u017cance, niekoniecznie pomo\u017ce te\u017c Tobie\u201d. Nieudolne terapie i eksperymenty na sk\u00f3rze mog\u0105 powa\u017cnie zaszkodzi\u0107. Mog\u0119 powiedzie\u0107 jedno: widzia\u0142am wiele niebezpiecznych powik\u0142a\u0144. Prosz\u0119 nie ryzykuj i oddaj swoj\u0105 sk\u00f3r\u0119 w profesjonalne r\u0119ce.<\/p>\n<p>[\/vc_column_text][\/vc_column][vc_column offset=&#8221;vc_col-lg-6&#8243;][vc_single_image image=&#8221;9193&#8243; img_size=&#8221;full&#8221; css_animation=&#8221;fadeInRight&#8221;][\/vc_column][\/vc_row][vc_row][vc_column]<div class=\"es-resp\">\t<div class=\"visible-xl\" style=\"height: 90px;\"><\/div>\t<div class=\"hidden-xl hidden-md hidden-sm hidden-ms hidden-xs\" style=\"height: 90px;\"><\/div>\t<div class=\"visible-md\" style=\"height: 90px;\"><\/div>\t<div class=\"visible-sm \" style=\"height: 90px;\"><\/div>\t<div class=\"visible-ms\" style=\"height: 90px;\"><\/div>\t<div class=\"visible-xs\" style=\"height: 90px;\"><\/div><\/div>[\/vc_column][\/vc_row][vc_section full_width=&#8221;stretch_row&#8221; bg_color_select=&#8221;gray&#8221; text_align=&#8221;center&#8221; theme_section=&#8221;displaced-top&#8221; css=&#8221;.vc_custom_1548969830856{background-image: url(https:\/\/wroniszewska.pl\/skinroom\/wp-content\/uploads\/sites\/4\/2018\/12\/countup-bg.jpg?id=7690) !important;background-position: center !important;background-repeat: no-repeat !important;background-size: cover !important;}&#8221;][vc_row][vc_column css=&#8221;.vc_custom_1548696622261{margin-bottom: -120px !important;}&#8221;][vc_separator]<div class=\"ltx-content-width col-align-center\" id=\"like_sc_content_width_1796305187\" style=\"max-width: 1100px\"><div class=\"ltx-wrapper\">[vc_column_text]<\/p>\n<p style=\"text-align: center;\"><span class=\"text-lg\">\u00abWierz\u0119 w d\u0142ugotrwa\u0142e zdrowie sk\u00f3ry. Jako mgr biologii wiem, \u017ce kom\u00f3rki sk\u00f3ry nieustannie si\u0119 ucz\u0105 i gromadz\u0105 informacje.\u00bb<\/span><\/p>\n<p>[\/vc_column_text]<\/div><\/div>[vc_single_image image=&#8221;8590&#8243; img_size=&#8221;full&#8221; alignment=&#8221;center&#8221;][\/vc_column][\/vc_row][\/vc_section][vc_section full_width=&#8221;stretch_row&#8221; scrollreveal_type=&#8221;fade_in&#8221; scrollreveal_elements=&#8221;items&#8221; scrollreveal_duration=&#8221;500&#8243; scrollreveal_sequences_delay=&#8221;200&#8243; css=&#8221;.vc_custom_1655666256759{margin-top: 180px !important;padding-top: 0px !important;}&#8221;][vc_row text_align=&#8221;center-md-sm-ms&#8221;][vc_column offset=&#8221;vc_col-lg-6&#8243;][vc_single_image image=&#8221;8828&#8243; img_size=&#8221;full&#8221; css_animation=&#8221;fadeInLeft&#8221;][\/vc_column][vc_column offset=&#8221;vc_col-lg-6&#8243;][vc_column_text]<\/p>\n<p style=\"text-align: left;\">Nauka (EPIGENETYKA) pokazuje, \u017ce spos\u00f3b, w jaki traktujesz swoje cia\u0142o, zostanie zapami\u0119tany przez Twoje kom\u00f3rki, a wa\u017cne informacje b\u0119d\u0105 przechowywane w DNA Twoich kom\u00f3rek. Dlatego kiedy doradzam Ci jak dba\u0107 o sk\u00f3r\u0119, nie chodzi mi tylko o to, co i jak masz stosowa\u0107.<\/p>\n<p style=\"text-align: left;\">W dzisiejszych czasach jeste\u015bmy tak niecierpliwi, \u017ce chcemy wynik\u00f3w na wczoraj! Chcemy, aby wszystkie zaniedbania i szkody, kt\u00f3re wyrz\u0105dzili\u015bmy sk\u00f3rze na przestrzeni wielu lat, znikn\u0119\u0142y natychmiast, jak za dotkni\u0119ciem czarodziejskiej r\u00f3\u017cd\u017cki. Zmartwi\u0119 Ci\u0119, to tak nie dzia\u0142a. Nie mo\u017cesz schudn\u0105\u0107 z dnia na dzie\u0144. Nie nabierzesz formy z dnia na dzie\u0144. Nie mo\u017cesz te\u017c usun\u0105\u0107 wiotko\u015bci, rumienia, tr\u0105dziku, przebarwie\u0144 na sk\u00f3rze podczas jednej wizyty w gabinecie. To wszystko to biologia. Twoja sk\u00f3ra potrzebuje czasu, aby si\u0119 naprawi\u0107.<\/p>\n<p style=\"text-align: left;\">NIE ZNIECH\u0118CAJ SI\u0118 I NIE PODDAWAJ. Najlepsze rezultaty osi\u0105ga si\u0119 cierpliwie, starannie piel\u0119gnuj\u0105c sk\u00f3r\u0119, umo\u017cliwiaj\u0105c jej napraw\u0119 i regeneracj\u0119.<\/p>\n<p style=\"text-align: left;\">I tak na koniec\u2026prawd\u0105 jest, \u017ce jestem bardzo wymagaj\u0105ca, a najbardziej wobec samej siebie. Dlatego wykona\u0142am dla Ciebie selekcj\u0119 \u2013 testuj\u0105c zabiegi na sobie \u2013 i wybra\u0142am najlepsze, najbardziej skuteczne terapie, aby m\u00f3c zaoferowa\u0107 Ci us\u0142ugi na najwy\u017cszym poziomie.<\/p>\n<p>[\/vc_column_text]<div class=\"heading  header-subheader align-left color-black subcolor-main transform-default has-subheader theme-icon-second icon-type-default lar-left  vc_custom_1663326755416 heading-tag-h2\" id=\"like_sc_header_513475740\"><h2 class=\"subheader ltx-sr-id-like_sc_header_513475740328802716 ltx-sr ltx-sr-effect-fade_in ltx-sr-el-block ltx-sr-delay-100 ltx-sr-duration-300 ltx-sr-sequences-50\">Monika Grudnik-Wroniszewska<\/h2><\/div>[\/vc_column][\/vc_row][\/vc_section]<\/p>\n","protected":false},"excerpt":{"rendered":"<p>[vc_row text_align=&#8221;center-md-sm-ms&#8221;][vc_column offset=&#8221;vc_col-lg-6&#8243;][vc_column_text] Jestem biologiem i kosmetologiem. Urod\u0105 zajmuj\u0119 si\u0119 prawie 24 lata. Specjalizuj\u0119 si\u0119 w kosmetologii estetycznej i leczniczej. Swoje pierwsze kroki w bran\u017cy stawia\u0142am w L&#8217;Or\u00e9al Polska. Po roku trafi\u0142am na rynek kosmetyki profesjonalnej i tu na dobre si\u0119 zadomowi\u0142am. Przez kolejne 14 lat pracowa\u0142am jako ekspert, g\u0142\u00f3wny szkoleniowiec kilku profesjonalnych marek kosmetycznych oraz wyk\u0142adowca w Wy\u017cszej Szkole Kosmetyki i Nauk o Zdrowiu w \u0141odzi. Sk\u0105d pomys\u0142 na SKIN ROOM WRONISZEWSKA? Po latach prowadzenia szkole\u0144 dla kosmetolog\u00f3w zar\u00f3wno tych pocz\u0105tkuj\u0105cych, jak i du\u017co bardziej do\u015bwiadczonych (to prawda! mam za sob\u0105 tysi\u0105ce godzin pracy trenerskiej) pomy\u015bla\u0142am, \u017ce chc\u0119 wykorzysta\u0107 swoj\u0105 wiedz\u0119, do\u015bwiadczenie i pomaga\u0107 te\u017c innym. PLANOWA\u0141AM przez ponad 5 lat, WIZUALIZOWA\u0141AM kolejny rok miejsce, do kt\u00f3rego chc\u0119 zaprosi\u0107 osoby ceni\u0105ce komfort, dyskrecj\u0119, profesjonalizm, poszukuj\u0105ce najlepszych zabieg\u00f3w z zakresu kosmetologii i medycyny estetycznej. Czym jest KOSMETOLOGIA, kt\u00f3r\u0105 si\u0119 zajmuj\u0119? To nie tylko lata nauki: studia magisterskie, potem podyplomowe, kursy, [&hellip;]<\/p>\n","protected":false},"author":1,"featured_media":0,"parent":0,"menu_order":0,"comment_status":"closed","ping_status":"closed","template":"page-templates\/full-width.php","meta":[],"acf":[],"yoast_head":"<!-- This site is optimized with the Yoast SEO plugin v19.3 - https:\/\/yoast.com\/wordpress\/plugins\/seo\/ -->\n<title>O mnie - Skin Room Wroniszewska<\/title>\n<meta name=\"robots\" content=\"index, follow, max-snippet:-1, max-image-preview:large, max-video-preview:-1\" \/>\n<link rel=\"canonical\" href=\"https:\/\/wroniszewska.pl\/skinroom\/o-mnie\/\" \/>\n<meta property=\"og:locale\" content=\"pl_PL\" \/>\n<meta property=\"og:type\" content=\"article\" \/>\n<meta property=\"og:title\" content=\"O mnie - Skin Room Wroniszewska\" \/>\n<meta property=\"og:description\" content=\"[vc_row text_align=&#8221;center-md-sm-ms&#8221;][vc_column offset=&#8221;vc_col-lg-6&#8243;][vc_column_text] Jestem biologiem i kosmetologiem. Urod\u0105 zajmuj\u0119 si\u0119 prawie 24 lata. Specjalizuj\u0119 si\u0119 w kosmetologii estetycznej i leczniczej. Swoje pierwsze kroki w bran\u017cy stawia\u0142am w L&#8217;Or\u00e9al Polska. Po roku trafi\u0142am na rynek kosmetyki profesjonalnej i tu na dobre si\u0119 zadomowi\u0142am. Przez kolejne 14 lat pracowa\u0142am jako ekspert, g\u0142\u00f3wny szkoleniowiec kilku profesjonalnych marek kosmetycznych oraz wyk\u0142adowca w Wy\u017cszej Szkole Kosmetyki i Nauk o Zdrowiu w \u0141odzi. Sk\u0105d pomys\u0142 na SKIN ROOM WRONISZEWSKA? Po latach prowadzenia szkole\u0144 dla kosmetolog\u00f3w zar\u00f3wno tych pocz\u0105tkuj\u0105cych, jak i du\u017co bardziej do\u015bwiadczonych (to prawda! mam za sob\u0105 tysi\u0105ce godzin pracy trenerskiej) pomy\u015bla\u0142am, \u017ce chc\u0119 wykorzysta\u0107 swoj\u0105 wiedz\u0119, do\u015bwiadczenie i pomaga\u0107 te\u017c innym. PLANOWA\u0141AM przez ponad 5 lat, WIZUALIZOWA\u0141AM kolejny rok miejsce, do kt\u00f3rego chc\u0119 zaprosi\u0107 osoby ceni\u0105ce komfort, dyskrecj\u0119, profesjonalizm, poszukuj\u0105ce najlepszych zabieg\u00f3w z zakresu kosmetologii i medycyny estetycznej. Czym jest KOSMETOLOGIA, kt\u00f3r\u0105 si\u0119 zajmuj\u0119? To nie tylko lata nauki: studia magisterskie, potem podyplomowe, kursy, [&hellip;]\" \/>\n<meta property=\"og:url\" content=\"https:\/\/wroniszewska.pl\/skinroom\/o-mnie\/\" \/>\n<meta property=\"og:site_name\" content=\"Skin Room Wroniszewska\" \/>\n<meta property=\"article:modified_time\" content=\"2025-02-23T13:30:58+00:00\" \/>\n<meta name=\"twitter:card\" content=\"summary_large_image\" \/>\n<meta name=\"twitter:label1\" content=\"Szacowany czas czytania\" \/>\n\t<meta name=\"twitter:data1\" content=\"3 minuty\" \/>\n<script type=\"application\/ld+json\" class=\"yoast-schema-graph\">{\"@context\":\"https:\/\/schema.org\",\"@graph\":[{\"@type\":\"WebSite\",\"@id\":\"https:\/\/wroniszewska.pl\/skinroom\/#website\",\"url\":\"https:\/\/wroniszewska.pl\/skinroom\/\",\"name\":\"Skin Room Wroniszewska\",\"description\":\"Gabinet kosmetologii estetycznej i leczniczej\",\"potentialAction\":[{\"@type\":\"SearchAction\",\"target\":{\"@type\":\"EntryPoint\",\"urlTemplate\":\"https:\/\/wroniszewska.pl\/skinroom\/?s={search_term_string}\"},\"query-input\":\"required name=search_term_string\"}],\"inLanguage\":\"pl-PL\"},{\"@type\":\"WebPage\",\"@id\":\"https:\/\/wroniszewska.pl\/skinroom\/o-mnie\/\",\"url\":\"https:\/\/wroniszewska.pl\/skinroom\/o-mnie\/\",\"name\":\"O mnie - Skin Room Wroniszewska\",\"isPartOf\":{\"@id\":\"https:\/\/wroniszewska.pl\/skinroom\/#website\"},\"datePublished\":\"2019-02-04T19:33:51+00:00\",\"dateModified\":\"2025-02-23T13:30:58+00:00\",\"breadcrumb\":{\"@id\":\"https:\/\/wroniszewska.pl\/skinroom\/o-mnie\/#breadcrumb\"},\"inLanguage\":\"pl-PL\",\"potentialAction\":[{\"@type\":\"ReadAction\",\"target\":[\"https:\/\/wroniszewska.pl\/skinroom\/o-mnie\/\"]}]},{\"@type\":\"BreadcrumbList\",\"@id\":\"https:\/\/wroniszewska.pl\/skinroom\/o-mnie\/#breadcrumb\",\"itemListElement\":[{\"@type\":\"ListItem\",\"position\":1,\"name\":\"Strona g\u0142\u00f3wna\",\"item\":\"https:\/\/wroniszewska.pl\/skinroom\/\"},{\"@type\":\"ListItem\",\"position\":2,\"name\":\"O mnie\"}]}]}<\/script>\n<!-- \/ Yoast SEO plugin. -->","yoast_head_json":{"title":"O mnie - Skin Room Wroniszewska","robots":{"index":"index","follow":"follow","max-snippet":"max-snippet:-1","max-image-preview":"max-image-preview:large","max-video-preview":"max-video-preview:-1"},"canonical":"https:\/\/wroniszewska.pl\/skinroom\/o-mnie\/","og_locale":"pl_PL","og_type":"article","og_title":"O mnie - Skin Room Wroniszewska","og_description":"[vc_row text_align=&#8221;center-md-sm-ms&#8221;][vc_column offset=&#8221;vc_col-lg-6&#8243;][vc_column_text] Jestem biologiem i kosmetologiem. Urod\u0105 zajmuj\u0119 si\u0119 prawie 24 lata. Specjalizuj\u0119 si\u0119 w kosmetologii estetycznej i leczniczej. Swoje pierwsze kroki w bran\u017cy stawia\u0142am w L&#8217;Or\u00e9al Polska. Po roku trafi\u0142am na rynek kosmetyki profesjonalnej i tu na dobre si\u0119 zadomowi\u0142am. Przez kolejne 14 lat pracowa\u0142am jako ekspert, g\u0142\u00f3wny szkoleniowiec kilku profesjonalnych marek kosmetycznych oraz wyk\u0142adowca w Wy\u017cszej Szkole Kosmetyki i Nauk o Zdrowiu w \u0141odzi. Sk\u0105d pomys\u0142 na SKIN ROOM WRONISZEWSKA? Po latach prowadzenia szkole\u0144 dla kosmetolog\u00f3w zar\u00f3wno tych pocz\u0105tkuj\u0105cych, jak i du\u017co bardziej do\u015bwiadczonych (to prawda! mam za sob\u0105 tysi\u0105ce godzin pracy trenerskiej) pomy\u015bla\u0142am, \u017ce chc\u0119 wykorzysta\u0107 swoj\u0105 wiedz\u0119, do\u015bwiadczenie i pomaga\u0107 te\u017c innym. PLANOWA\u0141AM przez ponad 5 lat, WIZUALIZOWA\u0141AM kolejny rok miejsce, do kt\u00f3rego chc\u0119 zaprosi\u0107 osoby ceni\u0105ce komfort, dyskrecj\u0119, profesjonalizm, poszukuj\u0105ce najlepszych zabieg\u00f3w z zakresu kosmetologii i medycyny estetycznej. Czym jest KOSMETOLOGIA, kt\u00f3r\u0105 si\u0119 zajmuj\u0119? To nie tylko lata nauki: studia magisterskie, potem podyplomowe, kursy, [&hellip;]","og_url":"https:\/\/wroniszewska.pl\/skinroom\/o-mnie\/","og_site_name":"Skin Room Wroniszewska","article_modified_time":"2025-02-23T13:30:58+00:00","twitter_card":"summary_large_image","twitter_misc":{"Szacowany czas czytania":"3 minuty"},"schema":{"@context":"https:\/\/schema.org","@graph":[{"@type":"WebSite","@id":"https:\/\/wroniszewska.pl\/skinroom\/#website","url":"https:\/\/wroniszewska.pl\/skinroom\/","name":"Skin Room Wroniszewska","description":"Gabinet kosmetologii estetycznej i leczniczej","potentialAction":[{"@type":"SearchAction","target":{"@type":"EntryPoint","urlTemplate":"https:\/\/wroniszewska.pl\/skinroom\/?s={search_term_string}"},"query-input":"required name=search_term_string"}],"inLanguage":"pl-PL"},{"@type":"WebPage","@id":"https:\/\/wroniszewska.pl\/skinroom\/o-mnie\/","url":"https:\/\/wroniszewska.pl\/skinroom\/o-mnie\/","name":"O mnie - Skin Room Wroniszewska","isPartOf":{"@id":"https:\/\/wroniszewska.pl\/skinroom\/#website"},"datePublished":"2019-02-04T19:33:51+00:00","dateModified":"2025-02-23T13:30:58+00:00","breadcrumb":{"@id":"https:\/\/wroniszewska.pl\/skinroom\/o-mnie\/#breadcrumb"},"inLanguage":"pl-PL","potentialAction":[{"@type":"ReadAction","target":["https:\/\/wroniszewska.pl\/skinroom\/o-mnie\/"]}]},{"@type":"BreadcrumbList","@id":"https:\/\/wroniszewska.pl\/skinroom\/o-mnie\/#breadcrumb","itemListElement":[{"@type":"ListItem","position":1,"name":"Strona g\u0142\u00f3wna","item":"https:\/\/wroniszewska.pl\/skinroom\/"},{"@type":"ListItem","position":2,"name":"O mnie"}]}]}},"_links":{"self":[{"href":"https:\/\/wroniszewska.pl\/skinroom\/wp-json\/wp\/v2\/pages\/8141"}],"collection":[{"href":"https:\/\/wroniszewska.pl\/skinroom\/wp-json\/wp\/v2\/pages"}],"about":[{"href":"https:\/\/wroniszewska.pl\/skinroom\/wp-json\/wp\/v2\/types\/page"}],"author":[{"embeddable":true,"href":"https:\/\/wroniszewska.pl\/skinroom\/wp-json\/wp\/v2\/users\/1"}],"replies":[{"embeddable":true,"href":"https:\/\/wroniszewska.pl\/skinroom\/wp-json\/wp\/v2\/comments?post=8141"}],"version-history":[{"count":42,"href":"https:\/\/wroniszewska.pl\/skinroom\/wp-json\/wp\/v2\/pages\/8141\/revisions"}],"predecessor-version":[{"id":9432,"href":"https:\/\/wroniszewska.pl\/skinroom\/wp-json\/wp\/v2\/pages\/8141\/revisions\/9432"}],"wp:attachment":[{"href":"https:\/\/wroniszewska.pl\/skinroom\/wp-json\/wp\/v2\/media?parent=8141"}],"curies":[{"name":"wp","href":"https:\/\/api.w.org\/{rel}","templated":true}]}}