{"id":8942,"date":"2022-03-14T12:09:52","date_gmt":"2022-03-14T11:09:52","guid":{"rendered":"https:\/\/wroniszewska.pl\/beautyshop\/?post_type=product&#038;p=8942"},"modified":"2022-10-16T12:12:56","modified_gmt":"2022-10-16T10:12:56","slug":"ph-biome-gel-cleanser","status":"publish","type":"product","link":"https:\/\/wroniszewska.pl\/beautyshop\/produkt\/ph-biome-gel-cleanser\/","title":{"rendered":"pH Biome Gel Cleanser"},"content":{"rendered":"<p>Preparat oczyszczaj\u0105cy do codziennego mycia sk\u00f3ry o lekko kwasowym pH 4.5. Polecany dla sk\u00f3r suchych, podra\u017cnionych, z uszkodzon\u0105 barier\u0105 hydrolipidow\u0105 oraz po inwazyjnych zabiegach i leczeniu dermatologicznym preparatami zaburzaj\u0105cymi p\u0142aszcz ochronny sk\u00f3ry. Preparat oczyszcza, wyg\u0142adza oraz nawil\u017ca sk\u00f3r\u0119, przywracaj\u0105c jej naturalne pH. Preparat posiada hipoalergiczn\u0105 formu\u0142\u0119 micro bubble, kt\u00f3ra dok\u0142adnie oczyszcza sk\u00f3r\u0119, jednocze\u015bnie j\u0105 nawil\u017caj\u0105c.<\/p>\n<p><strong>Wskazania:<\/strong> sk\u00f3ra sucha, sk\u00f3ra zniszczona, po zabiegach estetycznych, przyspieszenie regeneracji sk\u00f3ry, intensywne nawil\u017canie, podra\u017cnienia, odbudowa bariery hydrolipidowej.<\/p>\n<p><strong>Spos\u00f3b u\u017cycia:<\/strong> Niewielk\u0105 ilo\u015b\u0107 \u017celu na\u0142o\u017cy\u0107 na zwil\u017cone d\u0142onie, spieni\u0107 i umy\u0107 twarz kolistymi ruchami. Sp\u0142uka\u0107 obficie letni\u0105 wod\u0105.<\/p>\n<p><strong>Sk\u0142adniki aktywne: <\/strong>NEO CMS, pHarrier, NECTARBIOME, ektoina, panthenol, alantoina.<\/p>\n","protected":false},"excerpt":{"rendered":"<ul>\n<li>\u017bel oczyszczaj\u0105cy dla sk\u00f3r z zaburzon\u0105 barier\u0105 hydrolipidow\u0105<\/li>\n<li>210ml<\/li>\n<\/ul>\n","protected":false},"featured_media":8939,"template":"","meta":[],"product_cat":[135,219],"product_tag":[],"acf":[],"yoast_head":"<!-- This site is optimized with the Yoast SEO plugin v19.3 - https:\/\/yoast.com\/wordpress\/plugins\/seo\/ -->\n<title>pH Biome Gel Cleanser - BEAUTY SHOP Wroniszewska<\/title>\n<meta name=\"robots\" content=\"index, follow, max-snippet:-1, max-image-preview:large, max-video-preview:-1\" \/>\n<link rel=\"canonical\" href=\"https:\/\/wroniszewska.pl\/beautyshop\/produkt\/ph-biome-gel-cleanser\/\" \/>\n<meta property=\"og:locale\" content=\"pl_PL\" \/>\n<meta property=\"og:type\" content=\"article\" \/>\n<meta property=\"og:title\" content=\"pH Biome Gel Cleanser - BEAUTY SHOP Wroniszewska\" \/>\n<meta property=\"og:description\" content=\"\u017bel oczyszczaj\u0105cy dla sk\u00f3r z zaburzon\u0105 barier\u0105 hydrolipidow\u0105  210ml\" \/>\n<meta property=\"og:url\" content=\"https:\/\/wroniszewska.pl\/beautyshop\/produkt\/ph-biome-gel-cleanser\/\" \/>\n<meta property=\"og:site_name\" content=\"BEAUTY SHOP Wroniszewska\" \/>\n<meta property=\"article:modified_time\" content=\"2022-10-16T10:12:56+00:00\" \/>\n<meta property=\"og:image\" content=\"https:\/\/wroniszewska.pl\/beautyshop\/wp-content\/uploads\/sites\/2\/2022\/10\/pH-BIOME-Gel-Cleanser.jpg\" \/>\n\t<meta property=\"og:image:width\" content=\"1400\" \/>\n\t<meta property=\"og:image:height\" content=\"1400\" \/>\n\t<meta property=\"og:image:type\" content=\"image\/jpeg\" \/>\n<meta name=\"twitter:card\" content=\"summary_large_image\" \/>\n<meta name=\"twitter:label1\" content=\"Szacowany czas czytania\" \/>\n\t<meta name=\"twitter:data1\" content=\"1 minuta\" \/>\n<script type=\"application\/ld+json\" class=\"yoast-schema-graph\">{\"@context\":\"https:\/\/schema.org\",\"@graph\":[{\"@type\":\"WebSite\",\"@id\":\"https:\/\/wroniszewska.pl\/beautyshop\/#website\",\"url\":\"https:\/\/wroniszewska.pl\/beautyshop\/\",\"name\":\"BEAUTY SHOP Wroniszewska\",\"description\":\"Kosmetyki profesjonalnych marek: PCA Skin, ProXN, Meder Beauty, Cell Fusion C Expert, Cell Fusion C\",\"potentialAction\":[{\"@type\":\"SearchAction\",\"target\":{\"@type\":\"EntryPoint\",\"urlTemplate\":\"https:\/\/wroniszewska.pl\/beautyshop\/?s={search_term_string}\"},\"query-input\":\"required name=search_term_string\"}],\"inLanguage\":\"pl-PL\"},{\"@type\":\"ImageObject\",\"inLanguage\":\"pl-PL\",\"@id\":\"https:\/\/wroniszewska.pl\/beautyshop\/produkt\/ph-biome-gel-cleanser\/#primaryimage\",\"url\":\"https:\/\/wroniszewska.pl\/beautyshop\/wp-content\/uploads\/sites\/2\/2022\/10\/pH-BIOME-Gel-Cleanser.jpg\",\"contentUrl\":\"https:\/\/wroniszewska.pl\/beautyshop\/wp-content\/uploads\/sites\/2\/2022\/10\/pH-BIOME-Gel-Cleanser.jpg\",\"width\":1400,\"height\":1400},{\"@type\":\"WebPage\",\"@id\":\"https:\/\/wroniszewska.pl\/beautyshop\/produkt\/ph-biome-gel-cleanser\/\",\"url\":\"https:\/\/wroniszewska.pl\/beautyshop\/produkt\/ph-biome-gel-cleanser\/\",\"name\":\"pH Biome Gel Cleanser - BEAUTY SHOP Wroniszewska\",\"isPartOf\":{\"@id\":\"https:\/\/wroniszewska.pl\/beautyshop\/#website\"},\"primaryImageOfPage\":{\"@id\":\"https:\/\/wroniszewska.pl\/beautyshop\/produkt\/ph-biome-gel-cleanser\/#primaryimage\"},\"datePublished\":\"2022-03-14T11:09:52+00:00\",\"dateModified\":\"2022-10-16T10:12:56+00:00\",\"breadcrumb\":{\"@id\":\"https:\/\/wroniszewska.pl\/beautyshop\/produkt\/ph-biome-gel-cleanser\/#breadcrumb\"},\"inLanguage\":\"pl-PL\",\"potentialAction\":[{\"@type\":\"ReadAction\",\"target\":[\"https:\/\/wroniszewska.pl\/beautyshop\/produkt\/ph-biome-gel-cleanser\/\"]}]},{\"@type\":\"BreadcrumbList\",\"@id\":\"https:\/\/wroniszewska.pl\/beautyshop\/produkt\/ph-biome-gel-cleanser\/#breadcrumb\",\"itemListElement\":[{\"@type\":\"ListItem\",\"position\":1,\"name\":\"Strona g\u0142\u00f3wna\",\"item\":\"https:\/\/wroniszewska.pl\/beautyshop\/\"},{\"@type\":\"ListItem\",\"position\":2,\"name\":\"Produkty\",\"item\":\"https:\/\/wroniszewska.pl\/beautyshop\/produkty\/\"},{\"@type\":\"ListItem\",\"position\":3,\"name\":\"pH Biome Gel Cleanser\"}]}]}<\/script>\n<!-- \/ Yoast SEO plugin. -->","yoast_head_json":{"title":"pH Biome Gel Cleanser - BEAUTY SHOP Wroniszewska","robots":{"index":"index","follow":"follow","max-snippet":"max-snippet:-1","max-image-preview":"max-image-preview:large","max-video-preview":"max-video-preview:-1"},"canonical":"https:\/\/wroniszewska.pl\/beautyshop\/produkt\/ph-biome-gel-cleanser\/","og_locale":"pl_PL","og_type":"article","og_title":"pH Biome Gel Cleanser - BEAUTY SHOP Wroniszewska","og_description":"\u017bel oczyszczaj\u0105cy dla sk\u00f3r z zaburzon\u0105 barier\u0105 hydrolipidow\u0105  210ml","og_url":"https:\/\/wroniszewska.pl\/beautyshop\/produkt\/ph-biome-gel-cleanser\/","og_site_name":"BEAUTY SHOP Wroniszewska","article_modified_time":"2022-10-16T10:12:56+00:00","og_image":[{"width":1400,"height":1400,"url":"https:\/\/wroniszewska.pl\/beautyshop\/wp-content\/uploads\/sites\/2\/2022\/10\/pH-BIOME-Gel-Cleanser.jpg","type":"image\/jpeg"}],"twitter_card":"summary_large_image","twitter_misc":{"Szacowany czas czytania":"1 minuta"},"schema":{"@context":"https:\/\/schema.org","@graph":[{"@type":"WebSite","@id":"https:\/\/wroniszewska.pl\/beautyshop\/#website","url":"https:\/\/wroniszewska.pl\/beautyshop\/","name":"BEAUTY SHOP Wroniszewska","description":"Kosmetyki profesjonalnych marek: PCA Skin, ProXN, Meder Beauty, Cell Fusion C Expert, Cell Fusion C","potentialAction":[{"@type":"SearchAction","target":{"@type":"EntryPoint","urlTemplate":"https:\/\/wroniszewska.pl\/beautyshop\/?s={search_term_string}"},"query-input":"required name=search_term_string"}],"inLanguage":"pl-PL"},{"@type":"ImageObject","inLanguage":"pl-PL","@id":"https:\/\/wroniszewska.pl\/beautyshop\/produkt\/ph-biome-gel-cleanser\/#primaryimage","url":"https:\/\/wroniszewska.pl\/beautyshop\/wp-content\/uploads\/sites\/2\/2022\/10\/pH-BIOME-Gel-Cleanser.jpg","contentUrl":"https:\/\/wroniszewska.pl\/beautyshop\/wp-content\/uploads\/sites\/2\/2022\/10\/pH-BIOME-Gel-Cleanser.jpg","width":1400,"height":1400},{"@type":"WebPage","@id":"https:\/\/wroniszewska.pl\/beautyshop\/produkt\/ph-biome-gel-cleanser\/","url":"https:\/\/wroniszewska.pl\/beautyshop\/produkt\/ph-biome-gel-cleanser\/","name":"pH Biome Gel Cleanser - BEAUTY SHOP Wroniszewska","isPartOf":{"@id":"https:\/\/wroniszewska.pl\/beautyshop\/#website"},"primaryImageOfPage":{"@id":"https:\/\/wroniszewska.pl\/beautyshop\/produkt\/ph-biome-gel-cleanser\/#primaryimage"},"datePublished":"2022-03-14T11:09:52+00:00","dateModified":"2022-10-16T10:12:56+00:00","breadcrumb":{"@id":"https:\/\/wroniszewska.pl\/beautyshop\/produkt\/ph-biome-gel-cleanser\/#breadcrumb"},"inLanguage":"pl-PL","potentialAction":[{"@type":"ReadAction","target":["https:\/\/wroniszewska.pl\/beautyshop\/produkt\/ph-biome-gel-cleanser\/"]}]},{"@type":"BreadcrumbList","@id":"https:\/\/wroniszewska.pl\/beautyshop\/produkt\/ph-biome-gel-cleanser\/#breadcrumb","itemListElement":[{"@type":"ListItem","position":1,"name":"Strona g\u0142\u00f3wna","item":"https:\/\/wroniszewska.pl\/beautyshop\/"},{"@type":"ListItem","position":2,"name":"Produkty","item":"https:\/\/wroniszewska.pl\/beautyshop\/produkty\/"},{"@type":"ListItem","position":3,"name":"pH Biome Gel Cleanser"}]}]}},"_links":{"self":[{"href":"https:\/\/wroniszewska.pl\/beautyshop\/wp-json\/wp\/v2\/product\/8942"}],"collection":[{"href":"https:\/\/wroniszewska.pl\/beautyshop\/wp-json\/wp\/v2\/product"}],"about":[{"href":"https:\/\/wroniszewska.pl\/beautyshop\/wp-json\/wp\/v2\/types\/product"}],"wp:featuredmedia":[{"embeddable":true,"href":"https:\/\/wroniszewska.pl\/beautyshop\/wp-json\/wp\/v2\/media\/8939"}],"wp:attachment":[{"href":"https:\/\/wroniszewska.pl\/beautyshop\/wp-json\/wp\/v2\/media?parent=8942"}],"wp:term":[{"taxonomy":"product_cat","embeddable":true,"href":"https:\/\/wroniszewska.pl\/beautyshop\/wp-json\/wp\/v2\/product_cat?post=8942"},{"taxonomy":"product_tag","embeddable":true,"href":"https:\/\/wroniszewska.pl\/beautyshop\/wp-json\/wp\/v2\/product_tag?post=8942"}],"curies":[{"name":"wp","href":"https:\/\/api.w.org\/{rel}","templated":true}]}}