{"id":8926,"date":"2022-09-23T13:51:43","date_gmt":"2022-09-23T11:51:43","guid":{"rendered":"https:\/\/wroniszewska.pl\/beautyshop\/?post_type=product&#038;p=8926"},"modified":"2023-03-15T09:25:25","modified_gmt":"2023-03-15T08:25:25","slug":"arma-bust-krem","status":"publish","type":"product","link":"https:\/\/wroniszewska.pl\/beautyshop\/produkt\/arma-bust-krem\/","title":{"rendered":"Arma-Bust Krem"},"content":{"rendered":"<p>Krem uj\u0119drniaj\u0105cy Arma-Bust przy regularnym stosowaniu mo\u017ce przywr\u00f3ci\u0107 biustowi kszta\u0142t i j\u0119drno\u015b\u0107, wyg\u0142adzi\u0107 sk\u00f3r\u0119 i zredukowa\u0107 rozst\u0119py.<\/p>\n<p>Ci\u0105\u017ca to czas, w kt\u00f3rym wiele kobiet do\u015bwiadcza pewnych zmian wra\u017cliwo\u015bci, kszta\u0142tu i rozmiaru piersi. Zwi\u0119kszenie rozmiaru miseczki lub dw\u00f3ch w czasie ci\u0105\u017cy jest normalne dla wielu kobiet, zw\u0142aszcza je\u015bli jest to ich pierwsza ci\u0105\u017ca. Ten wzrost mo\u017ce rozpocz\u0105\u0107 si\u0119 we wczesnym okresie ci\u0105\u017cy i trwa\u0107 przez ca\u0142y czas. Kobiece piersi mog\u0105 r\u00f3wnie\u017c powi\u0119kszy\u0107 si\u0119 podczas karmienia piersi\u0105. Ten szybki wzrost mo\u017ce powodowa\u0107 sw\u0119dzenie piersi, gdy sk\u00f3ra si\u0119 rozci\u0105ga. Krem Arma-Bust zosta\u0142 opracowany specjalnie dla sk\u00f3ry piersi i jest ca\u0142kowicie bezpieczny w czasie ci\u0105\u017cy, aby zapobiec rozst\u0119pom oraz zachowa\u0107 j\u0119drn\u0105 i zdrow\u0105 sk\u00f3r\u0119.<\/p>\n<p>Zabierz ze sob\u0105 krem \u200b\u200buj\u0119drniaj\u0105cy biust Arma-Bust na wakacje na pla\u017cy! Pomo\u017ce zmniejszy\u0107 uszkodzenia obszaru dekoltu spowodowane promieniowaniem UV.<\/p>\n<p><strong>Wskazania:<\/strong> nawil\u017canie, uj\u0119drnienie, sk\u00f3ra dojrza\u0142a, rozst\u0119py na piersiach, szybki wzrost piersi, karmienie piersi\u0105, uszkodzenia dekoltu spowodowane promieniowanie UV.<\/p>\n<p><strong>Spos\u00f3b u\u017cycia:<\/strong> Nak\u0142adaj raz lub dwa razy dziennie na czyst\u0105 sk\u00f3r\u0119 piersi i dekoltu. Masuj lekko a\u017c do wch\u0142oni\u0119cia. Bezpieczny w u\u017cyciu podczas ci\u0105\u017cy i karmienia piersi\u0105.<\/p>\n<p><strong>Sk\u0142adniki aktywne: <\/strong>ekstrakt z Kigelia africana, kigelina, niacynamid, proteiny sojowe, polisacharydy japo\u0144skiego grzyba Aureobasidium pullulans,<\/p>\n","protected":false},"excerpt":{"rendered":"<ul>\n<li>\n<div class=\"FFpbKc\">\n<div class=\"nidPne\">\n<div data-show-delay-ms=\"250\" data-append-to-body=\"true\" data-propagate-tooltip-mouseover-events=\"true\" data-anchor-corner=\"bottom-left\" data-enable-skip-handler=\"false\" data-popup-corner=\"top-left\">\n<div class=\"scLCMd\">\n<div id=\"itamenu\">\n<div class=\"goog-container goog-container-vertical\">Krem uj\u0119drniaj\u0105cy do okolic biustu i dekoltu<\/div>\n<\/div>\n<\/div>\n<\/div>\n<\/div>\n<\/div>\n<\/li>\n<li>100 ml<\/li>\n<\/ul>\n","protected":false},"featured_media":8927,"template":"","meta":[],"product_cat":[140,142],"product_tag":[],"acf":[],"yoast_head":"<!-- This site is optimized with the Yoast SEO plugin v19.3 - https:\/\/yoast.com\/wordpress\/plugins\/seo\/ -->\n<title>Arma-Bust Krem - BEAUTY SHOP Wroniszewska<\/title>\n<meta name=\"robots\" content=\"index, follow, max-snippet:-1, max-image-preview:large, max-video-preview:-1\" \/>\n<link rel=\"canonical\" href=\"https:\/\/wroniszewska.pl\/beautyshop\/produkt\/arma-bust-krem\/\" \/>\n<meta property=\"og:locale\" content=\"pl_PL\" \/>\n<meta property=\"og:type\" content=\"article\" \/>\n<meta property=\"og:title\" content=\"Arma-Bust Krem - BEAUTY SHOP Wroniszewska\" \/>\n<meta property=\"og:description\" content=\"Krem uj\u0119drniaj\u0105cy do okolic biustu i dekoltu       100 ml\" \/>\n<meta property=\"og:url\" content=\"https:\/\/wroniszewska.pl\/beautyshop\/produkt\/arma-bust-krem\/\" \/>\n<meta property=\"og:site_name\" content=\"BEAUTY SHOP Wroniszewska\" \/>\n<meta property=\"article:modified_time\" content=\"2023-03-15T08:25:25+00:00\" \/>\n<meta property=\"og:image\" content=\"https:\/\/wroniszewska.pl\/beautyshop\/wp-content\/uploads\/sites\/2\/2022\/09\/arma-bust.jpg\" \/>\n\t<meta property=\"og:image:width\" content=\"600\" \/>\n\t<meta property=\"og:image:height\" content=\"600\" \/>\n\t<meta property=\"og:image:type\" content=\"image\/jpeg\" \/>\n<meta name=\"twitter:card\" content=\"summary_large_image\" \/>\n<meta name=\"twitter:label1\" content=\"Szacowany czas czytania\" \/>\n\t<meta name=\"twitter:data1\" content=\"2 minuty\" \/>\n<script type=\"application\/ld+json\" class=\"yoast-schema-graph\">{\"@context\":\"https:\/\/schema.org\",\"@graph\":[{\"@type\":\"WebSite\",\"@id\":\"https:\/\/wroniszewska.pl\/beautyshop\/#website\",\"url\":\"https:\/\/wroniszewska.pl\/beautyshop\/\",\"name\":\"BEAUTY SHOP Wroniszewska\",\"description\":\"Kosmetyki profesjonalnych marek: PCA Skin, ProXN, Meder Beauty, Cell Fusion C Expert, Cell Fusion C\",\"potentialAction\":[{\"@type\":\"SearchAction\",\"target\":{\"@type\":\"EntryPoint\",\"urlTemplate\":\"https:\/\/wroniszewska.pl\/beautyshop\/?s={search_term_string}\"},\"query-input\":\"required name=search_term_string\"}],\"inLanguage\":\"pl-PL\"},{\"@type\":\"ImageObject\",\"inLanguage\":\"pl-PL\",\"@id\":\"https:\/\/wroniszewska.pl\/beautyshop\/produkt\/arma-bust-krem\/#primaryimage\",\"url\":\"https:\/\/wroniszewska.pl\/beautyshop\/wp-content\/uploads\/sites\/2\/2022\/09\/arma-bust.jpg\",\"contentUrl\":\"https:\/\/wroniszewska.pl\/beautyshop\/wp-content\/uploads\/sites\/2\/2022\/09\/arma-bust.jpg\",\"width\":600,\"height\":600},{\"@type\":\"WebPage\",\"@id\":\"https:\/\/wroniszewska.pl\/beautyshop\/produkt\/arma-bust-krem\/\",\"url\":\"https:\/\/wroniszewska.pl\/beautyshop\/produkt\/arma-bust-krem\/\",\"name\":\"Arma-Bust Krem - BEAUTY SHOP Wroniszewska\",\"isPartOf\":{\"@id\":\"https:\/\/wroniszewska.pl\/beautyshop\/#website\"},\"primaryImageOfPage\":{\"@id\":\"https:\/\/wroniszewska.pl\/beautyshop\/produkt\/arma-bust-krem\/#primaryimage\"},\"datePublished\":\"2022-09-23T11:51:43+00:00\",\"dateModified\":\"2023-03-15T08:25:25+00:00\",\"breadcrumb\":{\"@id\":\"https:\/\/wroniszewska.pl\/beautyshop\/produkt\/arma-bust-krem\/#breadcrumb\"},\"inLanguage\":\"pl-PL\",\"potentialAction\":[{\"@type\":\"ReadAction\",\"target\":[\"https:\/\/wroniszewska.pl\/beautyshop\/produkt\/arma-bust-krem\/\"]}]},{\"@type\":\"BreadcrumbList\",\"@id\":\"https:\/\/wroniszewska.pl\/beautyshop\/produkt\/arma-bust-krem\/#breadcrumb\",\"itemListElement\":[{\"@type\":\"ListItem\",\"position\":1,\"name\":\"Strona g\u0142\u00f3wna\",\"item\":\"https:\/\/wroniszewska.pl\/beautyshop\/\"},{\"@type\":\"ListItem\",\"position\":2,\"name\":\"Produkty\",\"item\":\"https:\/\/wroniszewska.pl\/beautyshop\/produkty\/\"},{\"@type\":\"ListItem\",\"position\":3,\"name\":\"Arma-Bust Krem\"}]}]}<\/script>\n<!-- \/ Yoast SEO plugin. -->","yoast_head_json":{"title":"Arma-Bust Krem - BEAUTY SHOP Wroniszewska","robots":{"index":"index","follow":"follow","max-snippet":"max-snippet:-1","max-image-preview":"max-image-preview:large","max-video-preview":"max-video-preview:-1"},"canonical":"https:\/\/wroniszewska.pl\/beautyshop\/produkt\/arma-bust-krem\/","og_locale":"pl_PL","og_type":"article","og_title":"Arma-Bust Krem - BEAUTY SHOP Wroniszewska","og_description":"Krem uj\u0119drniaj\u0105cy do okolic biustu i dekoltu       100 ml","og_url":"https:\/\/wroniszewska.pl\/beautyshop\/produkt\/arma-bust-krem\/","og_site_name":"BEAUTY SHOP Wroniszewska","article_modified_time":"2023-03-15T08:25:25+00:00","og_image":[{"width":600,"height":600,"url":"https:\/\/wroniszewska.pl\/beautyshop\/wp-content\/uploads\/sites\/2\/2022\/09\/arma-bust.jpg","type":"image\/jpeg"}],"twitter_card":"summary_large_image","twitter_misc":{"Szacowany czas czytania":"2 minuty"},"schema":{"@context":"https:\/\/schema.org","@graph":[{"@type":"WebSite","@id":"https:\/\/wroniszewska.pl\/beautyshop\/#website","url":"https:\/\/wroniszewska.pl\/beautyshop\/","name":"BEAUTY SHOP Wroniszewska","description":"Kosmetyki profesjonalnych marek: PCA Skin, ProXN, Meder Beauty, Cell Fusion C Expert, Cell Fusion C","potentialAction":[{"@type":"SearchAction","target":{"@type":"EntryPoint","urlTemplate":"https:\/\/wroniszewska.pl\/beautyshop\/?s={search_term_string}"},"query-input":"required name=search_term_string"}],"inLanguage":"pl-PL"},{"@type":"ImageObject","inLanguage":"pl-PL","@id":"https:\/\/wroniszewska.pl\/beautyshop\/produkt\/arma-bust-krem\/#primaryimage","url":"https:\/\/wroniszewska.pl\/beautyshop\/wp-content\/uploads\/sites\/2\/2022\/09\/arma-bust.jpg","contentUrl":"https:\/\/wroniszewska.pl\/beautyshop\/wp-content\/uploads\/sites\/2\/2022\/09\/arma-bust.jpg","width":600,"height":600},{"@type":"WebPage","@id":"https:\/\/wroniszewska.pl\/beautyshop\/produkt\/arma-bust-krem\/","url":"https:\/\/wroniszewska.pl\/beautyshop\/produkt\/arma-bust-krem\/","name":"Arma-Bust Krem - BEAUTY SHOP Wroniszewska","isPartOf":{"@id":"https:\/\/wroniszewska.pl\/beautyshop\/#website"},"primaryImageOfPage":{"@id":"https:\/\/wroniszewska.pl\/beautyshop\/produkt\/arma-bust-krem\/#primaryimage"},"datePublished":"2022-09-23T11:51:43+00:00","dateModified":"2023-03-15T08:25:25+00:00","breadcrumb":{"@id":"https:\/\/wroniszewska.pl\/beautyshop\/produkt\/arma-bust-krem\/#breadcrumb"},"inLanguage":"pl-PL","potentialAction":[{"@type":"ReadAction","target":["https:\/\/wroniszewska.pl\/beautyshop\/produkt\/arma-bust-krem\/"]}]},{"@type":"BreadcrumbList","@id":"https:\/\/wroniszewska.pl\/beautyshop\/produkt\/arma-bust-krem\/#breadcrumb","itemListElement":[{"@type":"ListItem","position":1,"name":"Strona g\u0142\u00f3wna","item":"https:\/\/wroniszewska.pl\/beautyshop\/"},{"@type":"ListItem","position":2,"name":"Produkty","item":"https:\/\/wroniszewska.pl\/beautyshop\/produkty\/"},{"@type":"ListItem","position":3,"name":"Arma-Bust Krem"}]}]}},"_links":{"self":[{"href":"https:\/\/wroniszewska.pl\/beautyshop\/wp-json\/wp\/v2\/product\/8926"}],"collection":[{"href":"https:\/\/wroniszewska.pl\/beautyshop\/wp-json\/wp\/v2\/product"}],"about":[{"href":"https:\/\/wroniszewska.pl\/beautyshop\/wp-json\/wp\/v2\/types\/product"}],"wp:featuredmedia":[{"embeddable":true,"href":"https:\/\/wroniszewska.pl\/beautyshop\/wp-json\/wp\/v2\/media\/8927"}],"wp:attachment":[{"href":"https:\/\/wroniszewska.pl\/beautyshop\/wp-json\/wp\/v2\/media?parent=8926"}],"wp:term":[{"taxonomy":"product_cat","embeddable":true,"href":"https:\/\/wroniszewska.pl\/beautyshop\/wp-json\/wp\/v2\/product_cat?post=8926"},{"taxonomy":"product_tag","embeddable":true,"href":"https:\/\/wroniszewska.pl\/beautyshop\/wp-json\/wp\/v2\/product_tag?post=8926"}],"curies":[{"name":"wp","href":"https:\/\/api.w.org\/{rel}","templated":true}]}}