{"id":8921,"date":"2022-09-23T12:23:51","date_gmt":"2022-09-23T10:23:51","guid":{"rendered":"https:\/\/wroniszewska.pl\/beautyshop\/?post_type=product&#038;p=8921"},"modified":"2023-03-15T09:25:36","modified_gmt":"2023-03-15T08:25:36","slug":"body-day-deodorant","status":"publish","type":"product","link":"https:\/\/wroniszewska.pl\/beautyshop\/produkt\/body-day-deodorant\/","title":{"rendered":"Body-Day Deodorant"},"content":{"rendered":"<p>Prebiotyczny dezodorant w kremie Body-Day wykorzystuje prebiotyki i probiotyki, najnowsz\u0105 technologi\u0119 \u0142odyg ro\u015blinnych, kt\u00f3ra zajmuje si\u0119 komunikacj\u0105 bakteryjn\u0105 (wyczuwanie kworum) i peptydami o dzia\u0142aniu przeciwzapalnym. Body-Day dzia\u0142a jak naturalny dezodorant kontroluj\u0105cy zapach potu w spos\u00f3b przyjazny dla sk\u00f3ry. Prebiotyki i probiotyki hamuj\u0105 rozw\u00f3j bakterii odpowiedzialnych za zapach cia\u0142a, w tym tzw. zapachu starc\u00f3w, a ro\u015blinne kom\u00f3rki macierzyste zapobiegaj\u0105 tworzeniu si\u0119 biofilm\u00f3w bakteryjnych powoduj\u0105cych nieprzyjemny zapach cia\u0142a. Peptyd \u0142agodzi wra\u017cliwo\u015b\u0107 sk\u00f3ry i pomaga przywr\u00f3ci\u0107 sk\u00f3rze komfort i spr\u0119\u017cysto\u015b\u0107 w ci\u0105gu kilku dni stosowania.<\/p>\n<p><strong>Wskazania:<\/strong> nawil\u017canie, sk\u00f3ra wra\u017cliwa, nieprzyjemny zapach cia\u0142a.wra<\/p>\n<p><strong>Spos\u00f3b u\u017cycia:<\/strong> Nak\u0142ada\u0107 prebiotyczny dezodorant w Kremie Body-Day po prysznicu na oczyszczon\u0105 sk\u00f3r\u0119 pach i innych obszar\u00f3w cia\u0142a, je\u015bli to konieczne. Stosowa\u0107 raz dziennie, najlepiej rano.<\/p>\n<p><strong>Sk\u0142adniki aktywne:<\/strong> ekstrakt z kom\u00f3rek macierzystych noni, probiotyk Kimchi, peptyd Calmosensine, skrobia ry\u017cowa, mas\u0142o shea.<\/p>\n","protected":false},"excerpt":{"rendered":"<ul>\n<li>\n<div class=\"FFpbKc\">\n<div class=\"nidPne\">\n<div data-show-delay-ms=\"250\" data-append-to-body=\"true\" data-propagate-tooltip-mouseover-events=\"true\" data-anchor-corner=\"bottom-left\" data-enable-skip-handler=\"false\" data-popup-corner=\"top-left\">\n<div class=\"scLCMd\">\n<div id=\"itamenu\">\n<div class=\"goog-container goog-container-vertical\">Prebiotyczny dezodorant w kremie do cia\u0142a na dzie\u0144<\/div>\n<\/div>\n<\/div>\n<\/div>\n<\/div>\n<\/div>\n<\/li>\n<li>30 \/ 100 ml<\/li>\n<\/ul>\n","protected":false},"featured_media":8922,"template":"","meta":[],"product_cat":[140,142],"product_tag":[],"acf":[],"yoast_head":"<!-- This site is optimized with the Yoast SEO plugin v19.3 - https:\/\/yoast.com\/wordpress\/plugins\/seo\/ -->\n<title>Body-Day Deodorant - BEAUTY SHOP Wroniszewska<\/title>\n<meta name=\"robots\" content=\"index, follow, max-snippet:-1, max-image-preview:large, max-video-preview:-1\" \/>\n<link rel=\"canonical\" href=\"https:\/\/wroniszewska.pl\/beautyshop\/produkt\/body-day-deodorant\/\" \/>\n<meta property=\"og:locale\" content=\"pl_PL\" \/>\n<meta property=\"og:type\" content=\"article\" \/>\n<meta property=\"og:title\" content=\"Body-Day Deodorant - BEAUTY SHOP Wroniszewska\" \/>\n<meta property=\"og:description\" content=\"Prebiotyczny dezodorant w kremie do cia\u0142a na dzie\u0144       30 \/ 100 ml\" \/>\n<meta property=\"og:url\" content=\"https:\/\/wroniszewska.pl\/beautyshop\/produkt\/body-day-deodorant\/\" \/>\n<meta property=\"og:site_name\" content=\"BEAUTY SHOP Wroniszewska\" \/>\n<meta property=\"article:modified_time\" content=\"2023-03-15T08:25:36+00:00\" \/>\n<meta property=\"og:image\" content=\"https:\/\/wroniszewska.pl\/beautyshop\/wp-content\/uploads\/sites\/2\/2022\/09\/Body-Day-100.jpg\" \/>\n\t<meta property=\"og:image:width\" content=\"600\" \/>\n\t<meta property=\"og:image:height\" content=\"600\" \/>\n\t<meta property=\"og:image:type\" content=\"image\/jpeg\" \/>\n<meta name=\"twitter:card\" content=\"summary_large_image\" \/>\n<meta name=\"twitter:label1\" content=\"Szacowany czas czytania\" \/>\n\t<meta name=\"twitter:data1\" content=\"1 minuta\" \/>\n<script type=\"application\/ld+json\" class=\"yoast-schema-graph\">{\"@context\":\"https:\/\/schema.org\",\"@graph\":[{\"@type\":\"WebSite\",\"@id\":\"https:\/\/wroniszewska.pl\/beautyshop\/#website\",\"url\":\"https:\/\/wroniszewska.pl\/beautyshop\/\",\"name\":\"BEAUTY SHOP Wroniszewska\",\"description\":\"Kosmetyki profesjonalnych marek: PCA Skin, ProXN, Meder Beauty, Cell Fusion C Expert, Cell Fusion C\",\"potentialAction\":[{\"@type\":\"SearchAction\",\"target\":{\"@type\":\"EntryPoint\",\"urlTemplate\":\"https:\/\/wroniszewska.pl\/beautyshop\/?s={search_term_string}\"},\"query-input\":\"required name=search_term_string\"}],\"inLanguage\":\"pl-PL\"},{\"@type\":\"ImageObject\",\"inLanguage\":\"pl-PL\",\"@id\":\"https:\/\/wroniszewska.pl\/beautyshop\/produkt\/body-day-deodorant\/#primaryimage\",\"url\":\"https:\/\/wroniszewska.pl\/beautyshop\/wp-content\/uploads\/sites\/2\/2022\/09\/Body-Day-100.jpg\",\"contentUrl\":\"https:\/\/wroniszewska.pl\/beautyshop\/wp-content\/uploads\/sites\/2\/2022\/09\/Body-Day-100.jpg\",\"width\":600,\"height\":600},{\"@type\":\"WebPage\",\"@id\":\"https:\/\/wroniszewska.pl\/beautyshop\/produkt\/body-day-deodorant\/\",\"url\":\"https:\/\/wroniszewska.pl\/beautyshop\/produkt\/body-day-deodorant\/\",\"name\":\"Body-Day Deodorant - BEAUTY SHOP Wroniszewska\",\"isPartOf\":{\"@id\":\"https:\/\/wroniszewska.pl\/beautyshop\/#website\"},\"primaryImageOfPage\":{\"@id\":\"https:\/\/wroniszewska.pl\/beautyshop\/produkt\/body-day-deodorant\/#primaryimage\"},\"datePublished\":\"2022-09-23T10:23:51+00:00\",\"dateModified\":\"2023-03-15T08:25:36+00:00\",\"breadcrumb\":{\"@id\":\"https:\/\/wroniszewska.pl\/beautyshop\/produkt\/body-day-deodorant\/#breadcrumb\"},\"inLanguage\":\"pl-PL\",\"potentialAction\":[{\"@type\":\"ReadAction\",\"target\":[\"https:\/\/wroniszewska.pl\/beautyshop\/produkt\/body-day-deodorant\/\"]}]},{\"@type\":\"BreadcrumbList\",\"@id\":\"https:\/\/wroniszewska.pl\/beautyshop\/produkt\/body-day-deodorant\/#breadcrumb\",\"itemListElement\":[{\"@type\":\"ListItem\",\"position\":1,\"name\":\"Strona g\u0142\u00f3wna\",\"item\":\"https:\/\/wroniszewska.pl\/beautyshop\/\"},{\"@type\":\"ListItem\",\"position\":2,\"name\":\"Produkty\",\"item\":\"https:\/\/wroniszewska.pl\/beautyshop\/produkty\/\"},{\"@type\":\"ListItem\",\"position\":3,\"name\":\"Body-Day Deodorant\"}]}]}<\/script>\n<!-- \/ Yoast SEO plugin. -->","yoast_head_json":{"title":"Body-Day Deodorant - BEAUTY SHOP Wroniszewska","robots":{"index":"index","follow":"follow","max-snippet":"max-snippet:-1","max-image-preview":"max-image-preview:large","max-video-preview":"max-video-preview:-1"},"canonical":"https:\/\/wroniszewska.pl\/beautyshop\/produkt\/body-day-deodorant\/","og_locale":"pl_PL","og_type":"article","og_title":"Body-Day Deodorant - BEAUTY SHOP Wroniszewska","og_description":"Prebiotyczny dezodorant w kremie do cia\u0142a na dzie\u0144       30 \/ 100 ml","og_url":"https:\/\/wroniszewska.pl\/beautyshop\/produkt\/body-day-deodorant\/","og_site_name":"BEAUTY SHOP Wroniszewska","article_modified_time":"2023-03-15T08:25:36+00:00","og_image":[{"width":600,"height":600,"url":"https:\/\/wroniszewska.pl\/beautyshop\/wp-content\/uploads\/sites\/2\/2022\/09\/Body-Day-100.jpg","type":"image\/jpeg"}],"twitter_card":"summary_large_image","twitter_misc":{"Szacowany czas czytania":"1 minuta"},"schema":{"@context":"https:\/\/schema.org","@graph":[{"@type":"WebSite","@id":"https:\/\/wroniszewska.pl\/beautyshop\/#website","url":"https:\/\/wroniszewska.pl\/beautyshop\/","name":"BEAUTY SHOP Wroniszewska","description":"Kosmetyki profesjonalnych marek: PCA Skin, ProXN, Meder Beauty, Cell Fusion C Expert, Cell Fusion C","potentialAction":[{"@type":"SearchAction","target":{"@type":"EntryPoint","urlTemplate":"https:\/\/wroniszewska.pl\/beautyshop\/?s={search_term_string}"},"query-input":"required name=search_term_string"}],"inLanguage":"pl-PL"},{"@type":"ImageObject","inLanguage":"pl-PL","@id":"https:\/\/wroniszewska.pl\/beautyshop\/produkt\/body-day-deodorant\/#primaryimage","url":"https:\/\/wroniszewska.pl\/beautyshop\/wp-content\/uploads\/sites\/2\/2022\/09\/Body-Day-100.jpg","contentUrl":"https:\/\/wroniszewska.pl\/beautyshop\/wp-content\/uploads\/sites\/2\/2022\/09\/Body-Day-100.jpg","width":600,"height":600},{"@type":"WebPage","@id":"https:\/\/wroniszewska.pl\/beautyshop\/produkt\/body-day-deodorant\/","url":"https:\/\/wroniszewska.pl\/beautyshop\/produkt\/body-day-deodorant\/","name":"Body-Day Deodorant - BEAUTY SHOP Wroniszewska","isPartOf":{"@id":"https:\/\/wroniszewska.pl\/beautyshop\/#website"},"primaryImageOfPage":{"@id":"https:\/\/wroniszewska.pl\/beautyshop\/produkt\/body-day-deodorant\/#primaryimage"},"datePublished":"2022-09-23T10:23:51+00:00","dateModified":"2023-03-15T08:25:36+00:00","breadcrumb":{"@id":"https:\/\/wroniszewska.pl\/beautyshop\/produkt\/body-day-deodorant\/#breadcrumb"},"inLanguage":"pl-PL","potentialAction":[{"@type":"ReadAction","target":["https:\/\/wroniszewska.pl\/beautyshop\/produkt\/body-day-deodorant\/"]}]},{"@type":"BreadcrumbList","@id":"https:\/\/wroniszewska.pl\/beautyshop\/produkt\/body-day-deodorant\/#breadcrumb","itemListElement":[{"@type":"ListItem","position":1,"name":"Strona g\u0142\u00f3wna","item":"https:\/\/wroniszewska.pl\/beautyshop\/"},{"@type":"ListItem","position":2,"name":"Produkty","item":"https:\/\/wroniszewska.pl\/beautyshop\/produkty\/"},{"@type":"ListItem","position":3,"name":"Body-Day Deodorant"}]}]}},"_links":{"self":[{"href":"https:\/\/wroniszewska.pl\/beautyshop\/wp-json\/wp\/v2\/product\/8921"}],"collection":[{"href":"https:\/\/wroniszewska.pl\/beautyshop\/wp-json\/wp\/v2\/product"}],"about":[{"href":"https:\/\/wroniszewska.pl\/beautyshop\/wp-json\/wp\/v2\/types\/product"}],"wp:featuredmedia":[{"embeddable":true,"href":"https:\/\/wroniszewska.pl\/beautyshop\/wp-json\/wp\/v2\/media\/8922"}],"wp:attachment":[{"href":"https:\/\/wroniszewska.pl\/beautyshop\/wp-json\/wp\/v2\/media?parent=8921"}],"wp:term":[{"taxonomy":"product_cat","embeddable":true,"href":"https:\/\/wroniszewska.pl\/beautyshop\/wp-json\/wp\/v2\/product_cat?post=8921"},{"taxonomy":"product_tag","embeddable":true,"href":"https:\/\/wroniszewska.pl\/beautyshop\/wp-json\/wp\/v2\/product_tag?post=8921"}],"curies":[{"name":"wp","href":"https:\/\/api.w.org\/{rel}","templated":true}]}}