{"id":8920,"date":"2022-09-23T12:08:21","date_gmt":"2022-09-23T10:08:21","guid":{"rendered":"https:\/\/wroniszewska.pl\/beautyshop\/?post_type=product&#038;p=8920"},"modified":"2023-03-15T09:25:51","modified_gmt":"2023-03-15T08:25:51","slug":"heavy-legs-zel","status":"publish","type":"product","link":"https:\/\/wroniszewska.pl\/beautyshop\/produkt\/heavy-legs-zel\/","title":{"rendered":"Heavy-Legs \u017bel"},"content":{"rendered":"<p>Lekki \u017cel orze\u017awiaj\u0105cy na zm\u0119czone nogi i gor\u0105ce stopy Heavy-Legs przynosi natychmiastowe uczucie ch\u0142odu i odpr\u0119\u017cenia. Wypr\u00f3buj go po ca\u0142ym dniu chodzenia lub stania, aby pom\u00f3c odpocz\u0105\u0107 i zregenerowa\u0107 si\u0119 ci\u0119\u017ckim, zm\u0119czonym nogom i stopom. Heavy-Legs Gel to naturalny \u015brodek od\u015bwie\u017caj\u0105cy, kt\u00f3ry \u0142agodzi i zapobiega odczuwanie gor\u0105ca w nogach i stopach.<\/p>\n<p><strong>Wskazania:<\/strong> ci\u0119\u017cko\u015b\u0107 n\u00f3g, zm\u0119czone stopy i nogi, uczucie gor\u0105ca na stopach i nogach, zapobieganie ci\u0119\u017cko\u015bci n\u00f3g, regeneracja st\u00f3p i n\u00f3g, od\u015bwie\u017cenie st\u00f3p i n\u00f3g.<\/p>\n<p><strong>Spos\u00f3b u\u017cycia:<\/strong> Nak\u0142adaj na nogi i stopy, gdy pojawi si\u0119 uczucie zm\u0119czenia, gor\u0105ca i ci\u0119\u017cko\u015bci. Je\u015bli masz przed sob\u0105 ci\u0119\u017cki dzie\u0144, zastosuj rano, aby zapobiec zm\u0119czeniu i uczuciu ci\u0119\u017cko\u015bci w nogach i stopach.<\/p>\n<p><strong>Sk\u0142adniki aktywne:<\/strong> escyna (kluczowy sk\u0142adnik ekstraktu z kasztanowca), ekstrakt z li\u015bci czerwonej winoro\u015bli, kryszta\u0142ki mentolu z mi\u0119ty japo\u0144skiej, woda alpejska, gliceryna.<\/p>\n","protected":false},"excerpt":{"rendered":"<ul>\n<li>\n<div class=\"FFpbKc\">\n<div class=\"nidPne\">\n<div data-show-delay-ms=\"250\" data-append-to-body=\"true\" data-propagate-tooltip-mouseover-events=\"true\" data-anchor-corner=\"bottom-left\" data-enable-skip-handler=\"false\" data-popup-corner=\"top-left\">\n<div class=\"scLCMd\">\n<div id=\"itamenu\">\n<div class=\"goog-container goog-container-vertical\">Lekki \u017cel orze\u017awiaj\u0105cy na zm\u0119czone nogi i gor\u0105ce stopy<\/div>\n<\/div>\n<\/div>\n<\/div>\n<\/div>\n<\/div>\n<\/li>\n<li>50 ml<\/li>\n<\/ul>\n","protected":false},"featured_media":8916,"template":"","meta":[],"product_cat":[142],"product_tag":[],"acf":[],"yoast_head":"<!-- This site is optimized with the Yoast SEO plugin v19.3 - https:\/\/yoast.com\/wordpress\/plugins\/seo\/ -->\n<title>Heavy-Legs \u017bel - BEAUTY SHOP Wroniszewska<\/title>\n<meta name=\"robots\" content=\"index, follow, max-snippet:-1, max-image-preview:large, max-video-preview:-1\" \/>\n<link rel=\"canonical\" href=\"https:\/\/wroniszewska.pl\/beautyshop\/produkt\/heavy-legs-zel\/\" \/>\n<meta property=\"og:locale\" content=\"pl_PL\" \/>\n<meta property=\"og:type\" content=\"article\" \/>\n<meta property=\"og:title\" content=\"Heavy-Legs \u017bel - BEAUTY SHOP Wroniszewska\" \/>\n<meta property=\"og:description\" content=\"Lekki \u017cel orze\u017awiaj\u0105cy na zm\u0119czone nogi i gor\u0105ce stopy       50 ml\" \/>\n<meta property=\"og:url\" content=\"https:\/\/wroniszewska.pl\/beautyshop\/produkt\/heavy-legs-zel\/\" \/>\n<meta property=\"og:site_name\" content=\"BEAUTY SHOP Wroniszewska\" \/>\n<meta property=\"article:modified_time\" content=\"2023-03-15T08:25:51+00:00\" \/>\n<meta property=\"og:image\" content=\"https:\/\/wroniszewska.pl\/beautyshop\/wp-content\/uploads\/sites\/2\/2022\/09\/Heavy-legs.jpg\" \/>\n\t<meta property=\"og:image:width\" content=\"600\" \/>\n\t<meta property=\"og:image:height\" content=\"600\" \/>\n\t<meta property=\"og:image:type\" content=\"image\/jpeg\" \/>\n<meta name=\"twitter:card\" content=\"summary_large_image\" \/>\n<meta name=\"twitter:label1\" content=\"Szacowany czas czytania\" \/>\n\t<meta name=\"twitter:data1\" content=\"1 minuta\" \/>\n<script type=\"application\/ld+json\" class=\"yoast-schema-graph\">{\"@context\":\"https:\/\/schema.org\",\"@graph\":[{\"@type\":\"WebSite\",\"@id\":\"https:\/\/wroniszewska.pl\/beautyshop\/#website\",\"url\":\"https:\/\/wroniszewska.pl\/beautyshop\/\",\"name\":\"BEAUTY SHOP Wroniszewska\",\"description\":\"Kosmetyki profesjonalnych marek: PCA Skin, ProXN, Meder Beauty, Cell Fusion C Expert, Cell Fusion C\",\"potentialAction\":[{\"@type\":\"SearchAction\",\"target\":{\"@type\":\"EntryPoint\",\"urlTemplate\":\"https:\/\/wroniszewska.pl\/beautyshop\/?s={search_term_string}\"},\"query-input\":\"required name=search_term_string\"}],\"inLanguage\":\"pl-PL\"},{\"@type\":\"ImageObject\",\"inLanguage\":\"pl-PL\",\"@id\":\"https:\/\/wroniszewska.pl\/beautyshop\/produkt\/heavy-legs-zel\/#primaryimage\",\"url\":\"https:\/\/wroniszewska.pl\/beautyshop\/wp-content\/uploads\/sites\/2\/2022\/09\/Heavy-legs.jpg\",\"contentUrl\":\"https:\/\/wroniszewska.pl\/beautyshop\/wp-content\/uploads\/sites\/2\/2022\/09\/Heavy-legs.jpg\",\"width\":600,\"height\":600},{\"@type\":\"WebPage\",\"@id\":\"https:\/\/wroniszewska.pl\/beautyshop\/produkt\/heavy-legs-zel\/\",\"url\":\"https:\/\/wroniszewska.pl\/beautyshop\/produkt\/heavy-legs-zel\/\",\"name\":\"Heavy-Legs \u017bel - BEAUTY SHOP Wroniszewska\",\"isPartOf\":{\"@id\":\"https:\/\/wroniszewska.pl\/beautyshop\/#website\"},\"primaryImageOfPage\":{\"@id\":\"https:\/\/wroniszewska.pl\/beautyshop\/produkt\/heavy-legs-zel\/#primaryimage\"},\"datePublished\":\"2022-09-23T10:08:21+00:00\",\"dateModified\":\"2023-03-15T08:25:51+00:00\",\"breadcrumb\":{\"@id\":\"https:\/\/wroniszewska.pl\/beautyshop\/produkt\/heavy-legs-zel\/#breadcrumb\"},\"inLanguage\":\"pl-PL\",\"potentialAction\":[{\"@type\":\"ReadAction\",\"target\":[\"https:\/\/wroniszewska.pl\/beautyshop\/produkt\/heavy-legs-zel\/\"]}]},{\"@type\":\"BreadcrumbList\",\"@id\":\"https:\/\/wroniszewska.pl\/beautyshop\/produkt\/heavy-legs-zel\/#breadcrumb\",\"itemListElement\":[{\"@type\":\"ListItem\",\"position\":1,\"name\":\"Strona g\u0142\u00f3wna\",\"item\":\"https:\/\/wroniszewska.pl\/beautyshop\/\"},{\"@type\":\"ListItem\",\"position\":2,\"name\":\"Produkty\",\"item\":\"https:\/\/wroniszewska.pl\/beautyshop\/produkty\/\"},{\"@type\":\"ListItem\",\"position\":3,\"name\":\"Heavy-Legs \u017bel\"}]}]}<\/script>\n<!-- \/ Yoast SEO plugin. -->","yoast_head_json":{"title":"Heavy-Legs \u017bel - BEAUTY SHOP Wroniszewska","robots":{"index":"index","follow":"follow","max-snippet":"max-snippet:-1","max-image-preview":"max-image-preview:large","max-video-preview":"max-video-preview:-1"},"canonical":"https:\/\/wroniszewska.pl\/beautyshop\/produkt\/heavy-legs-zel\/","og_locale":"pl_PL","og_type":"article","og_title":"Heavy-Legs \u017bel - BEAUTY SHOP Wroniszewska","og_description":"Lekki \u017cel orze\u017awiaj\u0105cy na zm\u0119czone nogi i gor\u0105ce stopy       50 ml","og_url":"https:\/\/wroniszewska.pl\/beautyshop\/produkt\/heavy-legs-zel\/","og_site_name":"BEAUTY SHOP Wroniszewska","article_modified_time":"2023-03-15T08:25:51+00:00","og_image":[{"width":600,"height":600,"url":"https:\/\/wroniszewska.pl\/beautyshop\/wp-content\/uploads\/sites\/2\/2022\/09\/Heavy-legs.jpg","type":"image\/jpeg"}],"twitter_card":"summary_large_image","twitter_misc":{"Szacowany czas czytania":"1 minuta"},"schema":{"@context":"https:\/\/schema.org","@graph":[{"@type":"WebSite","@id":"https:\/\/wroniszewska.pl\/beautyshop\/#website","url":"https:\/\/wroniszewska.pl\/beautyshop\/","name":"BEAUTY SHOP Wroniszewska","description":"Kosmetyki profesjonalnych marek: PCA Skin, ProXN, Meder Beauty, Cell Fusion C Expert, Cell Fusion C","potentialAction":[{"@type":"SearchAction","target":{"@type":"EntryPoint","urlTemplate":"https:\/\/wroniszewska.pl\/beautyshop\/?s={search_term_string}"},"query-input":"required name=search_term_string"}],"inLanguage":"pl-PL"},{"@type":"ImageObject","inLanguage":"pl-PL","@id":"https:\/\/wroniszewska.pl\/beautyshop\/produkt\/heavy-legs-zel\/#primaryimage","url":"https:\/\/wroniszewska.pl\/beautyshop\/wp-content\/uploads\/sites\/2\/2022\/09\/Heavy-legs.jpg","contentUrl":"https:\/\/wroniszewska.pl\/beautyshop\/wp-content\/uploads\/sites\/2\/2022\/09\/Heavy-legs.jpg","width":600,"height":600},{"@type":"WebPage","@id":"https:\/\/wroniszewska.pl\/beautyshop\/produkt\/heavy-legs-zel\/","url":"https:\/\/wroniszewska.pl\/beautyshop\/produkt\/heavy-legs-zel\/","name":"Heavy-Legs \u017bel - BEAUTY SHOP Wroniszewska","isPartOf":{"@id":"https:\/\/wroniszewska.pl\/beautyshop\/#website"},"primaryImageOfPage":{"@id":"https:\/\/wroniszewska.pl\/beautyshop\/produkt\/heavy-legs-zel\/#primaryimage"},"datePublished":"2022-09-23T10:08:21+00:00","dateModified":"2023-03-15T08:25:51+00:00","breadcrumb":{"@id":"https:\/\/wroniszewska.pl\/beautyshop\/produkt\/heavy-legs-zel\/#breadcrumb"},"inLanguage":"pl-PL","potentialAction":[{"@type":"ReadAction","target":["https:\/\/wroniszewska.pl\/beautyshop\/produkt\/heavy-legs-zel\/"]}]},{"@type":"BreadcrumbList","@id":"https:\/\/wroniszewska.pl\/beautyshop\/produkt\/heavy-legs-zel\/#breadcrumb","itemListElement":[{"@type":"ListItem","position":1,"name":"Strona g\u0142\u00f3wna","item":"https:\/\/wroniszewska.pl\/beautyshop\/"},{"@type":"ListItem","position":2,"name":"Produkty","item":"https:\/\/wroniszewska.pl\/beautyshop\/produkty\/"},{"@type":"ListItem","position":3,"name":"Heavy-Legs \u017bel"}]}]}},"_links":{"self":[{"href":"https:\/\/wroniszewska.pl\/beautyshop\/wp-json\/wp\/v2\/product\/8920"}],"collection":[{"href":"https:\/\/wroniszewska.pl\/beautyshop\/wp-json\/wp\/v2\/product"}],"about":[{"href":"https:\/\/wroniszewska.pl\/beautyshop\/wp-json\/wp\/v2\/types\/product"}],"wp:featuredmedia":[{"embeddable":true,"href":"https:\/\/wroniszewska.pl\/beautyshop\/wp-json\/wp\/v2\/media\/8916"}],"wp:attachment":[{"href":"https:\/\/wroniszewska.pl\/beautyshop\/wp-json\/wp\/v2\/media?parent=8920"}],"wp:term":[{"taxonomy":"product_cat","embeddable":true,"href":"https:\/\/wroniszewska.pl\/beautyshop\/wp-json\/wp\/v2\/product_cat?post=8920"},{"taxonomy":"product_tag","embeddable":true,"href":"https:\/\/wroniszewska.pl\/beautyshop\/wp-json\/wp\/v2\/product_tag?post=8920"}],"curies":[{"name":"wp","href":"https:\/\/api.w.org\/{rel}","templated":true}]}}