{"id":8912,"date":"2022-09-22T21:14:25","date_gmt":"2022-09-22T19:14:25","guid":{"rendered":"https:\/\/wroniszewska.pl\/beautyshop\/?post_type=product&#038;p=8912"},"modified":"2023-03-15T09:26:22","modified_gmt":"2023-03-15T08:26:22","slug":"eu-body-krem","status":"publish","type":"product","link":"https:\/\/wroniszewska.pl\/beautyshop\/produkt\/eu-body-krem\/","title":{"rendered":"Eu-Body Krem"},"content":{"rendered":"<p>Prebiotyczny krem przeciwtr\u0105dzikowy do sk\u00f3ry cia\u0142a przywraca zdrowy mikrobiom i normalizuje sk\u00f3r\u0119 w pierwszych tygodniach stosowania. Krem jest hipoalergiczny, wysoce skuteczny i nie powoduje podra\u017cnie\u0144. Normalizuje sk\u00f3r\u0119 cia\u0142a, przywracaj\u0105c jej zdrowie i naturaln\u0105 ochron\u0119 przed mikroflor\u0105 wywo\u0142uj\u0105c\u0105 tr\u0105dzik.<\/p>\n<p>Eu-Body Cream eliminuje 100% bakterii C. acnes powoduj\u0105cych tr\u0105dzik i redukuje bakterie komensalne S. epidermidis o 97,83%*.<\/p>\n<p><strong>Wskazania:<\/strong> sk\u00f3ra problematyczna, sk\u00f3ra tr\u0105dzikowa, sk\u00f3ra wra\u017cliwa, nawracaj\u0105ce stany zapalenie sk\u00f3ry\/dermatozy, nawil\u017canie. Mo\u017cna stosowa\u0107 podczas og\u00f3lnoustrojowej terapii tr\u0105dziku (z Roaccutan, Izotek itp.), aby zachowa\u0107 zdrowie i r\u00f3\u017cnorodno\u015b\u0107 mikrobiomu sk\u00f3ry.<\/p>\n<p>UWAGA: Nie zalecamy jednoczesnego stosowania koncentratu Eu-Seb z alfa-hydroksykwasami i\/lub retinolem. W przypadkach, gdy w pierwszej fazie terapii istnieje konieczno\u015b\u0107 u\u017cycia peeling\u00f3w chemicznych, zalecamy stosowanie Eu-Body jako leczenia wspomagaj\u0105cego, kt\u00f3rego celem jest zmniejszenie dzia\u0142a\u0144 niepo\u017c\u0105danych (takich jak sucho\u015b\u0107 i podra\u017cnienie).<\/p>\n<p><strong>Spos\u00f3b u\u017cycia:<\/strong> Nak\u0142ada\u0107 rano i wieczorem na czyst\u0105 sk\u00f3r\u0119 cia\u0142a obj\u0119t\u0105 wypryskami, tr\u0105dzikiem, masowa\u0107 do wch\u0142oni\u0119cia.<\/p>\n<p><strong>Sk\u0142adniki aktywne:<\/strong> ekstrakt z ro\u015blinnych kom\u00f3rek macierzystych noni, probiotyki Kimchi, 4% niacynamidu, dekspantenol (witamina B5).<\/p>\n","protected":false},"excerpt":{"rendered":"<ul>\n<li>\n<div class=\"FFpbKc\">\n<div class=\"nidPne\">\n<div data-show-delay-ms=\"250\" data-append-to-body=\"true\" data-propagate-tooltip-mouseover-events=\"true\" data-anchor-corner=\"bottom-left\" data-enable-skip-handler=\"false\" data-popup-corner=\"top-left\">\n<div>\n<div class=\"scLCMd\">\n<div id=\"itamenu\">\n<div class=\"goog-container goog-container-vertical\">Prebiotyczny krem \u200b\u200bprzeciwtr\u0105dzikowy do cia\u0142a<\/div>\n<\/div>\n<\/div>\n<\/div>\n<\/div>\n<\/div>\n<\/div>\n<\/li>\n<li>50 ml<\/li>\n<\/ul>\n","protected":false},"featured_media":8915,"template":"","meta":[],"product_cat":[140,142],"product_tag":[],"acf":[],"yoast_head":"<!-- This site is optimized with the Yoast SEO plugin v19.3 - https:\/\/yoast.com\/wordpress\/plugins\/seo\/ -->\n<title>Eu-Body Krem - BEAUTY SHOP Wroniszewska<\/title>\n<meta name=\"robots\" content=\"index, follow, max-snippet:-1, max-image-preview:large, max-video-preview:-1\" \/>\n<link rel=\"canonical\" href=\"https:\/\/wroniszewska.pl\/beautyshop\/produkt\/eu-body-krem\/\" \/>\n<meta property=\"og:locale\" content=\"pl_PL\" \/>\n<meta property=\"og:type\" content=\"article\" \/>\n<meta property=\"og:title\" content=\"Eu-Body Krem - BEAUTY SHOP Wroniszewska\" \/>\n<meta property=\"og:description\" content=\"Prebiotyczny krem \u200b\u200bprzeciwtr\u0105dzikowy do cia\u0142a        50 ml\" \/>\n<meta property=\"og:url\" content=\"https:\/\/wroniszewska.pl\/beautyshop\/produkt\/eu-body-krem\/\" \/>\n<meta property=\"og:site_name\" content=\"BEAUTY SHOP Wroniszewska\" \/>\n<meta property=\"article:modified_time\" content=\"2023-03-15T08:26:22+00:00\" \/>\n<meta property=\"og:image\" content=\"https:\/\/wroniszewska.pl\/beautyshop\/wp-content\/uploads\/sites\/2\/2022\/09\/Eu-Body.jpg\" \/>\n\t<meta property=\"og:image:width\" content=\"600\" \/>\n\t<meta property=\"og:image:height\" content=\"600\" \/>\n\t<meta property=\"og:image:type\" content=\"image\/jpeg\" \/>\n<meta name=\"twitter:card\" content=\"summary_large_image\" \/>\n<meta name=\"twitter:label1\" content=\"Szacowany czas czytania\" \/>\n\t<meta name=\"twitter:data1\" content=\"1 minuta\" \/>\n<script type=\"application\/ld+json\" class=\"yoast-schema-graph\">{\"@context\":\"https:\/\/schema.org\",\"@graph\":[{\"@type\":\"WebSite\",\"@id\":\"https:\/\/wroniszewska.pl\/beautyshop\/#website\",\"url\":\"https:\/\/wroniszewska.pl\/beautyshop\/\",\"name\":\"BEAUTY SHOP Wroniszewska\",\"description\":\"Kosmetyki profesjonalnych marek: PCA Skin, ProXN, Meder Beauty, Cell Fusion C Expert, Cell Fusion C\",\"potentialAction\":[{\"@type\":\"SearchAction\",\"target\":{\"@type\":\"EntryPoint\",\"urlTemplate\":\"https:\/\/wroniszewska.pl\/beautyshop\/?s={search_term_string}\"},\"query-input\":\"required name=search_term_string\"}],\"inLanguage\":\"pl-PL\"},{\"@type\":\"ImageObject\",\"inLanguage\":\"pl-PL\",\"@id\":\"https:\/\/wroniszewska.pl\/beautyshop\/produkt\/eu-body-krem\/#primaryimage\",\"url\":\"https:\/\/wroniszewska.pl\/beautyshop\/wp-content\/uploads\/sites\/2\/2022\/09\/Eu-Body.jpg\",\"contentUrl\":\"https:\/\/wroniszewska.pl\/beautyshop\/wp-content\/uploads\/sites\/2\/2022\/09\/Eu-Body.jpg\",\"width\":600,\"height\":600},{\"@type\":\"WebPage\",\"@id\":\"https:\/\/wroniszewska.pl\/beautyshop\/produkt\/eu-body-krem\/\",\"url\":\"https:\/\/wroniszewska.pl\/beautyshop\/produkt\/eu-body-krem\/\",\"name\":\"Eu-Body Krem - BEAUTY SHOP Wroniszewska\",\"isPartOf\":{\"@id\":\"https:\/\/wroniszewska.pl\/beautyshop\/#website\"},\"primaryImageOfPage\":{\"@id\":\"https:\/\/wroniszewska.pl\/beautyshop\/produkt\/eu-body-krem\/#primaryimage\"},\"datePublished\":\"2022-09-22T19:14:25+00:00\",\"dateModified\":\"2023-03-15T08:26:22+00:00\",\"breadcrumb\":{\"@id\":\"https:\/\/wroniszewska.pl\/beautyshop\/produkt\/eu-body-krem\/#breadcrumb\"},\"inLanguage\":\"pl-PL\",\"potentialAction\":[{\"@type\":\"ReadAction\",\"target\":[\"https:\/\/wroniszewska.pl\/beautyshop\/produkt\/eu-body-krem\/\"]}]},{\"@type\":\"BreadcrumbList\",\"@id\":\"https:\/\/wroniszewska.pl\/beautyshop\/produkt\/eu-body-krem\/#breadcrumb\",\"itemListElement\":[{\"@type\":\"ListItem\",\"position\":1,\"name\":\"Strona g\u0142\u00f3wna\",\"item\":\"https:\/\/wroniszewska.pl\/beautyshop\/\"},{\"@type\":\"ListItem\",\"position\":2,\"name\":\"Produkty\",\"item\":\"https:\/\/wroniszewska.pl\/beautyshop\/produkty\/\"},{\"@type\":\"ListItem\",\"position\":3,\"name\":\"Eu-Body Krem\"}]}]}<\/script>\n<!-- \/ Yoast SEO plugin. -->","yoast_head_json":{"title":"Eu-Body Krem - BEAUTY SHOP Wroniszewska","robots":{"index":"index","follow":"follow","max-snippet":"max-snippet:-1","max-image-preview":"max-image-preview:large","max-video-preview":"max-video-preview:-1"},"canonical":"https:\/\/wroniszewska.pl\/beautyshop\/produkt\/eu-body-krem\/","og_locale":"pl_PL","og_type":"article","og_title":"Eu-Body Krem - BEAUTY SHOP Wroniszewska","og_description":"Prebiotyczny krem \u200b\u200bprzeciwtr\u0105dzikowy do cia\u0142a        50 ml","og_url":"https:\/\/wroniszewska.pl\/beautyshop\/produkt\/eu-body-krem\/","og_site_name":"BEAUTY SHOP Wroniszewska","article_modified_time":"2023-03-15T08:26:22+00:00","og_image":[{"width":600,"height":600,"url":"https:\/\/wroniszewska.pl\/beautyshop\/wp-content\/uploads\/sites\/2\/2022\/09\/Eu-Body.jpg","type":"image\/jpeg"}],"twitter_card":"summary_large_image","twitter_misc":{"Szacowany czas czytania":"1 minuta"},"schema":{"@context":"https:\/\/schema.org","@graph":[{"@type":"WebSite","@id":"https:\/\/wroniszewska.pl\/beautyshop\/#website","url":"https:\/\/wroniszewska.pl\/beautyshop\/","name":"BEAUTY SHOP Wroniszewska","description":"Kosmetyki profesjonalnych marek: PCA Skin, ProXN, Meder Beauty, Cell Fusion C Expert, Cell Fusion C","potentialAction":[{"@type":"SearchAction","target":{"@type":"EntryPoint","urlTemplate":"https:\/\/wroniszewska.pl\/beautyshop\/?s={search_term_string}"},"query-input":"required name=search_term_string"}],"inLanguage":"pl-PL"},{"@type":"ImageObject","inLanguage":"pl-PL","@id":"https:\/\/wroniszewska.pl\/beautyshop\/produkt\/eu-body-krem\/#primaryimage","url":"https:\/\/wroniszewska.pl\/beautyshop\/wp-content\/uploads\/sites\/2\/2022\/09\/Eu-Body.jpg","contentUrl":"https:\/\/wroniszewska.pl\/beautyshop\/wp-content\/uploads\/sites\/2\/2022\/09\/Eu-Body.jpg","width":600,"height":600},{"@type":"WebPage","@id":"https:\/\/wroniszewska.pl\/beautyshop\/produkt\/eu-body-krem\/","url":"https:\/\/wroniszewska.pl\/beautyshop\/produkt\/eu-body-krem\/","name":"Eu-Body Krem - BEAUTY SHOP Wroniszewska","isPartOf":{"@id":"https:\/\/wroniszewska.pl\/beautyshop\/#website"},"primaryImageOfPage":{"@id":"https:\/\/wroniszewska.pl\/beautyshop\/produkt\/eu-body-krem\/#primaryimage"},"datePublished":"2022-09-22T19:14:25+00:00","dateModified":"2023-03-15T08:26:22+00:00","breadcrumb":{"@id":"https:\/\/wroniszewska.pl\/beautyshop\/produkt\/eu-body-krem\/#breadcrumb"},"inLanguage":"pl-PL","potentialAction":[{"@type":"ReadAction","target":["https:\/\/wroniszewska.pl\/beautyshop\/produkt\/eu-body-krem\/"]}]},{"@type":"BreadcrumbList","@id":"https:\/\/wroniszewska.pl\/beautyshop\/produkt\/eu-body-krem\/#breadcrumb","itemListElement":[{"@type":"ListItem","position":1,"name":"Strona g\u0142\u00f3wna","item":"https:\/\/wroniszewska.pl\/beautyshop\/"},{"@type":"ListItem","position":2,"name":"Produkty","item":"https:\/\/wroniszewska.pl\/beautyshop\/produkty\/"},{"@type":"ListItem","position":3,"name":"Eu-Body Krem"}]}]}},"_links":{"self":[{"href":"https:\/\/wroniszewska.pl\/beautyshop\/wp-json\/wp\/v2\/product\/8912"}],"collection":[{"href":"https:\/\/wroniszewska.pl\/beautyshop\/wp-json\/wp\/v2\/product"}],"about":[{"href":"https:\/\/wroniszewska.pl\/beautyshop\/wp-json\/wp\/v2\/types\/product"}],"wp:featuredmedia":[{"embeddable":true,"href":"https:\/\/wroniszewska.pl\/beautyshop\/wp-json\/wp\/v2\/media\/8915"}],"wp:attachment":[{"href":"https:\/\/wroniszewska.pl\/beautyshop\/wp-json\/wp\/v2\/media?parent=8912"}],"wp:term":[{"taxonomy":"product_cat","embeddable":true,"href":"https:\/\/wroniszewska.pl\/beautyshop\/wp-json\/wp\/v2\/product_cat?post=8912"},{"taxonomy":"product_tag","embeddable":true,"href":"https:\/\/wroniszewska.pl\/beautyshop\/wp-json\/wp\/v2\/product_tag?post=8912"}],"curies":[{"name":"wp","href":"https:\/\/api.w.org\/{rel}","templated":true}]}}