{"id":8899,"date":"2022-02-20T13:14:48","date_gmt":"2022-02-20T12:14:48","guid":{"rendered":"https:\/\/wroniszewska.pl\/beautyshop\/?post_type=product&#038;p=8899"},"modified":"2022-09-30T11:44:52","modified_gmt":"2022-09-30T09:44:52","slug":"complexion-clearing-program","status":"publish","type":"product","link":"https:\/\/wroniszewska.pl\/beautyshop\/produkt\/complexion-clearing-program\/","title":{"rendered":"Complexion Clearing Program"},"content":{"rendered":"<p>Gdy proces z\u0142uszczania nask\u00f3rka przebiega nieprawid\u0142owo, martwe kom\u00f3rki nawarstwiaj\u0105 si\u0119 na powierzchni sk\u00f3ry i wewn\u0105trz por\u00f3w. Nast\u0119pnie \u0142\u0105cz\u0105 si\u0119 z uwi\u0119zionym tam \u0142ojem sk\u00f3rnym i dochodzi do zablokowania uj\u015b\u0107 gruczo\u0142\u00f3w \u0142ojowych, a w rezultacie do pojawienia si\u0119 ograniczaj\u0105ce wydzielanie sebum i rozpuszczaj\u0105ce nadmiar \u0142oju na powierzchni sk\u00f3ry, zask\u00f3rnik\u00f3w i ropnych krostek. Complexion Clearing Program zawiera kluczowe sk\u0142adniki kt\u00f3re jednocze\u015bnie z\u0142uszczaj\u0105 martwe kom\u00f3rki nask\u00f3rka, pomagaj\u0105c w naprawie uszkodze\u0144 powierzchniowych, \u015bci\u0105gaj\u0105c pory i poprawiaj\u0105c struktur\u0119 sk\u00f3ry.<\/p>\n<h5>Program zosta\u0142 specjalnie opracowany by:<\/h5>\n<ul>\n<li>Kontrolowa\u0107 wydzielanie sebum<\/li>\n<li>Usuwa\u0107 martwe kom\u00f3rki sk\u00f3ry<\/li>\n<li>Stymulowa\u0107 w\u0142a\u015bciw\u0105 odnow\u0119 kom\u00f3rkow\u0105<\/li>\n<li>Zwi\u0119ksza\u0107 naturaln\u0105 produkcj\u0119 kolagenu w sk\u00f3rze<\/li>\n<li>\u0141agodzi\u0107 i koi\u0107 podra\u017cnion\u0105 sk\u00f3r\u0119 ze stanami zapalnymi<\/li>\n<\/ul>\n<h5>Program obejmuje nast\u0119puj\u0105ce produkty:<\/h5>\n<ol>\n<li><a href=\"https:\/\/wroniszewska.pl\/beautyshop\/produkt\/exfoliating-cleanser\/\">Exfoliating<\/a><a href=\"https:\/\/wroniszewska.pl\/beautyshop\/produkt\/gentle-cleanser\/\"> Cleanser<\/a> 200 ml<\/li>\n<li><a href=\"https:\/\/wroniszewska.pl\/beautyshop\/produkt\/exfoliating-polish\/\">Exfoliating Polish<\/a> 65 g<\/li>\n<li><a href=\"https:\/\/wroniszewska.pl\/beautyshop\/produkt\/complexion-renewal-pads\/\">Complexion Renewal Pads<\/a> 60 p\u0142atk\u00f3w<\/li>\n<li><a href=\"https:\/\/wroniszewska.pl\/beautyshop\/produkt\/complexion-clearing-masque\/\">Complexion Clearing Masque<\/a> 85 g<\/li>\n<\/ol>\n","protected":false},"excerpt":{"rendered":"<ul>\n<li>Program zapobiegania i terapii tr\u0105dziku<\/li>\n<li>4 produkty<\/li>\n<li>Napisz na\u00a0<a href=\"mailto:sklep@wroniszewska.pl\">sklep@wroniszewska.pl<\/a>, aby uzyska\u0107 dost\u0119p do tego produktu<\/li>\n<\/ul>\n","protected":false},"featured_media":8883,"template":"","meta":[],"product_cat":[222,135,139,219,143],"product_tag":[],"acf":[],"yoast_head":"<!-- This site is optimized with the Yoast SEO plugin v19.3 - https:\/\/yoast.com\/wordpress\/plugins\/seo\/ -->\n<title>Complexion Clearing Program - BEAUTY SHOP Wroniszewska<\/title>\n<meta name=\"robots\" content=\"index, follow, max-snippet:-1, max-image-preview:large, max-video-preview:-1\" \/>\n<link rel=\"canonical\" href=\"https:\/\/wroniszewska.pl\/beautyshop\/produkt\/complexion-clearing-program\/\" \/>\n<meta property=\"og:locale\" content=\"pl_PL\" \/>\n<meta property=\"og:type\" content=\"article\" \/>\n<meta property=\"og:title\" content=\"Complexion Clearing Program - BEAUTY SHOP Wroniszewska\" \/>\n<meta property=\"og:description\" content=\"Program zapobiegania i terapii tr\u0105dziku  4 produkty  Napisz na\u00a0sklep@wroniszewska.pl, aby uzyska\u0107 dost\u0119p do tego produktu\" \/>\n<meta property=\"og:url\" content=\"https:\/\/wroniszewska.pl\/beautyshop\/produkt\/complexion-clearing-program\/\" \/>\n<meta property=\"og:site_name\" content=\"BEAUTY SHOP Wroniszewska\" \/>\n<meta property=\"article:modified_time\" content=\"2022-09-30T09:44:52+00:00\" \/>\n<meta property=\"og:image\" content=\"https:\/\/wroniszewska.pl\/beautyshop\/wp-content\/uploads\/sites\/2\/2022\/09\/acne_prevention_treatment_program.png\" \/>\n\t<meta property=\"og:image:width\" content=\"1040\" \/>\n\t<meta property=\"og:image:height\" content=\"1040\" \/>\n\t<meta property=\"og:image:type\" content=\"image\/png\" \/>\n<meta name=\"twitter:card\" content=\"summary_large_image\" \/>\n<meta name=\"twitter:label1\" content=\"Szacowany czas czytania\" \/>\n\t<meta name=\"twitter:data1\" content=\"1 minuta\" \/>\n<script type=\"application\/ld+json\" class=\"yoast-schema-graph\">{\"@context\":\"https:\/\/schema.org\",\"@graph\":[{\"@type\":\"WebSite\",\"@id\":\"https:\/\/wroniszewska.pl\/beautyshop\/#website\",\"url\":\"https:\/\/wroniszewska.pl\/beautyshop\/\",\"name\":\"BEAUTY SHOP Wroniszewska\",\"description\":\"Kosmetyki profesjonalnych marek: PCA Skin, ProXN, Meder Beauty, Cell Fusion C Expert, Cell Fusion C\",\"potentialAction\":[{\"@type\":\"SearchAction\",\"target\":{\"@type\":\"EntryPoint\",\"urlTemplate\":\"https:\/\/wroniszewska.pl\/beautyshop\/?s={search_term_string}\"},\"query-input\":\"required name=search_term_string\"}],\"inLanguage\":\"pl-PL\"},{\"@type\":\"ImageObject\",\"inLanguage\":\"pl-PL\",\"@id\":\"https:\/\/wroniszewska.pl\/beautyshop\/produkt\/complexion-clearing-program\/#primaryimage\",\"url\":\"https:\/\/wroniszewska.pl\/beautyshop\/wp-content\/uploads\/sites\/2\/2022\/09\/acne_prevention_treatment_program.png\",\"contentUrl\":\"https:\/\/wroniszewska.pl\/beautyshop\/wp-content\/uploads\/sites\/2\/2022\/09\/acne_prevention_treatment_program.png\",\"width\":1040,\"height\":1040},{\"@type\":\"WebPage\",\"@id\":\"https:\/\/wroniszewska.pl\/beautyshop\/produkt\/complexion-clearing-program\/\",\"url\":\"https:\/\/wroniszewska.pl\/beautyshop\/produkt\/complexion-clearing-program\/\",\"name\":\"Complexion Clearing Program - BEAUTY SHOP Wroniszewska\",\"isPartOf\":{\"@id\":\"https:\/\/wroniszewska.pl\/beautyshop\/#website\"},\"primaryImageOfPage\":{\"@id\":\"https:\/\/wroniszewska.pl\/beautyshop\/produkt\/complexion-clearing-program\/#primaryimage\"},\"datePublished\":\"2022-02-20T12:14:48+00:00\",\"dateModified\":\"2022-09-30T09:44:52+00:00\",\"breadcrumb\":{\"@id\":\"https:\/\/wroniszewska.pl\/beautyshop\/produkt\/complexion-clearing-program\/#breadcrumb\"},\"inLanguage\":\"pl-PL\",\"potentialAction\":[{\"@type\":\"ReadAction\",\"target\":[\"https:\/\/wroniszewska.pl\/beautyshop\/produkt\/complexion-clearing-program\/\"]}]},{\"@type\":\"BreadcrumbList\",\"@id\":\"https:\/\/wroniszewska.pl\/beautyshop\/produkt\/complexion-clearing-program\/#breadcrumb\",\"itemListElement\":[{\"@type\":\"ListItem\",\"position\":1,\"name\":\"Strona g\u0142\u00f3wna\",\"item\":\"https:\/\/wroniszewska.pl\/beautyshop\/\"},{\"@type\":\"ListItem\",\"position\":2,\"name\":\"Produkty\",\"item\":\"https:\/\/wroniszewska.pl\/beautyshop\/produkty\/\"},{\"@type\":\"ListItem\",\"position\":3,\"name\":\"Complexion Clearing Program\"}]}]}<\/script>\n<!-- \/ Yoast SEO plugin. -->","yoast_head_json":{"title":"Complexion Clearing Program - BEAUTY SHOP Wroniszewska","robots":{"index":"index","follow":"follow","max-snippet":"max-snippet:-1","max-image-preview":"max-image-preview:large","max-video-preview":"max-video-preview:-1"},"canonical":"https:\/\/wroniszewska.pl\/beautyshop\/produkt\/complexion-clearing-program\/","og_locale":"pl_PL","og_type":"article","og_title":"Complexion Clearing Program - BEAUTY SHOP Wroniszewska","og_description":"Program zapobiegania i terapii tr\u0105dziku  4 produkty  Napisz na\u00a0sklep@wroniszewska.pl, aby uzyska\u0107 dost\u0119p do tego produktu","og_url":"https:\/\/wroniszewska.pl\/beautyshop\/produkt\/complexion-clearing-program\/","og_site_name":"BEAUTY SHOP Wroniszewska","article_modified_time":"2022-09-30T09:44:52+00:00","og_image":[{"width":1040,"height":1040,"url":"https:\/\/wroniszewska.pl\/beautyshop\/wp-content\/uploads\/sites\/2\/2022\/09\/acne_prevention_treatment_program.png","type":"image\/png"}],"twitter_card":"summary_large_image","twitter_misc":{"Szacowany czas czytania":"1 minuta"},"schema":{"@context":"https:\/\/schema.org","@graph":[{"@type":"WebSite","@id":"https:\/\/wroniszewska.pl\/beautyshop\/#website","url":"https:\/\/wroniszewska.pl\/beautyshop\/","name":"BEAUTY SHOP Wroniszewska","description":"Kosmetyki profesjonalnych marek: PCA Skin, ProXN, Meder Beauty, Cell Fusion C Expert, Cell Fusion C","potentialAction":[{"@type":"SearchAction","target":{"@type":"EntryPoint","urlTemplate":"https:\/\/wroniszewska.pl\/beautyshop\/?s={search_term_string}"},"query-input":"required name=search_term_string"}],"inLanguage":"pl-PL"},{"@type":"ImageObject","inLanguage":"pl-PL","@id":"https:\/\/wroniszewska.pl\/beautyshop\/produkt\/complexion-clearing-program\/#primaryimage","url":"https:\/\/wroniszewska.pl\/beautyshop\/wp-content\/uploads\/sites\/2\/2022\/09\/acne_prevention_treatment_program.png","contentUrl":"https:\/\/wroniszewska.pl\/beautyshop\/wp-content\/uploads\/sites\/2\/2022\/09\/acne_prevention_treatment_program.png","width":1040,"height":1040},{"@type":"WebPage","@id":"https:\/\/wroniszewska.pl\/beautyshop\/produkt\/complexion-clearing-program\/","url":"https:\/\/wroniszewska.pl\/beautyshop\/produkt\/complexion-clearing-program\/","name":"Complexion Clearing Program - BEAUTY SHOP Wroniszewska","isPartOf":{"@id":"https:\/\/wroniszewska.pl\/beautyshop\/#website"},"primaryImageOfPage":{"@id":"https:\/\/wroniszewska.pl\/beautyshop\/produkt\/complexion-clearing-program\/#primaryimage"},"datePublished":"2022-02-20T12:14:48+00:00","dateModified":"2022-09-30T09:44:52+00:00","breadcrumb":{"@id":"https:\/\/wroniszewska.pl\/beautyshop\/produkt\/complexion-clearing-program\/#breadcrumb"},"inLanguage":"pl-PL","potentialAction":[{"@type":"ReadAction","target":["https:\/\/wroniszewska.pl\/beautyshop\/produkt\/complexion-clearing-program\/"]}]},{"@type":"BreadcrumbList","@id":"https:\/\/wroniszewska.pl\/beautyshop\/produkt\/complexion-clearing-program\/#breadcrumb","itemListElement":[{"@type":"ListItem","position":1,"name":"Strona g\u0142\u00f3wna","item":"https:\/\/wroniszewska.pl\/beautyshop\/"},{"@type":"ListItem","position":2,"name":"Produkty","item":"https:\/\/wroniszewska.pl\/beautyshop\/produkty\/"},{"@type":"ListItem","position":3,"name":"Complexion Clearing Program"}]}]}},"_links":{"self":[{"href":"https:\/\/wroniszewska.pl\/beautyshop\/wp-json\/wp\/v2\/product\/8899"}],"collection":[{"href":"https:\/\/wroniszewska.pl\/beautyshop\/wp-json\/wp\/v2\/product"}],"about":[{"href":"https:\/\/wroniszewska.pl\/beautyshop\/wp-json\/wp\/v2\/types\/product"}],"wp:featuredmedia":[{"embeddable":true,"href":"https:\/\/wroniszewska.pl\/beautyshop\/wp-json\/wp\/v2\/media\/8883"}],"wp:attachment":[{"href":"https:\/\/wroniszewska.pl\/beautyshop\/wp-json\/wp\/v2\/media?parent=8899"}],"wp:term":[{"taxonomy":"product_cat","embeddable":true,"href":"https:\/\/wroniszewska.pl\/beautyshop\/wp-json\/wp\/v2\/product_cat?post=8899"},{"taxonomy":"product_tag","embeddable":true,"href":"https:\/\/wroniszewska.pl\/beautyshop\/wp-json\/wp\/v2\/product_tag?post=8899"}],"curies":[{"name":"wp","href":"https:\/\/api.w.org\/{rel}","templated":true}]}}