{"id":8896,"date":"2022-02-20T13:00:15","date_gmt":"2022-02-20T12:00:15","guid":{"rendered":"https:\/\/wroniszewska.pl\/beautyshop\/?post_type=product&#038;p=8896"},"modified":"2022-09-30T11:44:26","modified_gmt":"2022-09-30T09:44:26","slug":"skin-brightening-program-texture-repair","status":"publish","type":"product","link":"https:\/\/wroniszewska.pl\/beautyshop\/produkt\/skin-brightening-program-texture-repair\/","title":{"rendered":"Skin Brightening Program + Texture Repair"},"content":{"rendered":"<p>Opracowany przez dr. Zeina Obagi w celu zredukowania hiperpigmentacji bez konieczno\u015bci stosowania hydrochinonu. Jest przeznaczony szczeg\u00f3lnie do wyg\u0142adzania cery i wyr\u00f3wnywania jej kolorytu. Uwalnia silnie dzia\u0142aj\u0105cy retinol, substancje rozja\u015bniaj\u0105ce sk\u00f3r\u0119, witamin\u0119 C i antyoksydanty natychmiast rozja\u015bniaj\u0105c i wyr\u00f3wnuj\u0105c koloryt cery oraz zwi\u0119kszaj\u0105c j\u0119drno\u015b\u0107 i poprawiaj\u0105c struktur\u0119 sk\u00f3ry.<\/p>\n<h5>Program zosta\u0142 specjalnie opracowany, by:<\/h5>\n<ul>\n<li>Doskona\u0142y do poprawy wygl\u0105du przebarwie\u0144<\/li>\n<li>Do stosowania, gdy niepo\u017c\u0105dane jest wybielanie sk\u00f3ry, a celem jest wyr\u00f3wnany koloryt sk\u00f3ry<\/li>\n<li>System ten r\u00f3wnie\u017c zmniejsza widoczno\u015b\u0107 drobnych linii i zmarszczek<\/li>\n<\/ul>\n<h5>Program obejmuje nast\u0119puj\u0105ce produkty:<\/h5>\n<ol>\n<li><a href=\"https:\/\/wroniszewska.pl\/beautyshop\/produkt\/retinol-skin-brightener\/\">Retinol Skin Brightener<\/a> 30 ml<\/li>\n<li><a href=\"https:\/\/wroniszewska.pl\/beautyshop\/produkt\/brightalive-skin-brightener\/\">Brightalive\u00ae Skin Brightener<\/a> 30 ml<\/li>\n<li><a href=\"https:\/\/wroniszewska.pl\/beautyshop\/produkt\/wrinkle-texture-repair-05-retinolu\/\">Wrinkle + Texture Repair<\/a> 30 ml<\/li>\n<li><a href=\"https:\/\/wroniszewska.pl\/beautyshop\/produkt\/daily-power-defense\/\">Daily Power Defense<\/a> 30 ml<\/li>\n<\/ol>\n","protected":false},"excerpt":{"rendered":"<ul>\n<li>Program rozja\u015bniania i poprawy tekstury sk\u00f3ry<\/li>\n<li>4 produkty<\/li>\n<li>Napisz na\u00a0<a href=\"mailto:sklep@wroniszewska.pl\">sklep@wroniszewska.pl<\/a>, aby uzyska\u0107 dost\u0119p do tego produktu<\/li>\n<\/ul>\n","protected":false},"featured_media":8888,"template":"","meta":[],"product_cat":[136,137,143],"product_tag":[],"acf":[],"yoast_head":"<!-- This site is optimized with the Yoast SEO plugin v19.3 - https:\/\/yoast.com\/wordpress\/plugins\/seo\/ -->\n<title>Skin Brightening Program + Texture Repair - BEAUTY SHOP Wroniszewska<\/title>\n<meta name=\"robots\" content=\"index, follow, max-snippet:-1, max-image-preview:large, max-video-preview:-1\" \/>\n<link rel=\"canonical\" href=\"https:\/\/wroniszewska.pl\/beautyshop\/produkt\/skin-brightening-program-texture-repair\/\" \/>\n<meta property=\"og:locale\" content=\"pl_PL\" \/>\n<meta property=\"og:type\" content=\"article\" \/>\n<meta property=\"og:title\" content=\"Skin Brightening Program + Texture Repair - BEAUTY SHOP Wroniszewska\" \/>\n<meta property=\"og:description\" content=\"Program rozja\u015bniania i poprawy tekstury sk\u00f3ry  4 produkty  Napisz na\u00a0sklep@wroniszewska.pl, aby uzyska\u0107 dost\u0119p do tego produktu\" \/>\n<meta property=\"og:url\" content=\"https:\/\/wroniszewska.pl\/beautyshop\/produkt\/skin-brightening-program-texture-repair\/\" \/>\n<meta property=\"og:site_name\" content=\"BEAUTY SHOP Wroniszewska\" \/>\n<meta property=\"article:modified_time\" content=\"2022-09-30T09:44:26+00:00\" \/>\n<meta property=\"og:image\" content=\"https:\/\/wroniszewska.pl\/beautyshop\/wp-content\/uploads\/sites\/2\/2022\/09\/skin_brightening_program_texture.png\" \/>\n\t<meta property=\"og:image:width\" content=\"1040\" \/>\n\t<meta property=\"og:image:height\" content=\"1040\" \/>\n\t<meta property=\"og:image:type\" content=\"image\/png\" \/>\n<meta name=\"twitter:card\" content=\"summary_large_image\" \/>\n<meta name=\"twitter:label1\" content=\"Szacowany czas czytania\" \/>\n\t<meta name=\"twitter:data1\" content=\"1 minuta\" \/>\n<script type=\"application\/ld+json\" class=\"yoast-schema-graph\">{\"@context\":\"https:\/\/schema.org\",\"@graph\":[{\"@type\":\"WebSite\",\"@id\":\"https:\/\/wroniszewska.pl\/beautyshop\/#website\",\"url\":\"https:\/\/wroniszewska.pl\/beautyshop\/\",\"name\":\"BEAUTY SHOP Wroniszewska\",\"description\":\"Kosmetyki profesjonalnych marek: PCA Skin, ProXN, Meder Beauty, Cell Fusion C Expert, Cell Fusion C\",\"potentialAction\":[{\"@type\":\"SearchAction\",\"target\":{\"@type\":\"EntryPoint\",\"urlTemplate\":\"https:\/\/wroniszewska.pl\/beautyshop\/?s={search_term_string}\"},\"query-input\":\"required name=search_term_string\"}],\"inLanguage\":\"pl-PL\"},{\"@type\":\"ImageObject\",\"inLanguage\":\"pl-PL\",\"@id\":\"https:\/\/wroniszewska.pl\/beautyshop\/produkt\/skin-brightening-program-texture-repair\/#primaryimage\",\"url\":\"https:\/\/wroniszewska.pl\/beautyshop\/wp-content\/uploads\/sites\/2\/2022\/09\/skin_brightening_program_texture.png\",\"contentUrl\":\"https:\/\/wroniszewska.pl\/beautyshop\/wp-content\/uploads\/sites\/2\/2022\/09\/skin_brightening_program_texture.png\",\"width\":1040,\"height\":1040},{\"@type\":\"WebPage\",\"@id\":\"https:\/\/wroniszewska.pl\/beautyshop\/produkt\/skin-brightening-program-texture-repair\/\",\"url\":\"https:\/\/wroniszewska.pl\/beautyshop\/produkt\/skin-brightening-program-texture-repair\/\",\"name\":\"Skin Brightening Program + Texture Repair - BEAUTY SHOP Wroniszewska\",\"isPartOf\":{\"@id\":\"https:\/\/wroniszewska.pl\/beautyshop\/#website\"},\"primaryImageOfPage\":{\"@id\":\"https:\/\/wroniszewska.pl\/beautyshop\/produkt\/skin-brightening-program-texture-repair\/#primaryimage\"},\"datePublished\":\"2022-02-20T12:00:15+00:00\",\"dateModified\":\"2022-09-30T09:44:26+00:00\",\"breadcrumb\":{\"@id\":\"https:\/\/wroniszewska.pl\/beautyshop\/produkt\/skin-brightening-program-texture-repair\/#breadcrumb\"},\"inLanguage\":\"pl-PL\",\"potentialAction\":[{\"@type\":\"ReadAction\",\"target\":[\"https:\/\/wroniszewska.pl\/beautyshop\/produkt\/skin-brightening-program-texture-repair\/\"]}]},{\"@type\":\"BreadcrumbList\",\"@id\":\"https:\/\/wroniszewska.pl\/beautyshop\/produkt\/skin-brightening-program-texture-repair\/#breadcrumb\",\"itemListElement\":[{\"@type\":\"ListItem\",\"position\":1,\"name\":\"Strona g\u0142\u00f3wna\",\"item\":\"https:\/\/wroniszewska.pl\/beautyshop\/\"},{\"@type\":\"ListItem\",\"position\":2,\"name\":\"Produkty\",\"item\":\"https:\/\/wroniszewska.pl\/beautyshop\/produkty\/\"},{\"@type\":\"ListItem\",\"position\":3,\"name\":\"Skin Brightening Program + Texture Repair\"}]}]}<\/script>\n<!-- \/ Yoast SEO plugin. -->","yoast_head_json":{"title":"Skin Brightening Program + Texture Repair - BEAUTY SHOP Wroniszewska","robots":{"index":"index","follow":"follow","max-snippet":"max-snippet:-1","max-image-preview":"max-image-preview:large","max-video-preview":"max-video-preview:-1"},"canonical":"https:\/\/wroniszewska.pl\/beautyshop\/produkt\/skin-brightening-program-texture-repair\/","og_locale":"pl_PL","og_type":"article","og_title":"Skin Brightening Program + Texture Repair - BEAUTY SHOP Wroniszewska","og_description":"Program rozja\u015bniania i poprawy tekstury sk\u00f3ry  4 produkty  Napisz na\u00a0sklep@wroniszewska.pl, aby uzyska\u0107 dost\u0119p do tego produktu","og_url":"https:\/\/wroniszewska.pl\/beautyshop\/produkt\/skin-brightening-program-texture-repair\/","og_site_name":"BEAUTY SHOP Wroniszewska","article_modified_time":"2022-09-30T09:44:26+00:00","og_image":[{"width":1040,"height":1040,"url":"https:\/\/wroniszewska.pl\/beautyshop\/wp-content\/uploads\/sites\/2\/2022\/09\/skin_brightening_program_texture.png","type":"image\/png"}],"twitter_card":"summary_large_image","twitter_misc":{"Szacowany czas czytania":"1 minuta"},"schema":{"@context":"https:\/\/schema.org","@graph":[{"@type":"WebSite","@id":"https:\/\/wroniszewska.pl\/beautyshop\/#website","url":"https:\/\/wroniszewska.pl\/beautyshop\/","name":"BEAUTY SHOP Wroniszewska","description":"Kosmetyki profesjonalnych marek: PCA Skin, ProXN, Meder Beauty, Cell Fusion C Expert, Cell Fusion C","potentialAction":[{"@type":"SearchAction","target":{"@type":"EntryPoint","urlTemplate":"https:\/\/wroniszewska.pl\/beautyshop\/?s={search_term_string}"},"query-input":"required name=search_term_string"}],"inLanguage":"pl-PL"},{"@type":"ImageObject","inLanguage":"pl-PL","@id":"https:\/\/wroniszewska.pl\/beautyshop\/produkt\/skin-brightening-program-texture-repair\/#primaryimage","url":"https:\/\/wroniszewska.pl\/beautyshop\/wp-content\/uploads\/sites\/2\/2022\/09\/skin_brightening_program_texture.png","contentUrl":"https:\/\/wroniszewska.pl\/beautyshop\/wp-content\/uploads\/sites\/2\/2022\/09\/skin_brightening_program_texture.png","width":1040,"height":1040},{"@type":"WebPage","@id":"https:\/\/wroniszewska.pl\/beautyshop\/produkt\/skin-brightening-program-texture-repair\/","url":"https:\/\/wroniszewska.pl\/beautyshop\/produkt\/skin-brightening-program-texture-repair\/","name":"Skin Brightening Program + Texture Repair - BEAUTY SHOP Wroniszewska","isPartOf":{"@id":"https:\/\/wroniszewska.pl\/beautyshop\/#website"},"primaryImageOfPage":{"@id":"https:\/\/wroniszewska.pl\/beautyshop\/produkt\/skin-brightening-program-texture-repair\/#primaryimage"},"datePublished":"2022-02-20T12:00:15+00:00","dateModified":"2022-09-30T09:44:26+00:00","breadcrumb":{"@id":"https:\/\/wroniszewska.pl\/beautyshop\/produkt\/skin-brightening-program-texture-repair\/#breadcrumb"},"inLanguage":"pl-PL","potentialAction":[{"@type":"ReadAction","target":["https:\/\/wroniszewska.pl\/beautyshop\/produkt\/skin-brightening-program-texture-repair\/"]}]},{"@type":"BreadcrumbList","@id":"https:\/\/wroniszewska.pl\/beautyshop\/produkt\/skin-brightening-program-texture-repair\/#breadcrumb","itemListElement":[{"@type":"ListItem","position":1,"name":"Strona g\u0142\u00f3wna","item":"https:\/\/wroniszewska.pl\/beautyshop\/"},{"@type":"ListItem","position":2,"name":"Produkty","item":"https:\/\/wroniszewska.pl\/beautyshop\/produkty\/"},{"@type":"ListItem","position":3,"name":"Skin Brightening Program + Texture Repair"}]}]}},"_links":{"self":[{"href":"https:\/\/wroniszewska.pl\/beautyshop\/wp-json\/wp\/v2\/product\/8896"}],"collection":[{"href":"https:\/\/wroniszewska.pl\/beautyshop\/wp-json\/wp\/v2\/product"}],"about":[{"href":"https:\/\/wroniszewska.pl\/beautyshop\/wp-json\/wp\/v2\/types\/product"}],"wp:featuredmedia":[{"embeddable":true,"href":"https:\/\/wroniszewska.pl\/beautyshop\/wp-json\/wp\/v2\/media\/8888"}],"wp:attachment":[{"href":"https:\/\/wroniszewska.pl\/beautyshop\/wp-json\/wp\/v2\/media?parent=8896"}],"wp:term":[{"taxonomy":"product_cat","embeddable":true,"href":"https:\/\/wroniszewska.pl\/beautyshop\/wp-json\/wp\/v2\/product_cat?post=8896"},{"taxonomy":"product_tag","embeddable":true,"href":"https:\/\/wroniszewska.pl\/beautyshop\/wp-json\/wp\/v2\/product_tag?post=8896"}],"curies":[{"name":"wp","href":"https:\/\/api.w.org\/{rel}","templated":true}]}}