{"id":8894,"date":"2022-02-20T12:53:51","date_gmt":"2022-02-20T11:53:51","guid":{"rendered":"https:\/\/wroniszewska.pl\/beautyshop\/?post_type=product&#038;p=8894"},"modified":"2022-09-30T11:44:13","modified_gmt":"2022-09-30T09:44:13","slug":"skin-brightening-program","status":"publish","type":"product","link":"https:\/\/wroniszewska.pl\/beautyshop\/produkt\/skin-brightening-program\/","title":{"rendered":"Skin Brightening Program"},"content":{"rendered":"<p>Program ten zawiera nieretinolowy sk\u0142adnik rozja\u015bniaj\u0105cy, kt\u00f3ry poprawia koloryt sk\u00f3ry i zmniejsza widoczno\u015b\u0107 przebarwie\u0144, podczas gdy silna dawka witaminy C redefiniuje sk\u00f3r\u0119, redukuj\u0105c drobne linie i zmarszczki. Kuracja jest dostatecznie \u0142agodna, by mo\u017cna by\u0142o j\u0105 stosowa\u0107 na co dzie\u0144.<\/p>\n<h5>Program zosta\u0142 specjalnie opracowany, by:<\/h5>\n<ul>\n<li>Doskona\u0142y do poprawy wygl\u0105du przebarwie\u0144<\/li>\n<li>Do stosowania, gdy niepo\u017c\u0105dane jest wybielanie sk\u00f3ry, a celem jest wyr\u00f3wnany koloryt sk\u00f3ry<\/li>\n<li>System ten r\u00f3wnie\u017c zmniejsza widoczno\u015b\u0107 drobnych linii i zmarszczek<\/li>\n<\/ul>\n<h5>Program obejmuje nast\u0119puj\u0105ce produkty:<\/h5>\n<ol>\n<li><a href=\"https:\/\/wroniszewska.pl\/beautyshop\/produkt\/gentle-cleanser\/\">Gentle Cleanser<\/a> 60 ml<\/li>\n<li><a href=\"https:\/\/wroniszewska.pl\/beautyshop\/produkt\/exfoliating-polish\/\">Exfoliating Polish<\/a> 16.2 g<\/li>\n<li><a href=\"http:\/\/Complexion Renewal Pads\">Complexion Renewal Pads<\/a> 30 szt.<\/li>\n<li><a href=\"https:\/\/wroniszewska.pl\/beautyshop\/produkt\/daily-power-defense\/\">Daily Power Defense<\/a> 30 ml<\/li>\n<li><a href=\"https:\/\/wroniszewska.pl\/beautyshop\/produkt\/brightalive-skin-brightener\/\">Brightalive\u00ae Skin Brightener<\/a>\u00a030 ml<\/li>\n<\/ol>\n","protected":false},"excerpt":{"rendered":"<ul>\n<li>Program rozja\u015bniaj\u0105cy sk\u00f3r\u0119<\/li>\n<li>5 produkt\u00f3w<\/li>\n<li>Napisz na\u00a0<a href=\"mailto:sklep@wroniszewska.pl\">sklep@wroniszewska.pl<\/a>, aby uzyska\u0107 dost\u0119p do tego produktu<\/li>\n<\/ul>\n","protected":false},"featured_media":8887,"template":"","meta":[],"product_cat":[222,135,219,136,137,143],"product_tag":[],"acf":[],"yoast_head":"<!-- This site is optimized with the Yoast SEO plugin v19.3 - https:\/\/yoast.com\/wordpress\/plugins\/seo\/ -->\n<title>Skin Brightening Program - BEAUTY SHOP Wroniszewska<\/title>\n<meta name=\"robots\" content=\"index, follow, max-snippet:-1, max-image-preview:large, max-video-preview:-1\" \/>\n<link rel=\"canonical\" href=\"https:\/\/wroniszewska.pl\/beautyshop\/produkt\/skin-brightening-program\/\" \/>\n<meta property=\"og:locale\" content=\"pl_PL\" \/>\n<meta property=\"og:type\" content=\"article\" \/>\n<meta property=\"og:title\" content=\"Skin Brightening Program - BEAUTY SHOP Wroniszewska\" \/>\n<meta property=\"og:description\" content=\"Program rozja\u015bniaj\u0105cy sk\u00f3r\u0119  5 produkt\u00f3w  Napisz na\u00a0sklep@wroniszewska.pl, aby uzyska\u0107 dost\u0119p do tego produktu\" \/>\n<meta property=\"og:url\" content=\"https:\/\/wroniszewska.pl\/beautyshop\/produkt\/skin-brightening-program\/\" \/>\n<meta property=\"og:site_name\" content=\"BEAUTY SHOP Wroniszewska\" \/>\n<meta property=\"article:modified_time\" content=\"2022-09-30T09:44:13+00:00\" \/>\n<meta property=\"og:image\" content=\"https:\/\/wroniszewska.pl\/beautyshop\/wp-content\/uploads\/sites\/2\/2022\/09\/SKIN_BRIGHTENING_PROGRAM.png\" \/>\n\t<meta property=\"og:image:width\" content=\"1040\" \/>\n\t<meta property=\"og:image:height\" content=\"1040\" \/>\n\t<meta property=\"og:image:type\" content=\"image\/png\" \/>\n<meta name=\"twitter:card\" content=\"summary_large_image\" \/>\n<meta name=\"twitter:label1\" content=\"Szacowany czas czytania\" \/>\n\t<meta name=\"twitter:data1\" content=\"1 minuta\" \/>\n<script type=\"application\/ld+json\" class=\"yoast-schema-graph\">{\"@context\":\"https:\/\/schema.org\",\"@graph\":[{\"@type\":\"WebSite\",\"@id\":\"https:\/\/wroniszewska.pl\/beautyshop\/#website\",\"url\":\"https:\/\/wroniszewska.pl\/beautyshop\/\",\"name\":\"BEAUTY SHOP Wroniszewska\",\"description\":\"Kosmetyki profesjonalnych marek: PCA Skin, ProXN, Meder Beauty, Cell Fusion C Expert, Cell Fusion C\",\"potentialAction\":[{\"@type\":\"SearchAction\",\"target\":{\"@type\":\"EntryPoint\",\"urlTemplate\":\"https:\/\/wroniszewska.pl\/beautyshop\/?s={search_term_string}\"},\"query-input\":\"required name=search_term_string\"}],\"inLanguage\":\"pl-PL\"},{\"@type\":\"ImageObject\",\"inLanguage\":\"pl-PL\",\"@id\":\"https:\/\/wroniszewska.pl\/beautyshop\/produkt\/skin-brightening-program\/#primaryimage\",\"url\":\"https:\/\/wroniszewska.pl\/beautyshop\/wp-content\/uploads\/sites\/2\/2022\/09\/SKIN_BRIGHTENING_PROGRAM.png\",\"contentUrl\":\"https:\/\/wroniszewska.pl\/beautyshop\/wp-content\/uploads\/sites\/2\/2022\/09\/SKIN_BRIGHTENING_PROGRAM.png\",\"width\":1040,\"height\":1040},{\"@type\":\"WebPage\",\"@id\":\"https:\/\/wroniszewska.pl\/beautyshop\/produkt\/skin-brightening-program\/\",\"url\":\"https:\/\/wroniszewska.pl\/beautyshop\/produkt\/skin-brightening-program\/\",\"name\":\"Skin Brightening Program - BEAUTY SHOP Wroniszewska\",\"isPartOf\":{\"@id\":\"https:\/\/wroniszewska.pl\/beautyshop\/#website\"},\"primaryImageOfPage\":{\"@id\":\"https:\/\/wroniszewska.pl\/beautyshop\/produkt\/skin-brightening-program\/#primaryimage\"},\"datePublished\":\"2022-02-20T11:53:51+00:00\",\"dateModified\":\"2022-09-30T09:44:13+00:00\",\"breadcrumb\":{\"@id\":\"https:\/\/wroniszewska.pl\/beautyshop\/produkt\/skin-brightening-program\/#breadcrumb\"},\"inLanguage\":\"pl-PL\",\"potentialAction\":[{\"@type\":\"ReadAction\",\"target\":[\"https:\/\/wroniszewska.pl\/beautyshop\/produkt\/skin-brightening-program\/\"]}]},{\"@type\":\"BreadcrumbList\",\"@id\":\"https:\/\/wroniszewska.pl\/beautyshop\/produkt\/skin-brightening-program\/#breadcrumb\",\"itemListElement\":[{\"@type\":\"ListItem\",\"position\":1,\"name\":\"Strona g\u0142\u00f3wna\",\"item\":\"https:\/\/wroniszewska.pl\/beautyshop\/\"},{\"@type\":\"ListItem\",\"position\":2,\"name\":\"Produkty\",\"item\":\"https:\/\/wroniszewska.pl\/beautyshop\/produkty\/\"},{\"@type\":\"ListItem\",\"position\":3,\"name\":\"Skin Brightening Program\"}]}]}<\/script>\n<!-- \/ Yoast SEO plugin. -->","yoast_head_json":{"title":"Skin Brightening Program - BEAUTY SHOP Wroniszewska","robots":{"index":"index","follow":"follow","max-snippet":"max-snippet:-1","max-image-preview":"max-image-preview:large","max-video-preview":"max-video-preview:-1"},"canonical":"https:\/\/wroniszewska.pl\/beautyshop\/produkt\/skin-brightening-program\/","og_locale":"pl_PL","og_type":"article","og_title":"Skin Brightening Program - BEAUTY SHOP Wroniszewska","og_description":"Program rozja\u015bniaj\u0105cy sk\u00f3r\u0119  5 produkt\u00f3w  Napisz na\u00a0sklep@wroniszewska.pl, aby uzyska\u0107 dost\u0119p do tego produktu","og_url":"https:\/\/wroniszewska.pl\/beautyshop\/produkt\/skin-brightening-program\/","og_site_name":"BEAUTY SHOP Wroniszewska","article_modified_time":"2022-09-30T09:44:13+00:00","og_image":[{"width":1040,"height":1040,"url":"https:\/\/wroniszewska.pl\/beautyshop\/wp-content\/uploads\/sites\/2\/2022\/09\/SKIN_BRIGHTENING_PROGRAM.png","type":"image\/png"}],"twitter_card":"summary_large_image","twitter_misc":{"Szacowany czas czytania":"1 minuta"},"schema":{"@context":"https:\/\/schema.org","@graph":[{"@type":"WebSite","@id":"https:\/\/wroniszewska.pl\/beautyshop\/#website","url":"https:\/\/wroniszewska.pl\/beautyshop\/","name":"BEAUTY SHOP Wroniszewska","description":"Kosmetyki profesjonalnych marek: PCA Skin, ProXN, Meder Beauty, Cell Fusion C Expert, Cell Fusion C","potentialAction":[{"@type":"SearchAction","target":{"@type":"EntryPoint","urlTemplate":"https:\/\/wroniszewska.pl\/beautyshop\/?s={search_term_string}"},"query-input":"required name=search_term_string"}],"inLanguage":"pl-PL"},{"@type":"ImageObject","inLanguage":"pl-PL","@id":"https:\/\/wroniszewska.pl\/beautyshop\/produkt\/skin-brightening-program\/#primaryimage","url":"https:\/\/wroniszewska.pl\/beautyshop\/wp-content\/uploads\/sites\/2\/2022\/09\/SKIN_BRIGHTENING_PROGRAM.png","contentUrl":"https:\/\/wroniszewska.pl\/beautyshop\/wp-content\/uploads\/sites\/2\/2022\/09\/SKIN_BRIGHTENING_PROGRAM.png","width":1040,"height":1040},{"@type":"WebPage","@id":"https:\/\/wroniszewska.pl\/beautyshop\/produkt\/skin-brightening-program\/","url":"https:\/\/wroniszewska.pl\/beautyshop\/produkt\/skin-brightening-program\/","name":"Skin Brightening Program - BEAUTY SHOP Wroniszewska","isPartOf":{"@id":"https:\/\/wroniszewska.pl\/beautyshop\/#website"},"primaryImageOfPage":{"@id":"https:\/\/wroniszewska.pl\/beautyshop\/produkt\/skin-brightening-program\/#primaryimage"},"datePublished":"2022-02-20T11:53:51+00:00","dateModified":"2022-09-30T09:44:13+00:00","breadcrumb":{"@id":"https:\/\/wroniszewska.pl\/beautyshop\/produkt\/skin-brightening-program\/#breadcrumb"},"inLanguage":"pl-PL","potentialAction":[{"@type":"ReadAction","target":["https:\/\/wroniszewska.pl\/beautyshop\/produkt\/skin-brightening-program\/"]}]},{"@type":"BreadcrumbList","@id":"https:\/\/wroniszewska.pl\/beautyshop\/produkt\/skin-brightening-program\/#breadcrumb","itemListElement":[{"@type":"ListItem","position":1,"name":"Strona g\u0142\u00f3wna","item":"https:\/\/wroniszewska.pl\/beautyshop\/"},{"@type":"ListItem","position":2,"name":"Produkty","item":"https:\/\/wroniszewska.pl\/beautyshop\/produkty\/"},{"@type":"ListItem","position":3,"name":"Skin Brightening Program"}]}]}},"_links":{"self":[{"href":"https:\/\/wroniszewska.pl\/beautyshop\/wp-json\/wp\/v2\/product\/8894"}],"collection":[{"href":"https:\/\/wroniszewska.pl\/beautyshop\/wp-json\/wp\/v2\/product"}],"about":[{"href":"https:\/\/wroniszewska.pl\/beautyshop\/wp-json\/wp\/v2\/types\/product"}],"wp:featuredmedia":[{"embeddable":true,"href":"https:\/\/wroniszewska.pl\/beautyshop\/wp-json\/wp\/v2\/media\/8887"}],"wp:attachment":[{"href":"https:\/\/wroniszewska.pl\/beautyshop\/wp-json\/wp\/v2\/media?parent=8894"}],"wp:term":[{"taxonomy":"product_cat","embeddable":true,"href":"https:\/\/wroniszewska.pl\/beautyshop\/wp-json\/wp\/v2\/product_cat?post=8894"},{"taxonomy":"product_tag","embeddable":true,"href":"https:\/\/wroniszewska.pl\/beautyshop\/wp-json\/wp\/v2\/product_tag?post=8894"}],"curies":[{"name":"wp","href":"https:\/\/api.w.org\/{rel}","templated":true}]}}