{"id":8880,"date":"2022-02-20T12:29:27","date_gmt":"2022-02-20T11:29:27","guid":{"rendered":"https:\/\/wroniszewska.pl\/beautyshop\/?post_type=product&#038;p=8880"},"modified":"2022-09-30T11:45:53","modified_gmt":"2022-09-30T09:45:53","slug":"anti-aging-program","status":"publish","type":"product","link":"https:\/\/wroniszewska.pl\/beautyshop\/produkt\/anti-aging-program\/","title":{"rendered":"Anti-Aging Program"},"content":{"rendered":"<p>Program o \u015bredniej intensywno\u015bci, na kt\u00f3ry sk\u0142adaj\u0105 si\u0119 wysoce zaawansowane sk\u0142adniki o dzia\u0142aniu przeciwstarzeniowym, zosta\u0142 stworzony, by redukowa\u0107 wczesne lub znacz\u0105ce oznaki \u015brodowiskowego lub chronologicznego starzenia si\u0119 sk\u00f3ry. <strong>Anti-Aging Program<\/strong> wykorzystuje sk\u0142adniki o du\u017cej mocy, skoncentrowane formu\u0142y i intensywnie dzia\u0142aj\u0105ce systemy dostarczania sk\u0142adnik\u00f3w do sk\u00f3ry, by poprawi\u0107 jej wygl\u0105d, wzmocni\u0107 j\u0105 i ochroni\u0107 przed uszkodzeniami w przysz\u0142o\u015bci.<\/p>\n<h5>Program zosta\u0142 specjalnie opracowany, by:<\/h5>\n<ul>\n<li>Pomaga\u0107 w zmniejszeniu widoczno\u015bci drobnych linii i zmarszczek<\/li>\n<li>Wyr\u00f3wna\u0107 koloryt sk\u00f3ry i zw\u0119zi\u0107 pory<\/li>\n<li>Zachowa\u0107 i utrzyma\u0107 m\u0142ody wygl\u0105d cery<\/li>\n<li>Zapobiega\u0107 uszkodzeniom w przysz\u0142o\u015bci\u00a0poprzez ochron\u0119 sk\u00f3ry przed wp\u0142ywem \u015bwiat\u0142a s\u0142onecznego<\/li>\n<\/ul>\n<h5>Program obejmuje nast\u0119puj\u0105ce produkty:<\/h5>\n<ol>\n<li><a href=\"https:\/\/wroniszewska.pl\/beautyshop\/produkt\/exfoliating-cleanser\/\">Exfoliating Cleanser<\/a> 60 ml<\/li>\n<li><a href=\"https:\/\/wroniszewska.pl\/beautyshop\/produkt\/exfoliating-polish\/\">Exfoliating Polish<\/a> 16.2 g<\/li>\n<li><a href=\"http:\/\/Complexion Renewal Pads\">Complexion Renewal Pads<\/a> 30 szt.<\/li>\n<li><a href=\"https:\/\/wroniszewska.pl\/beautyshop\/produkt\/daily-power-defense\/\">Daily Power Defense<\/a> 30 ml<\/li>\n<li><a href=\"https:\/\/wroniszewska.pl\/beautyshop\/produkt\/growth-factor-serum\/\">Growth Factor Serum<\/a> 30 ml<\/li>\n<\/ol>\n","protected":false},"excerpt":{"rendered":"<ul>\n<li>Program przeciwstarzeniowy<\/li>\n<li>5 produkt\u00f3w<\/li>\n<li>Napisz na\u00a0<a href=\"mailto:sklep@wroniszewska.pl\">sklep@wroniszewska.pl<\/a>, aby uzyska\u0107 dost\u0119p do tego produktu<\/li>\n<\/ul>\n","protected":false},"featured_media":8885,"template":"","meta":[],"product_cat":[222,135,219,136,137,143],"product_tag":[],"acf":[],"yoast_head":"<!-- This site is optimized with the Yoast SEO plugin v19.3 - https:\/\/yoast.com\/wordpress\/plugins\/seo\/ -->\n<title>Anti-Aging Program - BEAUTY SHOP Wroniszewska<\/title>\n<meta name=\"robots\" content=\"index, follow, max-snippet:-1, max-image-preview:large, max-video-preview:-1\" \/>\n<link rel=\"canonical\" href=\"https:\/\/wroniszewska.pl\/beautyshop\/produkt\/anti-aging-program\/\" \/>\n<meta property=\"og:locale\" content=\"pl_PL\" \/>\n<meta property=\"og:type\" content=\"article\" \/>\n<meta property=\"og:title\" content=\"Anti-Aging Program - BEAUTY SHOP Wroniszewska\" \/>\n<meta property=\"og:description\" content=\"Program przeciwstarzeniowy  5 produkt\u00f3w  Napisz na\u00a0sklep@wroniszewska.pl, aby uzyska\u0107 dost\u0119p do tego produktu\" \/>\n<meta property=\"og:url\" content=\"https:\/\/wroniszewska.pl\/beautyshop\/produkt\/anti-aging-program\/\" \/>\n<meta property=\"og:site_name\" content=\"BEAUTY SHOP Wroniszewska\" \/>\n<meta property=\"article:modified_time\" content=\"2022-09-30T09:45:53+00:00\" \/>\n<meta property=\"og:image\" content=\"https:\/\/wroniszewska.pl\/beautyshop\/wp-content\/uploads\/sites\/2\/2022\/09\/anti_aging_program.png\" \/>\n\t<meta property=\"og:image:width\" content=\"1040\" \/>\n\t<meta property=\"og:image:height\" content=\"1040\" \/>\n\t<meta property=\"og:image:type\" content=\"image\/png\" \/>\n<meta name=\"twitter:card\" content=\"summary_large_image\" \/>\n<meta name=\"twitter:label1\" content=\"Szacowany czas czytania\" \/>\n\t<meta name=\"twitter:data1\" content=\"1 minuta\" \/>\n<script type=\"application\/ld+json\" class=\"yoast-schema-graph\">{\"@context\":\"https:\/\/schema.org\",\"@graph\":[{\"@type\":\"WebSite\",\"@id\":\"https:\/\/wroniszewska.pl\/beautyshop\/#website\",\"url\":\"https:\/\/wroniszewska.pl\/beautyshop\/\",\"name\":\"BEAUTY SHOP Wroniszewska\",\"description\":\"Kosmetyki profesjonalnych marek: PCA Skin, ProXN, Meder Beauty, Cell Fusion C Expert, Cell Fusion C\",\"potentialAction\":[{\"@type\":\"SearchAction\",\"target\":{\"@type\":\"EntryPoint\",\"urlTemplate\":\"https:\/\/wroniszewska.pl\/beautyshop\/?s={search_term_string}\"},\"query-input\":\"required name=search_term_string\"}],\"inLanguage\":\"pl-PL\"},{\"@type\":\"ImageObject\",\"inLanguage\":\"pl-PL\",\"@id\":\"https:\/\/wroniszewska.pl\/beautyshop\/produkt\/anti-aging-program\/#primaryimage\",\"url\":\"https:\/\/wroniszewska.pl\/beautyshop\/wp-content\/uploads\/sites\/2\/2022\/09\/anti_aging_program.png\",\"contentUrl\":\"https:\/\/wroniszewska.pl\/beautyshop\/wp-content\/uploads\/sites\/2\/2022\/09\/anti_aging_program.png\",\"width\":1040,\"height\":1040},{\"@type\":\"WebPage\",\"@id\":\"https:\/\/wroniszewska.pl\/beautyshop\/produkt\/anti-aging-program\/\",\"url\":\"https:\/\/wroniszewska.pl\/beautyshop\/produkt\/anti-aging-program\/\",\"name\":\"Anti-Aging Program - BEAUTY SHOP Wroniszewska\",\"isPartOf\":{\"@id\":\"https:\/\/wroniszewska.pl\/beautyshop\/#website\"},\"primaryImageOfPage\":{\"@id\":\"https:\/\/wroniszewska.pl\/beautyshop\/produkt\/anti-aging-program\/#primaryimage\"},\"datePublished\":\"2022-02-20T11:29:27+00:00\",\"dateModified\":\"2022-09-30T09:45:53+00:00\",\"breadcrumb\":{\"@id\":\"https:\/\/wroniszewska.pl\/beautyshop\/produkt\/anti-aging-program\/#breadcrumb\"},\"inLanguage\":\"pl-PL\",\"potentialAction\":[{\"@type\":\"ReadAction\",\"target\":[\"https:\/\/wroniszewska.pl\/beautyshop\/produkt\/anti-aging-program\/\"]}]},{\"@type\":\"BreadcrumbList\",\"@id\":\"https:\/\/wroniszewska.pl\/beautyshop\/produkt\/anti-aging-program\/#breadcrumb\",\"itemListElement\":[{\"@type\":\"ListItem\",\"position\":1,\"name\":\"Strona g\u0142\u00f3wna\",\"item\":\"https:\/\/wroniszewska.pl\/beautyshop\/\"},{\"@type\":\"ListItem\",\"position\":2,\"name\":\"Produkty\",\"item\":\"https:\/\/wroniszewska.pl\/beautyshop\/produkty\/\"},{\"@type\":\"ListItem\",\"position\":3,\"name\":\"Anti-Aging Program\"}]}]}<\/script>\n<!-- \/ Yoast SEO plugin. -->","yoast_head_json":{"title":"Anti-Aging Program - BEAUTY SHOP Wroniszewska","robots":{"index":"index","follow":"follow","max-snippet":"max-snippet:-1","max-image-preview":"max-image-preview:large","max-video-preview":"max-video-preview:-1"},"canonical":"https:\/\/wroniszewska.pl\/beautyshop\/produkt\/anti-aging-program\/","og_locale":"pl_PL","og_type":"article","og_title":"Anti-Aging Program - BEAUTY SHOP Wroniszewska","og_description":"Program przeciwstarzeniowy  5 produkt\u00f3w  Napisz na\u00a0sklep@wroniszewska.pl, aby uzyska\u0107 dost\u0119p do tego produktu","og_url":"https:\/\/wroniszewska.pl\/beautyshop\/produkt\/anti-aging-program\/","og_site_name":"BEAUTY SHOP Wroniszewska","article_modified_time":"2022-09-30T09:45:53+00:00","og_image":[{"width":1040,"height":1040,"url":"https:\/\/wroniszewska.pl\/beautyshop\/wp-content\/uploads\/sites\/2\/2022\/09\/anti_aging_program.png","type":"image\/png"}],"twitter_card":"summary_large_image","twitter_misc":{"Szacowany czas czytania":"1 minuta"},"schema":{"@context":"https:\/\/schema.org","@graph":[{"@type":"WebSite","@id":"https:\/\/wroniszewska.pl\/beautyshop\/#website","url":"https:\/\/wroniszewska.pl\/beautyshop\/","name":"BEAUTY SHOP Wroniszewska","description":"Kosmetyki profesjonalnych marek: PCA Skin, ProXN, Meder Beauty, Cell Fusion C Expert, Cell Fusion C","potentialAction":[{"@type":"SearchAction","target":{"@type":"EntryPoint","urlTemplate":"https:\/\/wroniszewska.pl\/beautyshop\/?s={search_term_string}"},"query-input":"required name=search_term_string"}],"inLanguage":"pl-PL"},{"@type":"ImageObject","inLanguage":"pl-PL","@id":"https:\/\/wroniszewska.pl\/beautyshop\/produkt\/anti-aging-program\/#primaryimage","url":"https:\/\/wroniszewska.pl\/beautyshop\/wp-content\/uploads\/sites\/2\/2022\/09\/anti_aging_program.png","contentUrl":"https:\/\/wroniszewska.pl\/beautyshop\/wp-content\/uploads\/sites\/2\/2022\/09\/anti_aging_program.png","width":1040,"height":1040},{"@type":"WebPage","@id":"https:\/\/wroniszewska.pl\/beautyshop\/produkt\/anti-aging-program\/","url":"https:\/\/wroniszewska.pl\/beautyshop\/produkt\/anti-aging-program\/","name":"Anti-Aging Program - BEAUTY SHOP Wroniszewska","isPartOf":{"@id":"https:\/\/wroniszewska.pl\/beautyshop\/#website"},"primaryImageOfPage":{"@id":"https:\/\/wroniszewska.pl\/beautyshop\/produkt\/anti-aging-program\/#primaryimage"},"datePublished":"2022-02-20T11:29:27+00:00","dateModified":"2022-09-30T09:45:53+00:00","breadcrumb":{"@id":"https:\/\/wroniszewska.pl\/beautyshop\/produkt\/anti-aging-program\/#breadcrumb"},"inLanguage":"pl-PL","potentialAction":[{"@type":"ReadAction","target":["https:\/\/wroniszewska.pl\/beautyshop\/produkt\/anti-aging-program\/"]}]},{"@type":"BreadcrumbList","@id":"https:\/\/wroniszewska.pl\/beautyshop\/produkt\/anti-aging-program\/#breadcrumb","itemListElement":[{"@type":"ListItem","position":1,"name":"Strona g\u0142\u00f3wna","item":"https:\/\/wroniszewska.pl\/beautyshop\/"},{"@type":"ListItem","position":2,"name":"Produkty","item":"https:\/\/wroniszewska.pl\/beautyshop\/produkty\/"},{"@type":"ListItem","position":3,"name":"Anti-Aging Program"}]}]}},"_links":{"self":[{"href":"https:\/\/wroniszewska.pl\/beautyshop\/wp-json\/wp\/v2\/product\/8880"}],"collection":[{"href":"https:\/\/wroniszewska.pl\/beautyshop\/wp-json\/wp\/v2\/product"}],"about":[{"href":"https:\/\/wroniszewska.pl\/beautyshop\/wp-json\/wp\/v2\/types\/product"}],"wp:featuredmedia":[{"embeddable":true,"href":"https:\/\/wroniszewska.pl\/beautyshop\/wp-json\/wp\/v2\/media\/8885"}],"wp:attachment":[{"href":"https:\/\/wroniszewska.pl\/beautyshop\/wp-json\/wp\/v2\/media?parent=8880"}],"wp:term":[{"taxonomy":"product_cat","embeddable":true,"href":"https:\/\/wroniszewska.pl\/beautyshop\/wp-json\/wp\/v2\/product_cat?post=8880"},{"taxonomy":"product_tag","embeddable":true,"href":"https:\/\/wroniszewska.pl\/beautyshop\/wp-json\/wp\/v2\/product_tag?post=8880"}],"curies":[{"name":"wp","href":"https:\/\/api.w.org\/{rel}","templated":true}]}}