{"id":8862,"date":"2022-02-19T20:29:49","date_gmt":"2022-02-19T19:29:49","guid":{"rendered":"https:\/\/wroniszewska.pl\/beautyshop\/?post_type=product&#038;p=8862"},"modified":"2022-09-30T11:46:30","modified_gmt":"2022-09-30T09:46:30","slug":"smart-tone-broad-spectrum-spf-50","status":"publish","type":"product","link":"https:\/\/wroniszewska.pl\/beautyshop\/produkt\/smart-tone-broad-spectrum-spf-50\/","title":{"rendered":"Smart Tone Broad Spectrum SPF 50"},"content":{"rendered":"<p>Wyj\u0105tkowo lekki krem przeciws\u0142oneczny zawieraj\u0105cy kompleks ZOX12\u00ae, kt\u00f3ry chroni przed postarzaj\u0105cym oddzia\u0142ywaniem promieniowania UVA\/UVB i promieniowania podczerwonego,<br \/>\na tak\u017ce przed promieniowaniem HEV. Zaprojektowany tak, by dopasowywa\u0107 si\u0119 do wi\u0119kszo\u015bci odcieni sk\u00f3ry wyr\u00f3wnuj\u0105c jej koloryt i nadaj\u0105c lekki po\u0142ysk.<\/p>\n<p><strong>Wskazania:<\/strong> ochrona przeciws\u0142oneczna, przebarwienia, wyr\u00f3wnanie kolorytu sk\u00f3ry, roz\u015bwietlenie.<\/p>\n<p><strong>Spos\u00f3b u\u017cycia:<\/strong> Krem nale\u017cy na\u0142o\u017cy\u0107 15 minut przed wystawieniem sk\u00f3ry na ekspozycj\u0119 s\u0142oneczn\u0105. Podczas nak\u0142adania preparat powoli, nieznacznie ciemnieje dostosowuj\u0105c si\u0119 do koloru sk\u00f3ry. Wmasowa\u0107, by zapewni\u0107 r\u00f3wnomierne krycie.<\/p>\n<p><strong>Sk\u0142adniki aktywne:<\/strong> avobenzon 3%, homosalat 10%, salicylan oktylu 5%, oktokrylen 10%, frakcjonowana melanina, ZOX12\u2122 (kapsu\u0142kowany kompleks antyoksydacyjny uwalniaj\u0105cy substancje czynne w ci\u0105gu 12 godzin), tetraizopalmitynian askorbylu.<\/p>\n","protected":false},"excerpt":{"rendered":"<ul>\n<li>\u201cInteligentny koloryt\u201d &#8211; szerokie spektrum ochrony SPF 50<\/li>\n<li>45 ml<\/li>\n<li>Napisz na\u00a0<a href=\"mailto:sklep@wroniszewska.pl\">sklep@wroniszewska.pl<\/a>, aby uzyska\u0107 dost\u0119p do tego produktu<\/li>\n<\/ul>\n","protected":false},"featured_media":8856,"template":"","meta":[],"product_cat":[140],"product_tag":[],"acf":[],"yoast_head":"<!-- This site is optimized with the Yoast SEO plugin v19.3 - https:\/\/yoast.com\/wordpress\/plugins\/seo\/ -->\n<title>Smart Tone Broad Spectrum SPF 50 - BEAUTY SHOP Wroniszewska<\/title>\n<meta name=\"robots\" content=\"index, follow, max-snippet:-1, max-image-preview:large, max-video-preview:-1\" \/>\n<link rel=\"canonical\" href=\"https:\/\/wroniszewska.pl\/beautyshop\/produkt\/smart-tone-broad-spectrum-spf-50\/\" \/>\n<meta property=\"og:locale\" content=\"pl_PL\" \/>\n<meta property=\"og:type\" content=\"article\" \/>\n<meta property=\"og:title\" content=\"Smart Tone Broad Spectrum SPF 50 - BEAUTY SHOP Wroniszewska\" \/>\n<meta property=\"og:description\" content=\"\u201cInteligentny koloryt\u201d - szerokie spektrum ochrony SPF 50  45 ml  Napisz na\u00a0sklep@wroniszewska.pl, aby uzyska\u0107 dost\u0119p do tego produktu\" \/>\n<meta property=\"og:url\" content=\"https:\/\/wroniszewska.pl\/beautyshop\/produkt\/smart-tone-broad-spectrum-spf-50\/\" \/>\n<meta property=\"og:site_name\" content=\"BEAUTY SHOP Wroniszewska\" \/>\n<meta property=\"article:modified_time\" content=\"2022-09-30T09:46:30+00:00\" \/>\n<meta property=\"og:image\" content=\"https:\/\/wroniszewska.pl\/beautyshop\/wp-content\/uploads\/sites\/2\/2022\/09\/SmartTone.png\" \/>\n\t<meta property=\"og:image:width\" content=\"1040\" \/>\n\t<meta property=\"og:image:height\" content=\"1040\" \/>\n\t<meta property=\"og:image:type\" content=\"image\/png\" \/>\n<meta name=\"twitter:card\" content=\"summary_large_image\" \/>\n<meta name=\"twitter:label1\" content=\"Szacowany czas czytania\" \/>\n\t<meta name=\"twitter:data1\" content=\"1 minuta\" \/>\n<script type=\"application\/ld+json\" class=\"yoast-schema-graph\">{\"@context\":\"https:\/\/schema.org\",\"@graph\":[{\"@type\":\"WebSite\",\"@id\":\"https:\/\/wroniszewska.pl\/beautyshop\/#website\",\"url\":\"https:\/\/wroniszewska.pl\/beautyshop\/\",\"name\":\"BEAUTY SHOP Wroniszewska\",\"description\":\"Kosmetyki profesjonalnych marek: PCA Skin, ProXN, Meder Beauty, Cell Fusion C Expert, Cell Fusion C\",\"potentialAction\":[{\"@type\":\"SearchAction\",\"target\":{\"@type\":\"EntryPoint\",\"urlTemplate\":\"https:\/\/wroniszewska.pl\/beautyshop\/?s={search_term_string}\"},\"query-input\":\"required name=search_term_string\"}],\"inLanguage\":\"pl-PL\"},{\"@type\":\"ImageObject\",\"inLanguage\":\"pl-PL\",\"@id\":\"https:\/\/wroniszewska.pl\/beautyshop\/produkt\/smart-tone-broad-spectrum-spf-50\/#primaryimage\",\"url\":\"https:\/\/wroniszewska.pl\/beautyshop\/wp-content\/uploads\/sites\/2\/2022\/09\/SmartTone.png\",\"contentUrl\":\"https:\/\/wroniszewska.pl\/beautyshop\/wp-content\/uploads\/sites\/2\/2022\/09\/SmartTone.png\",\"width\":1040,\"height\":1040},{\"@type\":\"WebPage\",\"@id\":\"https:\/\/wroniszewska.pl\/beautyshop\/produkt\/smart-tone-broad-spectrum-spf-50\/\",\"url\":\"https:\/\/wroniszewska.pl\/beautyshop\/produkt\/smart-tone-broad-spectrum-spf-50\/\",\"name\":\"Smart Tone Broad Spectrum SPF 50 - BEAUTY SHOP Wroniszewska\",\"isPartOf\":{\"@id\":\"https:\/\/wroniszewska.pl\/beautyshop\/#website\"},\"primaryImageOfPage\":{\"@id\":\"https:\/\/wroniszewska.pl\/beautyshop\/produkt\/smart-tone-broad-spectrum-spf-50\/#primaryimage\"},\"datePublished\":\"2022-02-19T19:29:49+00:00\",\"dateModified\":\"2022-09-30T09:46:30+00:00\",\"breadcrumb\":{\"@id\":\"https:\/\/wroniszewska.pl\/beautyshop\/produkt\/smart-tone-broad-spectrum-spf-50\/#breadcrumb\"},\"inLanguage\":\"pl-PL\",\"potentialAction\":[{\"@type\":\"ReadAction\",\"target\":[\"https:\/\/wroniszewska.pl\/beautyshop\/produkt\/smart-tone-broad-spectrum-spf-50\/\"]}]},{\"@type\":\"BreadcrumbList\",\"@id\":\"https:\/\/wroniszewska.pl\/beautyshop\/produkt\/smart-tone-broad-spectrum-spf-50\/#breadcrumb\",\"itemListElement\":[{\"@type\":\"ListItem\",\"position\":1,\"name\":\"Strona g\u0142\u00f3wna\",\"item\":\"https:\/\/wroniszewska.pl\/beautyshop\/\"},{\"@type\":\"ListItem\",\"position\":2,\"name\":\"Produkty\",\"item\":\"https:\/\/wroniszewska.pl\/beautyshop\/produkty\/\"},{\"@type\":\"ListItem\",\"position\":3,\"name\":\"Smart Tone Broad Spectrum SPF 50\"}]}]}<\/script>\n<!-- \/ Yoast SEO plugin. -->","yoast_head_json":{"title":"Smart Tone Broad Spectrum SPF 50 - BEAUTY SHOP Wroniszewska","robots":{"index":"index","follow":"follow","max-snippet":"max-snippet:-1","max-image-preview":"max-image-preview:large","max-video-preview":"max-video-preview:-1"},"canonical":"https:\/\/wroniszewska.pl\/beautyshop\/produkt\/smart-tone-broad-spectrum-spf-50\/","og_locale":"pl_PL","og_type":"article","og_title":"Smart Tone Broad Spectrum SPF 50 - BEAUTY SHOP Wroniszewska","og_description":"\u201cInteligentny koloryt\u201d - szerokie spektrum ochrony SPF 50  45 ml  Napisz na\u00a0sklep@wroniszewska.pl, aby uzyska\u0107 dost\u0119p do tego produktu","og_url":"https:\/\/wroniszewska.pl\/beautyshop\/produkt\/smart-tone-broad-spectrum-spf-50\/","og_site_name":"BEAUTY SHOP Wroniszewska","article_modified_time":"2022-09-30T09:46:30+00:00","og_image":[{"width":1040,"height":1040,"url":"https:\/\/wroniszewska.pl\/beautyshop\/wp-content\/uploads\/sites\/2\/2022\/09\/SmartTone.png","type":"image\/png"}],"twitter_card":"summary_large_image","twitter_misc":{"Szacowany czas czytania":"1 minuta"},"schema":{"@context":"https:\/\/schema.org","@graph":[{"@type":"WebSite","@id":"https:\/\/wroniszewska.pl\/beautyshop\/#website","url":"https:\/\/wroniszewska.pl\/beautyshop\/","name":"BEAUTY SHOP Wroniszewska","description":"Kosmetyki profesjonalnych marek: PCA Skin, ProXN, Meder Beauty, Cell Fusion C Expert, Cell Fusion C","potentialAction":[{"@type":"SearchAction","target":{"@type":"EntryPoint","urlTemplate":"https:\/\/wroniszewska.pl\/beautyshop\/?s={search_term_string}"},"query-input":"required name=search_term_string"}],"inLanguage":"pl-PL"},{"@type":"ImageObject","inLanguage":"pl-PL","@id":"https:\/\/wroniszewska.pl\/beautyshop\/produkt\/smart-tone-broad-spectrum-spf-50\/#primaryimage","url":"https:\/\/wroniszewska.pl\/beautyshop\/wp-content\/uploads\/sites\/2\/2022\/09\/SmartTone.png","contentUrl":"https:\/\/wroniszewska.pl\/beautyshop\/wp-content\/uploads\/sites\/2\/2022\/09\/SmartTone.png","width":1040,"height":1040},{"@type":"WebPage","@id":"https:\/\/wroniszewska.pl\/beautyshop\/produkt\/smart-tone-broad-spectrum-spf-50\/","url":"https:\/\/wroniszewska.pl\/beautyshop\/produkt\/smart-tone-broad-spectrum-spf-50\/","name":"Smart Tone Broad Spectrum SPF 50 - BEAUTY SHOP Wroniszewska","isPartOf":{"@id":"https:\/\/wroniszewska.pl\/beautyshop\/#website"},"primaryImageOfPage":{"@id":"https:\/\/wroniszewska.pl\/beautyshop\/produkt\/smart-tone-broad-spectrum-spf-50\/#primaryimage"},"datePublished":"2022-02-19T19:29:49+00:00","dateModified":"2022-09-30T09:46:30+00:00","breadcrumb":{"@id":"https:\/\/wroniszewska.pl\/beautyshop\/produkt\/smart-tone-broad-spectrum-spf-50\/#breadcrumb"},"inLanguage":"pl-PL","potentialAction":[{"@type":"ReadAction","target":["https:\/\/wroniszewska.pl\/beautyshop\/produkt\/smart-tone-broad-spectrum-spf-50\/"]}]},{"@type":"BreadcrumbList","@id":"https:\/\/wroniszewska.pl\/beautyshop\/produkt\/smart-tone-broad-spectrum-spf-50\/#breadcrumb","itemListElement":[{"@type":"ListItem","position":1,"name":"Strona g\u0142\u00f3wna","item":"https:\/\/wroniszewska.pl\/beautyshop\/"},{"@type":"ListItem","position":2,"name":"Produkty","item":"https:\/\/wroniszewska.pl\/beautyshop\/produkty\/"},{"@type":"ListItem","position":3,"name":"Smart Tone Broad Spectrum SPF 50"}]}]}},"_links":{"self":[{"href":"https:\/\/wroniszewska.pl\/beautyshop\/wp-json\/wp\/v2\/product\/8862"}],"collection":[{"href":"https:\/\/wroniszewska.pl\/beautyshop\/wp-json\/wp\/v2\/product"}],"about":[{"href":"https:\/\/wroniszewska.pl\/beautyshop\/wp-json\/wp\/v2\/types\/product"}],"wp:featuredmedia":[{"embeddable":true,"href":"https:\/\/wroniszewska.pl\/beautyshop\/wp-json\/wp\/v2\/media\/8856"}],"wp:attachment":[{"href":"https:\/\/wroniszewska.pl\/beautyshop\/wp-json\/wp\/v2\/media?parent=8862"}],"wp:term":[{"taxonomy":"product_cat","embeddable":true,"href":"https:\/\/wroniszewska.pl\/beautyshop\/wp-json\/wp\/v2\/product_cat?post=8862"},{"taxonomy":"product_tag","embeddable":true,"href":"https:\/\/wroniszewska.pl\/beautyshop\/wp-json\/wp\/v2\/product_tag?post=8862"}],"curies":[{"name":"wp","href":"https:\/\/api.w.org\/{rel}","templated":true}]}}