{"id":8850,"date":"2022-02-19T19:59:51","date_gmt":"2022-02-19T18:59:51","guid":{"rendered":"https:\/\/wroniszewska.pl\/beautyshop\/?post_type=product&#038;p=8850"},"modified":"2022-09-30T11:47:06","modified_gmt":"2022-09-30T09:47:06","slug":"sunscreen-primer-spf-30","status":"publish","type":"product","link":"https:\/\/wroniszewska.pl\/beautyshop\/produkt\/sunscreen-primer-spf-30\/","title":{"rendered":"Sunscreen + Primer SPF 30"},"content":{"rendered":"<p>Dzia\u0142aj\u0105cy w dwojaki spos\u00f3b krem przeciws\u0142oneczny z kompleksem ZOX12\u00ae chroni przed szkodliwym oddzia\u0142ywaniem<br \/>\npromieniowania UVA\/UVB i promieniowania podczerwonego, a tak\u017ce przed promieniowaniem HEV. Nawil\u017ca, a jednocze\u015bnie pe\u0142ni funkcj\u0119 bazy pod podk\u0142ad o uniwersalnym kolorze, dzi\u0119ki kt\u00f3rej mo\u017cna uzyska\u0107 efekt wyg\u0142adzenia i matowego wyko\u0144czenia makija\u017cu oraz ukry\u0107 niedoskona\u0142o\u015bci sk\u00f3rne.<\/p>\n<p><strong>Wskazania:<\/strong> ochrona przeciws\u0142oneczna, nawil\u017canie, baza pod podk\u0142ad, sk\u00f3ra dojrza\u0142a, utrata j\u0119drno\u015bci, przebarwienia, zmarszczki, regeneracja pozabiegowa.<\/p>\n<p><strong>Spos\u00f3b u\u017cycia:<\/strong> Krem nale\u017cy na\u0142o\u017cy\u0107 na sk\u00f3r\u0119 twarzy 15 minut przed wyj\u015bciem na s\u0142o\u0144ce, pod podk\u0142ad jako baz\u0119 i ochron\u0119 SPF. Wmasowa\u0107 w sk\u00f3r\u0119, by zapewni\u0107 r\u00f3wnomierne krycie.<\/p>\n<p><strong>Sk\u0142adniki aktywne:<\/strong> dwutlenek tytanu 8,2%, frakcjonowana melanina, ZOX12\u2122 (kapsu\u0142kowany kompleks antyoksydacyjny uwalniaj\u0105cy substancje czynne w ci\u0105gu 12 godzin), myristoyl pentapeptyd -8.<\/p>\n","protected":false},"excerpt":{"rendered":"<ul>\n<li>Krem z filtrem o szerokim spektrum ochrony SPF 30 + baza pod podk\u0142ad<\/li>\n<li>15 ml \/ 30 ml<\/li>\n<li>Napisz na\u00a0<a href=\"mailto:sklep@wroniszewska.pl\">sklep@wroniszewska.pl<\/a>, aby uzyska\u0107 dost\u0119p do tego produktu<\/li>\n<\/ul>\n","protected":false},"featured_media":8857,"template":"","meta":[],"product_cat":[140],"product_tag":[],"acf":[],"yoast_head":"<!-- This site is optimized with the Yoast SEO plugin v19.3 - https:\/\/yoast.com\/wordpress\/plugins\/seo\/ -->\n<title>Sunscreen + Primer SPF 30 - BEAUTY SHOP Wroniszewska<\/title>\n<meta name=\"robots\" content=\"index, follow, max-snippet:-1, max-image-preview:large, max-video-preview:-1\" \/>\n<link rel=\"canonical\" href=\"https:\/\/wroniszewska.pl\/beautyshop\/produkt\/sunscreen-primer-spf-30\/\" \/>\n<meta property=\"og:locale\" content=\"pl_PL\" \/>\n<meta property=\"og:type\" content=\"article\" \/>\n<meta property=\"og:title\" content=\"Sunscreen + Primer SPF 30 - BEAUTY SHOP Wroniszewska\" \/>\n<meta property=\"og:description\" content=\"Krem z filtrem o szerokim spektrum ochrony SPF 30 + baza pod podk\u0142ad  15 ml \/ 30 ml  Napisz na\u00a0sklep@wroniszewska.pl, aby uzyska\u0107 dost\u0119p do tego produktu\" \/>\n<meta property=\"og:url\" content=\"https:\/\/wroniszewska.pl\/beautyshop\/produkt\/sunscreen-primer-spf-30\/\" \/>\n<meta property=\"og:site_name\" content=\"BEAUTY SHOP Wroniszewska\" \/>\n<meta property=\"article:modified_time\" content=\"2022-09-30T09:47:06+00:00\" \/>\n<meta property=\"og:image\" content=\"https:\/\/wroniszewska.pl\/beautyshop\/wp-content\/uploads\/sites\/2\/2022\/09\/Sunscreen-Primer.png\" \/>\n\t<meta property=\"og:image:width\" content=\"1040\" \/>\n\t<meta property=\"og:image:height\" content=\"1040\" \/>\n\t<meta property=\"og:image:type\" content=\"image\/png\" \/>\n<meta name=\"twitter:card\" content=\"summary_large_image\" \/>\n<meta name=\"twitter:label1\" content=\"Szacowany czas czytania\" \/>\n\t<meta name=\"twitter:data1\" content=\"1 minuta\" \/>\n<script type=\"application\/ld+json\" class=\"yoast-schema-graph\">{\"@context\":\"https:\/\/schema.org\",\"@graph\":[{\"@type\":\"WebSite\",\"@id\":\"https:\/\/wroniszewska.pl\/beautyshop\/#website\",\"url\":\"https:\/\/wroniszewska.pl\/beautyshop\/\",\"name\":\"BEAUTY SHOP Wroniszewska\",\"description\":\"Kosmetyki profesjonalnych marek: PCA Skin, ProXN, Meder Beauty, Cell Fusion C Expert, Cell Fusion C\",\"potentialAction\":[{\"@type\":\"SearchAction\",\"target\":{\"@type\":\"EntryPoint\",\"urlTemplate\":\"https:\/\/wroniszewska.pl\/beautyshop\/?s={search_term_string}\"},\"query-input\":\"required name=search_term_string\"}],\"inLanguage\":\"pl-PL\"},{\"@type\":\"ImageObject\",\"inLanguage\":\"pl-PL\",\"@id\":\"https:\/\/wroniszewska.pl\/beautyshop\/produkt\/sunscreen-primer-spf-30\/#primaryimage\",\"url\":\"https:\/\/wroniszewska.pl\/beautyshop\/wp-content\/uploads\/sites\/2\/2022\/09\/Sunscreen-Primer.png\",\"contentUrl\":\"https:\/\/wroniszewska.pl\/beautyshop\/wp-content\/uploads\/sites\/2\/2022\/09\/Sunscreen-Primer.png\",\"width\":1040,\"height\":1040},{\"@type\":\"WebPage\",\"@id\":\"https:\/\/wroniszewska.pl\/beautyshop\/produkt\/sunscreen-primer-spf-30\/\",\"url\":\"https:\/\/wroniszewska.pl\/beautyshop\/produkt\/sunscreen-primer-spf-30\/\",\"name\":\"Sunscreen + Primer SPF 30 - BEAUTY SHOP Wroniszewska\",\"isPartOf\":{\"@id\":\"https:\/\/wroniszewska.pl\/beautyshop\/#website\"},\"primaryImageOfPage\":{\"@id\":\"https:\/\/wroniszewska.pl\/beautyshop\/produkt\/sunscreen-primer-spf-30\/#primaryimage\"},\"datePublished\":\"2022-02-19T18:59:51+00:00\",\"dateModified\":\"2022-09-30T09:47:06+00:00\",\"breadcrumb\":{\"@id\":\"https:\/\/wroniszewska.pl\/beautyshop\/produkt\/sunscreen-primer-spf-30\/#breadcrumb\"},\"inLanguage\":\"pl-PL\",\"potentialAction\":[{\"@type\":\"ReadAction\",\"target\":[\"https:\/\/wroniszewska.pl\/beautyshop\/produkt\/sunscreen-primer-spf-30\/\"]}]},{\"@type\":\"BreadcrumbList\",\"@id\":\"https:\/\/wroniszewska.pl\/beautyshop\/produkt\/sunscreen-primer-spf-30\/#breadcrumb\",\"itemListElement\":[{\"@type\":\"ListItem\",\"position\":1,\"name\":\"Strona g\u0142\u00f3wna\",\"item\":\"https:\/\/wroniszewska.pl\/beautyshop\/\"},{\"@type\":\"ListItem\",\"position\":2,\"name\":\"Produkty\",\"item\":\"https:\/\/wroniszewska.pl\/beautyshop\/produkty\/\"},{\"@type\":\"ListItem\",\"position\":3,\"name\":\"Sunscreen + Primer SPF 30\"}]}]}<\/script>\n<!-- \/ Yoast SEO plugin. -->","yoast_head_json":{"title":"Sunscreen + Primer SPF 30 - BEAUTY SHOP Wroniszewska","robots":{"index":"index","follow":"follow","max-snippet":"max-snippet:-1","max-image-preview":"max-image-preview:large","max-video-preview":"max-video-preview:-1"},"canonical":"https:\/\/wroniszewska.pl\/beautyshop\/produkt\/sunscreen-primer-spf-30\/","og_locale":"pl_PL","og_type":"article","og_title":"Sunscreen + Primer SPF 30 - BEAUTY SHOP Wroniszewska","og_description":"Krem z filtrem o szerokim spektrum ochrony SPF 30 + baza pod podk\u0142ad  15 ml \/ 30 ml  Napisz na\u00a0sklep@wroniszewska.pl, aby uzyska\u0107 dost\u0119p do tego produktu","og_url":"https:\/\/wroniszewska.pl\/beautyshop\/produkt\/sunscreen-primer-spf-30\/","og_site_name":"BEAUTY SHOP Wroniszewska","article_modified_time":"2022-09-30T09:47:06+00:00","og_image":[{"width":1040,"height":1040,"url":"https:\/\/wroniszewska.pl\/beautyshop\/wp-content\/uploads\/sites\/2\/2022\/09\/Sunscreen-Primer.png","type":"image\/png"}],"twitter_card":"summary_large_image","twitter_misc":{"Szacowany czas czytania":"1 minuta"},"schema":{"@context":"https:\/\/schema.org","@graph":[{"@type":"WebSite","@id":"https:\/\/wroniszewska.pl\/beautyshop\/#website","url":"https:\/\/wroniszewska.pl\/beautyshop\/","name":"BEAUTY SHOP Wroniszewska","description":"Kosmetyki profesjonalnych marek: PCA Skin, ProXN, Meder Beauty, Cell Fusion C Expert, Cell Fusion C","potentialAction":[{"@type":"SearchAction","target":{"@type":"EntryPoint","urlTemplate":"https:\/\/wroniszewska.pl\/beautyshop\/?s={search_term_string}"},"query-input":"required name=search_term_string"}],"inLanguage":"pl-PL"},{"@type":"ImageObject","inLanguage":"pl-PL","@id":"https:\/\/wroniszewska.pl\/beautyshop\/produkt\/sunscreen-primer-spf-30\/#primaryimage","url":"https:\/\/wroniszewska.pl\/beautyshop\/wp-content\/uploads\/sites\/2\/2022\/09\/Sunscreen-Primer.png","contentUrl":"https:\/\/wroniszewska.pl\/beautyshop\/wp-content\/uploads\/sites\/2\/2022\/09\/Sunscreen-Primer.png","width":1040,"height":1040},{"@type":"WebPage","@id":"https:\/\/wroniszewska.pl\/beautyshop\/produkt\/sunscreen-primer-spf-30\/","url":"https:\/\/wroniszewska.pl\/beautyshop\/produkt\/sunscreen-primer-spf-30\/","name":"Sunscreen + Primer SPF 30 - BEAUTY SHOP Wroniszewska","isPartOf":{"@id":"https:\/\/wroniszewska.pl\/beautyshop\/#website"},"primaryImageOfPage":{"@id":"https:\/\/wroniszewska.pl\/beautyshop\/produkt\/sunscreen-primer-spf-30\/#primaryimage"},"datePublished":"2022-02-19T18:59:51+00:00","dateModified":"2022-09-30T09:47:06+00:00","breadcrumb":{"@id":"https:\/\/wroniszewska.pl\/beautyshop\/produkt\/sunscreen-primer-spf-30\/#breadcrumb"},"inLanguage":"pl-PL","potentialAction":[{"@type":"ReadAction","target":["https:\/\/wroniszewska.pl\/beautyshop\/produkt\/sunscreen-primer-spf-30\/"]}]},{"@type":"BreadcrumbList","@id":"https:\/\/wroniszewska.pl\/beautyshop\/produkt\/sunscreen-primer-spf-30\/#breadcrumb","itemListElement":[{"@type":"ListItem","position":1,"name":"Strona g\u0142\u00f3wna","item":"https:\/\/wroniszewska.pl\/beautyshop\/"},{"@type":"ListItem","position":2,"name":"Produkty","item":"https:\/\/wroniszewska.pl\/beautyshop\/produkty\/"},{"@type":"ListItem","position":3,"name":"Sunscreen + Primer SPF 30"}]}]}},"_links":{"self":[{"href":"https:\/\/wroniszewska.pl\/beautyshop\/wp-json\/wp\/v2\/product\/8850"}],"collection":[{"href":"https:\/\/wroniszewska.pl\/beautyshop\/wp-json\/wp\/v2\/product"}],"about":[{"href":"https:\/\/wroniszewska.pl\/beautyshop\/wp-json\/wp\/v2\/types\/product"}],"wp:featuredmedia":[{"embeddable":true,"href":"https:\/\/wroniszewska.pl\/beautyshop\/wp-json\/wp\/v2\/media\/8857"}],"wp:attachment":[{"href":"https:\/\/wroniszewska.pl\/beautyshop\/wp-json\/wp\/v2\/media?parent=8850"}],"wp:term":[{"taxonomy":"product_cat","embeddable":true,"href":"https:\/\/wroniszewska.pl\/beautyshop\/wp-json\/wp\/v2\/product_cat?post=8850"},{"taxonomy":"product_tag","embeddable":true,"href":"https:\/\/wroniszewska.pl\/beautyshop\/wp-json\/wp\/v2\/product_tag?post=8850"}],"curies":[{"name":"wp","href":"https:\/\/api.w.org\/{rel}","templated":true}]}}