{"id":8807,"date":"2022-02-14T22:35:56","date_gmt":"2022-02-14T21:35:56","guid":{"rendered":"https:\/\/wroniszewska.pl\/beautyshop\/?post_type=product&#038;p=8807"},"modified":"2022-09-30T11:48:30","modified_gmt":"2022-09-30T09:48:30","slug":"retinol-skin-brightener","status":"publish","type":"product","link":"https:\/\/wroniszewska.pl\/beautyshop\/produkt\/retinol-skin-brightener\/","title":{"rendered":"Retinol Skin Brightener"},"content":{"rendered":"<p>Preparat na bazie retinolu wyr\u00f3wnuje koloryt cery i zmniejsza widoczno\u015b\u0107 plam starczych oraz zapewnia ochron\u0119 antyoksydacyjn\u0105, dzi\u0119ki kt\u00f3rej sk\u00f3ra pozostaje rozja\u015bniona.<\/p>\n<p><strong>Wskazania:<\/strong> przebarwienia, nier\u00f3wny koloryt sk\u00f3ry.<\/p>\n<p><strong>Spos\u00f3b u\u017cycia:<\/strong> Wmasowa\u0107 1-2 pompki w oczyszczon\u0105 sk\u00f3r\u0119 twarzy. Preparaty z retinolem nale\u017cy stopniowo wprowadza\u0107 do piel\u0119gnacji oraz zwi\u0119ksza\u0107 cz\u0119stotliwo\u015b\u0107 aplikacji wraz ze wzrostem tolerancji sk\u00f3ry. Reakcje sk\u00f3rne, kt\u00f3re mog\u0105 wyst\u0105pi\u0107 to tkliwo\u015b\u0107, odczyn zapalny, przesuszenie, z\u0142uszczanie.<\/p>\n<p><strong>Sk\u0142adniki aktywne:<\/strong> retinol o wysokiej sile dzia\u0142ania zamkni\u0119ty w oleosomach, bakuchiol, mieszanka o dzia\u0142aniu rozja\u015bniaj\u0105cym (glukozyd askorbylu, glutation, N-acetyloglukozamina i izoflawony sojowe), witamina A, witamina E, ekstrakt z pestek moreli, bisabolol.<\/p>\n","protected":false},"excerpt":{"rendered":"<ul>\n<li>Preparat rozja\u015bniaj\u0105cy sk\u00f3r\u0119 z retinolem<\/li>\n<li>0,25% \/ 0,5% \/ 1% retinolu<\/li>\n<li>30 ml \/ 50 ml<\/li>\n<li>Napisz na\u00a0<a href=\"mailto:sklep@wroniszewska.pl\">sklep@wroniszewska.pl<\/a>, aby uzyska\u0107 dost\u0119p do tego produktu<\/li>\n<\/ul>\n","protected":false},"featured_media":8798,"template":"","meta":[],"product_cat":[137],"product_tag":[],"acf":[],"yoast_head":"<!-- This site is optimized with the Yoast SEO plugin v19.3 - https:\/\/yoast.com\/wordpress\/plugins\/seo\/ -->\n<title>Retinol Skin Brightener - BEAUTY SHOP Wroniszewska<\/title>\n<meta name=\"robots\" content=\"index, follow, max-snippet:-1, max-image-preview:large, max-video-preview:-1\" \/>\n<link rel=\"canonical\" href=\"https:\/\/wroniszewska.pl\/beautyshop\/produkt\/retinol-skin-brightener\/\" \/>\n<meta property=\"og:locale\" content=\"pl_PL\" \/>\n<meta property=\"og:type\" content=\"article\" \/>\n<meta property=\"og:title\" content=\"Retinol Skin Brightener - BEAUTY SHOP Wroniszewska\" \/>\n<meta property=\"og:description\" content=\"Preparat rozja\u015bniaj\u0105cy sk\u00f3r\u0119 z retinolem  0,25% \/ 0,5% \/ 1% retinolu  30 ml \/ 50 ml  Napisz na\u00a0sklep@wroniszewska.pl, aby uzyska\u0107 dost\u0119p do tego produktu\" \/>\n<meta property=\"og:url\" content=\"https:\/\/wroniszewska.pl\/beautyshop\/produkt\/retinol-skin-brightener\/\" \/>\n<meta property=\"og:site_name\" content=\"BEAUTY SHOP Wroniszewska\" \/>\n<meta property=\"article:modified_time\" content=\"2022-09-30T09:48:30+00:00\" \/>\n<meta property=\"og:image\" content=\"https:\/\/wroniszewska.pl\/beautyshop\/wp-content\/uploads\/sites\/2\/2022\/09\/Retinol-Skin-Brightener-0.5.png\" \/>\n\t<meta property=\"og:image:width\" content=\"1040\" \/>\n\t<meta property=\"og:image:height\" content=\"1040\" \/>\n\t<meta property=\"og:image:type\" content=\"image\/png\" \/>\n<meta name=\"twitter:card\" content=\"summary_large_image\" \/>\n<meta name=\"twitter:label1\" content=\"Szacowany czas czytania\" \/>\n\t<meta name=\"twitter:data1\" content=\"1 minuta\" \/>\n<script type=\"application\/ld+json\" class=\"yoast-schema-graph\">{\"@context\":\"https:\/\/schema.org\",\"@graph\":[{\"@type\":\"WebSite\",\"@id\":\"https:\/\/wroniszewska.pl\/beautyshop\/#website\",\"url\":\"https:\/\/wroniszewska.pl\/beautyshop\/\",\"name\":\"BEAUTY SHOP Wroniszewska\",\"description\":\"Kosmetyki profesjonalnych marek: PCA Skin, ProXN, Meder Beauty, Cell Fusion C Expert, Cell Fusion C\",\"potentialAction\":[{\"@type\":\"SearchAction\",\"target\":{\"@type\":\"EntryPoint\",\"urlTemplate\":\"https:\/\/wroniszewska.pl\/beautyshop\/?s={search_term_string}\"},\"query-input\":\"required name=search_term_string\"}],\"inLanguage\":\"pl-PL\"},{\"@type\":\"ImageObject\",\"inLanguage\":\"pl-PL\",\"@id\":\"https:\/\/wroniszewska.pl\/beautyshop\/produkt\/retinol-skin-brightener\/#primaryimage\",\"url\":\"https:\/\/wroniszewska.pl\/beautyshop\/wp-content\/uploads\/sites\/2\/2022\/09\/Retinol-Skin-Brightener-0.5.png\",\"contentUrl\":\"https:\/\/wroniszewska.pl\/beautyshop\/wp-content\/uploads\/sites\/2\/2022\/09\/Retinol-Skin-Brightener-0.5.png\",\"width\":1040,\"height\":1040},{\"@type\":\"WebPage\",\"@id\":\"https:\/\/wroniszewska.pl\/beautyshop\/produkt\/retinol-skin-brightener\/\",\"url\":\"https:\/\/wroniszewska.pl\/beautyshop\/produkt\/retinol-skin-brightener\/\",\"name\":\"Retinol Skin Brightener - BEAUTY SHOP Wroniszewska\",\"isPartOf\":{\"@id\":\"https:\/\/wroniszewska.pl\/beautyshop\/#website\"},\"primaryImageOfPage\":{\"@id\":\"https:\/\/wroniszewska.pl\/beautyshop\/produkt\/retinol-skin-brightener\/#primaryimage\"},\"datePublished\":\"2022-02-14T21:35:56+00:00\",\"dateModified\":\"2022-09-30T09:48:30+00:00\",\"breadcrumb\":{\"@id\":\"https:\/\/wroniszewska.pl\/beautyshop\/produkt\/retinol-skin-brightener\/#breadcrumb\"},\"inLanguage\":\"pl-PL\",\"potentialAction\":[{\"@type\":\"ReadAction\",\"target\":[\"https:\/\/wroniszewska.pl\/beautyshop\/produkt\/retinol-skin-brightener\/\"]}]},{\"@type\":\"BreadcrumbList\",\"@id\":\"https:\/\/wroniszewska.pl\/beautyshop\/produkt\/retinol-skin-brightener\/#breadcrumb\",\"itemListElement\":[{\"@type\":\"ListItem\",\"position\":1,\"name\":\"Strona g\u0142\u00f3wna\",\"item\":\"https:\/\/wroniszewska.pl\/beautyshop\/\"},{\"@type\":\"ListItem\",\"position\":2,\"name\":\"Produkty\",\"item\":\"https:\/\/wroniszewska.pl\/beautyshop\/produkty\/\"},{\"@type\":\"ListItem\",\"position\":3,\"name\":\"Retinol Skin Brightener\"}]}]}<\/script>\n<!-- \/ Yoast SEO plugin. -->","yoast_head_json":{"title":"Retinol Skin Brightener - BEAUTY SHOP Wroniszewska","robots":{"index":"index","follow":"follow","max-snippet":"max-snippet:-1","max-image-preview":"max-image-preview:large","max-video-preview":"max-video-preview:-1"},"canonical":"https:\/\/wroniszewska.pl\/beautyshop\/produkt\/retinol-skin-brightener\/","og_locale":"pl_PL","og_type":"article","og_title":"Retinol Skin Brightener - BEAUTY SHOP Wroniszewska","og_description":"Preparat rozja\u015bniaj\u0105cy sk\u00f3r\u0119 z retinolem  0,25% \/ 0,5% \/ 1% retinolu  30 ml \/ 50 ml  Napisz na\u00a0sklep@wroniszewska.pl, aby uzyska\u0107 dost\u0119p do tego produktu","og_url":"https:\/\/wroniszewska.pl\/beautyshop\/produkt\/retinol-skin-brightener\/","og_site_name":"BEAUTY SHOP Wroniszewska","article_modified_time":"2022-09-30T09:48:30+00:00","og_image":[{"width":1040,"height":1040,"url":"https:\/\/wroniszewska.pl\/beautyshop\/wp-content\/uploads\/sites\/2\/2022\/09\/Retinol-Skin-Brightener-0.5.png","type":"image\/png"}],"twitter_card":"summary_large_image","twitter_misc":{"Szacowany czas czytania":"1 minuta"},"schema":{"@context":"https:\/\/schema.org","@graph":[{"@type":"WebSite","@id":"https:\/\/wroniszewska.pl\/beautyshop\/#website","url":"https:\/\/wroniszewska.pl\/beautyshop\/","name":"BEAUTY SHOP Wroniszewska","description":"Kosmetyki profesjonalnych marek: PCA Skin, ProXN, Meder Beauty, Cell Fusion C Expert, Cell Fusion C","potentialAction":[{"@type":"SearchAction","target":{"@type":"EntryPoint","urlTemplate":"https:\/\/wroniszewska.pl\/beautyshop\/?s={search_term_string}"},"query-input":"required name=search_term_string"}],"inLanguage":"pl-PL"},{"@type":"ImageObject","inLanguage":"pl-PL","@id":"https:\/\/wroniszewska.pl\/beautyshop\/produkt\/retinol-skin-brightener\/#primaryimage","url":"https:\/\/wroniszewska.pl\/beautyshop\/wp-content\/uploads\/sites\/2\/2022\/09\/Retinol-Skin-Brightener-0.5.png","contentUrl":"https:\/\/wroniszewska.pl\/beautyshop\/wp-content\/uploads\/sites\/2\/2022\/09\/Retinol-Skin-Brightener-0.5.png","width":1040,"height":1040},{"@type":"WebPage","@id":"https:\/\/wroniszewska.pl\/beautyshop\/produkt\/retinol-skin-brightener\/","url":"https:\/\/wroniszewska.pl\/beautyshop\/produkt\/retinol-skin-brightener\/","name":"Retinol Skin Brightener - BEAUTY SHOP Wroniszewska","isPartOf":{"@id":"https:\/\/wroniszewska.pl\/beautyshop\/#website"},"primaryImageOfPage":{"@id":"https:\/\/wroniszewska.pl\/beautyshop\/produkt\/retinol-skin-brightener\/#primaryimage"},"datePublished":"2022-02-14T21:35:56+00:00","dateModified":"2022-09-30T09:48:30+00:00","breadcrumb":{"@id":"https:\/\/wroniszewska.pl\/beautyshop\/produkt\/retinol-skin-brightener\/#breadcrumb"},"inLanguage":"pl-PL","potentialAction":[{"@type":"ReadAction","target":["https:\/\/wroniszewska.pl\/beautyshop\/produkt\/retinol-skin-brightener\/"]}]},{"@type":"BreadcrumbList","@id":"https:\/\/wroniszewska.pl\/beautyshop\/produkt\/retinol-skin-brightener\/#breadcrumb","itemListElement":[{"@type":"ListItem","position":1,"name":"Strona g\u0142\u00f3wna","item":"https:\/\/wroniszewska.pl\/beautyshop\/"},{"@type":"ListItem","position":2,"name":"Produkty","item":"https:\/\/wroniszewska.pl\/beautyshop\/produkty\/"},{"@type":"ListItem","position":3,"name":"Retinol Skin Brightener"}]}]}},"_links":{"self":[{"href":"https:\/\/wroniszewska.pl\/beautyshop\/wp-json\/wp\/v2\/product\/8807"}],"collection":[{"href":"https:\/\/wroniszewska.pl\/beautyshop\/wp-json\/wp\/v2\/product"}],"about":[{"href":"https:\/\/wroniszewska.pl\/beautyshop\/wp-json\/wp\/v2\/types\/product"}],"wp:featuredmedia":[{"embeddable":true,"href":"https:\/\/wroniszewska.pl\/beautyshop\/wp-json\/wp\/v2\/media\/8798"}],"wp:attachment":[{"href":"https:\/\/wroniszewska.pl\/beautyshop\/wp-json\/wp\/v2\/media?parent=8807"}],"wp:term":[{"taxonomy":"product_cat","embeddable":true,"href":"https:\/\/wroniszewska.pl\/beautyshop\/wp-json\/wp\/v2\/product_cat?post=8807"},{"taxonomy":"product_tag","embeddable":true,"href":"https:\/\/wroniszewska.pl\/beautyshop\/wp-json\/wp\/v2\/product_tag?post=8807"}],"curies":[{"name":"wp","href":"https:\/\/api.w.org\/{rel}","templated":true}]}}