{"id":8770,"date":"2022-02-13T19:12:19","date_gmt":"2022-02-13T18:12:19","guid":{"rendered":"https:\/\/wroniszewska.pl\/beautyshop\/?post_type=product&#038;p=8770"},"modified":"2022-09-30T11:50:07","modified_gmt":"2022-09-30T09:50:07","slug":"exfoliation-accelerator","status":"publish","type":"product","link":"https:\/\/wroniszewska.pl\/beautyshop\/produkt\/exfoliation-accelerator\/","title":{"rendered":"Exfoliation Accelerator"},"content":{"rendered":"<p>Rozja\u015bnia sk\u00f3r\u0119 i odblokowuje pory dzi\u0119ki zastosowaniu kompleksu kwas\u00f3w: glikolowego i mlekowego, kt\u00f3re z\u0142uszczaj\u0105 kom\u00f3rki sk\u00f3ry, jednocze\u015bnie j\u0105 uspokajaj\u0105c za pomoc\u0105 koj\u0105cego po\u0142\u0105czenia aloesu, zielonej herbaty i rumianku.<\/p>\n<p><strong>Wskazania:<\/strong> sk\u00f3ra normalna, uszkodzenia pos\u0142oneczne, przebarwienia, zask\u00f3rniki, sk\u00f3ra starzej\u0105ca si\u0119, sk\u00f3ra problematyczna, tr\u0105dzik pospolity.<\/p>\n<p><strong>Spos\u00f3b u\u017cycia:<\/strong> Wmasowa\u0107 1-2 pompki w oczyszczon\u0105 sk\u00f3r\u0119 twarzy.<\/p>\n<p><strong>Sk\u0142adniki aktywne:<\/strong> kompleks 10% kwasu glikolowego + kwasu mlekowego, ekstrakt z kwiat\u00f3w rumianku, sok z li\u015bci aloesu, gliceryna, trigiceryd kaprylowo-kapynowy, olej z nasion krukosza barwierskiego, skwalen.<\/p>\n","protected":false},"excerpt":{"rendered":"<ul>\n<li>Preparat przyspieszaj\u0105cy eksfoliacj\u0119<\/li>\n<li>30 ml \/ 50 ml<\/li>\n<li>Napisz na\u00a0<a href=\"mailto:sklep@wroniszewska.pl\">sklep@wroniszewska.pl<\/a>, aby uzyska\u0107 dost\u0119p do tego produktu<\/li>\n<\/ul>\n","protected":false},"featured_media":8765,"template":"","meta":[],"product_cat":[137],"product_tag":[],"acf":[],"yoast_head":"<!-- This site is optimized with the Yoast SEO plugin v19.3 - https:\/\/yoast.com\/wordpress\/plugins\/seo\/ -->\n<title>Exfoliation Accelerator - BEAUTY SHOP Wroniszewska<\/title>\n<meta name=\"robots\" content=\"index, follow, max-snippet:-1, max-image-preview:large, max-video-preview:-1\" \/>\n<link rel=\"canonical\" href=\"https:\/\/wroniszewska.pl\/beautyshop\/produkt\/exfoliation-accelerator\/\" \/>\n<meta property=\"og:locale\" content=\"pl_PL\" \/>\n<meta property=\"og:type\" content=\"article\" \/>\n<meta property=\"og:title\" content=\"Exfoliation Accelerator - BEAUTY SHOP Wroniszewska\" \/>\n<meta property=\"og:description\" content=\"Preparat przyspieszaj\u0105cy eksfoliacj\u0119  30 ml \/ 50 ml  Napisz na\u00a0sklep@wroniszewska.pl, aby uzyska\u0107 dost\u0119p do tego produktu\" \/>\n<meta property=\"og:url\" content=\"https:\/\/wroniszewska.pl\/beautyshop\/produkt\/exfoliation-accelerator\/\" \/>\n<meta property=\"og:site_name\" content=\"BEAUTY SHOP Wroniszewska\" \/>\n<meta property=\"article:modified_time\" content=\"2022-09-30T09:50:07+00:00\" \/>\n<meta property=\"og:image\" content=\"https:\/\/wroniszewska.pl\/beautyshop\/wp-content\/uploads\/sites\/2\/2022\/09\/EXFOLIATION_ACCELERATOR.png\" \/>\n\t<meta property=\"og:image:width\" content=\"1040\" \/>\n\t<meta property=\"og:image:height\" content=\"1040\" \/>\n\t<meta property=\"og:image:type\" content=\"image\/png\" \/>\n<meta name=\"twitter:card\" content=\"summary_large_image\" \/>\n<meta name=\"twitter:label1\" content=\"Szacowany czas czytania\" \/>\n\t<meta name=\"twitter:data1\" content=\"1 minuta\" \/>\n<script type=\"application\/ld+json\" class=\"yoast-schema-graph\">{\"@context\":\"https:\/\/schema.org\",\"@graph\":[{\"@type\":\"WebSite\",\"@id\":\"https:\/\/wroniszewska.pl\/beautyshop\/#website\",\"url\":\"https:\/\/wroniszewska.pl\/beautyshop\/\",\"name\":\"BEAUTY SHOP Wroniszewska\",\"description\":\"Kosmetyki profesjonalnych marek: PCA Skin, ProXN, Meder Beauty, Cell Fusion C Expert, Cell Fusion C\",\"potentialAction\":[{\"@type\":\"SearchAction\",\"target\":{\"@type\":\"EntryPoint\",\"urlTemplate\":\"https:\/\/wroniszewska.pl\/beautyshop\/?s={search_term_string}\"},\"query-input\":\"required name=search_term_string\"}],\"inLanguage\":\"pl-PL\"},{\"@type\":\"ImageObject\",\"inLanguage\":\"pl-PL\",\"@id\":\"https:\/\/wroniszewska.pl\/beautyshop\/produkt\/exfoliation-accelerator\/#primaryimage\",\"url\":\"https:\/\/wroniszewska.pl\/beautyshop\/wp-content\/uploads\/sites\/2\/2022\/09\/EXFOLIATION_ACCELERATOR.png\",\"contentUrl\":\"https:\/\/wroniszewska.pl\/beautyshop\/wp-content\/uploads\/sites\/2\/2022\/09\/EXFOLIATION_ACCELERATOR.png\",\"width\":1040,\"height\":1040},{\"@type\":\"WebPage\",\"@id\":\"https:\/\/wroniszewska.pl\/beautyshop\/produkt\/exfoliation-accelerator\/\",\"url\":\"https:\/\/wroniszewska.pl\/beautyshop\/produkt\/exfoliation-accelerator\/\",\"name\":\"Exfoliation Accelerator - BEAUTY SHOP Wroniszewska\",\"isPartOf\":{\"@id\":\"https:\/\/wroniszewska.pl\/beautyshop\/#website\"},\"primaryImageOfPage\":{\"@id\":\"https:\/\/wroniszewska.pl\/beautyshop\/produkt\/exfoliation-accelerator\/#primaryimage\"},\"datePublished\":\"2022-02-13T18:12:19+00:00\",\"dateModified\":\"2022-09-30T09:50:07+00:00\",\"breadcrumb\":{\"@id\":\"https:\/\/wroniszewska.pl\/beautyshop\/produkt\/exfoliation-accelerator\/#breadcrumb\"},\"inLanguage\":\"pl-PL\",\"potentialAction\":[{\"@type\":\"ReadAction\",\"target\":[\"https:\/\/wroniszewska.pl\/beautyshop\/produkt\/exfoliation-accelerator\/\"]}]},{\"@type\":\"BreadcrumbList\",\"@id\":\"https:\/\/wroniszewska.pl\/beautyshop\/produkt\/exfoliation-accelerator\/#breadcrumb\",\"itemListElement\":[{\"@type\":\"ListItem\",\"position\":1,\"name\":\"Strona g\u0142\u00f3wna\",\"item\":\"https:\/\/wroniszewska.pl\/beautyshop\/\"},{\"@type\":\"ListItem\",\"position\":2,\"name\":\"Produkty\",\"item\":\"https:\/\/wroniszewska.pl\/beautyshop\/produkty\/\"},{\"@type\":\"ListItem\",\"position\":3,\"name\":\"Exfoliation Accelerator\"}]}]}<\/script>\n<!-- \/ Yoast SEO plugin. -->","yoast_head_json":{"title":"Exfoliation Accelerator - BEAUTY SHOP Wroniszewska","robots":{"index":"index","follow":"follow","max-snippet":"max-snippet:-1","max-image-preview":"max-image-preview:large","max-video-preview":"max-video-preview:-1"},"canonical":"https:\/\/wroniszewska.pl\/beautyshop\/produkt\/exfoliation-accelerator\/","og_locale":"pl_PL","og_type":"article","og_title":"Exfoliation Accelerator - BEAUTY SHOP Wroniszewska","og_description":"Preparat przyspieszaj\u0105cy eksfoliacj\u0119  30 ml \/ 50 ml  Napisz na\u00a0sklep@wroniszewska.pl, aby uzyska\u0107 dost\u0119p do tego produktu","og_url":"https:\/\/wroniszewska.pl\/beautyshop\/produkt\/exfoliation-accelerator\/","og_site_name":"BEAUTY SHOP Wroniszewska","article_modified_time":"2022-09-30T09:50:07+00:00","og_image":[{"width":1040,"height":1040,"url":"https:\/\/wroniszewska.pl\/beautyshop\/wp-content\/uploads\/sites\/2\/2022\/09\/EXFOLIATION_ACCELERATOR.png","type":"image\/png"}],"twitter_card":"summary_large_image","twitter_misc":{"Szacowany czas czytania":"1 minuta"},"schema":{"@context":"https:\/\/schema.org","@graph":[{"@type":"WebSite","@id":"https:\/\/wroniszewska.pl\/beautyshop\/#website","url":"https:\/\/wroniszewska.pl\/beautyshop\/","name":"BEAUTY SHOP Wroniszewska","description":"Kosmetyki profesjonalnych marek: PCA Skin, ProXN, Meder Beauty, Cell Fusion C Expert, Cell Fusion C","potentialAction":[{"@type":"SearchAction","target":{"@type":"EntryPoint","urlTemplate":"https:\/\/wroniszewska.pl\/beautyshop\/?s={search_term_string}"},"query-input":"required name=search_term_string"}],"inLanguage":"pl-PL"},{"@type":"ImageObject","inLanguage":"pl-PL","@id":"https:\/\/wroniszewska.pl\/beautyshop\/produkt\/exfoliation-accelerator\/#primaryimage","url":"https:\/\/wroniszewska.pl\/beautyshop\/wp-content\/uploads\/sites\/2\/2022\/09\/EXFOLIATION_ACCELERATOR.png","contentUrl":"https:\/\/wroniszewska.pl\/beautyshop\/wp-content\/uploads\/sites\/2\/2022\/09\/EXFOLIATION_ACCELERATOR.png","width":1040,"height":1040},{"@type":"WebPage","@id":"https:\/\/wroniszewska.pl\/beautyshop\/produkt\/exfoliation-accelerator\/","url":"https:\/\/wroniszewska.pl\/beautyshop\/produkt\/exfoliation-accelerator\/","name":"Exfoliation Accelerator - BEAUTY SHOP Wroniszewska","isPartOf":{"@id":"https:\/\/wroniszewska.pl\/beautyshop\/#website"},"primaryImageOfPage":{"@id":"https:\/\/wroniszewska.pl\/beautyshop\/produkt\/exfoliation-accelerator\/#primaryimage"},"datePublished":"2022-02-13T18:12:19+00:00","dateModified":"2022-09-30T09:50:07+00:00","breadcrumb":{"@id":"https:\/\/wroniszewska.pl\/beautyshop\/produkt\/exfoliation-accelerator\/#breadcrumb"},"inLanguage":"pl-PL","potentialAction":[{"@type":"ReadAction","target":["https:\/\/wroniszewska.pl\/beautyshop\/produkt\/exfoliation-accelerator\/"]}]},{"@type":"BreadcrumbList","@id":"https:\/\/wroniszewska.pl\/beautyshop\/produkt\/exfoliation-accelerator\/#breadcrumb","itemListElement":[{"@type":"ListItem","position":1,"name":"Strona g\u0142\u00f3wna","item":"https:\/\/wroniszewska.pl\/beautyshop\/"},{"@type":"ListItem","position":2,"name":"Produkty","item":"https:\/\/wroniszewska.pl\/beautyshop\/produkty\/"},{"@type":"ListItem","position":3,"name":"Exfoliation Accelerator"}]}]}},"_links":{"self":[{"href":"https:\/\/wroniszewska.pl\/beautyshop\/wp-json\/wp\/v2\/product\/8770"}],"collection":[{"href":"https:\/\/wroniszewska.pl\/beautyshop\/wp-json\/wp\/v2\/product"}],"about":[{"href":"https:\/\/wroniszewska.pl\/beautyshop\/wp-json\/wp\/v2\/types\/product"}],"wp:featuredmedia":[{"embeddable":true,"href":"https:\/\/wroniszewska.pl\/beautyshop\/wp-json\/wp\/v2\/media\/8765"}],"wp:attachment":[{"href":"https:\/\/wroniszewska.pl\/beautyshop\/wp-json\/wp\/v2\/media?parent=8770"}],"wp:term":[{"taxonomy":"product_cat","embeddable":true,"href":"https:\/\/wroniszewska.pl\/beautyshop\/wp-json\/wp\/v2\/product_cat?post=8770"},{"taxonomy":"product_tag","embeddable":true,"href":"https:\/\/wroniszewska.pl\/beautyshop\/wp-json\/wp\/v2\/product_tag?post=8770"}],"curies":[{"name":"wp","href":"https:\/\/api.w.org\/{rel}","templated":true}]}}