{"id":8732,"date":"2022-02-09T19:21:56","date_gmt":"2022-02-09T18:21:56","guid":{"rendered":"https:\/\/wroniszewska.pl\/beautyshop\/?post_type=product&#038;p=8732"},"modified":"2023-02-16T15:14:04","modified_gmt":"2023-02-16T14:14:04","slug":"rozatrol","status":"publish","type":"product","link":"https:\/\/wroniszewska.pl\/beautyshop\/produkt\/rozatrol\/","title":{"rendered":"Rozatrol\u00ae"},"content":{"rendered":"<p>Serum lecznicze dla zaczerwienionej, uwra\u017cliwionej sk\u00f3ry zawieraj\u0105ce kompleks ZO-RRS2\u00ae. Redukuje ilo\u015b\u0107 \u0142oju nask\u00f3rkowego, by normalizowa\u0107 sk\u00f3r\u0119 oraz z\u0142uszcza j\u0105, by zapobiega\u0107 wyst\u0105pieniu objaw\u00f3w przedwczesnego starzenia.<\/p>\n<p><strong>Wskazania:<\/strong> sk\u00f3ra zaczerwieniona, uderzenia gor\u0105ca w trakcie menopauzy, sk\u00f3ra nadwra\u017cliwa, po zabiegach estetycznych, tr\u0105dzik r\u00f3\u017cowaty.<\/p>\n<p><strong>Spos\u00f3b u\u017cycia:<\/strong> Preparat powinien by\u0107 aplikowany 2 razy dziennie, zawsze na <a href=\"https:\/\/wroniszewska.pl\/beautyshop\/produkt\/daily-power-defense\/\">Daily Power Defense<\/a> lub <a href=\"https:\/\/wroniszewska.pl\/beautyshop\/produkt\/hydrating-creme\/\">Hydrating Cr\u00e8me<\/a>.<\/p>\n<p><strong>Sk\u0142adniki aktywne:<\/strong> ZO-RRS2\u00ae (unikalny kompleks kultur kom\u00f3rek macierzystych z szarotki alpejskiej i szanty zwyczajnej), kompleks aminokwas\u00f3w, octan farnezylu, farnezol, trioctan pantenolu, papaina, hydrolizat kwasu alginowego.<\/p>\n","protected":false},"excerpt":{"rendered":"<ul>\n<li>Serum dla zaczerwienionej sk\u00f3ry<\/li>\n<li>20 ml \/ 50 ml<\/li>\n<li>Napisz na\u00a0<a href=\"mailto:sklep@wroniszewska.pl\">sklep@wroniszewska.pl<\/a>, aby uzyska\u0107 dost\u0119p do tego produktu<\/li>\n<\/ul>\n","protected":false},"featured_media":8830,"template":"","meta":[],"product_cat":[137],"product_tag":[],"acf":[],"yoast_head":"<!-- This site is optimized with the Yoast SEO plugin v19.3 - https:\/\/yoast.com\/wordpress\/plugins\/seo\/ -->\n<title>Rozatrol\u00ae - BEAUTY SHOP Wroniszewska<\/title>\n<meta name=\"robots\" content=\"index, follow, max-snippet:-1, max-image-preview:large, max-video-preview:-1\" \/>\n<link rel=\"canonical\" href=\"https:\/\/wroniszewska.pl\/beautyshop\/produkt\/rozatrol\/\" \/>\n<meta property=\"og:locale\" content=\"pl_PL\" \/>\n<meta property=\"og:type\" content=\"article\" \/>\n<meta property=\"og:title\" content=\"Rozatrol\u00ae - BEAUTY SHOP Wroniszewska\" \/>\n<meta property=\"og:description\" content=\"Serum dla zaczerwienionej sk\u00f3ry  20 ml \/ 50 ml  Napisz na\u00a0sklep@wroniszewska.pl, aby uzyska\u0107 dost\u0119p do tego produktu\" \/>\n<meta property=\"og:url\" content=\"https:\/\/wroniszewska.pl\/beautyshop\/produkt\/rozatrol\/\" \/>\n<meta property=\"og:site_name\" content=\"BEAUTY SHOP Wroniszewska\" \/>\n<meta property=\"article:modified_time\" content=\"2023-02-16T14:14:04+00:00\" \/>\n<meta property=\"og:image\" content=\"https:\/\/wroniszewska.pl\/beautyshop\/wp-content\/uploads\/sites\/2\/2022\/09\/Rozatrol.png\" \/>\n\t<meta property=\"og:image:width\" content=\"1040\" \/>\n\t<meta property=\"og:image:height\" content=\"1040\" \/>\n\t<meta property=\"og:image:type\" content=\"image\/png\" \/>\n<meta name=\"twitter:card\" content=\"summary_large_image\" \/>\n<meta name=\"twitter:label1\" content=\"Szacowany czas czytania\" \/>\n\t<meta name=\"twitter:data1\" content=\"1 minuta\" \/>\n<script type=\"application\/ld+json\" class=\"yoast-schema-graph\">{\"@context\":\"https:\/\/schema.org\",\"@graph\":[{\"@type\":\"WebSite\",\"@id\":\"https:\/\/wroniszewska.pl\/beautyshop\/#website\",\"url\":\"https:\/\/wroniszewska.pl\/beautyshop\/\",\"name\":\"BEAUTY SHOP Wroniszewska\",\"description\":\"Kosmetyki profesjonalnych marek: PCA Skin, ProXN, Meder Beauty, Cell Fusion C Expert, Cell Fusion C\",\"potentialAction\":[{\"@type\":\"SearchAction\",\"target\":{\"@type\":\"EntryPoint\",\"urlTemplate\":\"https:\/\/wroniszewska.pl\/beautyshop\/?s={search_term_string}\"},\"query-input\":\"required name=search_term_string\"}],\"inLanguage\":\"pl-PL\"},{\"@type\":\"ImageObject\",\"inLanguage\":\"pl-PL\",\"@id\":\"https:\/\/wroniszewska.pl\/beautyshop\/produkt\/rozatrol\/#primaryimage\",\"url\":\"https:\/\/wroniszewska.pl\/beautyshop\/wp-content\/uploads\/sites\/2\/2022\/09\/Rozatrol.png\",\"contentUrl\":\"https:\/\/wroniszewska.pl\/beautyshop\/wp-content\/uploads\/sites\/2\/2022\/09\/Rozatrol.png\",\"width\":1040,\"height\":1040},{\"@type\":\"WebPage\",\"@id\":\"https:\/\/wroniszewska.pl\/beautyshop\/produkt\/rozatrol\/\",\"url\":\"https:\/\/wroniszewska.pl\/beautyshop\/produkt\/rozatrol\/\",\"name\":\"Rozatrol\u00ae - BEAUTY SHOP Wroniszewska\",\"isPartOf\":{\"@id\":\"https:\/\/wroniszewska.pl\/beautyshop\/#website\"},\"primaryImageOfPage\":{\"@id\":\"https:\/\/wroniszewska.pl\/beautyshop\/produkt\/rozatrol\/#primaryimage\"},\"datePublished\":\"2022-02-09T18:21:56+00:00\",\"dateModified\":\"2023-02-16T14:14:04+00:00\",\"breadcrumb\":{\"@id\":\"https:\/\/wroniszewska.pl\/beautyshop\/produkt\/rozatrol\/#breadcrumb\"},\"inLanguage\":\"pl-PL\",\"potentialAction\":[{\"@type\":\"ReadAction\",\"target\":[\"https:\/\/wroniszewska.pl\/beautyshop\/produkt\/rozatrol\/\"]}]},{\"@type\":\"BreadcrumbList\",\"@id\":\"https:\/\/wroniszewska.pl\/beautyshop\/produkt\/rozatrol\/#breadcrumb\",\"itemListElement\":[{\"@type\":\"ListItem\",\"position\":1,\"name\":\"Strona g\u0142\u00f3wna\",\"item\":\"https:\/\/wroniszewska.pl\/beautyshop\/\"},{\"@type\":\"ListItem\",\"position\":2,\"name\":\"Produkty\",\"item\":\"https:\/\/wroniszewska.pl\/beautyshop\/produkty\/\"},{\"@type\":\"ListItem\",\"position\":3,\"name\":\"Rozatrol\u00ae\"}]}]}<\/script>\n<!-- \/ Yoast SEO plugin. -->","yoast_head_json":{"title":"Rozatrol\u00ae - BEAUTY SHOP Wroniszewska","robots":{"index":"index","follow":"follow","max-snippet":"max-snippet:-1","max-image-preview":"max-image-preview:large","max-video-preview":"max-video-preview:-1"},"canonical":"https:\/\/wroniszewska.pl\/beautyshop\/produkt\/rozatrol\/","og_locale":"pl_PL","og_type":"article","og_title":"Rozatrol\u00ae - BEAUTY SHOP Wroniszewska","og_description":"Serum dla zaczerwienionej sk\u00f3ry  20 ml \/ 50 ml  Napisz na\u00a0sklep@wroniszewska.pl, aby uzyska\u0107 dost\u0119p do tego produktu","og_url":"https:\/\/wroniszewska.pl\/beautyshop\/produkt\/rozatrol\/","og_site_name":"BEAUTY SHOP Wroniszewska","article_modified_time":"2023-02-16T14:14:04+00:00","og_image":[{"width":1040,"height":1040,"url":"https:\/\/wroniszewska.pl\/beautyshop\/wp-content\/uploads\/sites\/2\/2022\/09\/Rozatrol.png","type":"image\/png"}],"twitter_card":"summary_large_image","twitter_misc":{"Szacowany czas czytania":"1 minuta"},"schema":{"@context":"https:\/\/schema.org","@graph":[{"@type":"WebSite","@id":"https:\/\/wroniszewska.pl\/beautyshop\/#website","url":"https:\/\/wroniszewska.pl\/beautyshop\/","name":"BEAUTY SHOP Wroniszewska","description":"Kosmetyki profesjonalnych marek: PCA Skin, ProXN, Meder Beauty, Cell Fusion C Expert, Cell Fusion C","potentialAction":[{"@type":"SearchAction","target":{"@type":"EntryPoint","urlTemplate":"https:\/\/wroniszewska.pl\/beautyshop\/?s={search_term_string}"},"query-input":"required name=search_term_string"}],"inLanguage":"pl-PL"},{"@type":"ImageObject","inLanguage":"pl-PL","@id":"https:\/\/wroniszewska.pl\/beautyshop\/produkt\/rozatrol\/#primaryimage","url":"https:\/\/wroniszewska.pl\/beautyshop\/wp-content\/uploads\/sites\/2\/2022\/09\/Rozatrol.png","contentUrl":"https:\/\/wroniszewska.pl\/beautyshop\/wp-content\/uploads\/sites\/2\/2022\/09\/Rozatrol.png","width":1040,"height":1040},{"@type":"WebPage","@id":"https:\/\/wroniszewska.pl\/beautyshop\/produkt\/rozatrol\/","url":"https:\/\/wroniszewska.pl\/beautyshop\/produkt\/rozatrol\/","name":"Rozatrol\u00ae - BEAUTY SHOP Wroniszewska","isPartOf":{"@id":"https:\/\/wroniszewska.pl\/beautyshop\/#website"},"primaryImageOfPage":{"@id":"https:\/\/wroniszewska.pl\/beautyshop\/produkt\/rozatrol\/#primaryimage"},"datePublished":"2022-02-09T18:21:56+00:00","dateModified":"2023-02-16T14:14:04+00:00","breadcrumb":{"@id":"https:\/\/wroniszewska.pl\/beautyshop\/produkt\/rozatrol\/#breadcrumb"},"inLanguage":"pl-PL","potentialAction":[{"@type":"ReadAction","target":["https:\/\/wroniszewska.pl\/beautyshop\/produkt\/rozatrol\/"]}]},{"@type":"BreadcrumbList","@id":"https:\/\/wroniszewska.pl\/beautyshop\/produkt\/rozatrol\/#breadcrumb","itemListElement":[{"@type":"ListItem","position":1,"name":"Strona g\u0142\u00f3wna","item":"https:\/\/wroniszewska.pl\/beautyshop\/"},{"@type":"ListItem","position":2,"name":"Produkty","item":"https:\/\/wroniszewska.pl\/beautyshop\/produkty\/"},{"@type":"ListItem","position":3,"name":"Rozatrol\u00ae"}]}]}},"_links":{"self":[{"href":"https:\/\/wroniszewska.pl\/beautyshop\/wp-json\/wp\/v2\/product\/8732"}],"collection":[{"href":"https:\/\/wroniszewska.pl\/beautyshop\/wp-json\/wp\/v2\/product"}],"about":[{"href":"https:\/\/wroniszewska.pl\/beautyshop\/wp-json\/wp\/v2\/types\/product"}],"wp:featuredmedia":[{"embeddable":true,"href":"https:\/\/wroniszewska.pl\/beautyshop\/wp-json\/wp\/v2\/media\/8830"}],"wp:attachment":[{"href":"https:\/\/wroniszewska.pl\/beautyshop\/wp-json\/wp\/v2\/media?parent=8732"}],"wp:term":[{"taxonomy":"product_cat","embeddable":true,"href":"https:\/\/wroniszewska.pl\/beautyshop\/wp-json\/wp\/v2\/product_cat?post=8732"},{"taxonomy":"product_tag","embeddable":true,"href":"https:\/\/wroniszewska.pl\/beautyshop\/wp-json\/wp\/v2\/product_tag?post=8732"}],"curies":[{"name":"wp","href":"https:\/\/api.w.org\/{rel}","templated":true}]}}