{"id":8658,"date":"2022-03-13T11:46:48","date_gmt":"2022-03-13T10:46:48","guid":{"rendered":"https:\/\/wroniszewska.pl\/beautyshop\/?post_type=product&#038;p=8658"},"modified":"2022-09-14T11:56:34","modified_gmt":"2022-09-14T09:56:34","slug":"time-reverse-lifting-cream","status":"publish","type":"product","link":"https:\/\/wroniszewska.pl\/beautyshop\/produkt\/time-reverse-lifting-cream\/","title":{"rendered":"Time Reverse Lifting Cream"},"content":{"rendered":"<p>Krem poprawiaj\u0105cy elastyczno\u015b\u0107 sk\u00f3ry dzi\u0119ki delikatnej formule<br \/>\nzawieraj\u0105cej Time Reverse Factor (TRF), aby poprawi\u0107 g\u0142\u00f3wne problemy zwi\u0105zane ze starzeniem si\u0119 sk\u00f3ry. Po\u0142\u0105czenie g\u0142\u00f3wnych sk\u0142adnik\u00f3w aktywnych wykazuje dzia\u0142anie typu \u201ebotox-like\u201d. Dzia\u0142a przeciwzmarszczkowo oraz przeciwstarzeniowo. Uj\u0119drnia, liftinguje oraz dzia\u0142a antyoksydacyjnie. <span class=\"JsGRdQ\">G\u0142\u00f3wny sk\u0142adnik TRF wraz z resweratrolem i ro\u015blinnymi flawonoidami daj\u0105 wzmocnione synergistyczne dzia\u0142anie.<\/span> Krem szybko si\u0119 wch\u0142ania, nie pozostawiaj\u0105c klej\u0105cej warstwy. Nawil\u017ca sk\u00f3r\u0119.<\/p>\n<p><strong>Wskazania:<\/strong> nawil\u017cenie, regeneracja pozabiegowa, sk\u00f3ra sucha, sk\u00f3ra normalna, sk\u00f3ra odwodniona, sk\u00f3ra dojrza\u0142a, utrata j\u0119drno\u015bci, zmarszczki.<\/p>\n<p><strong>Spos\u00f3b u\u017cycia:<\/strong> Krem nale\u017cy zaaplikowa\u0107 na oczyszczon\u0105 sk\u00f3r\u0119, r\u00f3wnomiernie rozprowadzaj\u0105c. Stosowa\u0107 rano i wieczorem.<\/p>\n<p><strong>Sk\u0142adniki aktywne: <\/strong>TRF-Time Reverse Factor, kompleks NEO-CMS\u2122, Oliosome Delivery, Argirelina, Adenozyna, Resweratrol.<\/p>\n","protected":false},"excerpt":{"rendered":"<ul>\n<li>Krem przeciwstarzeniowy<\/li>\n<li>50 ml<\/li>\n<\/ul>\n","protected":false},"featured_media":8660,"template":"","meta":[],"product_cat":[140],"product_tag":[],"acf":[],"yoast_head":"<!-- This site is optimized with the Yoast SEO plugin v19.3 - https:\/\/yoast.com\/wordpress\/plugins\/seo\/ -->\n<title>Time Reverse Lifting Cream - BEAUTY SHOP Wroniszewska<\/title>\n<meta name=\"robots\" content=\"index, follow, max-snippet:-1, max-image-preview:large, max-video-preview:-1\" \/>\n<link rel=\"canonical\" href=\"https:\/\/wroniszewska.pl\/beautyshop\/produkt\/time-reverse-lifting-cream\/\" \/>\n<meta property=\"og:locale\" content=\"pl_PL\" \/>\n<meta property=\"og:type\" content=\"article\" \/>\n<meta property=\"og:title\" content=\"Time Reverse Lifting Cream - BEAUTY SHOP Wroniszewska\" \/>\n<meta property=\"og:description\" content=\"Krem przeciwstarzeniowy  50 ml\" \/>\n<meta property=\"og:url\" content=\"https:\/\/wroniszewska.pl\/beautyshop\/produkt\/time-reverse-lifting-cream\/\" \/>\n<meta property=\"og:site_name\" content=\"BEAUTY SHOP Wroniszewska\" \/>\n<meta property=\"article:modified_time\" content=\"2022-09-14T09:56:34+00:00\" \/>\n<meta property=\"og:image\" content=\"https:\/\/wroniszewska.pl\/beautyshop\/wp-content\/uploads\/sites\/2\/2022\/07\/Lifting-Cream.png\" \/>\n\t<meta property=\"og:image:width\" content=\"1050\" \/>\n\t<meta property=\"og:image:height\" content=\"1050\" \/>\n\t<meta property=\"og:image:type\" content=\"image\/png\" \/>\n<meta name=\"twitter:card\" content=\"summary_large_image\" \/>\n<meta name=\"twitter:label1\" content=\"Szacowany czas czytania\" \/>\n\t<meta name=\"twitter:data1\" content=\"1 minuta\" \/>\n<script type=\"application\/ld+json\" class=\"yoast-schema-graph\">{\"@context\":\"https:\/\/schema.org\",\"@graph\":[{\"@type\":\"WebSite\",\"@id\":\"https:\/\/wroniszewska.pl\/beautyshop\/#website\",\"url\":\"https:\/\/wroniszewska.pl\/beautyshop\/\",\"name\":\"BEAUTY SHOP Wroniszewska\",\"description\":\"Kosmetyki profesjonalnych marek: PCA Skin, ProXN, Meder Beauty, Cell Fusion C Expert, Cell Fusion C\",\"potentialAction\":[{\"@type\":\"SearchAction\",\"target\":{\"@type\":\"EntryPoint\",\"urlTemplate\":\"https:\/\/wroniszewska.pl\/beautyshop\/?s={search_term_string}\"},\"query-input\":\"required name=search_term_string\"}],\"inLanguage\":\"pl-PL\"},{\"@type\":\"ImageObject\",\"inLanguage\":\"pl-PL\",\"@id\":\"https:\/\/wroniszewska.pl\/beautyshop\/produkt\/time-reverse-lifting-cream\/#primaryimage\",\"url\":\"https:\/\/wroniszewska.pl\/beautyshop\/wp-content\/uploads\/sites\/2\/2022\/07\/Lifting-Cream.png\",\"contentUrl\":\"https:\/\/wroniszewska.pl\/beautyshop\/wp-content\/uploads\/sites\/2\/2022\/07\/Lifting-Cream.png\",\"width\":1050,\"height\":1050},{\"@type\":\"WebPage\",\"@id\":\"https:\/\/wroniszewska.pl\/beautyshop\/produkt\/time-reverse-lifting-cream\/\",\"url\":\"https:\/\/wroniszewska.pl\/beautyshop\/produkt\/time-reverse-lifting-cream\/\",\"name\":\"Time Reverse Lifting Cream - BEAUTY SHOP Wroniszewska\",\"isPartOf\":{\"@id\":\"https:\/\/wroniszewska.pl\/beautyshop\/#website\"},\"primaryImageOfPage\":{\"@id\":\"https:\/\/wroniszewska.pl\/beautyshop\/produkt\/time-reverse-lifting-cream\/#primaryimage\"},\"datePublished\":\"2022-03-13T10:46:48+00:00\",\"dateModified\":\"2022-09-14T09:56:34+00:00\",\"breadcrumb\":{\"@id\":\"https:\/\/wroniszewska.pl\/beautyshop\/produkt\/time-reverse-lifting-cream\/#breadcrumb\"},\"inLanguage\":\"pl-PL\",\"potentialAction\":[{\"@type\":\"ReadAction\",\"target\":[\"https:\/\/wroniszewska.pl\/beautyshop\/produkt\/time-reverse-lifting-cream\/\"]}]},{\"@type\":\"BreadcrumbList\",\"@id\":\"https:\/\/wroniszewska.pl\/beautyshop\/produkt\/time-reverse-lifting-cream\/#breadcrumb\",\"itemListElement\":[{\"@type\":\"ListItem\",\"position\":1,\"name\":\"Strona g\u0142\u00f3wna\",\"item\":\"https:\/\/wroniszewska.pl\/beautyshop\/\"},{\"@type\":\"ListItem\",\"position\":2,\"name\":\"Produkty\",\"item\":\"https:\/\/wroniszewska.pl\/beautyshop\/produkty\/\"},{\"@type\":\"ListItem\",\"position\":3,\"name\":\"Time Reverse Lifting Cream\"}]}]}<\/script>\n<!-- \/ Yoast SEO plugin. -->","yoast_head_json":{"title":"Time Reverse Lifting Cream - BEAUTY SHOP Wroniszewska","robots":{"index":"index","follow":"follow","max-snippet":"max-snippet:-1","max-image-preview":"max-image-preview:large","max-video-preview":"max-video-preview:-1"},"canonical":"https:\/\/wroniszewska.pl\/beautyshop\/produkt\/time-reverse-lifting-cream\/","og_locale":"pl_PL","og_type":"article","og_title":"Time Reverse Lifting Cream - BEAUTY SHOP Wroniszewska","og_description":"Krem przeciwstarzeniowy  50 ml","og_url":"https:\/\/wroniszewska.pl\/beautyshop\/produkt\/time-reverse-lifting-cream\/","og_site_name":"BEAUTY SHOP Wroniszewska","article_modified_time":"2022-09-14T09:56:34+00:00","og_image":[{"width":1050,"height":1050,"url":"https:\/\/wroniszewska.pl\/beautyshop\/wp-content\/uploads\/sites\/2\/2022\/07\/Lifting-Cream.png","type":"image\/png"}],"twitter_card":"summary_large_image","twitter_misc":{"Szacowany czas czytania":"1 minuta"},"schema":{"@context":"https:\/\/schema.org","@graph":[{"@type":"WebSite","@id":"https:\/\/wroniszewska.pl\/beautyshop\/#website","url":"https:\/\/wroniszewska.pl\/beautyshop\/","name":"BEAUTY SHOP Wroniszewska","description":"Kosmetyki profesjonalnych marek: PCA Skin, ProXN, Meder Beauty, Cell Fusion C Expert, Cell Fusion C","potentialAction":[{"@type":"SearchAction","target":{"@type":"EntryPoint","urlTemplate":"https:\/\/wroniszewska.pl\/beautyshop\/?s={search_term_string}"},"query-input":"required name=search_term_string"}],"inLanguage":"pl-PL"},{"@type":"ImageObject","inLanguage":"pl-PL","@id":"https:\/\/wroniszewska.pl\/beautyshop\/produkt\/time-reverse-lifting-cream\/#primaryimage","url":"https:\/\/wroniszewska.pl\/beautyshop\/wp-content\/uploads\/sites\/2\/2022\/07\/Lifting-Cream.png","contentUrl":"https:\/\/wroniszewska.pl\/beautyshop\/wp-content\/uploads\/sites\/2\/2022\/07\/Lifting-Cream.png","width":1050,"height":1050},{"@type":"WebPage","@id":"https:\/\/wroniszewska.pl\/beautyshop\/produkt\/time-reverse-lifting-cream\/","url":"https:\/\/wroniszewska.pl\/beautyshop\/produkt\/time-reverse-lifting-cream\/","name":"Time Reverse Lifting Cream - BEAUTY SHOP Wroniszewska","isPartOf":{"@id":"https:\/\/wroniszewska.pl\/beautyshop\/#website"},"primaryImageOfPage":{"@id":"https:\/\/wroniszewska.pl\/beautyshop\/produkt\/time-reverse-lifting-cream\/#primaryimage"},"datePublished":"2022-03-13T10:46:48+00:00","dateModified":"2022-09-14T09:56:34+00:00","breadcrumb":{"@id":"https:\/\/wroniszewska.pl\/beautyshop\/produkt\/time-reverse-lifting-cream\/#breadcrumb"},"inLanguage":"pl-PL","potentialAction":[{"@type":"ReadAction","target":["https:\/\/wroniszewska.pl\/beautyshop\/produkt\/time-reverse-lifting-cream\/"]}]},{"@type":"BreadcrumbList","@id":"https:\/\/wroniszewska.pl\/beautyshop\/produkt\/time-reverse-lifting-cream\/#breadcrumb","itemListElement":[{"@type":"ListItem","position":1,"name":"Strona g\u0142\u00f3wna","item":"https:\/\/wroniszewska.pl\/beautyshop\/"},{"@type":"ListItem","position":2,"name":"Produkty","item":"https:\/\/wroniszewska.pl\/beautyshop\/produkty\/"},{"@type":"ListItem","position":3,"name":"Time Reverse Lifting Cream"}]}]}},"_links":{"self":[{"href":"https:\/\/wroniszewska.pl\/beautyshop\/wp-json\/wp\/v2\/product\/8658"}],"collection":[{"href":"https:\/\/wroniszewska.pl\/beautyshop\/wp-json\/wp\/v2\/product"}],"about":[{"href":"https:\/\/wroniszewska.pl\/beautyshop\/wp-json\/wp\/v2\/types\/product"}],"wp:featuredmedia":[{"embeddable":true,"href":"https:\/\/wroniszewska.pl\/beautyshop\/wp-json\/wp\/v2\/media\/8660"}],"wp:attachment":[{"href":"https:\/\/wroniszewska.pl\/beautyshop\/wp-json\/wp\/v2\/media?parent=8658"}],"wp:term":[{"taxonomy":"product_cat","embeddable":true,"href":"https:\/\/wroniszewska.pl\/beautyshop\/wp-json\/wp\/v2\/product_cat?post=8658"},{"taxonomy":"product_tag","embeddable":true,"href":"https:\/\/wroniszewska.pl\/beautyshop\/wp-json\/wp\/v2\/product_tag?post=8658"}],"curies":[{"name":"wp","href":"https:\/\/api.w.org\/{rel}","templated":true}]}}