{"id":8184,"date":"2022-03-14T13:20:45","date_gmt":"2022-03-14T12:20:45","guid":{"rendered":"https:\/\/wroniszewska.pl\/beautyshop\/?post_type=product&#038;p=8184"},"modified":"2023-02-06T19:01:56","modified_gmt":"2023-02-06T18:01:56","slug":"hyaluronic-acid-overnight-mask","status":"publish","type":"product","link":"https:\/\/wroniszewska.pl\/beautyshop\/produkt\/hyaluronic-acid-overnight-mask\/","title":{"rendered":"Hyaluronic Acid Overnight Mask"},"content":{"rendered":"<p>Maska oparta na silnej mieszance sk\u0142adnik\u00f3w koryguj\u0105cych. Zapewnia sk\u00f3rze d\u0142ugotrwa\u0142e nawil\u017cenie i dodaje blasku przy jednoczesnym wzmacnianiu naturalnego procesu regeneracji. Redukuje zmarszczki, dzia\u0142a antyoksydacyjnie oraz poprawia funkcjonowanie bariery hydrolipidowej. Dodatkowo, zawarte w masce naturalne ekstrakty, uspokajaj\u0105 i koj\u0105, zach\u0119caj\u0105c do g\u0142\u0119bokiego, spokojnego snu.<\/p>\n<p><strong>Wskazania:<\/strong> zmarszczki, utrata j\u0119drno\u015bci, sk\u00f3ra ekstremalnie sucha, sk\u00f3ra odwodniona, sk\u00f3ra szara, sk\u00f3ra matowa, sk\u00f3ra zniszczona dzia\u0142aniem czynnik\u00f3w zewn\u0119trznych.<\/p>\n<p><strong>Spos\u00f3b u\u017cycia:<\/strong> Po oczyszczeniu sk\u00f3ry nale\u017cy na\u0142o\u017cy\u0107 niewielka ilo\u015b\u0107 (jedna aplikacja podajnika) preparatu na wymagan\u0105 okolic\u0119 twarzy szyi lub dekoltu. Stosowa\u0107 na noc.<\/p>\n<p><strong>Sk\u0142adniki aktywne: <\/strong>kwas hialuronowy, hydrolizowany kwas hialuronowy i GAG, niacynamid, pantenol, ekstrakt z kory albicji jedwabistej.<\/p>\n","protected":false},"excerpt":{"rendered":"<ul>\n<li>Intensywnie odm\u0142adzaj\u0105co-nawil\u017caj\u0105ca maska na noc<\/li>\n<li>48g<\/li>\n<\/ul>\n","protected":false},"featured_media":8550,"template":"","meta":[],"product_cat":[139],"product_tag":[],"acf":[],"yoast_head":"<!-- This site is optimized with the Yoast SEO plugin v19.3 - https:\/\/yoast.com\/wordpress\/plugins\/seo\/ -->\n<title>Hyaluronic Acid Overnight Mask - BEAUTY SHOP Wroniszewska<\/title>\n<meta name=\"robots\" content=\"index, follow, max-snippet:-1, max-image-preview:large, max-video-preview:-1\" \/>\n<link rel=\"canonical\" href=\"https:\/\/wroniszewska.pl\/beautyshop\/produkt\/hyaluronic-acid-overnight-mask\/\" \/>\n<meta property=\"og:locale\" content=\"pl_PL\" \/>\n<meta property=\"og:type\" content=\"article\" \/>\n<meta property=\"og:title\" content=\"Hyaluronic Acid Overnight Mask - BEAUTY SHOP Wroniszewska\" \/>\n<meta property=\"og:description\" content=\"Intensywnie odm\u0142adzaj\u0105co-nawil\u017caj\u0105ca maska na noc  48g\" \/>\n<meta property=\"og:url\" content=\"https:\/\/wroniszewska.pl\/beautyshop\/produkt\/hyaluronic-acid-overnight-mask\/\" \/>\n<meta property=\"og:site_name\" content=\"BEAUTY SHOP Wroniszewska\" \/>\n<meta property=\"article:modified_time\" content=\"2023-02-06T18:01:56+00:00\" \/>\n<meta property=\"og:image\" content=\"https:\/\/wroniszewska.pl\/beautyshop\/wp-content\/uploads\/sites\/2\/2022\/03\/hyaluronic-acid-overnight-mask-1-1.jpg\" \/>\n\t<meta property=\"og:image:width\" content=\"1050\" \/>\n\t<meta property=\"og:image:height\" content=\"1050\" \/>\n\t<meta property=\"og:image:type\" content=\"image\/jpeg\" \/>\n<meta name=\"twitter:card\" content=\"summary_large_image\" \/>\n<meta name=\"twitter:label1\" content=\"Szacowany czas czytania\" \/>\n\t<meta name=\"twitter:data1\" content=\"1 minuta\" \/>\n<script type=\"application\/ld+json\" class=\"yoast-schema-graph\">{\"@context\":\"https:\/\/schema.org\",\"@graph\":[{\"@type\":\"WebSite\",\"@id\":\"https:\/\/wroniszewska.pl\/beautyshop\/#website\",\"url\":\"https:\/\/wroniszewska.pl\/beautyshop\/\",\"name\":\"BEAUTY SHOP Wroniszewska\",\"description\":\"Kosmetyki profesjonalnych marek: PCA Skin, ProXN, Meder Beauty, Cell Fusion C Expert, Cell Fusion C\",\"potentialAction\":[{\"@type\":\"SearchAction\",\"target\":{\"@type\":\"EntryPoint\",\"urlTemplate\":\"https:\/\/wroniszewska.pl\/beautyshop\/?s={search_term_string}\"},\"query-input\":\"required name=search_term_string\"}],\"inLanguage\":\"pl-PL\"},{\"@type\":\"ImageObject\",\"inLanguage\":\"pl-PL\",\"@id\":\"https:\/\/wroniszewska.pl\/beautyshop\/produkt\/hyaluronic-acid-overnight-mask\/#primaryimage\",\"url\":\"https:\/\/wroniszewska.pl\/beautyshop\/wp-content\/uploads\/sites\/2\/2022\/03\/hyaluronic-acid-overnight-mask-1-1.jpg\",\"contentUrl\":\"https:\/\/wroniszewska.pl\/beautyshop\/wp-content\/uploads\/sites\/2\/2022\/03\/hyaluronic-acid-overnight-mask-1-1.jpg\",\"width\":1050,\"height\":1050},{\"@type\":\"WebPage\",\"@id\":\"https:\/\/wroniszewska.pl\/beautyshop\/produkt\/hyaluronic-acid-overnight-mask\/\",\"url\":\"https:\/\/wroniszewska.pl\/beautyshop\/produkt\/hyaluronic-acid-overnight-mask\/\",\"name\":\"Hyaluronic Acid Overnight Mask - BEAUTY SHOP Wroniszewska\",\"isPartOf\":{\"@id\":\"https:\/\/wroniszewska.pl\/beautyshop\/#website\"},\"primaryImageOfPage\":{\"@id\":\"https:\/\/wroniszewska.pl\/beautyshop\/produkt\/hyaluronic-acid-overnight-mask\/#primaryimage\"},\"datePublished\":\"2022-03-14T12:20:45+00:00\",\"dateModified\":\"2023-02-06T18:01:56+00:00\",\"breadcrumb\":{\"@id\":\"https:\/\/wroniszewska.pl\/beautyshop\/produkt\/hyaluronic-acid-overnight-mask\/#breadcrumb\"},\"inLanguage\":\"pl-PL\",\"potentialAction\":[{\"@type\":\"ReadAction\",\"target\":[\"https:\/\/wroniszewska.pl\/beautyshop\/produkt\/hyaluronic-acid-overnight-mask\/\"]}]},{\"@type\":\"BreadcrumbList\",\"@id\":\"https:\/\/wroniszewska.pl\/beautyshop\/produkt\/hyaluronic-acid-overnight-mask\/#breadcrumb\",\"itemListElement\":[{\"@type\":\"ListItem\",\"position\":1,\"name\":\"Strona g\u0142\u00f3wna\",\"item\":\"https:\/\/wroniszewska.pl\/beautyshop\/\"},{\"@type\":\"ListItem\",\"position\":2,\"name\":\"Produkty\",\"item\":\"https:\/\/wroniszewska.pl\/beautyshop\/produkty\/\"},{\"@type\":\"ListItem\",\"position\":3,\"name\":\"Hyaluronic Acid Overnight Mask\"}]}]}<\/script>\n<!-- \/ Yoast SEO plugin. -->","yoast_head_json":{"title":"Hyaluronic Acid Overnight Mask - BEAUTY SHOP Wroniszewska","robots":{"index":"index","follow":"follow","max-snippet":"max-snippet:-1","max-image-preview":"max-image-preview:large","max-video-preview":"max-video-preview:-1"},"canonical":"https:\/\/wroniszewska.pl\/beautyshop\/produkt\/hyaluronic-acid-overnight-mask\/","og_locale":"pl_PL","og_type":"article","og_title":"Hyaluronic Acid Overnight Mask - BEAUTY SHOP Wroniszewska","og_description":"Intensywnie odm\u0142adzaj\u0105co-nawil\u017caj\u0105ca maska na noc  48g","og_url":"https:\/\/wroniszewska.pl\/beautyshop\/produkt\/hyaluronic-acid-overnight-mask\/","og_site_name":"BEAUTY SHOP Wroniszewska","article_modified_time":"2023-02-06T18:01:56+00:00","og_image":[{"width":1050,"height":1050,"url":"https:\/\/wroniszewska.pl\/beautyshop\/wp-content\/uploads\/sites\/2\/2022\/03\/hyaluronic-acid-overnight-mask-1-1.jpg","type":"image\/jpeg"}],"twitter_card":"summary_large_image","twitter_misc":{"Szacowany czas czytania":"1 minuta"},"schema":{"@context":"https:\/\/schema.org","@graph":[{"@type":"WebSite","@id":"https:\/\/wroniszewska.pl\/beautyshop\/#website","url":"https:\/\/wroniszewska.pl\/beautyshop\/","name":"BEAUTY SHOP Wroniszewska","description":"Kosmetyki profesjonalnych marek: PCA Skin, ProXN, Meder Beauty, Cell Fusion C Expert, Cell Fusion C","potentialAction":[{"@type":"SearchAction","target":{"@type":"EntryPoint","urlTemplate":"https:\/\/wroniszewska.pl\/beautyshop\/?s={search_term_string}"},"query-input":"required name=search_term_string"}],"inLanguage":"pl-PL"},{"@type":"ImageObject","inLanguage":"pl-PL","@id":"https:\/\/wroniszewska.pl\/beautyshop\/produkt\/hyaluronic-acid-overnight-mask\/#primaryimage","url":"https:\/\/wroniszewska.pl\/beautyshop\/wp-content\/uploads\/sites\/2\/2022\/03\/hyaluronic-acid-overnight-mask-1-1.jpg","contentUrl":"https:\/\/wroniszewska.pl\/beautyshop\/wp-content\/uploads\/sites\/2\/2022\/03\/hyaluronic-acid-overnight-mask-1-1.jpg","width":1050,"height":1050},{"@type":"WebPage","@id":"https:\/\/wroniszewska.pl\/beautyshop\/produkt\/hyaluronic-acid-overnight-mask\/","url":"https:\/\/wroniszewska.pl\/beautyshop\/produkt\/hyaluronic-acid-overnight-mask\/","name":"Hyaluronic Acid Overnight Mask - BEAUTY SHOP Wroniszewska","isPartOf":{"@id":"https:\/\/wroniszewska.pl\/beautyshop\/#website"},"primaryImageOfPage":{"@id":"https:\/\/wroniszewska.pl\/beautyshop\/produkt\/hyaluronic-acid-overnight-mask\/#primaryimage"},"datePublished":"2022-03-14T12:20:45+00:00","dateModified":"2023-02-06T18:01:56+00:00","breadcrumb":{"@id":"https:\/\/wroniszewska.pl\/beautyshop\/produkt\/hyaluronic-acid-overnight-mask\/#breadcrumb"},"inLanguage":"pl-PL","potentialAction":[{"@type":"ReadAction","target":["https:\/\/wroniszewska.pl\/beautyshop\/produkt\/hyaluronic-acid-overnight-mask\/"]}]},{"@type":"BreadcrumbList","@id":"https:\/\/wroniszewska.pl\/beautyshop\/produkt\/hyaluronic-acid-overnight-mask\/#breadcrumb","itemListElement":[{"@type":"ListItem","position":1,"name":"Strona g\u0142\u00f3wna","item":"https:\/\/wroniszewska.pl\/beautyshop\/"},{"@type":"ListItem","position":2,"name":"Produkty","item":"https:\/\/wroniszewska.pl\/beautyshop\/produkty\/"},{"@type":"ListItem","position":3,"name":"Hyaluronic Acid Overnight Mask"}]}]}},"_links":{"self":[{"href":"https:\/\/wroniszewska.pl\/beautyshop\/wp-json\/wp\/v2\/product\/8184"}],"collection":[{"href":"https:\/\/wroniszewska.pl\/beautyshop\/wp-json\/wp\/v2\/product"}],"about":[{"href":"https:\/\/wroniszewska.pl\/beautyshop\/wp-json\/wp\/v2\/types\/product"}],"wp:featuredmedia":[{"embeddable":true,"href":"https:\/\/wroniszewska.pl\/beautyshop\/wp-json\/wp\/v2\/media\/8550"}],"wp:attachment":[{"href":"https:\/\/wroniszewska.pl\/beautyshop\/wp-json\/wp\/v2\/media?parent=8184"}],"wp:term":[{"taxonomy":"product_cat","embeddable":true,"href":"https:\/\/wroniszewska.pl\/beautyshop\/wp-json\/wp\/v2\/product_cat?post=8184"},{"taxonomy":"product_tag","embeddable":true,"href":"https:\/\/wroniszewska.pl\/beautyshop\/wp-json\/wp\/v2\/product_tag?post=8184"}],"curies":[{"name":"wp","href":"https:\/\/api.w.org\/{rel}","templated":true}]}}