{"id":8176,"date":"2022-03-14T13:09:10","date_gmt":"2022-03-14T12:09:10","guid":{"rendered":"https:\/\/wroniszewska.pl\/beautyshop\/?post_type=product&#038;p=8176"},"modified":"2025-04-22T19:42:31","modified_gmt":"2025-04-22T17:42:31","slug":"collagen-hydrator-cream","status":"publish","type":"product","link":"https:\/\/wroniszewska.pl\/beautyshop\/produkt\/collagen-hydrator-cream\/","title":{"rendered":"Collagen Hydrator Cream"},"content":{"rendered":"<p>Krem dostarcza intensywnego nawil\u017cenia sk\u00f3rze suchej oraz starzej\u0105cej si\u0119. Zapewnia odpowiedni\u0105 piel\u0119gnacj\u0119 regeneracyjn\u0105, \u0142agodzi podra\u017cnienia oraz przeciwdzia\u0142a negatywnym czynnikom zewn\u0119trznym. Dzia\u0142a antyoksydacyjnie zmi\u0119kczaj\u0105c, uj\u0119drniaj\u0105c i od\u017cywiaj\u0105c sk\u00f3r\u0119 twarzy, pozostawiaj\u0105c j\u0105 zdrow\u0105 i pe\u0142n\u0105 blasku.<\/p>\n<p><strong>Wskazania:<\/strong> sk\u00f3ra sucha, sk\u00f3ra dojrza\u0142a, pierwsze oznaki starzenia.<\/p>\n<p><strong>Spos\u00f3b u\u017cycia:<\/strong> Na\u0142o\u017cy\u0107 na oczyszczon\u0105 sk\u00f3r\u0119 twarzy i pozostawi\u0107 do ca\u0142kowitego wch\u0142oni\u0119cia.<\/p>\n<p><strong>Sk\u0142adniki aktywne: <\/strong>mas\u0142o shea, olej z kie\u0142k\u00f3w pszenicy, oliwa, ekstrakt z olejku migda\u0142owego.<\/p>\n","protected":false},"excerpt":{"rendered":"<ul>\n<li>Krem nawil\u017caj\u0105cy<\/li>\n<li>47,6g<\/li>\n<\/ul>\n","protected":false},"featured_media":8177,"template":"","meta":[],"product_cat":[140],"product_tag":[],"acf":[],"yoast_head":"<!-- This site is optimized with the Yoast SEO plugin v19.3 - https:\/\/yoast.com\/wordpress\/plugins\/seo\/ -->\n<title>Collagen Hydrator Cream - BEAUTY SHOP Wroniszewska<\/title>\n<meta name=\"robots\" content=\"index, follow, max-snippet:-1, max-image-preview:large, max-video-preview:-1\" \/>\n<link rel=\"canonical\" href=\"https:\/\/wroniszewska.pl\/beautyshop\/produkt\/collagen-hydrator-cream\/\" \/>\n<meta property=\"og:locale\" content=\"pl_PL\" \/>\n<meta property=\"og:type\" content=\"article\" \/>\n<meta property=\"og:title\" content=\"Collagen Hydrator Cream - BEAUTY SHOP Wroniszewska\" \/>\n<meta property=\"og:description\" content=\"Krem nawil\u017caj\u0105cy  47,6g\" \/>\n<meta property=\"og:url\" content=\"https:\/\/wroniszewska.pl\/beautyshop\/produkt\/collagen-hydrator-cream\/\" \/>\n<meta property=\"og:site_name\" content=\"BEAUTY SHOP Wroniszewska\" \/>\n<meta property=\"article:modified_time\" content=\"2025-04-22T17:42:31+00:00\" \/>\n<meta property=\"og:image\" content=\"https:\/\/wroniszewska.pl\/beautyshop\/wp-content\/uploads\/sites\/2\/2022\/03\/Collagen-Hydrator.jpg\" \/>\n\t<meta property=\"og:image:width\" content=\"1050\" \/>\n\t<meta property=\"og:image:height\" content=\"1420\" \/>\n\t<meta property=\"og:image:type\" content=\"image\/jpeg\" \/>\n<meta name=\"twitter:card\" content=\"summary_large_image\" \/>\n<meta name=\"twitter:label1\" content=\"Szacowany czas czytania\" \/>\n\t<meta name=\"twitter:data1\" content=\"1 minuta\" \/>\n<script type=\"application\/ld+json\" class=\"yoast-schema-graph\">{\"@context\":\"https:\/\/schema.org\",\"@graph\":[{\"@type\":\"WebSite\",\"@id\":\"https:\/\/wroniszewska.pl\/beautyshop\/#website\",\"url\":\"https:\/\/wroniszewska.pl\/beautyshop\/\",\"name\":\"BEAUTY SHOP Wroniszewska\",\"description\":\"Kosmetyki profesjonalnych marek: PCA Skin, ProXN, Meder Beauty, Cell Fusion C Expert, Cell Fusion C\",\"potentialAction\":[{\"@type\":\"SearchAction\",\"target\":{\"@type\":\"EntryPoint\",\"urlTemplate\":\"https:\/\/wroniszewska.pl\/beautyshop\/?s={search_term_string}\"},\"query-input\":\"required name=search_term_string\"}],\"inLanguage\":\"pl-PL\"},{\"@type\":\"ImageObject\",\"inLanguage\":\"pl-PL\",\"@id\":\"https:\/\/wroniszewska.pl\/beautyshop\/produkt\/collagen-hydrator-cream\/#primaryimage\",\"url\":\"https:\/\/wroniszewska.pl\/beautyshop\/wp-content\/uploads\/sites\/2\/2022\/03\/Collagen-Hydrator.jpg\",\"contentUrl\":\"https:\/\/wroniszewska.pl\/beautyshop\/wp-content\/uploads\/sites\/2\/2022\/03\/Collagen-Hydrator.jpg\",\"width\":1050,\"height\":1420},{\"@type\":\"WebPage\",\"@id\":\"https:\/\/wroniszewska.pl\/beautyshop\/produkt\/collagen-hydrator-cream\/\",\"url\":\"https:\/\/wroniszewska.pl\/beautyshop\/produkt\/collagen-hydrator-cream\/\",\"name\":\"Collagen Hydrator Cream - BEAUTY SHOP Wroniszewska\",\"isPartOf\":{\"@id\":\"https:\/\/wroniszewska.pl\/beautyshop\/#website\"},\"primaryImageOfPage\":{\"@id\":\"https:\/\/wroniszewska.pl\/beautyshop\/produkt\/collagen-hydrator-cream\/#primaryimage\"},\"datePublished\":\"2022-03-14T12:09:10+00:00\",\"dateModified\":\"2025-04-22T17:42:31+00:00\",\"breadcrumb\":{\"@id\":\"https:\/\/wroniszewska.pl\/beautyshop\/produkt\/collagen-hydrator-cream\/#breadcrumb\"},\"inLanguage\":\"pl-PL\",\"potentialAction\":[{\"@type\":\"ReadAction\",\"target\":[\"https:\/\/wroniszewska.pl\/beautyshop\/produkt\/collagen-hydrator-cream\/\"]}]},{\"@type\":\"BreadcrumbList\",\"@id\":\"https:\/\/wroniszewska.pl\/beautyshop\/produkt\/collagen-hydrator-cream\/#breadcrumb\",\"itemListElement\":[{\"@type\":\"ListItem\",\"position\":1,\"name\":\"Strona g\u0142\u00f3wna\",\"item\":\"https:\/\/wroniszewska.pl\/beautyshop\/\"},{\"@type\":\"ListItem\",\"position\":2,\"name\":\"Produkty\",\"item\":\"https:\/\/wroniszewska.pl\/beautyshop\/produkty\/\"},{\"@type\":\"ListItem\",\"position\":3,\"name\":\"Collagen Hydrator Cream\"}]}]}<\/script>\n<!-- \/ Yoast SEO plugin. -->","yoast_head_json":{"title":"Collagen Hydrator Cream - BEAUTY SHOP Wroniszewska","robots":{"index":"index","follow":"follow","max-snippet":"max-snippet:-1","max-image-preview":"max-image-preview:large","max-video-preview":"max-video-preview:-1"},"canonical":"https:\/\/wroniszewska.pl\/beautyshop\/produkt\/collagen-hydrator-cream\/","og_locale":"pl_PL","og_type":"article","og_title":"Collagen Hydrator Cream - BEAUTY SHOP Wroniszewska","og_description":"Krem nawil\u017caj\u0105cy  47,6g","og_url":"https:\/\/wroniszewska.pl\/beautyshop\/produkt\/collagen-hydrator-cream\/","og_site_name":"BEAUTY SHOP Wroniszewska","article_modified_time":"2025-04-22T17:42:31+00:00","og_image":[{"width":1050,"height":1420,"url":"https:\/\/wroniszewska.pl\/beautyshop\/wp-content\/uploads\/sites\/2\/2022\/03\/Collagen-Hydrator.jpg","type":"image\/jpeg"}],"twitter_card":"summary_large_image","twitter_misc":{"Szacowany czas czytania":"1 minuta"},"schema":{"@context":"https:\/\/schema.org","@graph":[{"@type":"WebSite","@id":"https:\/\/wroniszewska.pl\/beautyshop\/#website","url":"https:\/\/wroniszewska.pl\/beautyshop\/","name":"BEAUTY SHOP Wroniszewska","description":"Kosmetyki profesjonalnych marek: PCA Skin, ProXN, Meder Beauty, Cell Fusion C Expert, Cell Fusion C","potentialAction":[{"@type":"SearchAction","target":{"@type":"EntryPoint","urlTemplate":"https:\/\/wroniszewska.pl\/beautyshop\/?s={search_term_string}"},"query-input":"required name=search_term_string"}],"inLanguage":"pl-PL"},{"@type":"ImageObject","inLanguage":"pl-PL","@id":"https:\/\/wroniszewska.pl\/beautyshop\/produkt\/collagen-hydrator-cream\/#primaryimage","url":"https:\/\/wroniszewska.pl\/beautyshop\/wp-content\/uploads\/sites\/2\/2022\/03\/Collagen-Hydrator.jpg","contentUrl":"https:\/\/wroniszewska.pl\/beautyshop\/wp-content\/uploads\/sites\/2\/2022\/03\/Collagen-Hydrator.jpg","width":1050,"height":1420},{"@type":"WebPage","@id":"https:\/\/wroniszewska.pl\/beautyshop\/produkt\/collagen-hydrator-cream\/","url":"https:\/\/wroniszewska.pl\/beautyshop\/produkt\/collagen-hydrator-cream\/","name":"Collagen Hydrator Cream - BEAUTY SHOP Wroniszewska","isPartOf":{"@id":"https:\/\/wroniszewska.pl\/beautyshop\/#website"},"primaryImageOfPage":{"@id":"https:\/\/wroniszewska.pl\/beautyshop\/produkt\/collagen-hydrator-cream\/#primaryimage"},"datePublished":"2022-03-14T12:09:10+00:00","dateModified":"2025-04-22T17:42:31+00:00","breadcrumb":{"@id":"https:\/\/wroniszewska.pl\/beautyshop\/produkt\/collagen-hydrator-cream\/#breadcrumb"},"inLanguage":"pl-PL","potentialAction":[{"@type":"ReadAction","target":["https:\/\/wroniszewska.pl\/beautyshop\/produkt\/collagen-hydrator-cream\/"]}]},{"@type":"BreadcrumbList","@id":"https:\/\/wroniszewska.pl\/beautyshop\/produkt\/collagen-hydrator-cream\/#breadcrumb","itemListElement":[{"@type":"ListItem","position":1,"name":"Strona g\u0142\u00f3wna","item":"https:\/\/wroniszewska.pl\/beautyshop\/"},{"@type":"ListItem","position":2,"name":"Produkty","item":"https:\/\/wroniszewska.pl\/beautyshop\/produkty\/"},{"@type":"ListItem","position":3,"name":"Collagen Hydrator Cream"}]}]}},"_links":{"self":[{"href":"https:\/\/wroniszewska.pl\/beautyshop\/wp-json\/wp\/v2\/product\/8176"}],"collection":[{"href":"https:\/\/wroniszewska.pl\/beautyshop\/wp-json\/wp\/v2\/product"}],"about":[{"href":"https:\/\/wroniszewska.pl\/beautyshop\/wp-json\/wp\/v2\/types\/product"}],"wp:featuredmedia":[{"embeddable":true,"href":"https:\/\/wroniszewska.pl\/beautyshop\/wp-json\/wp\/v2\/media\/8177"}],"wp:attachment":[{"href":"https:\/\/wroniszewska.pl\/beautyshop\/wp-json\/wp\/v2\/media?parent=8176"}],"wp:term":[{"taxonomy":"product_cat","embeddable":true,"href":"https:\/\/wroniszewska.pl\/beautyshop\/wp-json\/wp\/v2\/product_cat?post=8176"},{"taxonomy":"product_tag","embeddable":true,"href":"https:\/\/wroniszewska.pl\/beautyshop\/wp-json\/wp\/v2\/product_tag?post=8176"}],"curies":[{"name":"wp","href":"https:\/\/api.w.org\/{rel}","templated":true}]}}