{"id":8171,"date":"2022-03-14T13:03:24","date_gmt":"2022-03-14T12:03:24","guid":{"rendered":"https:\/\/wroniszewska.pl\/beautyshop\/?post_type=product&#038;p=8171"},"modified":"2023-02-06T19:06:58","modified_gmt":"2023-02-06T18:06:58","slug":"ce-advanced-with-hexylresorcinol-and-silymarin","status":"publish","type":"product","link":"https:\/\/wroniszewska.pl\/beautyshop\/produkt\/ce-advanced-with-hexylresorcinol-and-silymarin\/","title":{"rendered":"C&amp;E Advanced with Hexylresorcinol and Silymarin"},"content":{"rendered":"<p>Krem o silnym dzia\u0142aniu antyoksydacyjnym, widocznie wzmacnia, wyg\u0142adza i chroni sk\u00f3r\u0119 przed dzia\u0142aniem wolnych rodnik\u00f3w tlenowych. Formu\u0142a wzmocniona heksylrezorycynolem oraz sylimaryn\u0105, rozja\u015bnia, wyr\u00f3wnuje koloryt, redukuje przewlek\u0142y stan zapalny odpowiedzialny za przedwczesne starzenie si\u0119 sk\u00f3ry. 20% witamina C stymuluje syntez\u0119 kolagenu oraz rozpromienia koloryt sk\u00f3ry. Witamina E wspomaga w\u0142a\u015bciwo\u015bci ochronne sk\u00f3ry.<\/p>\n<p><strong>Wskazania:<\/strong> sk\u00f3ra szara, sk\u00f3ra matowa, sk\u00f3ra dojrza\u0142a, sk\u00f3ra starzej\u0105ca si\u0119, przebarwienia, wyr\u00f3wnanie kolorytu, plamy, zmarszczki, ochrona przed wolnymi rodnikami.<\/p>\n<p><strong>Spos\u00f3b u\u017cycia:<\/strong> Krem nale\u017cy stosowa\u0107 dwa razy dziennie na oczyszczon\u0105 sk\u00f3r\u0119 twarzy, szyi, dekoltu. Pozostawi\u0107 do ca\u0142kowitego wch\u0142oni\u0119cia.<\/p>\n<p><strong>Sk\u0142adniki aktywne: <\/strong>witamina C, witamina E, heksylrezorycynol, sylimaryna.<\/p>\n","protected":false},"excerpt":{"rendered":"<ul>\n<li>Krem z heksylorezorcynolem i sylimaryn\u0105<\/li>\n<li>28g<\/li>\n<\/ul>\n","protected":false},"featured_media":8553,"template":"","meta":[],"product_cat":[140],"product_tag":[],"acf":[],"yoast_head":"<!-- This site is optimized with the Yoast SEO plugin v19.3 - https:\/\/yoast.com\/wordpress\/plugins\/seo\/ -->\n<title>C&amp;E Advanced with Hexylresorcinol and Silymarin - BEAUTY SHOP Wroniszewska<\/title>\n<meta name=\"robots\" content=\"index, follow, max-snippet:-1, max-image-preview:large, max-video-preview:-1\" \/>\n<link rel=\"canonical\" href=\"https:\/\/wroniszewska.pl\/beautyshop\/produkt\/ce-advanced-with-hexylresorcinol-and-silymarin\/\" \/>\n<meta property=\"og:locale\" content=\"pl_PL\" \/>\n<meta property=\"og:type\" content=\"article\" \/>\n<meta property=\"og:title\" content=\"C&amp;E Advanced with Hexylresorcinol and Silymarin - BEAUTY SHOP Wroniszewska\" \/>\n<meta property=\"og:description\" content=\"Krem z heksylorezorcynolem i sylimaryn\u0105  28g\" \/>\n<meta property=\"og:url\" content=\"https:\/\/wroniszewska.pl\/beautyshop\/produkt\/ce-advanced-with-hexylresorcinol-and-silymarin\/\" \/>\n<meta property=\"og:site_name\" content=\"BEAUTY SHOP Wroniszewska\" \/>\n<meta property=\"article:modified_time\" content=\"2023-02-06T18:06:58+00:00\" \/>\n<meta property=\"og:image\" content=\"https:\/\/wroniszewska.pl\/beautyshop\/wp-content\/uploads\/sites\/2\/2022\/03\/ce-advanced-with-hexylresorcinol-and-silymarin.jpg\" \/>\n\t<meta property=\"og:image:width\" content=\"1050\" \/>\n\t<meta property=\"og:image:height\" content=\"1050\" \/>\n\t<meta property=\"og:image:type\" content=\"image\/jpeg\" \/>\n<meta name=\"twitter:card\" content=\"summary_large_image\" \/>\n<meta name=\"twitter:label1\" content=\"Szacowany czas czytania\" \/>\n\t<meta name=\"twitter:data1\" content=\"1 minuta\" \/>\n<script type=\"application\/ld+json\" class=\"yoast-schema-graph\">{\"@context\":\"https:\/\/schema.org\",\"@graph\":[{\"@type\":\"WebSite\",\"@id\":\"https:\/\/wroniszewska.pl\/beautyshop\/#website\",\"url\":\"https:\/\/wroniszewska.pl\/beautyshop\/\",\"name\":\"BEAUTY SHOP Wroniszewska\",\"description\":\"Kosmetyki profesjonalnych marek: PCA Skin, ProXN, Meder Beauty, Cell Fusion C Expert, Cell Fusion C\",\"potentialAction\":[{\"@type\":\"SearchAction\",\"target\":{\"@type\":\"EntryPoint\",\"urlTemplate\":\"https:\/\/wroniszewska.pl\/beautyshop\/?s={search_term_string}\"},\"query-input\":\"required name=search_term_string\"}],\"inLanguage\":\"pl-PL\"},{\"@type\":\"ImageObject\",\"inLanguage\":\"pl-PL\",\"@id\":\"https:\/\/wroniszewska.pl\/beautyshop\/produkt\/ce-advanced-with-hexylresorcinol-and-silymarin\/#primaryimage\",\"url\":\"https:\/\/wroniszewska.pl\/beautyshop\/wp-content\/uploads\/sites\/2\/2022\/03\/ce-advanced-with-hexylresorcinol-and-silymarin.jpg\",\"contentUrl\":\"https:\/\/wroniszewska.pl\/beautyshop\/wp-content\/uploads\/sites\/2\/2022\/03\/ce-advanced-with-hexylresorcinol-and-silymarin.jpg\",\"width\":1050,\"height\":1050},{\"@type\":\"WebPage\",\"@id\":\"https:\/\/wroniszewska.pl\/beautyshop\/produkt\/ce-advanced-with-hexylresorcinol-and-silymarin\/\",\"url\":\"https:\/\/wroniszewska.pl\/beautyshop\/produkt\/ce-advanced-with-hexylresorcinol-and-silymarin\/\",\"name\":\"C&amp;E Advanced with Hexylresorcinol and Silymarin - BEAUTY SHOP Wroniszewska\",\"isPartOf\":{\"@id\":\"https:\/\/wroniszewska.pl\/beautyshop\/#website\"},\"primaryImageOfPage\":{\"@id\":\"https:\/\/wroniszewska.pl\/beautyshop\/produkt\/ce-advanced-with-hexylresorcinol-and-silymarin\/#primaryimage\"},\"datePublished\":\"2022-03-14T12:03:24+00:00\",\"dateModified\":\"2023-02-06T18:06:58+00:00\",\"breadcrumb\":{\"@id\":\"https:\/\/wroniszewska.pl\/beautyshop\/produkt\/ce-advanced-with-hexylresorcinol-and-silymarin\/#breadcrumb\"},\"inLanguage\":\"pl-PL\",\"potentialAction\":[{\"@type\":\"ReadAction\",\"target\":[\"https:\/\/wroniszewska.pl\/beautyshop\/produkt\/ce-advanced-with-hexylresorcinol-and-silymarin\/\"]}]},{\"@type\":\"BreadcrumbList\",\"@id\":\"https:\/\/wroniszewska.pl\/beautyshop\/produkt\/ce-advanced-with-hexylresorcinol-and-silymarin\/#breadcrumb\",\"itemListElement\":[{\"@type\":\"ListItem\",\"position\":1,\"name\":\"Strona g\u0142\u00f3wna\",\"item\":\"https:\/\/wroniszewska.pl\/beautyshop\/\"},{\"@type\":\"ListItem\",\"position\":2,\"name\":\"Produkty\",\"item\":\"https:\/\/wroniszewska.pl\/beautyshop\/produkty\/\"},{\"@type\":\"ListItem\",\"position\":3,\"name\":\"C&amp;E Advanced with Hexylresorcinol and Silymarin\"}]}]}<\/script>\n<!-- \/ Yoast SEO plugin. -->","yoast_head_json":{"title":"C&amp;E Advanced with Hexylresorcinol and Silymarin - BEAUTY SHOP Wroniszewska","robots":{"index":"index","follow":"follow","max-snippet":"max-snippet:-1","max-image-preview":"max-image-preview:large","max-video-preview":"max-video-preview:-1"},"canonical":"https:\/\/wroniszewska.pl\/beautyshop\/produkt\/ce-advanced-with-hexylresorcinol-and-silymarin\/","og_locale":"pl_PL","og_type":"article","og_title":"C&amp;E Advanced with Hexylresorcinol and Silymarin - BEAUTY SHOP Wroniszewska","og_description":"Krem z heksylorezorcynolem i sylimaryn\u0105  28g","og_url":"https:\/\/wroniszewska.pl\/beautyshop\/produkt\/ce-advanced-with-hexylresorcinol-and-silymarin\/","og_site_name":"BEAUTY SHOP Wroniszewska","article_modified_time":"2023-02-06T18:06:58+00:00","og_image":[{"width":1050,"height":1050,"url":"https:\/\/wroniszewska.pl\/beautyshop\/wp-content\/uploads\/sites\/2\/2022\/03\/ce-advanced-with-hexylresorcinol-and-silymarin.jpg","type":"image\/jpeg"}],"twitter_card":"summary_large_image","twitter_misc":{"Szacowany czas czytania":"1 minuta"},"schema":{"@context":"https:\/\/schema.org","@graph":[{"@type":"WebSite","@id":"https:\/\/wroniszewska.pl\/beautyshop\/#website","url":"https:\/\/wroniszewska.pl\/beautyshop\/","name":"BEAUTY SHOP Wroniszewska","description":"Kosmetyki profesjonalnych marek: PCA Skin, ProXN, Meder Beauty, Cell Fusion C Expert, Cell Fusion C","potentialAction":[{"@type":"SearchAction","target":{"@type":"EntryPoint","urlTemplate":"https:\/\/wroniszewska.pl\/beautyshop\/?s={search_term_string}"},"query-input":"required name=search_term_string"}],"inLanguage":"pl-PL"},{"@type":"ImageObject","inLanguage":"pl-PL","@id":"https:\/\/wroniszewska.pl\/beautyshop\/produkt\/ce-advanced-with-hexylresorcinol-and-silymarin\/#primaryimage","url":"https:\/\/wroniszewska.pl\/beautyshop\/wp-content\/uploads\/sites\/2\/2022\/03\/ce-advanced-with-hexylresorcinol-and-silymarin.jpg","contentUrl":"https:\/\/wroniszewska.pl\/beautyshop\/wp-content\/uploads\/sites\/2\/2022\/03\/ce-advanced-with-hexylresorcinol-and-silymarin.jpg","width":1050,"height":1050},{"@type":"WebPage","@id":"https:\/\/wroniszewska.pl\/beautyshop\/produkt\/ce-advanced-with-hexylresorcinol-and-silymarin\/","url":"https:\/\/wroniszewska.pl\/beautyshop\/produkt\/ce-advanced-with-hexylresorcinol-and-silymarin\/","name":"C&amp;E Advanced with Hexylresorcinol and Silymarin - BEAUTY SHOP Wroniszewska","isPartOf":{"@id":"https:\/\/wroniszewska.pl\/beautyshop\/#website"},"primaryImageOfPage":{"@id":"https:\/\/wroniszewska.pl\/beautyshop\/produkt\/ce-advanced-with-hexylresorcinol-and-silymarin\/#primaryimage"},"datePublished":"2022-03-14T12:03:24+00:00","dateModified":"2023-02-06T18:06:58+00:00","breadcrumb":{"@id":"https:\/\/wroniszewska.pl\/beautyshop\/produkt\/ce-advanced-with-hexylresorcinol-and-silymarin\/#breadcrumb"},"inLanguage":"pl-PL","potentialAction":[{"@type":"ReadAction","target":["https:\/\/wroniszewska.pl\/beautyshop\/produkt\/ce-advanced-with-hexylresorcinol-and-silymarin\/"]}]},{"@type":"BreadcrumbList","@id":"https:\/\/wroniszewska.pl\/beautyshop\/produkt\/ce-advanced-with-hexylresorcinol-and-silymarin\/#breadcrumb","itemListElement":[{"@type":"ListItem","position":1,"name":"Strona g\u0142\u00f3wna","item":"https:\/\/wroniszewska.pl\/beautyshop\/"},{"@type":"ListItem","position":2,"name":"Produkty","item":"https:\/\/wroniszewska.pl\/beautyshop\/produkty\/"},{"@type":"ListItem","position":3,"name":"C&amp;E Advanced with Hexylresorcinol and Silymarin"}]}]}},"_links":{"self":[{"href":"https:\/\/wroniszewska.pl\/beautyshop\/wp-json\/wp\/v2\/product\/8171"}],"collection":[{"href":"https:\/\/wroniszewska.pl\/beautyshop\/wp-json\/wp\/v2\/product"}],"about":[{"href":"https:\/\/wroniszewska.pl\/beautyshop\/wp-json\/wp\/v2\/types\/product"}],"wp:featuredmedia":[{"embeddable":true,"href":"https:\/\/wroniszewska.pl\/beautyshop\/wp-json\/wp\/v2\/media\/8553"}],"wp:attachment":[{"href":"https:\/\/wroniszewska.pl\/beautyshop\/wp-json\/wp\/v2\/media?parent=8171"}],"wp:term":[{"taxonomy":"product_cat","embeddable":true,"href":"https:\/\/wroniszewska.pl\/beautyshop\/wp-json\/wp\/v2\/product_cat?post=8171"},{"taxonomy":"product_tag","embeddable":true,"href":"https:\/\/wroniszewska.pl\/beautyshop\/wp-json\/wp\/v2\/product_tag?post=8171"}],"curies":[{"name":"wp","href":"https:\/\/api.w.org\/{rel}","templated":true}]}}