{"id":8151,"date":"2022-03-14T12:37:07","date_gmt":"2022-03-14T11:37:07","guid":{"rendered":"https:\/\/wroniszewska.pl\/beautyshop\/?post_type=product&#038;p=8151"},"modified":"2022-12-27T09:46:01","modified_gmt":"2022-12-27T08:46:01","slug":"low-ph-pharier-cream","status":"publish","type":"product","link":"https:\/\/wroniszewska.pl\/beautyshop\/produkt\/low-ph-pharier-cream\/","title":{"rendered":"Low PH Pharier Cream"},"content":{"rendered":"<p>Krem dedykowany dla sk\u00f3ry podra\u017cnionej, wra\u017cliwej. Zapewnia sk\u00f3rze odpowiednie nawil\u017cenie i pozostawia uczucie komfortu. Swoje dzia\u0142anie opiera na ekstrakcie z li\u015bci melisy, kt\u00f3ry wykazuje dzia\u0142anie antyoksydacyjne, przeciwzapalne, \u0142agodz\u0105ce, koj\u0105ce oraz przeciwbakteryjne. W sk\u0142adzie kremu znajduje si\u0119 r\u00f3wnie\u017c kwas rozmarynowy \u2013 chroni przed szkodliwym dzia\u0142aniem promieni s\u0142onecznych, postbiotyk \u2013 wspomaga fizjologiczn\u0105 mikroflor\u0119 bakteryjn\u0105 sk\u00f3ry, niacynamid \u2013 dzia\u0142a \u0142agodz\u0105co, redukuje rumie\u0144, wyci\u0105g chlorelli \u2013 chroni i nawil\u017ca sk\u00f3r\u0119.<\/p>\n<p><strong>Wskazania:<\/strong> ka\u017cdy rodzaj sk\u00f3ry, sk\u00f3ra wra\u017cliwa, regeneracja pozabiegowa, sk\u00f3ra odwodniona, nawil\u017canie.<\/p>\n<p><strong>Spos\u00f3b u\u017cycia:<\/strong> Krem nale\u017cy zaaplikowa\u0107 na oczyszczon\u0105 sk\u00f3r\u0119, r\u00f3wnomiernie rozprowadzaj\u0105c. Stosowa\u0107 rano i wieczorem.<\/p>\n<p><strong>Sk\u0142adniki aktywne: <\/strong>ekstrakt z li\u015bci melisy, kwas rozmarynowy, Lactococcus Ferment Lysate, niacynamid, wyci\u0105g z chlorelii zwyczajnej.<\/p>\n","protected":false},"excerpt":{"rendered":"<ul>\n<li>Krem nawil\u017caj\u0105cy do sk\u00f3ry wra\u017cliwej, podra\u017cnionej.<\/li>\n<li>55 ml<\/li>\n<\/ul>\n","protected":false},"featured_media":8586,"template":"","meta":[],"product_cat":[140],"product_tag":[],"acf":[],"yoast_head":"<!-- This site is optimized with the Yoast SEO plugin v19.3 - https:\/\/yoast.com\/wordpress\/plugins\/seo\/ -->\n<title>Low PH Pharier Cream - BEAUTY SHOP Wroniszewska<\/title>\n<meta name=\"robots\" content=\"index, follow, max-snippet:-1, max-image-preview:large, max-video-preview:-1\" \/>\n<link rel=\"canonical\" href=\"https:\/\/wroniszewska.pl\/beautyshop\/produkt\/low-ph-pharier-cream\/\" \/>\n<meta property=\"og:locale\" content=\"pl_PL\" \/>\n<meta property=\"og:type\" content=\"article\" \/>\n<meta property=\"og:title\" content=\"Low PH Pharier Cream - BEAUTY SHOP Wroniszewska\" \/>\n<meta property=\"og:description\" content=\"Krem nawil\u017caj\u0105cy do sk\u00f3ry wra\u017cliwej, podra\u017cnionej.  55 ml\" \/>\n<meta property=\"og:url\" content=\"https:\/\/wroniszewska.pl\/beautyshop\/produkt\/low-ph-pharier-cream\/\" \/>\n<meta property=\"og:site_name\" content=\"BEAUTY SHOP Wroniszewska\" \/>\n<meta property=\"article:modified_time\" content=\"2022-12-27T08:46:01+00:00\" \/>\n<meta property=\"og:image\" content=\"https:\/\/wroniszewska.pl\/beautyshop\/wp-content\/uploads\/sites\/2\/2022\/03\/Low-ph-cream.jpg\" \/>\n\t<meta property=\"og:image:width\" content=\"1050\" \/>\n\t<meta property=\"og:image:height\" content=\"1050\" \/>\n\t<meta property=\"og:image:type\" content=\"image\/jpeg\" \/>\n<meta name=\"twitter:card\" content=\"summary_large_image\" \/>\n<meta name=\"twitter:label1\" content=\"Szacowany czas czytania\" \/>\n\t<meta name=\"twitter:data1\" content=\"1 minuta\" \/>\n<script type=\"application\/ld+json\" class=\"yoast-schema-graph\">{\"@context\":\"https:\/\/schema.org\",\"@graph\":[{\"@type\":\"WebSite\",\"@id\":\"https:\/\/wroniszewska.pl\/beautyshop\/#website\",\"url\":\"https:\/\/wroniszewska.pl\/beautyshop\/\",\"name\":\"BEAUTY SHOP Wroniszewska\",\"description\":\"Kosmetyki profesjonalnych marek: PCA Skin, ProXN, Meder Beauty, Cell Fusion C Expert, Cell Fusion C\",\"potentialAction\":[{\"@type\":\"SearchAction\",\"target\":{\"@type\":\"EntryPoint\",\"urlTemplate\":\"https:\/\/wroniszewska.pl\/beautyshop\/?s={search_term_string}\"},\"query-input\":\"required name=search_term_string\"}],\"inLanguage\":\"pl-PL\"},{\"@type\":\"ImageObject\",\"inLanguage\":\"pl-PL\",\"@id\":\"https:\/\/wroniszewska.pl\/beautyshop\/produkt\/low-ph-pharier-cream\/#primaryimage\",\"url\":\"https:\/\/wroniszewska.pl\/beautyshop\/wp-content\/uploads\/sites\/2\/2022\/03\/Low-ph-cream.jpg\",\"contentUrl\":\"https:\/\/wroniszewska.pl\/beautyshop\/wp-content\/uploads\/sites\/2\/2022\/03\/Low-ph-cream.jpg\",\"width\":1050,\"height\":1050},{\"@type\":\"WebPage\",\"@id\":\"https:\/\/wroniszewska.pl\/beautyshop\/produkt\/low-ph-pharier-cream\/\",\"url\":\"https:\/\/wroniszewska.pl\/beautyshop\/produkt\/low-ph-pharier-cream\/\",\"name\":\"Low PH Pharier Cream - BEAUTY SHOP Wroniszewska\",\"isPartOf\":{\"@id\":\"https:\/\/wroniszewska.pl\/beautyshop\/#website\"},\"primaryImageOfPage\":{\"@id\":\"https:\/\/wroniszewska.pl\/beautyshop\/produkt\/low-ph-pharier-cream\/#primaryimage\"},\"datePublished\":\"2022-03-14T11:37:07+00:00\",\"dateModified\":\"2022-12-27T08:46:01+00:00\",\"breadcrumb\":{\"@id\":\"https:\/\/wroniszewska.pl\/beautyshop\/produkt\/low-ph-pharier-cream\/#breadcrumb\"},\"inLanguage\":\"pl-PL\",\"potentialAction\":[{\"@type\":\"ReadAction\",\"target\":[\"https:\/\/wroniszewska.pl\/beautyshop\/produkt\/low-ph-pharier-cream\/\"]}]},{\"@type\":\"BreadcrumbList\",\"@id\":\"https:\/\/wroniszewska.pl\/beautyshop\/produkt\/low-ph-pharier-cream\/#breadcrumb\",\"itemListElement\":[{\"@type\":\"ListItem\",\"position\":1,\"name\":\"Strona g\u0142\u00f3wna\",\"item\":\"https:\/\/wroniszewska.pl\/beautyshop\/\"},{\"@type\":\"ListItem\",\"position\":2,\"name\":\"Produkty\",\"item\":\"https:\/\/wroniszewska.pl\/beautyshop\/produkty\/\"},{\"@type\":\"ListItem\",\"position\":3,\"name\":\"Low PH Pharier Cream\"}]}]}<\/script>\n<!-- \/ Yoast SEO plugin. -->","yoast_head_json":{"title":"Low PH Pharier Cream - BEAUTY SHOP Wroniszewska","robots":{"index":"index","follow":"follow","max-snippet":"max-snippet:-1","max-image-preview":"max-image-preview:large","max-video-preview":"max-video-preview:-1"},"canonical":"https:\/\/wroniszewska.pl\/beautyshop\/produkt\/low-ph-pharier-cream\/","og_locale":"pl_PL","og_type":"article","og_title":"Low PH Pharier Cream - BEAUTY SHOP Wroniszewska","og_description":"Krem nawil\u017caj\u0105cy do sk\u00f3ry wra\u017cliwej, podra\u017cnionej.  55 ml","og_url":"https:\/\/wroniszewska.pl\/beautyshop\/produkt\/low-ph-pharier-cream\/","og_site_name":"BEAUTY SHOP Wroniszewska","article_modified_time":"2022-12-27T08:46:01+00:00","og_image":[{"width":1050,"height":1050,"url":"https:\/\/wroniszewska.pl\/beautyshop\/wp-content\/uploads\/sites\/2\/2022\/03\/Low-ph-cream.jpg","type":"image\/jpeg"}],"twitter_card":"summary_large_image","twitter_misc":{"Szacowany czas czytania":"1 minuta"},"schema":{"@context":"https:\/\/schema.org","@graph":[{"@type":"WebSite","@id":"https:\/\/wroniszewska.pl\/beautyshop\/#website","url":"https:\/\/wroniszewska.pl\/beautyshop\/","name":"BEAUTY SHOP Wroniszewska","description":"Kosmetyki profesjonalnych marek: PCA Skin, ProXN, Meder Beauty, Cell Fusion C Expert, Cell Fusion C","potentialAction":[{"@type":"SearchAction","target":{"@type":"EntryPoint","urlTemplate":"https:\/\/wroniszewska.pl\/beautyshop\/?s={search_term_string}"},"query-input":"required name=search_term_string"}],"inLanguage":"pl-PL"},{"@type":"ImageObject","inLanguage":"pl-PL","@id":"https:\/\/wroniszewska.pl\/beautyshop\/produkt\/low-ph-pharier-cream\/#primaryimage","url":"https:\/\/wroniszewska.pl\/beautyshop\/wp-content\/uploads\/sites\/2\/2022\/03\/Low-ph-cream.jpg","contentUrl":"https:\/\/wroniszewska.pl\/beautyshop\/wp-content\/uploads\/sites\/2\/2022\/03\/Low-ph-cream.jpg","width":1050,"height":1050},{"@type":"WebPage","@id":"https:\/\/wroniszewska.pl\/beautyshop\/produkt\/low-ph-pharier-cream\/","url":"https:\/\/wroniszewska.pl\/beautyshop\/produkt\/low-ph-pharier-cream\/","name":"Low PH Pharier Cream - BEAUTY SHOP Wroniszewska","isPartOf":{"@id":"https:\/\/wroniszewska.pl\/beautyshop\/#website"},"primaryImageOfPage":{"@id":"https:\/\/wroniszewska.pl\/beautyshop\/produkt\/low-ph-pharier-cream\/#primaryimage"},"datePublished":"2022-03-14T11:37:07+00:00","dateModified":"2022-12-27T08:46:01+00:00","breadcrumb":{"@id":"https:\/\/wroniszewska.pl\/beautyshop\/produkt\/low-ph-pharier-cream\/#breadcrumb"},"inLanguage":"pl-PL","potentialAction":[{"@type":"ReadAction","target":["https:\/\/wroniszewska.pl\/beautyshop\/produkt\/low-ph-pharier-cream\/"]}]},{"@type":"BreadcrumbList","@id":"https:\/\/wroniszewska.pl\/beautyshop\/produkt\/low-ph-pharier-cream\/#breadcrumb","itemListElement":[{"@type":"ListItem","position":1,"name":"Strona g\u0142\u00f3wna","item":"https:\/\/wroniszewska.pl\/beautyshop\/"},{"@type":"ListItem","position":2,"name":"Produkty","item":"https:\/\/wroniszewska.pl\/beautyshop\/produkty\/"},{"@type":"ListItem","position":3,"name":"Low PH Pharier Cream"}]}]}},"_links":{"self":[{"href":"https:\/\/wroniszewska.pl\/beautyshop\/wp-json\/wp\/v2\/product\/8151"}],"collection":[{"href":"https:\/\/wroniszewska.pl\/beautyshop\/wp-json\/wp\/v2\/product"}],"about":[{"href":"https:\/\/wroniszewska.pl\/beautyshop\/wp-json\/wp\/v2\/types\/product"}],"wp:featuredmedia":[{"embeddable":true,"href":"https:\/\/wroniszewska.pl\/beautyshop\/wp-json\/wp\/v2\/media\/8586"}],"wp:attachment":[{"href":"https:\/\/wroniszewska.pl\/beautyshop\/wp-json\/wp\/v2\/media?parent=8151"}],"wp:term":[{"taxonomy":"product_cat","embeddable":true,"href":"https:\/\/wroniszewska.pl\/beautyshop\/wp-json\/wp\/v2\/product_cat?post=8151"},{"taxonomy":"product_tag","embeddable":true,"href":"https:\/\/wroniszewska.pl\/beautyshop\/wp-json\/wp\/v2\/product_tag?post=8151"}],"curies":[{"name":"wp","href":"https:\/\/api.w.org\/{rel}","templated":true}]}}