{"id":8130,"date":"2022-03-14T12:06:44","date_gmt":"2022-03-14T11:06:44","guid":{"rendered":"https:\/\/wroniszewska.pl\/beautyshop\/?post_type=product&#038;p=8130"},"modified":"2023-01-18T11:29:53","modified_gmt":"2023-01-18T10:29:53","slug":"laser-sunscreen-100-spf-50-pa","status":"publish","type":"product","link":"https:\/\/wroniszewska.pl\/beautyshop\/produkt\/laser-sunscreen-100-spf-50-pa\/","title":{"rendered":"Laser Sunscreen 100 SPF 50+\/PA+++"},"content":{"rendered":"<p>Krem z bardzo wysok\u0105 ochron\u0105 przeciws\u0142oneczn\u0105 dla sk\u00f3ry wra\u017cliwej, starzej\u0105cej si\u0119 oraz po zabiegach estetycznych. Stymuluje procesy regeneracyjne w sk\u00f3rze i chroni przed szkodliwym dzia\u0142aniem wolnych rodnik\u00f3w. Zawarte w kremie sk\u0142adniki przeciwzmarszczkowe hamuj\u0105 proces starzenia si\u0119 sk\u00f3ry i intensywnie regeneruj\u0105. Krem dzi\u0119ki swojej lekkiej konsystencji szybko si\u0119 wch\u0142ania pozostawiaj\u0105c p\u00f3\u0142matowe wyko\u0144czenie. Doskonale rozja\u015bnia i ujednolica koloryt sk\u00f3ry. Mo\u017ce by\u0107 stosowany jak krem do twarzy.<\/p>\n<p><strong>Wskazania:<\/strong> ekspozycja na promieniowanie UV, dla ka\u017cdego rodzaju sk\u00f3ry, po zabiegach estetycznych, starzenie si\u0119 sk\u00f3ry, podra\u017cnienia, odbudowa bariery hydrolipidowej.<\/p>\n<p><strong>Spos\u00f3b u\u017cycia:<\/strong> Na\u0142o\u017cy\u0107 na twarz obfit\u0105 warstw\u0119 kremu p\u00f3\u0142 godziny przed ekspozycj\u0105 na s\u0142o\u0144ce. Czynno\u015b\u0107 nale\u017cy powtarza\u0107 co 2 godziny.<\/p>\n<p><strong>Sk\u0142adniki aktywne: <\/strong>octinoxate, octisalate, tlenek cynku, dwutlenek tytanu, koenzym Q10, uwodniony kolagen, acetyl hexapeptide-8.<\/p>\n","protected":false},"excerpt":{"rendered":"<ul>\n<li>Krem z wysok\u0105 ochron\u0105 przeciws\u0142oneczn\u0105<\/li>\n<li>35ml + 35ml<\/li>\n<\/ul>\n","protected":false},"featured_media":8567,"template":"","meta":[],"product_cat":[140],"product_tag":[],"acf":[],"yoast_head":"<!-- This site is optimized with the Yoast SEO plugin v19.3 - https:\/\/yoast.com\/wordpress\/plugins\/seo\/ -->\n<title>Laser Sunscreen 100 SPF 50+\/PA+++ - BEAUTY SHOP Wroniszewska<\/title>\n<meta name=\"robots\" content=\"index, follow, max-snippet:-1, max-image-preview:large, max-video-preview:-1\" \/>\n<link rel=\"canonical\" href=\"https:\/\/wroniszewska.pl\/beautyshop\/produkt\/laser-sunscreen-100-spf-50-pa\/\" \/>\n<meta property=\"og:locale\" content=\"pl_PL\" \/>\n<meta property=\"og:type\" content=\"article\" \/>\n<meta property=\"og:title\" content=\"Laser Sunscreen 100 SPF 50+\/PA+++ - BEAUTY SHOP Wroniszewska\" \/>\n<meta property=\"og:description\" content=\"Krem z wysok\u0105 ochron\u0105 przeciws\u0142oneczn\u0105  35ml + 35ml\" \/>\n<meta property=\"og:url\" content=\"https:\/\/wroniszewska.pl\/beautyshop\/produkt\/laser-sunscreen-100-spf-50-pa\/\" \/>\n<meta property=\"og:site_name\" content=\"BEAUTY SHOP Wroniszewska\" \/>\n<meta property=\"article:modified_time\" content=\"2023-01-18T10:29:53+00:00\" \/>\n<meta property=\"og:image\" content=\"https:\/\/wroniszewska.pl\/beautyshop\/wp-content\/uploads\/sites\/2\/2022\/03\/laser-sunscreen-100-spf-50-pa.jpg\" \/>\n\t<meta property=\"og:image:width\" content=\"1050\" \/>\n\t<meta property=\"og:image:height\" content=\"1050\" \/>\n\t<meta property=\"og:image:type\" content=\"image\/jpeg\" \/>\n<meta name=\"twitter:card\" content=\"summary_large_image\" \/>\n<meta name=\"twitter:label1\" content=\"Szacowany czas czytania\" \/>\n\t<meta name=\"twitter:data1\" content=\"1 minuta\" \/>\n<script type=\"application\/ld+json\" class=\"yoast-schema-graph\">{\"@context\":\"https:\/\/schema.org\",\"@graph\":[{\"@type\":\"WebSite\",\"@id\":\"https:\/\/wroniszewska.pl\/beautyshop\/#website\",\"url\":\"https:\/\/wroniszewska.pl\/beautyshop\/\",\"name\":\"BEAUTY SHOP Wroniszewska\",\"description\":\"Kosmetyki profesjonalnych marek: PCA Skin, ProXN, Meder Beauty, Cell Fusion C Expert, Cell Fusion C\",\"potentialAction\":[{\"@type\":\"SearchAction\",\"target\":{\"@type\":\"EntryPoint\",\"urlTemplate\":\"https:\/\/wroniszewska.pl\/beautyshop\/?s={search_term_string}\"},\"query-input\":\"required name=search_term_string\"}],\"inLanguage\":\"pl-PL\"},{\"@type\":\"ImageObject\",\"inLanguage\":\"pl-PL\",\"@id\":\"https:\/\/wroniszewska.pl\/beautyshop\/produkt\/laser-sunscreen-100-spf-50-pa\/#primaryimage\",\"url\":\"https:\/\/wroniszewska.pl\/beautyshop\/wp-content\/uploads\/sites\/2\/2022\/03\/laser-sunscreen-100-spf-50-pa.jpg\",\"contentUrl\":\"https:\/\/wroniszewska.pl\/beautyshop\/wp-content\/uploads\/sites\/2\/2022\/03\/laser-sunscreen-100-spf-50-pa.jpg\",\"width\":1050,\"height\":1050},{\"@type\":\"WebPage\",\"@id\":\"https:\/\/wroniszewska.pl\/beautyshop\/produkt\/laser-sunscreen-100-spf-50-pa\/\",\"url\":\"https:\/\/wroniszewska.pl\/beautyshop\/produkt\/laser-sunscreen-100-spf-50-pa\/\",\"name\":\"Laser Sunscreen 100 SPF 50+\/PA+++ - BEAUTY SHOP Wroniszewska\",\"isPartOf\":{\"@id\":\"https:\/\/wroniszewska.pl\/beautyshop\/#website\"},\"primaryImageOfPage\":{\"@id\":\"https:\/\/wroniszewska.pl\/beautyshop\/produkt\/laser-sunscreen-100-spf-50-pa\/#primaryimage\"},\"datePublished\":\"2022-03-14T11:06:44+00:00\",\"dateModified\":\"2023-01-18T10:29:53+00:00\",\"breadcrumb\":{\"@id\":\"https:\/\/wroniszewska.pl\/beautyshop\/produkt\/laser-sunscreen-100-spf-50-pa\/#breadcrumb\"},\"inLanguage\":\"pl-PL\",\"potentialAction\":[{\"@type\":\"ReadAction\",\"target\":[\"https:\/\/wroniszewska.pl\/beautyshop\/produkt\/laser-sunscreen-100-spf-50-pa\/\"]}]},{\"@type\":\"BreadcrumbList\",\"@id\":\"https:\/\/wroniszewska.pl\/beautyshop\/produkt\/laser-sunscreen-100-spf-50-pa\/#breadcrumb\",\"itemListElement\":[{\"@type\":\"ListItem\",\"position\":1,\"name\":\"Strona g\u0142\u00f3wna\",\"item\":\"https:\/\/wroniszewska.pl\/beautyshop\/\"},{\"@type\":\"ListItem\",\"position\":2,\"name\":\"Produkty\",\"item\":\"https:\/\/wroniszewska.pl\/beautyshop\/produkty\/\"},{\"@type\":\"ListItem\",\"position\":3,\"name\":\"Laser Sunscreen 100 SPF 50+\/PA+++\"}]}]}<\/script>\n<!-- \/ Yoast SEO plugin. -->","yoast_head_json":{"title":"Laser Sunscreen 100 SPF 50+\/PA+++ - BEAUTY SHOP Wroniszewska","robots":{"index":"index","follow":"follow","max-snippet":"max-snippet:-1","max-image-preview":"max-image-preview:large","max-video-preview":"max-video-preview:-1"},"canonical":"https:\/\/wroniszewska.pl\/beautyshop\/produkt\/laser-sunscreen-100-spf-50-pa\/","og_locale":"pl_PL","og_type":"article","og_title":"Laser Sunscreen 100 SPF 50+\/PA+++ - BEAUTY SHOP Wroniszewska","og_description":"Krem z wysok\u0105 ochron\u0105 przeciws\u0142oneczn\u0105  35ml + 35ml","og_url":"https:\/\/wroniszewska.pl\/beautyshop\/produkt\/laser-sunscreen-100-spf-50-pa\/","og_site_name":"BEAUTY SHOP Wroniszewska","article_modified_time":"2023-01-18T10:29:53+00:00","og_image":[{"width":1050,"height":1050,"url":"https:\/\/wroniszewska.pl\/beautyshop\/wp-content\/uploads\/sites\/2\/2022\/03\/laser-sunscreen-100-spf-50-pa.jpg","type":"image\/jpeg"}],"twitter_card":"summary_large_image","twitter_misc":{"Szacowany czas czytania":"1 minuta"},"schema":{"@context":"https:\/\/schema.org","@graph":[{"@type":"WebSite","@id":"https:\/\/wroniszewska.pl\/beautyshop\/#website","url":"https:\/\/wroniszewska.pl\/beautyshop\/","name":"BEAUTY SHOP Wroniszewska","description":"Kosmetyki profesjonalnych marek: PCA Skin, ProXN, Meder Beauty, Cell Fusion C Expert, Cell Fusion C","potentialAction":[{"@type":"SearchAction","target":{"@type":"EntryPoint","urlTemplate":"https:\/\/wroniszewska.pl\/beautyshop\/?s={search_term_string}"},"query-input":"required name=search_term_string"}],"inLanguage":"pl-PL"},{"@type":"ImageObject","inLanguage":"pl-PL","@id":"https:\/\/wroniszewska.pl\/beautyshop\/produkt\/laser-sunscreen-100-spf-50-pa\/#primaryimage","url":"https:\/\/wroniszewska.pl\/beautyshop\/wp-content\/uploads\/sites\/2\/2022\/03\/laser-sunscreen-100-spf-50-pa.jpg","contentUrl":"https:\/\/wroniszewska.pl\/beautyshop\/wp-content\/uploads\/sites\/2\/2022\/03\/laser-sunscreen-100-spf-50-pa.jpg","width":1050,"height":1050},{"@type":"WebPage","@id":"https:\/\/wroniszewska.pl\/beautyshop\/produkt\/laser-sunscreen-100-spf-50-pa\/","url":"https:\/\/wroniszewska.pl\/beautyshop\/produkt\/laser-sunscreen-100-spf-50-pa\/","name":"Laser Sunscreen 100 SPF 50+\/PA+++ - BEAUTY SHOP Wroniszewska","isPartOf":{"@id":"https:\/\/wroniszewska.pl\/beautyshop\/#website"},"primaryImageOfPage":{"@id":"https:\/\/wroniszewska.pl\/beautyshop\/produkt\/laser-sunscreen-100-spf-50-pa\/#primaryimage"},"datePublished":"2022-03-14T11:06:44+00:00","dateModified":"2023-01-18T10:29:53+00:00","breadcrumb":{"@id":"https:\/\/wroniszewska.pl\/beautyshop\/produkt\/laser-sunscreen-100-spf-50-pa\/#breadcrumb"},"inLanguage":"pl-PL","potentialAction":[{"@type":"ReadAction","target":["https:\/\/wroniszewska.pl\/beautyshop\/produkt\/laser-sunscreen-100-spf-50-pa\/"]}]},{"@type":"BreadcrumbList","@id":"https:\/\/wroniszewska.pl\/beautyshop\/produkt\/laser-sunscreen-100-spf-50-pa\/#breadcrumb","itemListElement":[{"@type":"ListItem","position":1,"name":"Strona g\u0142\u00f3wna","item":"https:\/\/wroniszewska.pl\/beautyshop\/"},{"@type":"ListItem","position":2,"name":"Produkty","item":"https:\/\/wroniszewska.pl\/beautyshop\/produkty\/"},{"@type":"ListItem","position":3,"name":"Laser Sunscreen 100 SPF 50+\/PA+++"}]}]}},"_links":{"self":[{"href":"https:\/\/wroniszewska.pl\/beautyshop\/wp-json\/wp\/v2\/product\/8130"}],"collection":[{"href":"https:\/\/wroniszewska.pl\/beautyshop\/wp-json\/wp\/v2\/product"}],"about":[{"href":"https:\/\/wroniszewska.pl\/beautyshop\/wp-json\/wp\/v2\/types\/product"}],"wp:featuredmedia":[{"embeddable":true,"href":"https:\/\/wroniszewska.pl\/beautyshop\/wp-json\/wp\/v2\/media\/8567"}],"wp:attachment":[{"href":"https:\/\/wroniszewska.pl\/beautyshop\/wp-json\/wp\/v2\/media?parent=8130"}],"wp:term":[{"taxonomy":"product_cat","embeddable":true,"href":"https:\/\/wroniszewska.pl\/beautyshop\/wp-json\/wp\/v2\/product_cat?post=8130"},{"taxonomy":"product_tag","embeddable":true,"href":"https:\/\/wroniszewska.pl\/beautyshop\/wp-json\/wp\/v2\/product_tag?post=8130"}],"curies":[{"name":"wp","href":"https:\/\/api.w.org\/{rel}","templated":true}]}}