{"id":8122,"date":"2022-03-14T10:52:25","date_gmt":"2022-03-14T09:52:25","guid":{"rendered":"https:\/\/wroniszewska.pl\/beautyshop\/?post_type=product&#038;p=8122"},"modified":"2022-09-14T12:06:23","modified_gmt":"2022-09-14T10:06:23","slug":"first-cure-serum","status":"publish","type":"product","link":"https:\/\/wroniszewska.pl\/beautyshop\/produkt\/first-cure-serum\/","title":{"rendered":"First Cure Serum"},"content":{"rendered":"<p>Serum zapewnia efekt ch\u0142odzenia i nawil\u017cenia, daj\u0105c ulg\u0119 zaczerwienionej sk\u00f3rze. To pierwsze takie rozwi\u0105zanie zawieraj\u0105ce kompleksowe sk\u0142adniki, kt\u00f3re za pomoc\u0105 mikrotechnologii dostarczane s\u0105 do g\u0142\u0119bszych warstw sk\u00f3ry.<\/p>\n<p><strong>Wskazania:<\/strong> dzia\u0142anie ch\u0142odz\u0105co \u2013 nawil\u017caj\u0105ce, przyspieszenie proces\u00f3w regeneracji, natychmiastowe ukojenie sk\u00f3ry, przywr\u00f3cenie odpowiedniego poziomu nawil\u017cenia, uszczelnienie bariery hydrolipidowej, dzia\u0142anie przeciwstarzeniowe, redukcja niedoskona\u0142o\u015bci sk\u00f3ry, \u0142agodzenie podra\u017cnie\u0144, zmniejszenie stan\u00f3w zapalnych, antyoksydacja sk\u00f3ry, dzia\u0142anie przeciwwysi\u0119kowe.<\/p>\n<p><strong>Spos\u00f3b u\u017cycia:<\/strong> Aplikowa\u0107 na oczyszczon\u0105 sk\u00f3r\u0119 twarzy rano i wieczorem.<\/p>\n<p><strong>Sk\u0142adniki aktywne: <\/strong>azulenol, ekstrakt z dyni, ekstrakt z owsa, sk\u0142adniki ch\u0142odz\u0105ce non-menthol.<\/p>\n","protected":false},"excerpt":{"rendered":"<ul>\n<li>Serum intensywnie regeneruj\u0105ce dla sk\u00f3ry wra\u017cliwej<\/li>\n<li>50ml<\/li>\n<\/ul>\n","protected":false},"featured_media":8562,"template":"","meta":[],"product_cat":[137],"product_tag":[],"acf":[],"yoast_head":"<!-- This site is optimized with the Yoast SEO plugin v19.3 - https:\/\/yoast.com\/wordpress\/plugins\/seo\/ -->\n<title>First Cure Serum - BEAUTY SHOP Wroniszewska<\/title>\n<meta name=\"robots\" content=\"index, follow, max-snippet:-1, max-image-preview:large, max-video-preview:-1\" \/>\n<link rel=\"canonical\" href=\"https:\/\/wroniszewska.pl\/beautyshop\/produkt\/first-cure-serum\/\" \/>\n<meta property=\"og:locale\" content=\"pl_PL\" \/>\n<meta property=\"og:type\" content=\"article\" \/>\n<meta property=\"og:title\" content=\"First Cure Serum - BEAUTY SHOP Wroniszewska\" \/>\n<meta property=\"og:description\" content=\"Serum intensywnie regeneruj\u0105ce dla sk\u00f3ry wra\u017cliwej  50ml\" \/>\n<meta property=\"og:url\" content=\"https:\/\/wroniszewska.pl\/beautyshop\/produkt\/first-cure-serum\/\" \/>\n<meta property=\"og:site_name\" content=\"BEAUTY SHOP Wroniszewska\" \/>\n<meta property=\"article:modified_time\" content=\"2022-09-14T10:06:23+00:00\" \/>\n<meta property=\"og:image\" content=\"https:\/\/wroniszewska.pl\/beautyshop\/wp-content\/uploads\/sites\/2\/2022\/03\/First-Cure-Serum-1.jpg\" \/>\n\t<meta property=\"og:image:width\" content=\"1050\" \/>\n\t<meta property=\"og:image:height\" content=\"1050\" \/>\n\t<meta property=\"og:image:type\" content=\"image\/jpeg\" \/>\n<meta name=\"twitter:card\" content=\"summary_large_image\" \/>\n<meta name=\"twitter:label1\" content=\"Szacowany czas czytania\" \/>\n\t<meta name=\"twitter:data1\" content=\"1 minuta\" \/>\n<script type=\"application\/ld+json\" class=\"yoast-schema-graph\">{\"@context\":\"https:\/\/schema.org\",\"@graph\":[{\"@type\":\"WebSite\",\"@id\":\"https:\/\/wroniszewska.pl\/beautyshop\/#website\",\"url\":\"https:\/\/wroniszewska.pl\/beautyshop\/\",\"name\":\"BEAUTY SHOP Wroniszewska\",\"description\":\"Kosmetyki profesjonalnych marek: PCA Skin, ProXN, Meder Beauty, Cell Fusion C Expert, Cell Fusion C\",\"potentialAction\":[{\"@type\":\"SearchAction\",\"target\":{\"@type\":\"EntryPoint\",\"urlTemplate\":\"https:\/\/wroniszewska.pl\/beautyshop\/?s={search_term_string}\"},\"query-input\":\"required name=search_term_string\"}],\"inLanguage\":\"pl-PL\"},{\"@type\":\"ImageObject\",\"inLanguage\":\"pl-PL\",\"@id\":\"https:\/\/wroniszewska.pl\/beautyshop\/produkt\/first-cure-serum\/#primaryimage\",\"url\":\"https:\/\/wroniszewska.pl\/beautyshop\/wp-content\/uploads\/sites\/2\/2022\/03\/First-Cure-Serum-1.jpg\",\"contentUrl\":\"https:\/\/wroniszewska.pl\/beautyshop\/wp-content\/uploads\/sites\/2\/2022\/03\/First-Cure-Serum-1.jpg\",\"width\":1050,\"height\":1050},{\"@type\":\"WebPage\",\"@id\":\"https:\/\/wroniszewska.pl\/beautyshop\/produkt\/first-cure-serum\/\",\"url\":\"https:\/\/wroniszewska.pl\/beautyshop\/produkt\/first-cure-serum\/\",\"name\":\"First Cure Serum - BEAUTY SHOP Wroniszewska\",\"isPartOf\":{\"@id\":\"https:\/\/wroniszewska.pl\/beautyshop\/#website\"},\"primaryImageOfPage\":{\"@id\":\"https:\/\/wroniszewska.pl\/beautyshop\/produkt\/first-cure-serum\/#primaryimage\"},\"datePublished\":\"2022-03-14T09:52:25+00:00\",\"dateModified\":\"2022-09-14T10:06:23+00:00\",\"breadcrumb\":{\"@id\":\"https:\/\/wroniszewska.pl\/beautyshop\/produkt\/first-cure-serum\/#breadcrumb\"},\"inLanguage\":\"pl-PL\",\"potentialAction\":[{\"@type\":\"ReadAction\",\"target\":[\"https:\/\/wroniszewska.pl\/beautyshop\/produkt\/first-cure-serum\/\"]}]},{\"@type\":\"BreadcrumbList\",\"@id\":\"https:\/\/wroniszewska.pl\/beautyshop\/produkt\/first-cure-serum\/#breadcrumb\",\"itemListElement\":[{\"@type\":\"ListItem\",\"position\":1,\"name\":\"Strona g\u0142\u00f3wna\",\"item\":\"https:\/\/wroniszewska.pl\/beautyshop\/\"},{\"@type\":\"ListItem\",\"position\":2,\"name\":\"Produkty\",\"item\":\"https:\/\/wroniszewska.pl\/beautyshop\/produkty\/\"},{\"@type\":\"ListItem\",\"position\":3,\"name\":\"First Cure Serum\"}]}]}<\/script>\n<!-- \/ Yoast SEO plugin. -->","yoast_head_json":{"title":"First Cure Serum - BEAUTY SHOP Wroniszewska","robots":{"index":"index","follow":"follow","max-snippet":"max-snippet:-1","max-image-preview":"max-image-preview:large","max-video-preview":"max-video-preview:-1"},"canonical":"https:\/\/wroniszewska.pl\/beautyshop\/produkt\/first-cure-serum\/","og_locale":"pl_PL","og_type":"article","og_title":"First Cure Serum - BEAUTY SHOP Wroniszewska","og_description":"Serum intensywnie regeneruj\u0105ce dla sk\u00f3ry wra\u017cliwej  50ml","og_url":"https:\/\/wroniszewska.pl\/beautyshop\/produkt\/first-cure-serum\/","og_site_name":"BEAUTY SHOP Wroniszewska","article_modified_time":"2022-09-14T10:06:23+00:00","og_image":[{"width":1050,"height":1050,"url":"https:\/\/wroniszewska.pl\/beautyshop\/wp-content\/uploads\/sites\/2\/2022\/03\/First-Cure-Serum-1.jpg","type":"image\/jpeg"}],"twitter_card":"summary_large_image","twitter_misc":{"Szacowany czas czytania":"1 minuta"},"schema":{"@context":"https:\/\/schema.org","@graph":[{"@type":"WebSite","@id":"https:\/\/wroniszewska.pl\/beautyshop\/#website","url":"https:\/\/wroniszewska.pl\/beautyshop\/","name":"BEAUTY SHOP Wroniszewska","description":"Kosmetyki profesjonalnych marek: PCA Skin, ProXN, Meder Beauty, Cell Fusion C Expert, Cell Fusion C","potentialAction":[{"@type":"SearchAction","target":{"@type":"EntryPoint","urlTemplate":"https:\/\/wroniszewska.pl\/beautyshop\/?s={search_term_string}"},"query-input":"required name=search_term_string"}],"inLanguage":"pl-PL"},{"@type":"ImageObject","inLanguage":"pl-PL","@id":"https:\/\/wroniszewska.pl\/beautyshop\/produkt\/first-cure-serum\/#primaryimage","url":"https:\/\/wroniszewska.pl\/beautyshop\/wp-content\/uploads\/sites\/2\/2022\/03\/First-Cure-Serum-1.jpg","contentUrl":"https:\/\/wroniszewska.pl\/beautyshop\/wp-content\/uploads\/sites\/2\/2022\/03\/First-Cure-Serum-1.jpg","width":1050,"height":1050},{"@type":"WebPage","@id":"https:\/\/wroniszewska.pl\/beautyshop\/produkt\/first-cure-serum\/","url":"https:\/\/wroniszewska.pl\/beautyshop\/produkt\/first-cure-serum\/","name":"First Cure Serum - BEAUTY SHOP Wroniszewska","isPartOf":{"@id":"https:\/\/wroniszewska.pl\/beautyshop\/#website"},"primaryImageOfPage":{"@id":"https:\/\/wroniszewska.pl\/beautyshop\/produkt\/first-cure-serum\/#primaryimage"},"datePublished":"2022-03-14T09:52:25+00:00","dateModified":"2022-09-14T10:06:23+00:00","breadcrumb":{"@id":"https:\/\/wroniszewska.pl\/beautyshop\/produkt\/first-cure-serum\/#breadcrumb"},"inLanguage":"pl-PL","potentialAction":[{"@type":"ReadAction","target":["https:\/\/wroniszewska.pl\/beautyshop\/produkt\/first-cure-serum\/"]}]},{"@type":"BreadcrumbList","@id":"https:\/\/wroniszewska.pl\/beautyshop\/produkt\/first-cure-serum\/#breadcrumb","itemListElement":[{"@type":"ListItem","position":1,"name":"Strona g\u0142\u00f3wna","item":"https:\/\/wroniszewska.pl\/beautyshop\/"},{"@type":"ListItem","position":2,"name":"Produkty","item":"https:\/\/wroniszewska.pl\/beautyshop\/produkty\/"},{"@type":"ListItem","position":3,"name":"First Cure Serum"}]}]}},"_links":{"self":[{"href":"https:\/\/wroniszewska.pl\/beautyshop\/wp-json\/wp\/v2\/product\/8122"}],"collection":[{"href":"https:\/\/wroniszewska.pl\/beautyshop\/wp-json\/wp\/v2\/product"}],"about":[{"href":"https:\/\/wroniszewska.pl\/beautyshop\/wp-json\/wp\/v2\/types\/product"}],"wp:featuredmedia":[{"embeddable":true,"href":"https:\/\/wroniszewska.pl\/beautyshop\/wp-json\/wp\/v2\/media\/8562"}],"wp:attachment":[{"href":"https:\/\/wroniszewska.pl\/beautyshop\/wp-json\/wp\/v2\/media?parent=8122"}],"wp:term":[{"taxonomy":"product_cat","embeddable":true,"href":"https:\/\/wroniszewska.pl\/beautyshop\/wp-json\/wp\/v2\/product_cat?post=8122"},{"taxonomy":"product_tag","embeddable":true,"href":"https:\/\/wroniszewska.pl\/beautyshop\/wp-json\/wp\/v2\/product_tag?post=8122"}],"curies":[{"name":"wp","href":"https:\/\/api.w.org\/{rel}","templated":true}]}}