{"id":8116,"date":"2022-03-14T10:43:56","date_gmt":"2022-03-14T09:43:56","guid":{"rendered":"https:\/\/wroniszewska.pl\/beautyshop\/?post_type=product&#038;p=8116"},"modified":"2023-08-22T22:28:48","modified_gmt":"2023-08-22T20:28:48","slug":"vita-ceb12-cream","status":"publish","type":"product","link":"https:\/\/wroniszewska.pl\/beautyshop\/produkt\/vita-ceb12-cream\/","title":{"rendered":"Vita.CEB12 Cream"},"content":{"rendered":"<p>Krem rozja\u015bniaj\u0105cy, intensywnie regeneruj\u0105cy. Zapobiega powstawaniu przebarwie\u0144. Gwarantuje synergiczny efekt rozja\u015bniaj\u0105cy oraz z\u0142agodzenie podra\u017cnie\u0144 po zabiegu. Krem redukuje sucho\u015b\u0107, szorstko\u015b\u0107 oraz przyspiesza regeneracj\u0119. Kompleks witamin zamkni\u0119ty jest w lipidowej strukturze przypominaj\u0105cej budow\u0105 cement mi\u0119dzykom\u00f3rkowy dla lepszej penetracji.<\/p>\n<p><strong>Wskazania:<\/strong> przebarwienia, nier\u00f3wnomierny koloryt, zapobieganie powstawaniu przebarwie\u0144, sucho\u015b\u0107, szorstko\u015b\u0107, regeneracja uszkodze\u0144, piel\u0119gnacja pozabiegowa, podra\u017cnienia, spowalnianie proces\u00f3w starzenia, utrata j\u0119drno\u015bci i blasku.<\/p>\n<p><strong>Spos\u00f3b u\u017cycia:<\/strong> Stosowa\u0107 rano i wieczorem na oczyszczon\u0105 sk\u00f3r\u0119 twarzy jako ostatni krok piel\u0119gnacji.<\/p>\n","protected":false},"excerpt":{"rendered":"<ul>\n<li>Krem silnie rozja\u015bniaj\u0105cy do sk\u00f3ry wra\u017cliwej<\/li>\n<li>50ml<\/li>\n<\/ul>\n","protected":false},"featured_media":8117,"template":"","meta":[],"product_cat":[140],"product_tag":[],"acf":[],"yoast_head":"<!-- This site is optimized with the Yoast SEO plugin v19.3 - https:\/\/yoast.com\/wordpress\/plugins\/seo\/ -->\n<title>Vita.CEB12 Cream - BEAUTY SHOP Wroniszewska<\/title>\n<meta name=\"robots\" content=\"index, follow, max-snippet:-1, max-image-preview:large, max-video-preview:-1\" \/>\n<link rel=\"canonical\" href=\"https:\/\/wroniszewska.pl\/beautyshop\/produkt\/vita-ceb12-cream\/\" \/>\n<meta property=\"og:locale\" content=\"pl_PL\" \/>\n<meta property=\"og:type\" content=\"article\" \/>\n<meta property=\"og:title\" content=\"Vita.CEB12 Cream - BEAUTY SHOP Wroniszewska\" \/>\n<meta property=\"og:description\" content=\"Krem silnie rozja\u015bniaj\u0105cy do sk\u00f3ry wra\u017cliwej  50ml\" \/>\n<meta property=\"og:url\" content=\"https:\/\/wroniszewska.pl\/beautyshop\/produkt\/vita-ceb12-cream\/\" \/>\n<meta property=\"og:site_name\" content=\"BEAUTY SHOP Wroniszewska\" \/>\n<meta property=\"article:modified_time\" content=\"2023-08-22T20:28:48+00:00\" \/>\n<meta property=\"og:image\" content=\"https:\/\/wroniszewska.pl\/beautyshop\/wp-content\/uploads\/sites\/2\/2022\/03\/Vita.CEB12-Cream.jpg\" \/>\n\t<meta property=\"og:image:width\" content=\"1050\" \/>\n\t<meta property=\"og:image:height\" content=\"1400\" \/>\n\t<meta property=\"og:image:type\" content=\"image\/jpeg\" \/>\n<meta name=\"twitter:card\" content=\"summary_large_image\" \/>\n<meta name=\"twitter:label1\" content=\"Szacowany czas czytania\" \/>\n\t<meta name=\"twitter:data1\" content=\"1 minuta\" \/>\n<script type=\"application\/ld+json\" class=\"yoast-schema-graph\">{\"@context\":\"https:\/\/schema.org\",\"@graph\":[{\"@type\":\"WebSite\",\"@id\":\"https:\/\/wroniszewska.pl\/beautyshop\/#website\",\"url\":\"https:\/\/wroniszewska.pl\/beautyshop\/\",\"name\":\"BEAUTY SHOP Wroniszewska\",\"description\":\"Kosmetyki profesjonalnych marek: PCA Skin, ProXN, Meder Beauty, Cell Fusion C Expert, Cell Fusion C\",\"potentialAction\":[{\"@type\":\"SearchAction\",\"target\":{\"@type\":\"EntryPoint\",\"urlTemplate\":\"https:\/\/wroniszewska.pl\/beautyshop\/?s={search_term_string}\"},\"query-input\":\"required name=search_term_string\"}],\"inLanguage\":\"pl-PL\"},{\"@type\":\"ImageObject\",\"inLanguage\":\"pl-PL\",\"@id\":\"https:\/\/wroniszewska.pl\/beautyshop\/produkt\/vita-ceb12-cream\/#primaryimage\",\"url\":\"https:\/\/wroniszewska.pl\/beautyshop\/wp-content\/uploads\/sites\/2\/2022\/03\/Vita.CEB12-Cream.jpg\",\"contentUrl\":\"https:\/\/wroniszewska.pl\/beautyshop\/wp-content\/uploads\/sites\/2\/2022\/03\/Vita.CEB12-Cream.jpg\",\"width\":1050,\"height\":1400},{\"@type\":\"WebPage\",\"@id\":\"https:\/\/wroniszewska.pl\/beautyshop\/produkt\/vita-ceb12-cream\/\",\"url\":\"https:\/\/wroniszewska.pl\/beautyshop\/produkt\/vita-ceb12-cream\/\",\"name\":\"Vita.CEB12 Cream - BEAUTY SHOP Wroniszewska\",\"isPartOf\":{\"@id\":\"https:\/\/wroniszewska.pl\/beautyshop\/#website\"},\"primaryImageOfPage\":{\"@id\":\"https:\/\/wroniszewska.pl\/beautyshop\/produkt\/vita-ceb12-cream\/#primaryimage\"},\"datePublished\":\"2022-03-14T09:43:56+00:00\",\"dateModified\":\"2023-08-22T20:28:48+00:00\",\"breadcrumb\":{\"@id\":\"https:\/\/wroniszewska.pl\/beautyshop\/produkt\/vita-ceb12-cream\/#breadcrumb\"},\"inLanguage\":\"pl-PL\",\"potentialAction\":[{\"@type\":\"ReadAction\",\"target\":[\"https:\/\/wroniszewska.pl\/beautyshop\/produkt\/vita-ceb12-cream\/\"]}]},{\"@type\":\"BreadcrumbList\",\"@id\":\"https:\/\/wroniszewska.pl\/beautyshop\/produkt\/vita-ceb12-cream\/#breadcrumb\",\"itemListElement\":[{\"@type\":\"ListItem\",\"position\":1,\"name\":\"Strona g\u0142\u00f3wna\",\"item\":\"https:\/\/wroniszewska.pl\/beautyshop\/\"},{\"@type\":\"ListItem\",\"position\":2,\"name\":\"Produkty\",\"item\":\"https:\/\/wroniszewska.pl\/beautyshop\/produkty\/\"},{\"@type\":\"ListItem\",\"position\":3,\"name\":\"Vita.CEB12 Cream\"}]}]}<\/script>\n<!-- \/ Yoast SEO plugin. -->","yoast_head_json":{"title":"Vita.CEB12 Cream - BEAUTY SHOP Wroniszewska","robots":{"index":"index","follow":"follow","max-snippet":"max-snippet:-1","max-image-preview":"max-image-preview:large","max-video-preview":"max-video-preview:-1"},"canonical":"https:\/\/wroniszewska.pl\/beautyshop\/produkt\/vita-ceb12-cream\/","og_locale":"pl_PL","og_type":"article","og_title":"Vita.CEB12 Cream - BEAUTY SHOP Wroniszewska","og_description":"Krem silnie rozja\u015bniaj\u0105cy do sk\u00f3ry wra\u017cliwej  50ml","og_url":"https:\/\/wroniszewska.pl\/beautyshop\/produkt\/vita-ceb12-cream\/","og_site_name":"BEAUTY SHOP Wroniszewska","article_modified_time":"2023-08-22T20:28:48+00:00","og_image":[{"width":1050,"height":1400,"url":"https:\/\/wroniszewska.pl\/beautyshop\/wp-content\/uploads\/sites\/2\/2022\/03\/Vita.CEB12-Cream.jpg","type":"image\/jpeg"}],"twitter_card":"summary_large_image","twitter_misc":{"Szacowany czas czytania":"1 minuta"},"schema":{"@context":"https:\/\/schema.org","@graph":[{"@type":"WebSite","@id":"https:\/\/wroniszewska.pl\/beautyshop\/#website","url":"https:\/\/wroniszewska.pl\/beautyshop\/","name":"BEAUTY SHOP Wroniszewska","description":"Kosmetyki profesjonalnych marek: PCA Skin, ProXN, Meder Beauty, Cell Fusion C Expert, Cell Fusion C","potentialAction":[{"@type":"SearchAction","target":{"@type":"EntryPoint","urlTemplate":"https:\/\/wroniszewska.pl\/beautyshop\/?s={search_term_string}"},"query-input":"required name=search_term_string"}],"inLanguage":"pl-PL"},{"@type":"ImageObject","inLanguage":"pl-PL","@id":"https:\/\/wroniszewska.pl\/beautyshop\/produkt\/vita-ceb12-cream\/#primaryimage","url":"https:\/\/wroniszewska.pl\/beautyshop\/wp-content\/uploads\/sites\/2\/2022\/03\/Vita.CEB12-Cream.jpg","contentUrl":"https:\/\/wroniszewska.pl\/beautyshop\/wp-content\/uploads\/sites\/2\/2022\/03\/Vita.CEB12-Cream.jpg","width":1050,"height":1400},{"@type":"WebPage","@id":"https:\/\/wroniszewska.pl\/beautyshop\/produkt\/vita-ceb12-cream\/","url":"https:\/\/wroniszewska.pl\/beautyshop\/produkt\/vita-ceb12-cream\/","name":"Vita.CEB12 Cream - BEAUTY SHOP Wroniszewska","isPartOf":{"@id":"https:\/\/wroniszewska.pl\/beautyshop\/#website"},"primaryImageOfPage":{"@id":"https:\/\/wroniszewska.pl\/beautyshop\/produkt\/vita-ceb12-cream\/#primaryimage"},"datePublished":"2022-03-14T09:43:56+00:00","dateModified":"2023-08-22T20:28:48+00:00","breadcrumb":{"@id":"https:\/\/wroniszewska.pl\/beautyshop\/produkt\/vita-ceb12-cream\/#breadcrumb"},"inLanguage":"pl-PL","potentialAction":[{"@type":"ReadAction","target":["https:\/\/wroniszewska.pl\/beautyshop\/produkt\/vita-ceb12-cream\/"]}]},{"@type":"BreadcrumbList","@id":"https:\/\/wroniszewska.pl\/beautyshop\/produkt\/vita-ceb12-cream\/#breadcrumb","itemListElement":[{"@type":"ListItem","position":1,"name":"Strona g\u0142\u00f3wna","item":"https:\/\/wroniszewska.pl\/beautyshop\/"},{"@type":"ListItem","position":2,"name":"Produkty","item":"https:\/\/wroniszewska.pl\/beautyshop\/produkty\/"},{"@type":"ListItem","position":3,"name":"Vita.CEB12 Cream"}]}]}},"_links":{"self":[{"href":"https:\/\/wroniszewska.pl\/beautyshop\/wp-json\/wp\/v2\/product\/8116"}],"collection":[{"href":"https:\/\/wroniszewska.pl\/beautyshop\/wp-json\/wp\/v2\/product"}],"about":[{"href":"https:\/\/wroniszewska.pl\/beautyshop\/wp-json\/wp\/v2\/types\/product"}],"wp:featuredmedia":[{"embeddable":true,"href":"https:\/\/wroniszewska.pl\/beautyshop\/wp-json\/wp\/v2\/media\/8117"}],"wp:attachment":[{"href":"https:\/\/wroniszewska.pl\/beautyshop\/wp-json\/wp\/v2\/media?parent=8116"}],"wp:term":[{"taxonomy":"product_cat","embeddable":true,"href":"https:\/\/wroniszewska.pl\/beautyshop\/wp-json\/wp\/v2\/product_cat?post=8116"},{"taxonomy":"product_tag","embeddable":true,"href":"https:\/\/wroniszewska.pl\/beautyshop\/wp-json\/wp\/v2\/product_tag?post=8116"}],"curies":[{"name":"wp","href":"https:\/\/api.w.org\/{rel}","templated":true}]}}