{"id":8114,"date":"2022-03-14T10:39:23","date_gmt":"2022-03-14T09:39:23","guid":{"rendered":"https:\/\/wroniszewska.pl\/beautyshop\/?post_type=product&#038;p=8114"},"modified":"2023-08-22T22:28:48","modified_gmt":"2023-08-22T20:28:48","slug":"gentle-bubble-cleanser","status":"publish","type":"product","link":"https:\/\/wroniszewska.pl\/beautyshop\/produkt\/gentle-bubble-cleanser\/","title":{"rendered":"Gentle Bubble Cleanser"},"content":{"rendered":"<p>\u0141agodna pianka dla sk\u00f3ry suchej. Wskazana r\u00f3wnie\u017c po peelingach chemicznych i zabiegach laserowych. Wyj\u0105tkowo delikatna formu\u0142a, nie wywo\u0142uje podra\u017cnie\u0144, nie uczula. Skutecznie usuwa makija\u017c, martwy nask\u00f3rek oraz naturalne zanieczyszczenia sk\u00f3ry bez naruszenia p\u0142aszcza hydrolipidowego.\u00a0 Zapewnia \u015bwie\u017cy, pi\u0119kny wygl\u0105d. Zawiera ponad 95% sk\u0142adnik\u00f3w naturalnego pochodzenia, dzi\u0119ki czemu jest bezpieczna dla sk\u00f3ry;<\/p>\n<p><strong>Wskazania:<\/strong> sk\u00f3ra sucha, sk\u00f3ra podra\u017cniona, sk\u00f3ra wra\u017cliwa, regeneracja po zabiegach, oczyszczanie.<\/p>\n<p><strong>Spos\u00f3b u\u017cycia:<\/strong> Odpowiedni\u0105 ilo\u015b\u0107 spieni\u0107 w d\u0142oniach i rozprowadzi\u0107 na sk\u00f3rze twarzy wykonuj\u0105c przy tym delikatny masa\u017c. Sp\u0142uka\u0107 obficie wod\u0105.<\/p>\n<p><strong>Sk\u0142adniki aktywne: <\/strong>Naturalne zwi\u0105zki powierzchniowo czynne, NEO CMS, soline bio, ceramidy, rozmaryn, rumianek, zielona herbata, w\u0105krota azjatycka, korze\u0144 lukrecji, azjatycki rdest, korze\u0144 tarczycy bajkalskiej.<\/p>\n","protected":false},"excerpt":{"rendered":"<ul>\n<li>\u0141agodna pianka do mycia twarzy<\/li>\n<li>200ml<\/li>\n<\/ul>\n","protected":false},"featured_media":8563,"template":"","meta":[],"product_cat":[219],"product_tag":[],"acf":[],"yoast_head":"<!-- This site is optimized with the Yoast SEO plugin v19.3 - https:\/\/yoast.com\/wordpress\/plugins\/seo\/ -->\n<title>Gentle Bubble Cleanser - BEAUTY SHOP Wroniszewska<\/title>\n<meta name=\"robots\" content=\"index, follow, max-snippet:-1, max-image-preview:large, max-video-preview:-1\" \/>\n<link rel=\"canonical\" href=\"https:\/\/wroniszewska.pl\/beautyshop\/produkt\/gentle-bubble-cleanser\/\" \/>\n<meta property=\"og:locale\" content=\"pl_PL\" \/>\n<meta property=\"og:type\" content=\"article\" \/>\n<meta property=\"og:title\" content=\"Gentle Bubble Cleanser - BEAUTY SHOP Wroniszewska\" \/>\n<meta property=\"og:description\" content=\"\u0141agodna pianka do mycia twarzy  200ml\" \/>\n<meta property=\"og:url\" content=\"https:\/\/wroniszewska.pl\/beautyshop\/produkt\/gentle-bubble-cleanser\/\" \/>\n<meta property=\"og:site_name\" content=\"BEAUTY SHOP Wroniszewska\" \/>\n<meta property=\"article:modified_time\" content=\"2023-08-22T20:28:48+00:00\" \/>\n<meta property=\"og:image\" content=\"https:\/\/wroniszewska.pl\/beautyshop\/wp-content\/uploads\/sites\/2\/2022\/03\/Gentle-Bubble-Cleanser-1.jpg\" \/>\n\t<meta property=\"og:image:width\" content=\"1050\" \/>\n\t<meta property=\"og:image:height\" content=\"1050\" \/>\n\t<meta property=\"og:image:type\" content=\"image\/jpeg\" \/>\n<meta name=\"twitter:card\" content=\"summary_large_image\" \/>\n<meta name=\"twitter:label1\" content=\"Szacowany czas czytania\" \/>\n\t<meta name=\"twitter:data1\" content=\"1 minuta\" \/>\n<script type=\"application\/ld+json\" class=\"yoast-schema-graph\">{\"@context\":\"https:\/\/schema.org\",\"@graph\":[{\"@type\":\"WebSite\",\"@id\":\"https:\/\/wroniszewska.pl\/beautyshop\/#website\",\"url\":\"https:\/\/wroniszewska.pl\/beautyshop\/\",\"name\":\"BEAUTY SHOP Wroniszewska\",\"description\":\"Kosmetyki profesjonalnych marek: PCA Skin, ProXN, Meder Beauty, Cell Fusion C Expert, Cell Fusion C\",\"potentialAction\":[{\"@type\":\"SearchAction\",\"target\":{\"@type\":\"EntryPoint\",\"urlTemplate\":\"https:\/\/wroniszewska.pl\/beautyshop\/?s={search_term_string}\"},\"query-input\":\"required name=search_term_string\"}],\"inLanguage\":\"pl-PL\"},{\"@type\":\"ImageObject\",\"inLanguage\":\"pl-PL\",\"@id\":\"https:\/\/wroniszewska.pl\/beautyshop\/produkt\/gentle-bubble-cleanser\/#primaryimage\",\"url\":\"https:\/\/wroniszewska.pl\/beautyshop\/wp-content\/uploads\/sites\/2\/2022\/03\/Gentle-Bubble-Cleanser-1.jpg\",\"contentUrl\":\"https:\/\/wroniszewska.pl\/beautyshop\/wp-content\/uploads\/sites\/2\/2022\/03\/Gentle-Bubble-Cleanser-1.jpg\",\"width\":1050,\"height\":1050},{\"@type\":\"WebPage\",\"@id\":\"https:\/\/wroniszewska.pl\/beautyshop\/produkt\/gentle-bubble-cleanser\/\",\"url\":\"https:\/\/wroniszewska.pl\/beautyshop\/produkt\/gentle-bubble-cleanser\/\",\"name\":\"Gentle Bubble Cleanser - BEAUTY SHOP Wroniszewska\",\"isPartOf\":{\"@id\":\"https:\/\/wroniszewska.pl\/beautyshop\/#website\"},\"primaryImageOfPage\":{\"@id\":\"https:\/\/wroniszewska.pl\/beautyshop\/produkt\/gentle-bubble-cleanser\/#primaryimage\"},\"datePublished\":\"2022-03-14T09:39:23+00:00\",\"dateModified\":\"2023-08-22T20:28:48+00:00\",\"breadcrumb\":{\"@id\":\"https:\/\/wroniszewska.pl\/beautyshop\/produkt\/gentle-bubble-cleanser\/#breadcrumb\"},\"inLanguage\":\"pl-PL\",\"potentialAction\":[{\"@type\":\"ReadAction\",\"target\":[\"https:\/\/wroniszewska.pl\/beautyshop\/produkt\/gentle-bubble-cleanser\/\"]}]},{\"@type\":\"BreadcrumbList\",\"@id\":\"https:\/\/wroniszewska.pl\/beautyshop\/produkt\/gentle-bubble-cleanser\/#breadcrumb\",\"itemListElement\":[{\"@type\":\"ListItem\",\"position\":1,\"name\":\"Strona g\u0142\u00f3wna\",\"item\":\"https:\/\/wroniszewska.pl\/beautyshop\/\"},{\"@type\":\"ListItem\",\"position\":2,\"name\":\"Produkty\",\"item\":\"https:\/\/wroniszewska.pl\/beautyshop\/produkty\/\"},{\"@type\":\"ListItem\",\"position\":3,\"name\":\"Gentle Bubble Cleanser\"}]}]}<\/script>\n<!-- \/ Yoast SEO plugin. -->","yoast_head_json":{"title":"Gentle Bubble Cleanser - BEAUTY SHOP Wroniszewska","robots":{"index":"index","follow":"follow","max-snippet":"max-snippet:-1","max-image-preview":"max-image-preview:large","max-video-preview":"max-video-preview:-1"},"canonical":"https:\/\/wroniszewska.pl\/beautyshop\/produkt\/gentle-bubble-cleanser\/","og_locale":"pl_PL","og_type":"article","og_title":"Gentle Bubble Cleanser - BEAUTY SHOP Wroniszewska","og_description":"\u0141agodna pianka do mycia twarzy  200ml","og_url":"https:\/\/wroniszewska.pl\/beautyshop\/produkt\/gentle-bubble-cleanser\/","og_site_name":"BEAUTY SHOP Wroniszewska","article_modified_time":"2023-08-22T20:28:48+00:00","og_image":[{"width":1050,"height":1050,"url":"https:\/\/wroniszewska.pl\/beautyshop\/wp-content\/uploads\/sites\/2\/2022\/03\/Gentle-Bubble-Cleanser-1.jpg","type":"image\/jpeg"}],"twitter_card":"summary_large_image","twitter_misc":{"Szacowany czas czytania":"1 minuta"},"schema":{"@context":"https:\/\/schema.org","@graph":[{"@type":"WebSite","@id":"https:\/\/wroniszewska.pl\/beautyshop\/#website","url":"https:\/\/wroniszewska.pl\/beautyshop\/","name":"BEAUTY SHOP Wroniszewska","description":"Kosmetyki profesjonalnych marek: PCA Skin, ProXN, Meder Beauty, Cell Fusion C Expert, Cell Fusion C","potentialAction":[{"@type":"SearchAction","target":{"@type":"EntryPoint","urlTemplate":"https:\/\/wroniszewska.pl\/beautyshop\/?s={search_term_string}"},"query-input":"required name=search_term_string"}],"inLanguage":"pl-PL"},{"@type":"ImageObject","inLanguage":"pl-PL","@id":"https:\/\/wroniszewska.pl\/beautyshop\/produkt\/gentle-bubble-cleanser\/#primaryimage","url":"https:\/\/wroniszewska.pl\/beautyshop\/wp-content\/uploads\/sites\/2\/2022\/03\/Gentle-Bubble-Cleanser-1.jpg","contentUrl":"https:\/\/wroniszewska.pl\/beautyshop\/wp-content\/uploads\/sites\/2\/2022\/03\/Gentle-Bubble-Cleanser-1.jpg","width":1050,"height":1050},{"@type":"WebPage","@id":"https:\/\/wroniszewska.pl\/beautyshop\/produkt\/gentle-bubble-cleanser\/","url":"https:\/\/wroniszewska.pl\/beautyshop\/produkt\/gentle-bubble-cleanser\/","name":"Gentle Bubble Cleanser - BEAUTY SHOP Wroniszewska","isPartOf":{"@id":"https:\/\/wroniszewska.pl\/beautyshop\/#website"},"primaryImageOfPage":{"@id":"https:\/\/wroniszewska.pl\/beautyshop\/produkt\/gentle-bubble-cleanser\/#primaryimage"},"datePublished":"2022-03-14T09:39:23+00:00","dateModified":"2023-08-22T20:28:48+00:00","breadcrumb":{"@id":"https:\/\/wroniszewska.pl\/beautyshop\/produkt\/gentle-bubble-cleanser\/#breadcrumb"},"inLanguage":"pl-PL","potentialAction":[{"@type":"ReadAction","target":["https:\/\/wroniszewska.pl\/beautyshop\/produkt\/gentle-bubble-cleanser\/"]}]},{"@type":"BreadcrumbList","@id":"https:\/\/wroniszewska.pl\/beautyshop\/produkt\/gentle-bubble-cleanser\/#breadcrumb","itemListElement":[{"@type":"ListItem","position":1,"name":"Strona g\u0142\u00f3wna","item":"https:\/\/wroniszewska.pl\/beautyshop\/"},{"@type":"ListItem","position":2,"name":"Produkty","item":"https:\/\/wroniszewska.pl\/beautyshop\/produkty\/"},{"@type":"ListItem","position":3,"name":"Gentle Bubble Cleanser"}]}]}},"_links":{"self":[{"href":"https:\/\/wroniszewska.pl\/beautyshop\/wp-json\/wp\/v2\/product\/8114"}],"collection":[{"href":"https:\/\/wroniszewska.pl\/beautyshop\/wp-json\/wp\/v2\/product"}],"about":[{"href":"https:\/\/wroniszewska.pl\/beautyshop\/wp-json\/wp\/v2\/types\/product"}],"wp:featuredmedia":[{"embeddable":true,"href":"https:\/\/wroniszewska.pl\/beautyshop\/wp-json\/wp\/v2\/media\/8563"}],"wp:attachment":[{"href":"https:\/\/wroniszewska.pl\/beautyshop\/wp-json\/wp\/v2\/media?parent=8114"}],"wp:term":[{"taxonomy":"product_cat","embeddable":true,"href":"https:\/\/wroniszewska.pl\/beautyshop\/wp-json\/wp\/v2\/product_cat?post=8114"},{"taxonomy":"product_tag","embeddable":true,"href":"https:\/\/wroniszewska.pl\/beautyshop\/wp-json\/wp\/v2\/product_tag?post=8114"}],"curies":[{"name":"wp","href":"https:\/\/api.w.org\/{rel}","templated":true}]}}