{"id":8112,"date":"2022-03-14T10:36:34","date_gmt":"2022-03-14T09:36:34","guid":{"rendered":"https:\/\/wroniszewska.pl\/beautyshop\/?post_type=product&#038;p=8112"},"modified":"2023-03-08T19:23:13","modified_gmt":"2023-03-08T18:23:13","slug":"soothing-repair-cream","status":"publish","type":"product","link":"https:\/\/wroniszewska.pl\/beautyshop\/produkt\/soothing-repair-cream\/","title":{"rendered":"Soothing Repair Cream"},"content":{"rendered":"<p>Krem intensywnie regeneruj\u0105cy dla sk\u00f3ry wra\u017cliwej, mieszanej, t\u0142ustej z uszkodzon\u0105 barier\u0105 hydrolipidow\u0105. Niskie pH (4,5) preparatu hamuje namna\u017canie bakterii, sprzyja nawil\u017ceniu i odbudowie uszkodze\u0144 sk\u00f3ry. Obni\u017ca temperatur\u0119 podra\u017cnionej sk\u00f3ry.<\/p>\n<p><strong>Wskazania: <\/strong>sk\u00f3ra sucha<strong>, <\/strong>sk\u00f3ra wra\u017cliwa, sk\u00f3ra mieszana, sk\u00f3ra t\u0142usta, zaburzona bariera hydrolipidowa, podra\u017cnienie, regeneracja, po ekspozycji na s\u0142o\u0144ce<\/p>\n<p><strong>Spos\u00f3b u\u017cycia: <\/strong>Stosowa\u0107 dwa razy dziennie, rano i wieczorem na dobrze oczyszczon\u0105 sk\u00f3r\u0119.<\/p>\n<p><strong>Sk\u0142adniki aktywne: <\/strong>Kompleks podw\u00f3jnej ektoiny, w\u0105krota azjatycka, ECO Ceramide, NEO CMS, alantoina.<\/p>\n","protected":false},"excerpt":{"rendered":"<ul>\n<li>krem intensywnie regeneruj\u0105cy dla sk\u00f3ry wra\u017cliwej, mieszanej, t\u0142ustej<\/li>\n<li>50ml<\/li>\n<\/ul>\n","protected":false},"featured_media":8575,"template":"","meta":[],"product_cat":[140],"product_tag":[],"acf":[],"yoast_head":"<!-- This site is optimized with the Yoast SEO plugin v19.3 - https:\/\/yoast.com\/wordpress\/plugins\/seo\/ -->\n<title>Soothing Repair Cream - BEAUTY SHOP Wroniszewska<\/title>\n<meta name=\"robots\" content=\"index, follow, max-snippet:-1, max-image-preview:large, max-video-preview:-1\" \/>\n<link rel=\"canonical\" href=\"https:\/\/wroniszewska.pl\/beautyshop\/produkt\/soothing-repair-cream\/\" \/>\n<meta property=\"og:locale\" content=\"pl_PL\" \/>\n<meta property=\"og:type\" content=\"article\" \/>\n<meta property=\"og:title\" content=\"Soothing Repair Cream - BEAUTY SHOP Wroniszewska\" \/>\n<meta property=\"og:description\" content=\"krem intensywnie regeneruj\u0105cy dla sk\u00f3ry wra\u017cliwej, mieszanej, t\u0142ustej  50ml\" \/>\n<meta property=\"og:url\" content=\"https:\/\/wroniszewska.pl\/beautyshop\/produkt\/soothing-repair-cream\/\" \/>\n<meta property=\"og:site_name\" content=\"BEAUTY SHOP Wroniszewska\" \/>\n<meta property=\"article:modified_time\" content=\"2023-03-08T18:23:13+00:00\" \/>\n<meta property=\"og:image\" content=\"https:\/\/wroniszewska.pl\/beautyshop\/wp-content\/uploads\/sites\/2\/2022\/03\/Soothing-Repair-Cream-1.jpg\" \/>\n\t<meta property=\"og:image:width\" content=\"1050\" \/>\n\t<meta property=\"og:image:height\" content=\"1050\" \/>\n\t<meta property=\"og:image:type\" content=\"image\/jpeg\" \/>\n<meta name=\"twitter:card\" content=\"summary_large_image\" \/>\n<meta name=\"twitter:label1\" content=\"Szacowany czas czytania\" \/>\n\t<meta name=\"twitter:data1\" content=\"1 minuta\" \/>\n<script type=\"application\/ld+json\" class=\"yoast-schema-graph\">{\"@context\":\"https:\/\/schema.org\",\"@graph\":[{\"@type\":\"WebSite\",\"@id\":\"https:\/\/wroniszewska.pl\/beautyshop\/#website\",\"url\":\"https:\/\/wroniszewska.pl\/beautyshop\/\",\"name\":\"BEAUTY SHOP Wroniszewska\",\"description\":\"Kosmetyki profesjonalnych marek: PCA Skin, ProXN, Meder Beauty, Cell Fusion C Expert, Cell Fusion C\",\"potentialAction\":[{\"@type\":\"SearchAction\",\"target\":{\"@type\":\"EntryPoint\",\"urlTemplate\":\"https:\/\/wroniszewska.pl\/beautyshop\/?s={search_term_string}\"},\"query-input\":\"required name=search_term_string\"}],\"inLanguage\":\"pl-PL\"},{\"@type\":\"ImageObject\",\"inLanguage\":\"pl-PL\",\"@id\":\"https:\/\/wroniszewska.pl\/beautyshop\/produkt\/soothing-repair-cream\/#primaryimage\",\"url\":\"https:\/\/wroniszewska.pl\/beautyshop\/wp-content\/uploads\/sites\/2\/2022\/03\/Soothing-Repair-Cream-1.jpg\",\"contentUrl\":\"https:\/\/wroniszewska.pl\/beautyshop\/wp-content\/uploads\/sites\/2\/2022\/03\/Soothing-Repair-Cream-1.jpg\",\"width\":1050,\"height\":1050},{\"@type\":\"WebPage\",\"@id\":\"https:\/\/wroniszewska.pl\/beautyshop\/produkt\/soothing-repair-cream\/\",\"url\":\"https:\/\/wroniszewska.pl\/beautyshop\/produkt\/soothing-repair-cream\/\",\"name\":\"Soothing Repair Cream - BEAUTY SHOP Wroniszewska\",\"isPartOf\":{\"@id\":\"https:\/\/wroniszewska.pl\/beautyshop\/#website\"},\"primaryImageOfPage\":{\"@id\":\"https:\/\/wroniszewska.pl\/beautyshop\/produkt\/soothing-repair-cream\/#primaryimage\"},\"datePublished\":\"2022-03-14T09:36:34+00:00\",\"dateModified\":\"2023-03-08T18:23:13+00:00\",\"breadcrumb\":{\"@id\":\"https:\/\/wroniszewska.pl\/beautyshop\/produkt\/soothing-repair-cream\/#breadcrumb\"},\"inLanguage\":\"pl-PL\",\"potentialAction\":[{\"@type\":\"ReadAction\",\"target\":[\"https:\/\/wroniszewska.pl\/beautyshop\/produkt\/soothing-repair-cream\/\"]}]},{\"@type\":\"BreadcrumbList\",\"@id\":\"https:\/\/wroniszewska.pl\/beautyshop\/produkt\/soothing-repair-cream\/#breadcrumb\",\"itemListElement\":[{\"@type\":\"ListItem\",\"position\":1,\"name\":\"Strona g\u0142\u00f3wna\",\"item\":\"https:\/\/wroniszewska.pl\/beautyshop\/\"},{\"@type\":\"ListItem\",\"position\":2,\"name\":\"Produkty\",\"item\":\"https:\/\/wroniszewska.pl\/beautyshop\/produkty\/\"},{\"@type\":\"ListItem\",\"position\":3,\"name\":\"Soothing Repair Cream\"}]}]}<\/script>\n<!-- \/ Yoast SEO plugin. -->","yoast_head_json":{"title":"Soothing Repair Cream - BEAUTY SHOP Wroniszewska","robots":{"index":"index","follow":"follow","max-snippet":"max-snippet:-1","max-image-preview":"max-image-preview:large","max-video-preview":"max-video-preview:-1"},"canonical":"https:\/\/wroniszewska.pl\/beautyshop\/produkt\/soothing-repair-cream\/","og_locale":"pl_PL","og_type":"article","og_title":"Soothing Repair Cream - BEAUTY SHOP Wroniszewska","og_description":"krem intensywnie regeneruj\u0105cy dla sk\u00f3ry wra\u017cliwej, mieszanej, t\u0142ustej  50ml","og_url":"https:\/\/wroniszewska.pl\/beautyshop\/produkt\/soothing-repair-cream\/","og_site_name":"BEAUTY SHOP Wroniszewska","article_modified_time":"2023-03-08T18:23:13+00:00","og_image":[{"width":1050,"height":1050,"url":"https:\/\/wroniszewska.pl\/beautyshop\/wp-content\/uploads\/sites\/2\/2022\/03\/Soothing-Repair-Cream-1.jpg","type":"image\/jpeg"}],"twitter_card":"summary_large_image","twitter_misc":{"Szacowany czas czytania":"1 minuta"},"schema":{"@context":"https:\/\/schema.org","@graph":[{"@type":"WebSite","@id":"https:\/\/wroniszewska.pl\/beautyshop\/#website","url":"https:\/\/wroniszewska.pl\/beautyshop\/","name":"BEAUTY SHOP Wroniszewska","description":"Kosmetyki profesjonalnych marek: PCA Skin, ProXN, Meder Beauty, Cell Fusion C Expert, Cell Fusion C","potentialAction":[{"@type":"SearchAction","target":{"@type":"EntryPoint","urlTemplate":"https:\/\/wroniszewska.pl\/beautyshop\/?s={search_term_string}"},"query-input":"required name=search_term_string"}],"inLanguage":"pl-PL"},{"@type":"ImageObject","inLanguage":"pl-PL","@id":"https:\/\/wroniszewska.pl\/beautyshop\/produkt\/soothing-repair-cream\/#primaryimage","url":"https:\/\/wroniszewska.pl\/beautyshop\/wp-content\/uploads\/sites\/2\/2022\/03\/Soothing-Repair-Cream-1.jpg","contentUrl":"https:\/\/wroniszewska.pl\/beautyshop\/wp-content\/uploads\/sites\/2\/2022\/03\/Soothing-Repair-Cream-1.jpg","width":1050,"height":1050},{"@type":"WebPage","@id":"https:\/\/wroniszewska.pl\/beautyshop\/produkt\/soothing-repair-cream\/","url":"https:\/\/wroniszewska.pl\/beautyshop\/produkt\/soothing-repair-cream\/","name":"Soothing Repair Cream - BEAUTY SHOP Wroniszewska","isPartOf":{"@id":"https:\/\/wroniszewska.pl\/beautyshop\/#website"},"primaryImageOfPage":{"@id":"https:\/\/wroniszewska.pl\/beautyshop\/produkt\/soothing-repair-cream\/#primaryimage"},"datePublished":"2022-03-14T09:36:34+00:00","dateModified":"2023-03-08T18:23:13+00:00","breadcrumb":{"@id":"https:\/\/wroniszewska.pl\/beautyshop\/produkt\/soothing-repair-cream\/#breadcrumb"},"inLanguage":"pl-PL","potentialAction":[{"@type":"ReadAction","target":["https:\/\/wroniszewska.pl\/beautyshop\/produkt\/soothing-repair-cream\/"]}]},{"@type":"BreadcrumbList","@id":"https:\/\/wroniszewska.pl\/beautyshop\/produkt\/soothing-repair-cream\/#breadcrumb","itemListElement":[{"@type":"ListItem","position":1,"name":"Strona g\u0142\u00f3wna","item":"https:\/\/wroniszewska.pl\/beautyshop\/"},{"@type":"ListItem","position":2,"name":"Produkty","item":"https:\/\/wroniszewska.pl\/beautyshop\/produkty\/"},{"@type":"ListItem","position":3,"name":"Soothing Repair Cream"}]}]}},"_links":{"self":[{"href":"https:\/\/wroniszewska.pl\/beautyshop\/wp-json\/wp\/v2\/product\/8112"}],"collection":[{"href":"https:\/\/wroniszewska.pl\/beautyshop\/wp-json\/wp\/v2\/product"}],"about":[{"href":"https:\/\/wroniszewska.pl\/beautyshop\/wp-json\/wp\/v2\/types\/product"}],"wp:featuredmedia":[{"embeddable":true,"href":"https:\/\/wroniszewska.pl\/beautyshop\/wp-json\/wp\/v2\/media\/8575"}],"wp:attachment":[{"href":"https:\/\/wroniszewska.pl\/beautyshop\/wp-json\/wp\/v2\/media?parent=8112"}],"wp:term":[{"taxonomy":"product_cat","embeddable":true,"href":"https:\/\/wroniszewska.pl\/beautyshop\/wp-json\/wp\/v2\/product_cat?post=8112"},{"taxonomy":"product_tag","embeddable":true,"href":"https:\/\/wroniszewska.pl\/beautyshop\/wp-json\/wp\/v2\/product_tag?post=8112"}],"curies":[{"name":"wp","href":"https:\/\/api.w.org\/{rel}","templated":true}]}}