{"id":8110,"date":"2022-03-14T10:32:20","date_gmt":"2022-03-14T09:32:20","guid":{"rendered":"https:\/\/wroniszewska.pl\/beautyshop\/?post_type=product&#038;p=8110"},"modified":"2022-09-14T12:06:43","modified_gmt":"2022-09-14T10:06:43","slug":"ta-repair-cream","status":"publish","type":"product","link":"https:\/\/wroniszewska.pl\/beautyshop\/produkt\/ta-repair-cream\/","title":{"rendered":"TA Repair Cream"},"content":{"rendered":"<p>TA Repair Cream to preparat intensywnie regeneruj\u0105cy wskazany zar\u00f3wno w codziennej piel\u0119gnacji zniszczonej, starzej\u0105cej si\u0119 sk\u00f3ry jak i po inwazyjnych zabiegach estetycznych oraz operacjach plastycznych. Przyspiesza wch\u0142anianie siniak\u00f3w, regeneracj\u0119 sk\u00f3ry oraz kontroluje stan zapalny po zabiegu. Zapobiega powstawaniu przebarwie\u0144 pozapalnych i odbudowuje uszkodzenia p\u0142aszcza hydrolipidowego. Niezast\u0105piony r\u00f3wnie\u017c w piel\u0119gnacji cery z rozszerzonymi naczynkami.<\/p>\n<p><strong>Wskazania: <\/strong>sk\u00f3ra sucha, sk\u00f3ra naczyniowa, sk\u00f3ra wra\u017cliwa, sk\u00f3ra zniszczona, sk\u00f3ra starzej\u0105ca si\u0119, odwodnienie, regeneracja po zabiegach estetycznych i operacjach plastycznych, podra\u017cnienia, zaczerwienienia, stany zapalane, siniaki<\/p>\n<p><strong>Spos\u00f3b u\u017cycia: <\/strong>Krem aplikowa\u0107 na oczyszczon\u0105 sk\u00f3r\u0105, twarzy, szyi i dekoltu, a nast\u0119pnie pozostawi\u0107 do wch\u0142oni\u0119cia.<\/p>\n<p><strong>Sk\u0142adniki aktywne:<\/strong> kwas traneksamowy, ektoina, alantoina, wyci\u0105g z arniki g\u00f3rskiej.<\/p>\n","protected":false},"excerpt":{"rendered":"<ul>\n<li>Intensywny krem regeneruj\u0105co-rozja\u015bniaj\u0105cy z kwasem Traneksamowym 2%<\/li>\n<li>50ml<\/li>\n<\/ul>\n","protected":false},"featured_media":8576,"template":"","meta":[],"product_cat":[140],"product_tag":[],"acf":[],"yoast_head":"<!-- This site is optimized with the Yoast SEO plugin v19.3 - https:\/\/yoast.com\/wordpress\/plugins\/seo\/ -->\n<title>TA Repair Cream - BEAUTY SHOP Wroniszewska<\/title>\n<meta name=\"robots\" content=\"index, follow, max-snippet:-1, max-image-preview:large, max-video-preview:-1\" \/>\n<link rel=\"canonical\" href=\"https:\/\/wroniszewska.pl\/beautyshop\/produkt\/ta-repair-cream\/\" \/>\n<meta property=\"og:locale\" content=\"pl_PL\" \/>\n<meta property=\"og:type\" content=\"article\" \/>\n<meta property=\"og:title\" content=\"TA Repair Cream - BEAUTY SHOP Wroniszewska\" \/>\n<meta property=\"og:description\" content=\"Intensywny krem regeneruj\u0105co-rozja\u015bniaj\u0105cy z kwasem Traneksamowym 2%  50ml\" \/>\n<meta property=\"og:url\" content=\"https:\/\/wroniszewska.pl\/beautyshop\/produkt\/ta-repair-cream\/\" \/>\n<meta property=\"og:site_name\" content=\"BEAUTY SHOP Wroniszewska\" \/>\n<meta property=\"article:modified_time\" content=\"2022-09-14T10:06:43+00:00\" \/>\n<meta property=\"og:image\" content=\"https:\/\/wroniszewska.pl\/beautyshop\/wp-content\/uploads\/sites\/2\/2022\/03\/TA-Repair-Cream-1.jpg\" \/>\n\t<meta property=\"og:image:width\" content=\"1050\" \/>\n\t<meta property=\"og:image:height\" content=\"1050\" \/>\n\t<meta property=\"og:image:type\" content=\"image\/jpeg\" \/>\n<meta name=\"twitter:card\" content=\"summary_large_image\" \/>\n<meta name=\"twitter:label1\" content=\"Szacowany czas czytania\" \/>\n\t<meta name=\"twitter:data1\" content=\"1 minuta\" \/>\n<script type=\"application\/ld+json\" class=\"yoast-schema-graph\">{\"@context\":\"https:\/\/schema.org\",\"@graph\":[{\"@type\":\"WebSite\",\"@id\":\"https:\/\/wroniszewska.pl\/beautyshop\/#website\",\"url\":\"https:\/\/wroniszewska.pl\/beautyshop\/\",\"name\":\"BEAUTY SHOP Wroniszewska\",\"description\":\"Kosmetyki profesjonalnych marek: PCA Skin, ProXN, Meder Beauty, Cell Fusion C Expert, Cell Fusion C\",\"potentialAction\":[{\"@type\":\"SearchAction\",\"target\":{\"@type\":\"EntryPoint\",\"urlTemplate\":\"https:\/\/wroniszewska.pl\/beautyshop\/?s={search_term_string}\"},\"query-input\":\"required name=search_term_string\"}],\"inLanguage\":\"pl-PL\"},{\"@type\":\"ImageObject\",\"inLanguage\":\"pl-PL\",\"@id\":\"https:\/\/wroniszewska.pl\/beautyshop\/produkt\/ta-repair-cream\/#primaryimage\",\"url\":\"https:\/\/wroniszewska.pl\/beautyshop\/wp-content\/uploads\/sites\/2\/2022\/03\/TA-Repair-Cream-1.jpg\",\"contentUrl\":\"https:\/\/wroniszewska.pl\/beautyshop\/wp-content\/uploads\/sites\/2\/2022\/03\/TA-Repair-Cream-1.jpg\",\"width\":1050,\"height\":1050},{\"@type\":\"WebPage\",\"@id\":\"https:\/\/wroniszewska.pl\/beautyshop\/produkt\/ta-repair-cream\/\",\"url\":\"https:\/\/wroniszewska.pl\/beautyshop\/produkt\/ta-repair-cream\/\",\"name\":\"TA Repair Cream - BEAUTY SHOP Wroniszewska\",\"isPartOf\":{\"@id\":\"https:\/\/wroniszewska.pl\/beautyshop\/#website\"},\"primaryImageOfPage\":{\"@id\":\"https:\/\/wroniszewska.pl\/beautyshop\/produkt\/ta-repair-cream\/#primaryimage\"},\"datePublished\":\"2022-03-14T09:32:20+00:00\",\"dateModified\":\"2022-09-14T10:06:43+00:00\",\"breadcrumb\":{\"@id\":\"https:\/\/wroniszewska.pl\/beautyshop\/produkt\/ta-repair-cream\/#breadcrumb\"},\"inLanguage\":\"pl-PL\",\"potentialAction\":[{\"@type\":\"ReadAction\",\"target\":[\"https:\/\/wroniszewska.pl\/beautyshop\/produkt\/ta-repair-cream\/\"]}]},{\"@type\":\"BreadcrumbList\",\"@id\":\"https:\/\/wroniszewska.pl\/beautyshop\/produkt\/ta-repair-cream\/#breadcrumb\",\"itemListElement\":[{\"@type\":\"ListItem\",\"position\":1,\"name\":\"Strona g\u0142\u00f3wna\",\"item\":\"https:\/\/wroniszewska.pl\/beautyshop\/\"},{\"@type\":\"ListItem\",\"position\":2,\"name\":\"Produkty\",\"item\":\"https:\/\/wroniszewska.pl\/beautyshop\/produkty\/\"},{\"@type\":\"ListItem\",\"position\":3,\"name\":\"TA Repair Cream\"}]}]}<\/script>\n<!-- \/ Yoast SEO plugin. -->","yoast_head_json":{"title":"TA Repair Cream - BEAUTY SHOP Wroniszewska","robots":{"index":"index","follow":"follow","max-snippet":"max-snippet:-1","max-image-preview":"max-image-preview:large","max-video-preview":"max-video-preview:-1"},"canonical":"https:\/\/wroniszewska.pl\/beautyshop\/produkt\/ta-repair-cream\/","og_locale":"pl_PL","og_type":"article","og_title":"TA Repair Cream - BEAUTY SHOP Wroniszewska","og_description":"Intensywny krem regeneruj\u0105co-rozja\u015bniaj\u0105cy z kwasem Traneksamowym 2%  50ml","og_url":"https:\/\/wroniszewska.pl\/beautyshop\/produkt\/ta-repair-cream\/","og_site_name":"BEAUTY SHOP Wroniszewska","article_modified_time":"2022-09-14T10:06:43+00:00","og_image":[{"width":1050,"height":1050,"url":"https:\/\/wroniszewska.pl\/beautyshop\/wp-content\/uploads\/sites\/2\/2022\/03\/TA-Repair-Cream-1.jpg","type":"image\/jpeg"}],"twitter_card":"summary_large_image","twitter_misc":{"Szacowany czas czytania":"1 minuta"},"schema":{"@context":"https:\/\/schema.org","@graph":[{"@type":"WebSite","@id":"https:\/\/wroniszewska.pl\/beautyshop\/#website","url":"https:\/\/wroniszewska.pl\/beautyshop\/","name":"BEAUTY SHOP Wroniszewska","description":"Kosmetyki profesjonalnych marek: PCA Skin, ProXN, Meder Beauty, Cell Fusion C Expert, Cell Fusion C","potentialAction":[{"@type":"SearchAction","target":{"@type":"EntryPoint","urlTemplate":"https:\/\/wroniszewska.pl\/beautyshop\/?s={search_term_string}"},"query-input":"required name=search_term_string"}],"inLanguage":"pl-PL"},{"@type":"ImageObject","inLanguage":"pl-PL","@id":"https:\/\/wroniszewska.pl\/beautyshop\/produkt\/ta-repair-cream\/#primaryimage","url":"https:\/\/wroniszewska.pl\/beautyshop\/wp-content\/uploads\/sites\/2\/2022\/03\/TA-Repair-Cream-1.jpg","contentUrl":"https:\/\/wroniszewska.pl\/beautyshop\/wp-content\/uploads\/sites\/2\/2022\/03\/TA-Repair-Cream-1.jpg","width":1050,"height":1050},{"@type":"WebPage","@id":"https:\/\/wroniszewska.pl\/beautyshop\/produkt\/ta-repair-cream\/","url":"https:\/\/wroniszewska.pl\/beautyshop\/produkt\/ta-repair-cream\/","name":"TA Repair Cream - BEAUTY SHOP Wroniszewska","isPartOf":{"@id":"https:\/\/wroniszewska.pl\/beautyshop\/#website"},"primaryImageOfPage":{"@id":"https:\/\/wroniszewska.pl\/beautyshop\/produkt\/ta-repair-cream\/#primaryimage"},"datePublished":"2022-03-14T09:32:20+00:00","dateModified":"2022-09-14T10:06:43+00:00","breadcrumb":{"@id":"https:\/\/wroniszewska.pl\/beautyshop\/produkt\/ta-repair-cream\/#breadcrumb"},"inLanguage":"pl-PL","potentialAction":[{"@type":"ReadAction","target":["https:\/\/wroniszewska.pl\/beautyshop\/produkt\/ta-repair-cream\/"]}]},{"@type":"BreadcrumbList","@id":"https:\/\/wroniszewska.pl\/beautyshop\/produkt\/ta-repair-cream\/#breadcrumb","itemListElement":[{"@type":"ListItem","position":1,"name":"Strona g\u0142\u00f3wna","item":"https:\/\/wroniszewska.pl\/beautyshop\/"},{"@type":"ListItem","position":2,"name":"Produkty","item":"https:\/\/wroniszewska.pl\/beautyshop\/produkty\/"},{"@type":"ListItem","position":3,"name":"TA Repair Cream"}]}]}},"_links":{"self":[{"href":"https:\/\/wroniszewska.pl\/beautyshop\/wp-json\/wp\/v2\/product\/8110"}],"collection":[{"href":"https:\/\/wroniszewska.pl\/beautyshop\/wp-json\/wp\/v2\/product"}],"about":[{"href":"https:\/\/wroniszewska.pl\/beautyshop\/wp-json\/wp\/v2\/types\/product"}],"wp:featuredmedia":[{"embeddable":true,"href":"https:\/\/wroniszewska.pl\/beautyshop\/wp-json\/wp\/v2\/media\/8576"}],"wp:attachment":[{"href":"https:\/\/wroniszewska.pl\/beautyshop\/wp-json\/wp\/v2\/media?parent=8110"}],"wp:term":[{"taxonomy":"product_cat","embeddable":true,"href":"https:\/\/wroniszewska.pl\/beautyshop\/wp-json\/wp\/v2\/product_cat?post=8110"},{"taxonomy":"product_tag","embeddable":true,"href":"https:\/\/wroniszewska.pl\/beautyshop\/wp-json\/wp\/v2\/product_tag?post=8110"}],"curies":[{"name":"wp","href":"https:\/\/api.w.org\/{rel}","templated":true}]}}