{"id":177,"date":"2020-05-10T15:14:05","date_gmt":"2020-05-10T13:14:05","guid":{"rendered":"http:\/\/wroniszewska.pl\/beautyshop\/?post_type=product&#038;p=177"},"modified":"2023-03-15T09:30:00","modified_gmt":"2023-03-15T08:30:00","slug":"salva-derm-krem-nawilzajaco-odzywczy","status":"publish","type":"product","link":"https:\/\/wroniszewska.pl\/beautyshop\/produkt\/salva-derm-krem-nawilzajaco-odzywczy\/","title":{"rendered":"Salva-Derm krem"},"content":{"rendered":"<p>Krem nawil\u017caj\u0105cy Salva-Derm zmi\u0119kcza i chroni sk\u00f3r\u0119, wspiera r\u00f3\u017cnorodno\u015b\u0107 mikrobiomu. Dzia\u0142a stymuluj\u0105co i normalizuj\u0105co, nawil\u017ca i wype\u0142nia warstwy powierzchniowe sk\u00f3ry, wyg\u0142adzaj\u0105c j\u0105. Zapewnia odpowiednie gojenie si\u0119 sk\u00f3ry i ochron\u0119 antyoksydacyjn\u0105. Przy regularnym stosowaniu pomaga op\u00f3\u017ani\u0107 pierwsze oznaki starzenia si\u0119 sk\u00f3ry.<\/p>\n<p><strong>Wskazania:<\/strong> sk\u00f3ra normalna, sk\u00f3ra wra\u017cliwa.<\/p>\n<p><strong>Spos\u00f3b u\u017cycia:<\/strong> Na\u0142o\u017cy\u0107 na czyst\u0105 sk\u00f3r\u0119 twarzy i szyi. Wmasowa\u0107 lekko opuszkami palc\u00f3w a\u017c do ca\u0142kowitego wch\u0142oni\u0119cia. 1 naci\u015bni\u0119cie pompki daje 0,5 ml preparatu. Zalecamy aplikowanie 0,5-1 ml jednorazowo.<\/p>\n<p><strong>Sk\u0142adniki aktywne:<\/strong> olej makadamia, wosk pszczeli, BioEcolia \u00ae, kwas hialuronowy, ekstrakt z alg, witamina E.<\/p>\n","protected":false},"excerpt":{"rendered":"<ul>\n<li>Prebiotyczny krem dla sk\u00f3ry normalnej i wra\u017cliwej<\/li>\n<li>50 ml<\/li>\n<\/ul>\n","protected":false},"featured_media":151,"template":"","meta":[],"product_cat":[140],"product_tag":[],"acf":[],"yoast_head":"<!-- This site is optimized with the Yoast SEO plugin v19.3 - https:\/\/yoast.com\/wordpress\/plugins\/seo\/ -->\n<title>Salva-Derm krem - BEAUTY SHOP Wroniszewska<\/title>\n<meta name=\"robots\" content=\"index, follow, max-snippet:-1, max-image-preview:large, max-video-preview:-1\" \/>\n<link rel=\"canonical\" href=\"https:\/\/wroniszewska.pl\/beautyshop\/produkt\/salva-derm-krem-nawilzajaco-odzywczy\/\" \/>\n<meta property=\"og:locale\" content=\"pl_PL\" \/>\n<meta property=\"og:type\" content=\"article\" \/>\n<meta property=\"og:title\" content=\"Salva-Derm krem - BEAUTY SHOP Wroniszewska\" \/>\n<meta property=\"og:description\" content=\"Prebiotyczny krem dla sk\u00f3ry normalnej i wra\u017cliwej  50 ml\" \/>\n<meta property=\"og:url\" content=\"https:\/\/wroniszewska.pl\/beautyshop\/produkt\/salva-derm-krem-nawilzajaco-odzywczy\/\" \/>\n<meta property=\"og:site_name\" content=\"BEAUTY SHOP Wroniszewska\" \/>\n<meta property=\"article:modified_time\" content=\"2023-03-15T08:30:00+00:00\" \/>\n<meta property=\"og:image\" content=\"https:\/\/wroniszewska.pl\/beautyshop\/wp-content\/uploads\/sites\/2\/2020\/05\/7SD-PREB.png\" \/>\n\t<meta property=\"og:image:width\" content=\"600\" \/>\n\t<meta property=\"og:image:height\" content=\"600\" \/>\n\t<meta property=\"og:image:type\" content=\"image\/png\" \/>\n<meta name=\"twitter:card\" content=\"summary_large_image\" \/>\n<meta name=\"twitter:label1\" content=\"Szacowany czas czytania\" \/>\n\t<meta name=\"twitter:data1\" content=\"1 minuta\" \/>\n<script type=\"application\/ld+json\" class=\"yoast-schema-graph\">{\"@context\":\"https:\/\/schema.org\",\"@graph\":[{\"@type\":\"WebSite\",\"@id\":\"https:\/\/wroniszewska.pl\/beautyshop\/#website\",\"url\":\"https:\/\/wroniszewska.pl\/beautyshop\/\",\"name\":\"BEAUTY SHOP Wroniszewska\",\"description\":\"Kosmetyki profesjonalnych marek: PCA Skin, ProXN, Meder Beauty, Cell Fusion C Expert, Cell Fusion C\",\"potentialAction\":[{\"@type\":\"SearchAction\",\"target\":{\"@type\":\"EntryPoint\",\"urlTemplate\":\"https:\/\/wroniszewska.pl\/beautyshop\/?s={search_term_string}\"},\"query-input\":\"required name=search_term_string\"}],\"inLanguage\":\"pl-PL\"},{\"@type\":\"ImageObject\",\"inLanguage\":\"pl-PL\",\"@id\":\"https:\/\/wroniszewska.pl\/beautyshop\/produkt\/salva-derm-krem-nawilzajaco-odzywczy\/#primaryimage\",\"url\":\"https:\/\/wroniszewska.pl\/beautyshop\/wp-content\/uploads\/sites\/2\/2020\/05\/7SD-PREB.png\",\"contentUrl\":\"https:\/\/wroniszewska.pl\/beautyshop\/wp-content\/uploads\/sites\/2\/2020\/05\/7SD-PREB.png\",\"width\":600,\"height\":600},{\"@type\":\"WebPage\",\"@id\":\"https:\/\/wroniszewska.pl\/beautyshop\/produkt\/salva-derm-krem-nawilzajaco-odzywczy\/\",\"url\":\"https:\/\/wroniszewska.pl\/beautyshop\/produkt\/salva-derm-krem-nawilzajaco-odzywczy\/\",\"name\":\"Salva-Derm krem - BEAUTY SHOP Wroniszewska\",\"isPartOf\":{\"@id\":\"https:\/\/wroniszewska.pl\/beautyshop\/#website\"},\"primaryImageOfPage\":{\"@id\":\"https:\/\/wroniszewska.pl\/beautyshop\/produkt\/salva-derm-krem-nawilzajaco-odzywczy\/#primaryimage\"},\"datePublished\":\"2020-05-10T13:14:05+00:00\",\"dateModified\":\"2023-03-15T08:30:00+00:00\",\"breadcrumb\":{\"@id\":\"https:\/\/wroniszewska.pl\/beautyshop\/produkt\/salva-derm-krem-nawilzajaco-odzywczy\/#breadcrumb\"},\"inLanguage\":\"pl-PL\",\"potentialAction\":[{\"@type\":\"ReadAction\",\"target\":[\"https:\/\/wroniszewska.pl\/beautyshop\/produkt\/salva-derm-krem-nawilzajaco-odzywczy\/\"]}]},{\"@type\":\"BreadcrumbList\",\"@id\":\"https:\/\/wroniszewska.pl\/beautyshop\/produkt\/salva-derm-krem-nawilzajaco-odzywczy\/#breadcrumb\",\"itemListElement\":[{\"@type\":\"ListItem\",\"position\":1,\"name\":\"Strona g\u0142\u00f3wna\",\"item\":\"https:\/\/wroniszewska.pl\/beautyshop\/\"},{\"@type\":\"ListItem\",\"position\":2,\"name\":\"Produkty\",\"item\":\"https:\/\/wroniszewska.pl\/beautyshop\/produkty\/\"},{\"@type\":\"ListItem\",\"position\":3,\"name\":\"Salva-Derm krem\"}]}]}<\/script>\n<!-- \/ Yoast SEO plugin. -->","yoast_head_json":{"title":"Salva-Derm krem - BEAUTY SHOP Wroniszewska","robots":{"index":"index","follow":"follow","max-snippet":"max-snippet:-1","max-image-preview":"max-image-preview:large","max-video-preview":"max-video-preview:-1"},"canonical":"https:\/\/wroniszewska.pl\/beautyshop\/produkt\/salva-derm-krem-nawilzajaco-odzywczy\/","og_locale":"pl_PL","og_type":"article","og_title":"Salva-Derm krem - BEAUTY SHOP Wroniszewska","og_description":"Prebiotyczny krem dla sk\u00f3ry normalnej i wra\u017cliwej  50 ml","og_url":"https:\/\/wroniszewska.pl\/beautyshop\/produkt\/salva-derm-krem-nawilzajaco-odzywczy\/","og_site_name":"BEAUTY SHOP Wroniszewska","article_modified_time":"2023-03-15T08:30:00+00:00","og_image":[{"width":600,"height":600,"url":"https:\/\/wroniszewska.pl\/beautyshop\/wp-content\/uploads\/sites\/2\/2020\/05\/7SD-PREB.png","type":"image\/png"}],"twitter_card":"summary_large_image","twitter_misc":{"Szacowany czas czytania":"1 minuta"},"schema":{"@context":"https:\/\/schema.org","@graph":[{"@type":"WebSite","@id":"https:\/\/wroniszewska.pl\/beautyshop\/#website","url":"https:\/\/wroniszewska.pl\/beautyshop\/","name":"BEAUTY SHOP Wroniszewska","description":"Kosmetyki profesjonalnych marek: PCA Skin, ProXN, Meder Beauty, Cell Fusion C Expert, Cell Fusion C","potentialAction":[{"@type":"SearchAction","target":{"@type":"EntryPoint","urlTemplate":"https:\/\/wroniszewska.pl\/beautyshop\/?s={search_term_string}"},"query-input":"required name=search_term_string"}],"inLanguage":"pl-PL"},{"@type":"ImageObject","inLanguage":"pl-PL","@id":"https:\/\/wroniszewska.pl\/beautyshop\/produkt\/salva-derm-krem-nawilzajaco-odzywczy\/#primaryimage","url":"https:\/\/wroniszewska.pl\/beautyshop\/wp-content\/uploads\/sites\/2\/2020\/05\/7SD-PREB.png","contentUrl":"https:\/\/wroniszewska.pl\/beautyshop\/wp-content\/uploads\/sites\/2\/2020\/05\/7SD-PREB.png","width":600,"height":600},{"@type":"WebPage","@id":"https:\/\/wroniszewska.pl\/beautyshop\/produkt\/salva-derm-krem-nawilzajaco-odzywczy\/","url":"https:\/\/wroniszewska.pl\/beautyshop\/produkt\/salva-derm-krem-nawilzajaco-odzywczy\/","name":"Salva-Derm krem - BEAUTY SHOP Wroniszewska","isPartOf":{"@id":"https:\/\/wroniszewska.pl\/beautyshop\/#website"},"primaryImageOfPage":{"@id":"https:\/\/wroniszewska.pl\/beautyshop\/produkt\/salva-derm-krem-nawilzajaco-odzywczy\/#primaryimage"},"datePublished":"2020-05-10T13:14:05+00:00","dateModified":"2023-03-15T08:30:00+00:00","breadcrumb":{"@id":"https:\/\/wroniszewska.pl\/beautyshop\/produkt\/salva-derm-krem-nawilzajaco-odzywczy\/#breadcrumb"},"inLanguage":"pl-PL","potentialAction":[{"@type":"ReadAction","target":["https:\/\/wroniszewska.pl\/beautyshop\/produkt\/salva-derm-krem-nawilzajaco-odzywczy\/"]}]},{"@type":"BreadcrumbList","@id":"https:\/\/wroniszewska.pl\/beautyshop\/produkt\/salva-derm-krem-nawilzajaco-odzywczy\/#breadcrumb","itemListElement":[{"@type":"ListItem","position":1,"name":"Strona g\u0142\u00f3wna","item":"https:\/\/wroniszewska.pl\/beautyshop\/"},{"@type":"ListItem","position":2,"name":"Produkty","item":"https:\/\/wroniszewska.pl\/beautyshop\/produkty\/"},{"@type":"ListItem","position":3,"name":"Salva-Derm krem"}]}]}},"_links":{"self":[{"href":"https:\/\/wroniszewska.pl\/beautyshop\/wp-json\/wp\/v2\/product\/177"}],"collection":[{"href":"https:\/\/wroniszewska.pl\/beautyshop\/wp-json\/wp\/v2\/product"}],"about":[{"href":"https:\/\/wroniszewska.pl\/beautyshop\/wp-json\/wp\/v2\/types\/product"}],"wp:featuredmedia":[{"embeddable":true,"href":"https:\/\/wroniszewska.pl\/beautyshop\/wp-json\/wp\/v2\/media\/151"}],"wp:attachment":[{"href":"https:\/\/wroniszewska.pl\/beautyshop\/wp-json\/wp\/v2\/media?parent=177"}],"wp:term":[{"taxonomy":"product_cat","embeddable":true,"href":"https:\/\/wroniszewska.pl\/beautyshop\/wp-json\/wp\/v2\/product_cat?post=177"},{"taxonomy":"product_tag","embeddable":true,"href":"https:\/\/wroniszewska.pl\/beautyshop\/wp-json\/wp\/v2\/product_tag?post=177"}],"curies":[{"name":"wp","href":"https:\/\/api.w.org\/{rel}","templated":true}]}}