{"id":176,"date":"2020-05-10T15:13:28","date_gmt":"2020-05-10T13:13:28","guid":{"rendered":"http:\/\/wroniszewska.pl\/beautyshop\/?post_type=product&#038;p=176"},"modified":"2023-03-15T09:31:15","modified_gmt":"2023-03-15T08:31:15","slug":"equa-derm-krem-regulujacy-do-skory-problematycznej","status":"publish","type":"product","link":"https:\/\/wroniszewska.pl\/beautyshop\/produkt\/equa-derm-krem-regulujacy-do-skory-problematycznej\/","title":{"rendered":"Equa-Derm krem"},"content":{"rendered":"<p>Krem Equa-Derm hamuje wydzielanie sebum, obkurcza pory, wyg\u0142adza i normalizuje sk\u00f3r\u0119 oraz zmniejsza jej wra\u017cliwo\u015b\u0107 na zmiany hormonalne. Pomaga zachowa\u0107 zdrowie i r\u00f3\u017cnorodno\u015b\u0107 mikrobiomu sk\u00f3ry oraz \u0142agodzi stany zapalne. Dzia\u0142a przeciwzapalnie i \u0142agodz\u0105co.<\/p>\n<p><strong>Wskazania:<\/strong> sk\u00f3ra problematyczna, sk\u00f3ra t\u0142usta, sk\u00f3ra tr\u0105dzikowa, rozszerzone uj\u015bcia gruczo\u0142\u00f3w \u0142ojowych, cz\u0119ste stany zapalne sk\u00f3ry.<\/p>\n<p>UWAGA: Krem Equa-Derm nie jest zalecany dla sk\u00f3ry suchej i normalnej.<\/p>\n<p><strong>Spos\u00f3b u\u017cycia:<\/strong> Na\u0142o\u017cy\u0107 na czyst\u0105 sk\u00f3r\u0119 twarzy i szyi. Wmasowa\u0107 lekko opuszkami palc\u00f3w a\u017c do ca\u0142kowitego wch\u0142oni\u0119cia. 1 naci\u015bni\u0119cie pompki daje 0,5 ml preparatu. Zalecamy aplikowanie 0,5-1 ml jednorazowo.<\/p>\n<p><strong>Sk\u0142adniki aktywne:<\/strong> avocutin, BioEcolia \u00ae, ekstrakt z indyjskiego tamaryndowca, ekstraky z huby.<\/p>\n","protected":false},"excerpt":{"rendered":"<ul>\n<li>Prebiotyczny krem dla sk\u00f3ry t\u0142ustej i wra\u017cliwej<\/li>\n<li>50 ml<\/li>\n<\/ul>\n","protected":false},"featured_media":150,"template":"","meta":[],"product_cat":[140],"product_tag":[],"acf":[],"yoast_head":"<!-- This site is optimized with the Yoast SEO plugin v19.3 - https:\/\/yoast.com\/wordpress\/plugins\/seo\/ -->\n<title>Equa-Derm krem - BEAUTY SHOP Wroniszewska<\/title>\n<meta name=\"robots\" content=\"index, follow, max-snippet:-1, max-image-preview:large, max-video-preview:-1\" \/>\n<link rel=\"canonical\" href=\"https:\/\/wroniszewska.pl\/beautyshop\/produkt\/equa-derm-krem-regulujacy-do-skory-problematycznej\/\" \/>\n<meta property=\"og:locale\" content=\"pl_PL\" \/>\n<meta property=\"og:type\" content=\"article\" \/>\n<meta property=\"og:title\" content=\"Equa-Derm krem - BEAUTY SHOP Wroniszewska\" \/>\n<meta property=\"og:description\" content=\"Prebiotyczny krem dla sk\u00f3ry t\u0142ustej i wra\u017cliwej  50 ml\" \/>\n<meta property=\"og:url\" content=\"https:\/\/wroniszewska.pl\/beautyshop\/produkt\/equa-derm-krem-regulujacy-do-skory-problematycznej\/\" \/>\n<meta property=\"og:site_name\" content=\"BEAUTY SHOP Wroniszewska\" \/>\n<meta property=\"article:modified_time\" content=\"2023-03-15T08:31:15+00:00\" \/>\n<meta property=\"og:image\" content=\"https:\/\/wroniszewska.pl\/beautyshop\/wp-content\/uploads\/sites\/2\/2020\/05\/7ED-PREB.png\" \/>\n\t<meta property=\"og:image:width\" content=\"600\" \/>\n\t<meta property=\"og:image:height\" content=\"600\" \/>\n\t<meta property=\"og:image:type\" content=\"image\/png\" \/>\n<meta name=\"twitter:card\" content=\"summary_large_image\" \/>\n<meta name=\"twitter:label1\" content=\"Szacowany czas czytania\" \/>\n\t<meta name=\"twitter:data1\" content=\"1 minuta\" \/>\n<script type=\"application\/ld+json\" class=\"yoast-schema-graph\">{\"@context\":\"https:\/\/schema.org\",\"@graph\":[{\"@type\":\"WebSite\",\"@id\":\"https:\/\/wroniszewska.pl\/beautyshop\/#website\",\"url\":\"https:\/\/wroniszewska.pl\/beautyshop\/\",\"name\":\"BEAUTY SHOP Wroniszewska\",\"description\":\"Kosmetyki profesjonalnych marek: PCA Skin, ProXN, Meder Beauty, Cell Fusion C Expert, Cell Fusion C\",\"potentialAction\":[{\"@type\":\"SearchAction\",\"target\":{\"@type\":\"EntryPoint\",\"urlTemplate\":\"https:\/\/wroniszewska.pl\/beautyshop\/?s={search_term_string}\"},\"query-input\":\"required name=search_term_string\"}],\"inLanguage\":\"pl-PL\"},{\"@type\":\"ImageObject\",\"inLanguage\":\"pl-PL\",\"@id\":\"https:\/\/wroniszewska.pl\/beautyshop\/produkt\/equa-derm-krem-regulujacy-do-skory-problematycznej\/#primaryimage\",\"url\":\"https:\/\/wroniszewska.pl\/beautyshop\/wp-content\/uploads\/sites\/2\/2020\/05\/7ED-PREB.png\",\"contentUrl\":\"https:\/\/wroniszewska.pl\/beautyshop\/wp-content\/uploads\/sites\/2\/2020\/05\/7ED-PREB.png\",\"width\":600,\"height\":600},{\"@type\":\"WebPage\",\"@id\":\"https:\/\/wroniszewska.pl\/beautyshop\/produkt\/equa-derm-krem-regulujacy-do-skory-problematycznej\/\",\"url\":\"https:\/\/wroniszewska.pl\/beautyshop\/produkt\/equa-derm-krem-regulujacy-do-skory-problematycznej\/\",\"name\":\"Equa-Derm krem - BEAUTY SHOP Wroniszewska\",\"isPartOf\":{\"@id\":\"https:\/\/wroniszewska.pl\/beautyshop\/#website\"},\"primaryImageOfPage\":{\"@id\":\"https:\/\/wroniszewska.pl\/beautyshop\/produkt\/equa-derm-krem-regulujacy-do-skory-problematycznej\/#primaryimage\"},\"datePublished\":\"2020-05-10T13:13:28+00:00\",\"dateModified\":\"2023-03-15T08:31:15+00:00\",\"breadcrumb\":{\"@id\":\"https:\/\/wroniszewska.pl\/beautyshop\/produkt\/equa-derm-krem-regulujacy-do-skory-problematycznej\/#breadcrumb\"},\"inLanguage\":\"pl-PL\",\"potentialAction\":[{\"@type\":\"ReadAction\",\"target\":[\"https:\/\/wroniszewska.pl\/beautyshop\/produkt\/equa-derm-krem-regulujacy-do-skory-problematycznej\/\"]}]},{\"@type\":\"BreadcrumbList\",\"@id\":\"https:\/\/wroniszewska.pl\/beautyshop\/produkt\/equa-derm-krem-regulujacy-do-skory-problematycznej\/#breadcrumb\",\"itemListElement\":[{\"@type\":\"ListItem\",\"position\":1,\"name\":\"Strona g\u0142\u00f3wna\",\"item\":\"https:\/\/wroniszewska.pl\/beautyshop\/\"},{\"@type\":\"ListItem\",\"position\":2,\"name\":\"Produkty\",\"item\":\"https:\/\/wroniszewska.pl\/beautyshop\/produkty\/\"},{\"@type\":\"ListItem\",\"position\":3,\"name\":\"Equa-Derm krem\"}]}]}<\/script>\n<!-- \/ Yoast SEO plugin. -->","yoast_head_json":{"title":"Equa-Derm krem - BEAUTY SHOP Wroniszewska","robots":{"index":"index","follow":"follow","max-snippet":"max-snippet:-1","max-image-preview":"max-image-preview:large","max-video-preview":"max-video-preview:-1"},"canonical":"https:\/\/wroniszewska.pl\/beautyshop\/produkt\/equa-derm-krem-regulujacy-do-skory-problematycznej\/","og_locale":"pl_PL","og_type":"article","og_title":"Equa-Derm krem - BEAUTY SHOP Wroniszewska","og_description":"Prebiotyczny krem dla sk\u00f3ry t\u0142ustej i wra\u017cliwej  50 ml","og_url":"https:\/\/wroniszewska.pl\/beautyshop\/produkt\/equa-derm-krem-regulujacy-do-skory-problematycznej\/","og_site_name":"BEAUTY SHOP Wroniszewska","article_modified_time":"2023-03-15T08:31:15+00:00","og_image":[{"width":600,"height":600,"url":"https:\/\/wroniszewska.pl\/beautyshop\/wp-content\/uploads\/sites\/2\/2020\/05\/7ED-PREB.png","type":"image\/png"}],"twitter_card":"summary_large_image","twitter_misc":{"Szacowany czas czytania":"1 minuta"},"schema":{"@context":"https:\/\/schema.org","@graph":[{"@type":"WebSite","@id":"https:\/\/wroniszewska.pl\/beautyshop\/#website","url":"https:\/\/wroniszewska.pl\/beautyshop\/","name":"BEAUTY SHOP Wroniszewska","description":"Kosmetyki profesjonalnych marek: PCA Skin, ProXN, Meder Beauty, Cell Fusion C Expert, Cell Fusion C","potentialAction":[{"@type":"SearchAction","target":{"@type":"EntryPoint","urlTemplate":"https:\/\/wroniszewska.pl\/beautyshop\/?s={search_term_string}"},"query-input":"required name=search_term_string"}],"inLanguage":"pl-PL"},{"@type":"ImageObject","inLanguage":"pl-PL","@id":"https:\/\/wroniszewska.pl\/beautyshop\/produkt\/equa-derm-krem-regulujacy-do-skory-problematycznej\/#primaryimage","url":"https:\/\/wroniszewska.pl\/beautyshop\/wp-content\/uploads\/sites\/2\/2020\/05\/7ED-PREB.png","contentUrl":"https:\/\/wroniszewska.pl\/beautyshop\/wp-content\/uploads\/sites\/2\/2020\/05\/7ED-PREB.png","width":600,"height":600},{"@type":"WebPage","@id":"https:\/\/wroniszewska.pl\/beautyshop\/produkt\/equa-derm-krem-regulujacy-do-skory-problematycznej\/","url":"https:\/\/wroniszewska.pl\/beautyshop\/produkt\/equa-derm-krem-regulujacy-do-skory-problematycznej\/","name":"Equa-Derm krem - BEAUTY SHOP Wroniszewska","isPartOf":{"@id":"https:\/\/wroniszewska.pl\/beautyshop\/#website"},"primaryImageOfPage":{"@id":"https:\/\/wroniszewska.pl\/beautyshop\/produkt\/equa-derm-krem-regulujacy-do-skory-problematycznej\/#primaryimage"},"datePublished":"2020-05-10T13:13:28+00:00","dateModified":"2023-03-15T08:31:15+00:00","breadcrumb":{"@id":"https:\/\/wroniszewska.pl\/beautyshop\/produkt\/equa-derm-krem-regulujacy-do-skory-problematycznej\/#breadcrumb"},"inLanguage":"pl-PL","potentialAction":[{"@type":"ReadAction","target":["https:\/\/wroniszewska.pl\/beautyshop\/produkt\/equa-derm-krem-regulujacy-do-skory-problematycznej\/"]}]},{"@type":"BreadcrumbList","@id":"https:\/\/wroniszewska.pl\/beautyshop\/produkt\/equa-derm-krem-regulujacy-do-skory-problematycznej\/#breadcrumb","itemListElement":[{"@type":"ListItem","position":1,"name":"Strona g\u0142\u00f3wna","item":"https:\/\/wroniszewska.pl\/beautyshop\/"},{"@type":"ListItem","position":2,"name":"Produkty","item":"https:\/\/wroniszewska.pl\/beautyshop\/produkty\/"},{"@type":"ListItem","position":3,"name":"Equa-Derm krem"}]}]}},"_links":{"self":[{"href":"https:\/\/wroniszewska.pl\/beautyshop\/wp-json\/wp\/v2\/product\/176"}],"collection":[{"href":"https:\/\/wroniszewska.pl\/beautyshop\/wp-json\/wp\/v2\/product"}],"about":[{"href":"https:\/\/wroniszewska.pl\/beautyshop\/wp-json\/wp\/v2\/types\/product"}],"wp:featuredmedia":[{"embeddable":true,"href":"https:\/\/wroniszewska.pl\/beautyshop\/wp-json\/wp\/v2\/media\/150"}],"wp:attachment":[{"href":"https:\/\/wroniszewska.pl\/beautyshop\/wp-json\/wp\/v2\/media?parent=176"}],"wp:term":[{"taxonomy":"product_cat","embeddable":true,"href":"https:\/\/wroniszewska.pl\/beautyshop\/wp-json\/wp\/v2\/product_cat?post=176"},{"taxonomy":"product_tag","embeddable":true,"href":"https:\/\/wroniszewska.pl\/beautyshop\/wp-json\/wp\/v2\/product_tag?post=176"}],"curies":[{"name":"wp","href":"https:\/\/api.w.org\/{rel}","templated":true}]}}