{"id":175,"date":"2020-05-10T15:12:50","date_gmt":"2020-05-10T13:12:50","guid":{"rendered":"http:\/\/wroniszewska.pl\/beautyshop\/?post_type=product&#038;p=175"},"modified":"2023-03-15T09:31:29","modified_gmt":"2023-03-15T08:31:29","slug":"arma-derm-krem-do-skory-suchej-dojrzalej","status":"publish","type":"product","link":"https:\/\/wroniszewska.pl\/beautyshop\/produkt\/arma-derm-krem-do-skory-suchej-dojrzalej\/","title":{"rendered":"Arma-Derm krem"},"content":{"rendered":"<p>Krem Arma-Derm nawil\u017ca i zmi\u0119kcza sk\u00f3r\u0119, uzupe\u0142nia niedobory niezb\u0119dnych lipid\u00f3w w powierzchniowych warstwach sk\u00f3ry i odbudowuje naturalny p\u0142aszcz ochronny. Odbudowuje uszkodzon\u0105 sk\u00f3r\u0119, zapewnia ochron\u0119 przed wolnymi rodnikami. Dzi\u0119ki ekstraktowi z algi Padina Pavonica przywraca po\u0142\u0105czenia mi\u0119dzykom\u00f3rkowe, zapobiega \u0142uszczeniu si\u0119 sk\u00f3ry, zatrzymuje wilgo\u0107 i chroni sk\u00f3r\u0119 przed czynnikami toksycznymi i mikrocz\u0105stkami obecnymi w zanieczyszczonym powietrzu wielkich miast.<\/p>\n<p><strong>Wskazania:<\/strong> sk\u00f3ra sucha, sk\u00f3ra uszkodzona, po inwazyjnych zabiegach estetycznych, ochrona przed zanieczyszczeniami i toksynami ze \u015brodowiska, dla palaczy i mieszka\u0144c\u00f3w du\u017cych miast do codziennej ochrony.<\/p>\n<p><strong>Spos\u00f3b u\u017cycia:<\/strong> Na\u0142o\u017cy\u0107 na czyst\u0105 sk\u00f3r\u0119 twarzy i szyi. Wmasowa\u0107 lekko opuszkami palc\u00f3w a\u017c do ca\u0142kowitego wch\u0142oni\u0119cia. 1 naci\u015bni\u0119cie pompki daje 0,5 ml preparatu. Zalecamy aplikowanie 0,5-1 ml jednorazowo.<\/p>\n<p><strong>Sk\u0142adniki aktywne: <\/strong>kompleks organicznych olej\u00f3w, gliceryna, witamina E, ekstrakt z algi Padina Pavonica.<\/p>\n","protected":false},"excerpt":{"rendered":"<ul>\n<li>Od\u017cywczy krem do suchej i dojrza\u0142ej sk\u00f3ry<\/li>\n<li>50ml<\/li>\n<\/ul>\n","protected":false},"featured_media":147,"template":"","meta":[],"product_cat":[140],"product_tag":[],"acf":[],"yoast_head":"<!-- This site is optimized with the Yoast SEO plugin v19.3 - https:\/\/yoast.com\/wordpress\/plugins\/seo\/ -->\n<title>Arma-Derm krem - BEAUTY SHOP Wroniszewska<\/title>\n<meta name=\"robots\" content=\"index, follow, max-snippet:-1, max-image-preview:large, max-video-preview:-1\" \/>\n<link rel=\"canonical\" href=\"https:\/\/wroniszewska.pl\/beautyshop\/produkt\/arma-derm-krem-do-skory-suchej-dojrzalej\/\" \/>\n<meta property=\"og:locale\" content=\"pl_PL\" \/>\n<meta property=\"og:type\" content=\"article\" \/>\n<meta property=\"og:title\" content=\"Arma-Derm krem - BEAUTY SHOP Wroniszewska\" \/>\n<meta property=\"og:description\" content=\"Od\u017cywczy krem do suchej i dojrza\u0142ej sk\u00f3ry  50ml\" \/>\n<meta property=\"og:url\" content=\"https:\/\/wroniszewska.pl\/beautyshop\/produkt\/arma-derm-krem-do-skory-suchej-dojrzalej\/\" \/>\n<meta property=\"og:site_name\" content=\"BEAUTY SHOP Wroniszewska\" \/>\n<meta property=\"article:modified_time\" content=\"2023-03-15T08:31:29+00:00\" \/>\n<meta property=\"og:image\" content=\"https:\/\/wroniszewska.pl\/beautyshop\/wp-content\/uploads\/sites\/2\/2020\/05\/7AD-1.png\" \/>\n\t<meta property=\"og:image:width\" content=\"600\" \/>\n\t<meta property=\"og:image:height\" content=\"600\" \/>\n\t<meta property=\"og:image:type\" content=\"image\/png\" \/>\n<meta name=\"twitter:card\" content=\"summary_large_image\" \/>\n<meta name=\"twitter:label1\" content=\"Szacowany czas czytania\" \/>\n\t<meta name=\"twitter:data1\" content=\"1 minuta\" \/>\n<script type=\"application\/ld+json\" class=\"yoast-schema-graph\">{\"@context\":\"https:\/\/schema.org\",\"@graph\":[{\"@type\":\"WebSite\",\"@id\":\"https:\/\/wroniszewska.pl\/beautyshop\/#website\",\"url\":\"https:\/\/wroniszewska.pl\/beautyshop\/\",\"name\":\"BEAUTY SHOP Wroniszewska\",\"description\":\"Kosmetyki profesjonalnych marek: PCA Skin, ProXN, Meder Beauty, Cell Fusion C Expert, Cell Fusion C\",\"potentialAction\":[{\"@type\":\"SearchAction\",\"target\":{\"@type\":\"EntryPoint\",\"urlTemplate\":\"https:\/\/wroniszewska.pl\/beautyshop\/?s={search_term_string}\"},\"query-input\":\"required name=search_term_string\"}],\"inLanguage\":\"pl-PL\"},{\"@type\":\"ImageObject\",\"inLanguage\":\"pl-PL\",\"@id\":\"https:\/\/wroniszewska.pl\/beautyshop\/produkt\/arma-derm-krem-do-skory-suchej-dojrzalej\/#primaryimage\",\"url\":\"https:\/\/wroniszewska.pl\/beautyshop\/wp-content\/uploads\/sites\/2\/2020\/05\/7AD-1.png\",\"contentUrl\":\"https:\/\/wroniszewska.pl\/beautyshop\/wp-content\/uploads\/sites\/2\/2020\/05\/7AD-1.png\",\"width\":600,\"height\":600},{\"@type\":\"WebPage\",\"@id\":\"https:\/\/wroniszewska.pl\/beautyshop\/produkt\/arma-derm-krem-do-skory-suchej-dojrzalej\/\",\"url\":\"https:\/\/wroniszewska.pl\/beautyshop\/produkt\/arma-derm-krem-do-skory-suchej-dojrzalej\/\",\"name\":\"Arma-Derm krem - BEAUTY SHOP Wroniszewska\",\"isPartOf\":{\"@id\":\"https:\/\/wroniszewska.pl\/beautyshop\/#website\"},\"primaryImageOfPage\":{\"@id\":\"https:\/\/wroniszewska.pl\/beautyshop\/produkt\/arma-derm-krem-do-skory-suchej-dojrzalej\/#primaryimage\"},\"datePublished\":\"2020-05-10T13:12:50+00:00\",\"dateModified\":\"2023-03-15T08:31:29+00:00\",\"breadcrumb\":{\"@id\":\"https:\/\/wroniszewska.pl\/beautyshop\/produkt\/arma-derm-krem-do-skory-suchej-dojrzalej\/#breadcrumb\"},\"inLanguage\":\"pl-PL\",\"potentialAction\":[{\"@type\":\"ReadAction\",\"target\":[\"https:\/\/wroniszewska.pl\/beautyshop\/produkt\/arma-derm-krem-do-skory-suchej-dojrzalej\/\"]}]},{\"@type\":\"BreadcrumbList\",\"@id\":\"https:\/\/wroniszewska.pl\/beautyshop\/produkt\/arma-derm-krem-do-skory-suchej-dojrzalej\/#breadcrumb\",\"itemListElement\":[{\"@type\":\"ListItem\",\"position\":1,\"name\":\"Strona g\u0142\u00f3wna\",\"item\":\"https:\/\/wroniszewska.pl\/beautyshop\/\"},{\"@type\":\"ListItem\",\"position\":2,\"name\":\"Produkty\",\"item\":\"https:\/\/wroniszewska.pl\/beautyshop\/produkty\/\"},{\"@type\":\"ListItem\",\"position\":3,\"name\":\"Arma-Derm krem\"}]}]}<\/script>\n<!-- \/ Yoast SEO plugin. -->","yoast_head_json":{"title":"Arma-Derm krem - BEAUTY SHOP Wroniszewska","robots":{"index":"index","follow":"follow","max-snippet":"max-snippet:-1","max-image-preview":"max-image-preview:large","max-video-preview":"max-video-preview:-1"},"canonical":"https:\/\/wroniszewska.pl\/beautyshop\/produkt\/arma-derm-krem-do-skory-suchej-dojrzalej\/","og_locale":"pl_PL","og_type":"article","og_title":"Arma-Derm krem - BEAUTY SHOP Wroniszewska","og_description":"Od\u017cywczy krem do suchej i dojrza\u0142ej sk\u00f3ry  50ml","og_url":"https:\/\/wroniszewska.pl\/beautyshop\/produkt\/arma-derm-krem-do-skory-suchej-dojrzalej\/","og_site_name":"BEAUTY SHOP Wroniszewska","article_modified_time":"2023-03-15T08:31:29+00:00","og_image":[{"width":600,"height":600,"url":"https:\/\/wroniszewska.pl\/beautyshop\/wp-content\/uploads\/sites\/2\/2020\/05\/7AD-1.png","type":"image\/png"}],"twitter_card":"summary_large_image","twitter_misc":{"Szacowany czas czytania":"1 minuta"},"schema":{"@context":"https:\/\/schema.org","@graph":[{"@type":"WebSite","@id":"https:\/\/wroniszewska.pl\/beautyshop\/#website","url":"https:\/\/wroniszewska.pl\/beautyshop\/","name":"BEAUTY SHOP Wroniszewska","description":"Kosmetyki profesjonalnych marek: PCA Skin, ProXN, Meder Beauty, Cell Fusion C Expert, Cell Fusion C","potentialAction":[{"@type":"SearchAction","target":{"@type":"EntryPoint","urlTemplate":"https:\/\/wroniszewska.pl\/beautyshop\/?s={search_term_string}"},"query-input":"required name=search_term_string"}],"inLanguage":"pl-PL"},{"@type":"ImageObject","inLanguage":"pl-PL","@id":"https:\/\/wroniszewska.pl\/beautyshop\/produkt\/arma-derm-krem-do-skory-suchej-dojrzalej\/#primaryimage","url":"https:\/\/wroniszewska.pl\/beautyshop\/wp-content\/uploads\/sites\/2\/2020\/05\/7AD-1.png","contentUrl":"https:\/\/wroniszewska.pl\/beautyshop\/wp-content\/uploads\/sites\/2\/2020\/05\/7AD-1.png","width":600,"height":600},{"@type":"WebPage","@id":"https:\/\/wroniszewska.pl\/beautyshop\/produkt\/arma-derm-krem-do-skory-suchej-dojrzalej\/","url":"https:\/\/wroniszewska.pl\/beautyshop\/produkt\/arma-derm-krem-do-skory-suchej-dojrzalej\/","name":"Arma-Derm krem - BEAUTY SHOP Wroniszewska","isPartOf":{"@id":"https:\/\/wroniszewska.pl\/beautyshop\/#website"},"primaryImageOfPage":{"@id":"https:\/\/wroniszewska.pl\/beautyshop\/produkt\/arma-derm-krem-do-skory-suchej-dojrzalej\/#primaryimage"},"datePublished":"2020-05-10T13:12:50+00:00","dateModified":"2023-03-15T08:31:29+00:00","breadcrumb":{"@id":"https:\/\/wroniszewska.pl\/beautyshop\/produkt\/arma-derm-krem-do-skory-suchej-dojrzalej\/#breadcrumb"},"inLanguage":"pl-PL","potentialAction":[{"@type":"ReadAction","target":["https:\/\/wroniszewska.pl\/beautyshop\/produkt\/arma-derm-krem-do-skory-suchej-dojrzalej\/"]}]},{"@type":"BreadcrumbList","@id":"https:\/\/wroniszewska.pl\/beautyshop\/produkt\/arma-derm-krem-do-skory-suchej-dojrzalej\/#breadcrumb","itemListElement":[{"@type":"ListItem","position":1,"name":"Strona g\u0142\u00f3wna","item":"https:\/\/wroniszewska.pl\/beautyshop\/"},{"@type":"ListItem","position":2,"name":"Produkty","item":"https:\/\/wroniszewska.pl\/beautyshop\/produkty\/"},{"@type":"ListItem","position":3,"name":"Arma-Derm krem"}]}]}},"_links":{"self":[{"href":"https:\/\/wroniszewska.pl\/beautyshop\/wp-json\/wp\/v2\/product\/175"}],"collection":[{"href":"https:\/\/wroniszewska.pl\/beautyshop\/wp-json\/wp\/v2\/product"}],"about":[{"href":"https:\/\/wroniszewska.pl\/beautyshop\/wp-json\/wp\/v2\/types\/product"}],"wp:featuredmedia":[{"embeddable":true,"href":"https:\/\/wroniszewska.pl\/beautyshop\/wp-json\/wp\/v2\/media\/147"}],"wp:attachment":[{"href":"https:\/\/wroniszewska.pl\/beautyshop\/wp-json\/wp\/v2\/media?parent=175"}],"wp:term":[{"taxonomy":"product_cat","embeddable":true,"href":"https:\/\/wroniszewska.pl\/beautyshop\/wp-json\/wp\/v2\/product_cat?post=175"},{"taxonomy":"product_tag","embeddable":true,"href":"https:\/\/wroniszewska.pl\/beautyshop\/wp-json\/wp\/v2\/product_tag?post=175"}],"curies":[{"name":"wp","href":"https:\/\/api.w.org\/{rel}","templated":true}]}}