{"id":173,"date":"2020-05-10T15:10:29","date_gmt":"2020-05-10T13:10:29","guid":{"rendered":"http:\/\/wroniszewska.pl\/beautyshop\/?post_type=product&#038;p=173"},"modified":"2023-03-15T09:32:03","modified_gmt":"2023-03-15T08:32:03","slug":"blepharo-light-krem","status":"publish","type":"product","link":"https:\/\/wroniszewska.pl\/beautyshop\/produkt\/blepharo-light-krem\/","title":{"rendered":"Blepharo-Light krem"},"content":{"rendered":"<p>Lekki krem pod oczy Blepharo-Light zwalcza cienie pod oczami, zmniejsza obrz\u0119ki i przywraca elastyczno\u015b\u0107 \u015bcian naczy\u0144 w\u0142osowatych. Redukuje ilo\u015b\u0107 kom\u00f3rek t\u0142uszczowych w przypadku work\u00f3w pod oczami, wzmacnia i chroni sk\u00f3r\u0119. Przywraca j\u0119drno\u015b\u0107 i spr\u0119\u017cysto\u015b\u0107, zmi\u0119kcza oraz nawil\u017ca sk\u00f3r\u0119 w okolicy oczu.<\/p>\n<p><strong>Wskazania:<\/strong> opuchlizna, cienie pod oczami, pierwsze oznaki starzenia si\u0119 sk\u00f3ry.<\/p>\n<p><strong>Spos\u00f3b u\u017cycia:<\/strong> Na\u0142o\u017cy\u0107 niewielk\u0105 ilo\u015b\u0107 \u017celu na sk\u00f3r\u0119 wok\u00f3\u0142 oczu, delikatnie wmasowa\u0107 okr\u0119\u017cnymi ruchami opuszkami palc\u00f3w, a\u017c do ca\u0142kowitego wch\u0142oni\u0119cia. 1 naci\u015bni\u0119cie pompki daje 0,3 ml preparatu. Zalecamy aplikowanie 0,3-0,6 ml jednorazowo (1-2 naci\u015bni\u0119cia pompki).<\/p>\n<p><strong>Sk\u0142adniki aktywne: <\/strong>lecytyna, escyna, kofeina, niacynamid.<\/p>\n","protected":false},"excerpt":{"rendered":"<ul>\n<li>Krem na worki i cienie pod oczami<\/li>\n<li>15 ml<\/li>\n<\/ul>\n","protected":false},"featured_media":8710,"template":"","meta":[],"product_cat":[140,141],"product_tag":[],"acf":[],"yoast_head":"<!-- This site is optimized with the Yoast SEO plugin v19.3 - https:\/\/yoast.com\/wordpress\/plugins\/seo\/ -->\n<title>Blepharo-Light krem - BEAUTY SHOP Wroniszewska<\/title>\n<meta name=\"robots\" content=\"index, follow, max-snippet:-1, max-image-preview:large, max-video-preview:-1\" \/>\n<link rel=\"canonical\" href=\"https:\/\/wroniszewska.pl\/beautyshop\/produkt\/blepharo-light-krem\/\" \/>\n<meta property=\"og:locale\" content=\"pl_PL\" \/>\n<meta property=\"og:type\" content=\"article\" \/>\n<meta property=\"og:title\" content=\"Blepharo-Light krem - BEAUTY SHOP Wroniszewska\" \/>\n<meta property=\"og:description\" content=\"Krem na worki i cienie pod oczami  15 ml\" \/>\n<meta property=\"og:url\" content=\"https:\/\/wroniszewska.pl\/beautyshop\/produkt\/blepharo-light-krem\/\" \/>\n<meta property=\"og:site_name\" content=\"BEAUTY SHOP Wroniszewska\" \/>\n<meta property=\"article:modified_time\" content=\"2023-03-15T08:32:03+00:00\" \/>\n<meta property=\"og:image\" content=\"https:\/\/wroniszewska.pl\/beautyshop\/wp-content\/uploads\/sites\/2\/2020\/05\/Blepharo-Light-krem.png\" \/>\n\t<meta property=\"og:image:width\" content=\"1040\" \/>\n\t<meta property=\"og:image:height\" content=\"1040\" \/>\n\t<meta property=\"og:image:type\" content=\"image\/png\" \/>\n<meta name=\"twitter:card\" content=\"summary_large_image\" \/>\n<meta name=\"twitter:label1\" content=\"Szacowany czas czytania\" \/>\n\t<meta name=\"twitter:data1\" content=\"1 minuta\" \/>\n<script type=\"application\/ld+json\" class=\"yoast-schema-graph\">{\"@context\":\"https:\/\/schema.org\",\"@graph\":[{\"@type\":\"WebSite\",\"@id\":\"https:\/\/wroniszewska.pl\/beautyshop\/#website\",\"url\":\"https:\/\/wroniszewska.pl\/beautyshop\/\",\"name\":\"BEAUTY SHOP Wroniszewska\",\"description\":\"Kosmetyki profesjonalnych marek: PCA Skin, ProXN, Meder Beauty, Cell Fusion C Expert, Cell Fusion C\",\"potentialAction\":[{\"@type\":\"SearchAction\",\"target\":{\"@type\":\"EntryPoint\",\"urlTemplate\":\"https:\/\/wroniszewska.pl\/beautyshop\/?s={search_term_string}\"},\"query-input\":\"required name=search_term_string\"}],\"inLanguage\":\"pl-PL\"},{\"@type\":\"ImageObject\",\"inLanguage\":\"pl-PL\",\"@id\":\"https:\/\/wroniszewska.pl\/beautyshop\/produkt\/blepharo-light-krem\/#primaryimage\",\"url\":\"https:\/\/wroniszewska.pl\/beautyshop\/wp-content\/uploads\/sites\/2\/2020\/05\/Blepharo-Light-krem.png\",\"contentUrl\":\"https:\/\/wroniszewska.pl\/beautyshop\/wp-content\/uploads\/sites\/2\/2020\/05\/Blepharo-Light-krem.png\",\"width\":1040,\"height\":1040},{\"@type\":\"WebPage\",\"@id\":\"https:\/\/wroniszewska.pl\/beautyshop\/produkt\/blepharo-light-krem\/\",\"url\":\"https:\/\/wroniszewska.pl\/beautyshop\/produkt\/blepharo-light-krem\/\",\"name\":\"Blepharo-Light krem - BEAUTY SHOP Wroniszewska\",\"isPartOf\":{\"@id\":\"https:\/\/wroniszewska.pl\/beautyshop\/#website\"},\"primaryImageOfPage\":{\"@id\":\"https:\/\/wroniszewska.pl\/beautyshop\/produkt\/blepharo-light-krem\/#primaryimage\"},\"datePublished\":\"2020-05-10T13:10:29+00:00\",\"dateModified\":\"2023-03-15T08:32:03+00:00\",\"breadcrumb\":{\"@id\":\"https:\/\/wroniszewska.pl\/beautyshop\/produkt\/blepharo-light-krem\/#breadcrumb\"},\"inLanguage\":\"pl-PL\",\"potentialAction\":[{\"@type\":\"ReadAction\",\"target\":[\"https:\/\/wroniszewska.pl\/beautyshop\/produkt\/blepharo-light-krem\/\"]}]},{\"@type\":\"BreadcrumbList\",\"@id\":\"https:\/\/wroniszewska.pl\/beautyshop\/produkt\/blepharo-light-krem\/#breadcrumb\",\"itemListElement\":[{\"@type\":\"ListItem\",\"position\":1,\"name\":\"Strona g\u0142\u00f3wna\",\"item\":\"https:\/\/wroniszewska.pl\/beautyshop\/\"},{\"@type\":\"ListItem\",\"position\":2,\"name\":\"Produkty\",\"item\":\"https:\/\/wroniszewska.pl\/beautyshop\/produkty\/\"},{\"@type\":\"ListItem\",\"position\":3,\"name\":\"Blepharo-Light krem\"}]}]}<\/script>\n<!-- \/ Yoast SEO plugin. -->","yoast_head_json":{"title":"Blepharo-Light krem - BEAUTY SHOP Wroniszewska","robots":{"index":"index","follow":"follow","max-snippet":"max-snippet:-1","max-image-preview":"max-image-preview:large","max-video-preview":"max-video-preview:-1"},"canonical":"https:\/\/wroniszewska.pl\/beautyshop\/produkt\/blepharo-light-krem\/","og_locale":"pl_PL","og_type":"article","og_title":"Blepharo-Light krem - BEAUTY SHOP Wroniszewska","og_description":"Krem na worki i cienie pod oczami  15 ml","og_url":"https:\/\/wroniszewska.pl\/beautyshop\/produkt\/blepharo-light-krem\/","og_site_name":"BEAUTY SHOP Wroniszewska","article_modified_time":"2023-03-15T08:32:03+00:00","og_image":[{"width":1040,"height":1040,"url":"https:\/\/wroniszewska.pl\/beautyshop\/wp-content\/uploads\/sites\/2\/2020\/05\/Blepharo-Light-krem.png","type":"image\/png"}],"twitter_card":"summary_large_image","twitter_misc":{"Szacowany czas czytania":"1 minuta"},"schema":{"@context":"https:\/\/schema.org","@graph":[{"@type":"WebSite","@id":"https:\/\/wroniszewska.pl\/beautyshop\/#website","url":"https:\/\/wroniszewska.pl\/beautyshop\/","name":"BEAUTY SHOP Wroniszewska","description":"Kosmetyki profesjonalnych marek: PCA Skin, ProXN, Meder Beauty, Cell Fusion C Expert, Cell Fusion C","potentialAction":[{"@type":"SearchAction","target":{"@type":"EntryPoint","urlTemplate":"https:\/\/wroniszewska.pl\/beautyshop\/?s={search_term_string}"},"query-input":"required name=search_term_string"}],"inLanguage":"pl-PL"},{"@type":"ImageObject","inLanguage":"pl-PL","@id":"https:\/\/wroniszewska.pl\/beautyshop\/produkt\/blepharo-light-krem\/#primaryimage","url":"https:\/\/wroniszewska.pl\/beautyshop\/wp-content\/uploads\/sites\/2\/2020\/05\/Blepharo-Light-krem.png","contentUrl":"https:\/\/wroniszewska.pl\/beautyshop\/wp-content\/uploads\/sites\/2\/2020\/05\/Blepharo-Light-krem.png","width":1040,"height":1040},{"@type":"WebPage","@id":"https:\/\/wroniszewska.pl\/beautyshop\/produkt\/blepharo-light-krem\/","url":"https:\/\/wroniszewska.pl\/beautyshop\/produkt\/blepharo-light-krem\/","name":"Blepharo-Light krem - BEAUTY SHOP Wroniszewska","isPartOf":{"@id":"https:\/\/wroniszewska.pl\/beautyshop\/#website"},"primaryImageOfPage":{"@id":"https:\/\/wroniszewska.pl\/beautyshop\/produkt\/blepharo-light-krem\/#primaryimage"},"datePublished":"2020-05-10T13:10:29+00:00","dateModified":"2023-03-15T08:32:03+00:00","breadcrumb":{"@id":"https:\/\/wroniszewska.pl\/beautyshop\/produkt\/blepharo-light-krem\/#breadcrumb"},"inLanguage":"pl-PL","potentialAction":[{"@type":"ReadAction","target":["https:\/\/wroniszewska.pl\/beautyshop\/produkt\/blepharo-light-krem\/"]}]},{"@type":"BreadcrumbList","@id":"https:\/\/wroniszewska.pl\/beautyshop\/produkt\/blepharo-light-krem\/#breadcrumb","itemListElement":[{"@type":"ListItem","position":1,"name":"Strona g\u0142\u00f3wna","item":"https:\/\/wroniszewska.pl\/beautyshop\/"},{"@type":"ListItem","position":2,"name":"Produkty","item":"https:\/\/wroniszewska.pl\/beautyshop\/produkty\/"},{"@type":"ListItem","position":3,"name":"Blepharo-Light krem"}]}]}},"_links":{"self":[{"href":"https:\/\/wroniszewska.pl\/beautyshop\/wp-json\/wp\/v2\/product\/173"}],"collection":[{"href":"https:\/\/wroniszewska.pl\/beautyshop\/wp-json\/wp\/v2\/product"}],"about":[{"href":"https:\/\/wroniszewska.pl\/beautyshop\/wp-json\/wp\/v2\/types\/product"}],"wp:featuredmedia":[{"embeddable":true,"href":"https:\/\/wroniszewska.pl\/beautyshop\/wp-json\/wp\/v2\/media\/8710"}],"wp:attachment":[{"href":"https:\/\/wroniszewska.pl\/beautyshop\/wp-json\/wp\/v2\/media?parent=173"}],"wp:term":[{"taxonomy":"product_cat","embeddable":true,"href":"https:\/\/wroniszewska.pl\/beautyshop\/wp-json\/wp\/v2\/product_cat?post=173"},{"taxonomy":"product_tag","embeddable":true,"href":"https:\/\/wroniszewska.pl\/beautyshop\/wp-json\/wp\/v2\/product_tag?post=173"}],"curies":[{"name":"wp","href":"https:\/\/api.w.org\/{rel}","templated":true}]}}