{"id":166,"date":"2020-05-10T15:05:23","date_gmt":"2020-05-10T13:05:23","guid":{"rendered":"http:\/\/wroniszewska.pl\/beautyshop\/?post_type=product&#038;p=166"},"modified":"2023-03-15T21:19:39","modified_gmt":"2023-03-15T20:19:39","slug":"eu-seb-maska-do-skory-problematycznej","status":"publish","type":"product","link":"https:\/\/wroniszewska.pl\/beautyshop\/produkt\/eu-seb-maska-do-skory-problematycznej\/","title":{"rendered":"Eu-Seb maska"},"content":{"rendered":"<p>Maski Eu-Seb hamuj\u0105 proces zapalny, zapewniaj\u0105 dzia\u0142anie antyseptyczne i zapobiegaj\u0105 rozwojowi patogennej flory. Reguluj\u0105 wydzielanie sebum oraz poprawiaj\u0105 syntez\u0119 kwasu hialuronowego w g\u0142\u0119bokich warstwach sk\u00f3ry. Przywracaj\u0105 sk\u00f3rze w\u0142a\u015bciwo\u015bci ochronne i zdolno\u015b\u0107 do zatrzymywania wilgoci. Sprawiaj\u0105, \u017ce sk\u00f3ra staje si\u0119 mniej wra\u017cliwa na r\u00f3\u017cne czynniki stymuluj\u0105ce, zmniejszaj\u0105 odczucie b\u00f3lu i dyskomfortu.<\/p>\n<p><strong>Wskazania:<\/strong> sk\u00f3ra t\u0142usta, sk\u00f3ra problematyczna, sk\u00f3ra tr\u0105dzikowa, \u0142agodzenie nieprzyjemnych objaw\u00f3w stanu zapalnego sk\u00f3ry.<\/p>\n<p><strong>Spos\u00f3b u\u017cycia:<\/strong> Otworzy\u0107 saszetk\u0119, ostro\u017cnie wyj\u0105\u0107 i roz\u0142o\u017cy\u0107 mask\u0119. Umie\u015bci\u0107 mask\u0119 na twarzy, upewniaj\u0105c si\u0119, \u017ce oczy, nos i usta pasuj\u0105 do odpowiednich naci\u0119\u0107 w masce. Zabezpieczy\u0107 mask\u0119, naci\u0105gaj\u0105c boczne\/skroniowe mocowania na uszy. Przeci\u0105gn\u0105\u0107 doln\u0105 po\u0142ow\u0119 maski na brod\u0119 i naci\u0105gn\u0105\u0107 drug\u0105 par\u0119 mocowa\u0144 na uszy. Pozostawi\u0107 na 20 minut, a nast\u0119pnie usun\u0105\u0107 i wyrzuci\u0107 mask\u0119. Pozosta\u0142o\u015bci hydro\u017celu wmasowa\u0107 delikatnie, a\u017c do wch\u0142oni\u0119cia. Ka\u017cda maska jest jednorazowego u\u017cycia.<\/p>\n<p><strong>Sk\u0142adniki aktywne:<\/strong> ekstrakt z aloesu barbadensis, ekstrakt z rumianku, ekstrakt z zielonej herbaty, gliceryna, glukonolakton, wyci\u0105g z mchu irlandzkiego, kwas hialuronowy, peptyd Skinasensyl<strong>\u2122.<\/strong><\/p>\n","protected":false},"excerpt":{"rendered":"<ul>\n<li>Maska normalizuj\u0105ca do sk\u00f3ry tr\u0105dzikowej i problematycznej<\/li>\n<li>5 sztuk po 30 ml<\/li>\n<\/ul>\n","protected":false},"featured_media":137,"template":"","meta":[],"product_cat":[139],"product_tag":[],"acf":[],"yoast_head":"<!-- This site is optimized with the Yoast SEO plugin v19.3 - https:\/\/yoast.com\/wordpress\/plugins\/seo\/ -->\n<title>Eu-Seb maska - BEAUTY SHOP Wroniszewska<\/title>\n<meta name=\"robots\" content=\"index, follow, max-snippet:-1, max-image-preview:large, max-video-preview:-1\" \/>\n<link rel=\"canonical\" href=\"https:\/\/wroniszewska.pl\/beautyshop\/produkt\/eu-seb-maska-do-skory-problematycznej\/\" \/>\n<meta property=\"og:locale\" content=\"pl_PL\" \/>\n<meta property=\"og:type\" content=\"article\" \/>\n<meta property=\"og:title\" content=\"Eu-Seb maska - BEAUTY SHOP Wroniszewska\" \/>\n<meta property=\"og:description\" content=\"Maska normalizuj\u0105ca do sk\u00f3ry tr\u0105dzikowej i problematycznej  5 sztuk po 30 ml\" \/>\n<meta property=\"og:url\" content=\"https:\/\/wroniszewska.pl\/beautyshop\/produkt\/eu-seb-maska-do-skory-problematycznej\/\" \/>\n<meta property=\"og:site_name\" content=\"BEAUTY SHOP Wroniszewska\" \/>\n<meta property=\"article:modified_time\" content=\"2023-03-15T20:19:39+00:00\" \/>\n<meta property=\"og:image\" content=\"https:\/\/wroniszewska.pl\/beautyshop\/wp-content\/uploads\/sites\/2\/2020\/05\/5ES.png\" \/>\n\t<meta property=\"og:image:width\" content=\"640\" \/>\n\t<meta property=\"og:image:height\" content=\"640\" \/>\n\t<meta property=\"og:image:type\" content=\"image\/png\" \/>\n<meta name=\"twitter:card\" content=\"summary_large_image\" \/>\n<meta name=\"twitter:label1\" content=\"Szacowany czas czytania\" \/>\n\t<meta name=\"twitter:data1\" content=\"1 minuta\" \/>\n<script type=\"application\/ld+json\" class=\"yoast-schema-graph\">{\"@context\":\"https:\/\/schema.org\",\"@graph\":[{\"@type\":\"WebSite\",\"@id\":\"https:\/\/wroniszewska.pl\/beautyshop\/#website\",\"url\":\"https:\/\/wroniszewska.pl\/beautyshop\/\",\"name\":\"BEAUTY SHOP Wroniszewska\",\"description\":\"Kosmetyki profesjonalnych marek: PCA Skin, ProXN, Meder Beauty, Cell Fusion C Expert, Cell Fusion C\",\"potentialAction\":[{\"@type\":\"SearchAction\",\"target\":{\"@type\":\"EntryPoint\",\"urlTemplate\":\"https:\/\/wroniszewska.pl\/beautyshop\/?s={search_term_string}\"},\"query-input\":\"required name=search_term_string\"}],\"inLanguage\":\"pl-PL\"},{\"@type\":\"ImageObject\",\"inLanguage\":\"pl-PL\",\"@id\":\"https:\/\/wroniszewska.pl\/beautyshop\/produkt\/eu-seb-maska-do-skory-problematycznej\/#primaryimage\",\"url\":\"https:\/\/wroniszewska.pl\/beautyshop\/wp-content\/uploads\/sites\/2\/2020\/05\/5ES.png\",\"contentUrl\":\"https:\/\/wroniszewska.pl\/beautyshop\/wp-content\/uploads\/sites\/2\/2020\/05\/5ES.png\",\"width\":640,\"height\":640},{\"@type\":\"WebPage\",\"@id\":\"https:\/\/wroniszewska.pl\/beautyshop\/produkt\/eu-seb-maska-do-skory-problematycznej\/\",\"url\":\"https:\/\/wroniszewska.pl\/beautyshop\/produkt\/eu-seb-maska-do-skory-problematycznej\/\",\"name\":\"Eu-Seb maska - BEAUTY SHOP Wroniszewska\",\"isPartOf\":{\"@id\":\"https:\/\/wroniszewska.pl\/beautyshop\/#website\"},\"primaryImageOfPage\":{\"@id\":\"https:\/\/wroniszewska.pl\/beautyshop\/produkt\/eu-seb-maska-do-skory-problematycznej\/#primaryimage\"},\"datePublished\":\"2020-05-10T13:05:23+00:00\",\"dateModified\":\"2023-03-15T20:19:39+00:00\",\"breadcrumb\":{\"@id\":\"https:\/\/wroniszewska.pl\/beautyshop\/produkt\/eu-seb-maska-do-skory-problematycznej\/#breadcrumb\"},\"inLanguage\":\"pl-PL\",\"potentialAction\":[{\"@type\":\"ReadAction\",\"target\":[\"https:\/\/wroniszewska.pl\/beautyshop\/produkt\/eu-seb-maska-do-skory-problematycznej\/\"]}]},{\"@type\":\"BreadcrumbList\",\"@id\":\"https:\/\/wroniszewska.pl\/beautyshop\/produkt\/eu-seb-maska-do-skory-problematycznej\/#breadcrumb\",\"itemListElement\":[{\"@type\":\"ListItem\",\"position\":1,\"name\":\"Strona g\u0142\u00f3wna\",\"item\":\"https:\/\/wroniszewska.pl\/beautyshop\/\"},{\"@type\":\"ListItem\",\"position\":2,\"name\":\"Produkty\",\"item\":\"https:\/\/wroniszewska.pl\/beautyshop\/produkty\/\"},{\"@type\":\"ListItem\",\"position\":3,\"name\":\"Eu-Seb maska\"}]}]}<\/script>\n<!-- \/ Yoast SEO plugin. -->","yoast_head_json":{"title":"Eu-Seb maska - BEAUTY SHOP Wroniszewska","robots":{"index":"index","follow":"follow","max-snippet":"max-snippet:-1","max-image-preview":"max-image-preview:large","max-video-preview":"max-video-preview:-1"},"canonical":"https:\/\/wroniszewska.pl\/beautyshop\/produkt\/eu-seb-maska-do-skory-problematycznej\/","og_locale":"pl_PL","og_type":"article","og_title":"Eu-Seb maska - BEAUTY SHOP Wroniszewska","og_description":"Maska normalizuj\u0105ca do sk\u00f3ry tr\u0105dzikowej i problematycznej  5 sztuk po 30 ml","og_url":"https:\/\/wroniszewska.pl\/beautyshop\/produkt\/eu-seb-maska-do-skory-problematycznej\/","og_site_name":"BEAUTY SHOP Wroniszewska","article_modified_time":"2023-03-15T20:19:39+00:00","og_image":[{"width":640,"height":640,"url":"https:\/\/wroniszewska.pl\/beautyshop\/wp-content\/uploads\/sites\/2\/2020\/05\/5ES.png","type":"image\/png"}],"twitter_card":"summary_large_image","twitter_misc":{"Szacowany czas czytania":"1 minuta"},"schema":{"@context":"https:\/\/schema.org","@graph":[{"@type":"WebSite","@id":"https:\/\/wroniszewska.pl\/beautyshop\/#website","url":"https:\/\/wroniszewska.pl\/beautyshop\/","name":"BEAUTY SHOP Wroniszewska","description":"Kosmetyki profesjonalnych marek: PCA Skin, ProXN, Meder Beauty, Cell Fusion C Expert, Cell Fusion C","potentialAction":[{"@type":"SearchAction","target":{"@type":"EntryPoint","urlTemplate":"https:\/\/wroniszewska.pl\/beautyshop\/?s={search_term_string}"},"query-input":"required name=search_term_string"}],"inLanguage":"pl-PL"},{"@type":"ImageObject","inLanguage":"pl-PL","@id":"https:\/\/wroniszewska.pl\/beautyshop\/produkt\/eu-seb-maska-do-skory-problematycznej\/#primaryimage","url":"https:\/\/wroniszewska.pl\/beautyshop\/wp-content\/uploads\/sites\/2\/2020\/05\/5ES.png","contentUrl":"https:\/\/wroniszewska.pl\/beautyshop\/wp-content\/uploads\/sites\/2\/2020\/05\/5ES.png","width":640,"height":640},{"@type":"WebPage","@id":"https:\/\/wroniszewska.pl\/beautyshop\/produkt\/eu-seb-maska-do-skory-problematycznej\/","url":"https:\/\/wroniszewska.pl\/beautyshop\/produkt\/eu-seb-maska-do-skory-problematycznej\/","name":"Eu-Seb maska - BEAUTY SHOP Wroniszewska","isPartOf":{"@id":"https:\/\/wroniszewska.pl\/beautyshop\/#website"},"primaryImageOfPage":{"@id":"https:\/\/wroniszewska.pl\/beautyshop\/produkt\/eu-seb-maska-do-skory-problematycznej\/#primaryimage"},"datePublished":"2020-05-10T13:05:23+00:00","dateModified":"2023-03-15T20:19:39+00:00","breadcrumb":{"@id":"https:\/\/wroniszewska.pl\/beautyshop\/produkt\/eu-seb-maska-do-skory-problematycznej\/#breadcrumb"},"inLanguage":"pl-PL","potentialAction":[{"@type":"ReadAction","target":["https:\/\/wroniszewska.pl\/beautyshop\/produkt\/eu-seb-maska-do-skory-problematycznej\/"]}]},{"@type":"BreadcrumbList","@id":"https:\/\/wroniszewska.pl\/beautyshop\/produkt\/eu-seb-maska-do-skory-problematycznej\/#breadcrumb","itemListElement":[{"@type":"ListItem","position":1,"name":"Strona g\u0142\u00f3wna","item":"https:\/\/wroniszewska.pl\/beautyshop\/"},{"@type":"ListItem","position":2,"name":"Produkty","item":"https:\/\/wroniszewska.pl\/beautyshop\/produkty\/"},{"@type":"ListItem","position":3,"name":"Eu-Seb maska"}]}]}},"_links":{"self":[{"href":"https:\/\/wroniszewska.pl\/beautyshop\/wp-json\/wp\/v2\/product\/166"}],"collection":[{"href":"https:\/\/wroniszewska.pl\/beautyshop\/wp-json\/wp\/v2\/product"}],"about":[{"href":"https:\/\/wroniszewska.pl\/beautyshop\/wp-json\/wp\/v2\/types\/product"}],"wp:featuredmedia":[{"embeddable":true,"href":"https:\/\/wroniszewska.pl\/beautyshop\/wp-json\/wp\/v2\/media\/137"}],"wp:attachment":[{"href":"https:\/\/wroniszewska.pl\/beautyshop\/wp-json\/wp\/v2\/media?parent=166"}],"wp:term":[{"taxonomy":"product_cat","embeddable":true,"href":"https:\/\/wroniszewska.pl\/beautyshop\/wp-json\/wp\/v2\/product_cat?post=166"},{"taxonomy":"product_tag","embeddable":true,"href":"https:\/\/wroniszewska.pl\/beautyshop\/wp-json\/wp\/v2\/product_tag?post=166"}],"curies":[{"name":"wp","href":"https:\/\/api.w.org\/{rel}","templated":true}]}}