{"id":165,"date":"2020-05-10T15:04:53","date_gmt":"2020-05-10T13:04:53","guid":{"rendered":"http:\/\/wroniszewska.pl\/beautyshop\/?post_type=product&#038;p=165"},"modified":"2023-03-15T09:35:07","modified_gmt":"2023-03-15T08:35:07","slug":"arma-lift-maska-odmladzajaca","status":"publish","type":"product","link":"https:\/\/wroniszewska.pl\/beautyshop\/produkt\/arma-lift-maska-odmladzajaca\/","title":{"rendered":"Arma-Lift maska"},"content":{"rendered":"<p>Maski Arma-Lift zwi\u0119kszaj\u0105 elastyczno\u015b\u0107 sk\u00f3ry, pomagaj\u0105 przywr\u00f3ci\u0107 zdrowe mikrokr\u0105\u017cenie i syntez\u0119 element\u00f3w strukturalnych: kwas hialuronowy, kolagen i elastyna. Rozja\u015bniaj\u0105 i wyr\u00f3wnuj\u0105 koloryt, nawil\u017caj\u0105 i zmi\u0119kczaj\u0105 sk\u00f3r\u0119. Przy regularnym stosowaniu maski Arma-Lift spowalniaj\u0105 procesy przedwczesnego starzenia.<\/p>\n<p><strong>Wskazania:<\/strong> sk\u00f3ra sucha, utrata elastyczno\u015bci, zmarszczki, zmiany zwi\u0105zane z wiekiem, przebarwienia, po zabiegach estetycznych.<\/p>\n<p><strong>Spos\u00f3b u\u017cycia:<\/strong> Otworzy\u0107 saszetk\u0119, ostro\u017cnie wyj\u0105\u0107 i roz\u0142o\u017cy\u0107 mask\u0119. Umie\u015bci\u0107 mask\u0119 na twarzy, upewniaj\u0105c si\u0119, \u017ce oczy, nos i usta pasuj\u0105 do odpowiednich naci\u0119\u0107 w masce. Zabezpieczy\u0107 mask\u0119, naci\u0105gaj\u0105c boczne\/skroniowe mocowania na uszy. Przeci\u0105gn\u0105\u0107 doln\u0105 po\u0142ow\u0119 maski na brod\u0119 i naci\u0105gn\u0105\u0107 drug\u0105 par\u0119 mocowa\u0144 na uszy. Pozostawi\u0107 na 20 minut, a nast\u0119pnie usun\u0105\u0107 i wyrzuci\u0107 mask\u0119. Pozosta\u0142o\u015bci hydro\u017celu wmasowa\u0107 delikatnie, a\u017c do wch\u0142oni\u0119cia. Ka\u017cda maska jest jednorazowego u\u017cycia.<\/p>\n<p><strong>Sk\u0142adniki aktywne: <\/strong>epidermalny czynnik wzrostu, arginina, pullulan, alfa-arbutyna, alantoina, peptyd Skinasenyl<strong>\u2122<\/strong>, karagen ekstrahowany z mchu irlandzkiego z Chondrus Crispus, oliwa, olej z nasion Meadowfoam, mocznik, witamina E.<\/p>\n","protected":false},"excerpt":{"rendered":"<ul>\n<li>Maska odm\u0142adzaj\u0105ca i uj\u0119drniaj\u0105ca sk\u00f3r\u0119<\/li>\n<li>5 sztuk po 30 ml<\/li>\n<\/ul>\n","protected":false},"featured_media":136,"template":"","meta":[],"product_cat":[139],"product_tag":[],"acf":[],"yoast_head":"<!-- This site is optimized with the Yoast SEO plugin v19.3 - https:\/\/yoast.com\/wordpress\/plugins\/seo\/ -->\n<title>Arma-Lift maska - BEAUTY SHOP Wroniszewska<\/title>\n<meta name=\"robots\" content=\"index, follow, max-snippet:-1, max-image-preview:large, max-video-preview:-1\" \/>\n<link rel=\"canonical\" href=\"https:\/\/wroniszewska.pl\/beautyshop\/produkt\/arma-lift-maska-odmladzajaca\/\" \/>\n<meta property=\"og:locale\" content=\"pl_PL\" \/>\n<meta property=\"og:type\" content=\"article\" \/>\n<meta property=\"og:title\" content=\"Arma-Lift maska - BEAUTY SHOP Wroniszewska\" \/>\n<meta property=\"og:description\" content=\"Maska odm\u0142adzaj\u0105ca i uj\u0119drniaj\u0105ca sk\u00f3r\u0119  5 sztuk po 30 ml\" \/>\n<meta property=\"og:url\" content=\"https:\/\/wroniszewska.pl\/beautyshop\/produkt\/arma-lift-maska-odmladzajaca\/\" \/>\n<meta property=\"og:site_name\" content=\"BEAUTY SHOP Wroniszewska\" \/>\n<meta property=\"article:modified_time\" content=\"2023-03-15T08:35:07+00:00\" \/>\n<meta property=\"og:image\" content=\"https:\/\/wroniszewska.pl\/beautyshop\/wp-content\/uploads\/sites\/2\/2020\/05\/5AL-1.png\" \/>\n\t<meta property=\"og:image:width\" content=\"640\" \/>\n\t<meta property=\"og:image:height\" content=\"640\" \/>\n\t<meta property=\"og:image:type\" content=\"image\/png\" \/>\n<meta name=\"twitter:card\" content=\"summary_large_image\" \/>\n<meta name=\"twitter:label1\" content=\"Szacowany czas czytania\" \/>\n\t<meta name=\"twitter:data1\" content=\"1 minuta\" \/>\n<script type=\"application\/ld+json\" class=\"yoast-schema-graph\">{\"@context\":\"https:\/\/schema.org\",\"@graph\":[{\"@type\":\"WebSite\",\"@id\":\"https:\/\/wroniszewska.pl\/beautyshop\/#website\",\"url\":\"https:\/\/wroniszewska.pl\/beautyshop\/\",\"name\":\"BEAUTY SHOP Wroniszewska\",\"description\":\"Kosmetyki profesjonalnych marek: PCA Skin, ProXN, Meder Beauty, Cell Fusion C Expert, Cell Fusion C\",\"potentialAction\":[{\"@type\":\"SearchAction\",\"target\":{\"@type\":\"EntryPoint\",\"urlTemplate\":\"https:\/\/wroniszewska.pl\/beautyshop\/?s={search_term_string}\"},\"query-input\":\"required name=search_term_string\"}],\"inLanguage\":\"pl-PL\"},{\"@type\":\"ImageObject\",\"inLanguage\":\"pl-PL\",\"@id\":\"https:\/\/wroniszewska.pl\/beautyshop\/produkt\/arma-lift-maska-odmladzajaca\/#primaryimage\",\"url\":\"https:\/\/wroniszewska.pl\/beautyshop\/wp-content\/uploads\/sites\/2\/2020\/05\/5AL-1.png\",\"contentUrl\":\"https:\/\/wroniszewska.pl\/beautyshop\/wp-content\/uploads\/sites\/2\/2020\/05\/5AL-1.png\",\"width\":640,\"height\":640},{\"@type\":\"WebPage\",\"@id\":\"https:\/\/wroniszewska.pl\/beautyshop\/produkt\/arma-lift-maska-odmladzajaca\/\",\"url\":\"https:\/\/wroniszewska.pl\/beautyshop\/produkt\/arma-lift-maska-odmladzajaca\/\",\"name\":\"Arma-Lift maska - BEAUTY SHOP Wroniszewska\",\"isPartOf\":{\"@id\":\"https:\/\/wroniszewska.pl\/beautyshop\/#website\"},\"primaryImageOfPage\":{\"@id\":\"https:\/\/wroniszewska.pl\/beautyshop\/produkt\/arma-lift-maska-odmladzajaca\/#primaryimage\"},\"datePublished\":\"2020-05-10T13:04:53+00:00\",\"dateModified\":\"2023-03-15T08:35:07+00:00\",\"breadcrumb\":{\"@id\":\"https:\/\/wroniszewska.pl\/beautyshop\/produkt\/arma-lift-maska-odmladzajaca\/#breadcrumb\"},\"inLanguage\":\"pl-PL\",\"potentialAction\":[{\"@type\":\"ReadAction\",\"target\":[\"https:\/\/wroniszewska.pl\/beautyshop\/produkt\/arma-lift-maska-odmladzajaca\/\"]}]},{\"@type\":\"BreadcrumbList\",\"@id\":\"https:\/\/wroniszewska.pl\/beautyshop\/produkt\/arma-lift-maska-odmladzajaca\/#breadcrumb\",\"itemListElement\":[{\"@type\":\"ListItem\",\"position\":1,\"name\":\"Strona g\u0142\u00f3wna\",\"item\":\"https:\/\/wroniszewska.pl\/beautyshop\/\"},{\"@type\":\"ListItem\",\"position\":2,\"name\":\"Produkty\",\"item\":\"https:\/\/wroniszewska.pl\/beautyshop\/produkty\/\"},{\"@type\":\"ListItem\",\"position\":3,\"name\":\"Arma-Lift maska\"}]}]}<\/script>\n<!-- \/ Yoast SEO plugin. -->","yoast_head_json":{"title":"Arma-Lift maska - BEAUTY SHOP Wroniszewska","robots":{"index":"index","follow":"follow","max-snippet":"max-snippet:-1","max-image-preview":"max-image-preview:large","max-video-preview":"max-video-preview:-1"},"canonical":"https:\/\/wroniszewska.pl\/beautyshop\/produkt\/arma-lift-maska-odmladzajaca\/","og_locale":"pl_PL","og_type":"article","og_title":"Arma-Lift maska - BEAUTY SHOP Wroniszewska","og_description":"Maska odm\u0142adzaj\u0105ca i uj\u0119drniaj\u0105ca sk\u00f3r\u0119  5 sztuk po 30 ml","og_url":"https:\/\/wroniszewska.pl\/beautyshop\/produkt\/arma-lift-maska-odmladzajaca\/","og_site_name":"BEAUTY SHOP Wroniszewska","article_modified_time":"2023-03-15T08:35:07+00:00","og_image":[{"width":640,"height":640,"url":"https:\/\/wroniszewska.pl\/beautyshop\/wp-content\/uploads\/sites\/2\/2020\/05\/5AL-1.png","type":"image\/png"}],"twitter_card":"summary_large_image","twitter_misc":{"Szacowany czas czytania":"1 minuta"},"schema":{"@context":"https:\/\/schema.org","@graph":[{"@type":"WebSite","@id":"https:\/\/wroniszewska.pl\/beautyshop\/#website","url":"https:\/\/wroniszewska.pl\/beautyshop\/","name":"BEAUTY SHOP Wroniszewska","description":"Kosmetyki profesjonalnych marek: PCA Skin, ProXN, Meder Beauty, Cell Fusion C Expert, Cell Fusion C","potentialAction":[{"@type":"SearchAction","target":{"@type":"EntryPoint","urlTemplate":"https:\/\/wroniszewska.pl\/beautyshop\/?s={search_term_string}"},"query-input":"required name=search_term_string"}],"inLanguage":"pl-PL"},{"@type":"ImageObject","inLanguage":"pl-PL","@id":"https:\/\/wroniszewska.pl\/beautyshop\/produkt\/arma-lift-maska-odmladzajaca\/#primaryimage","url":"https:\/\/wroniszewska.pl\/beautyshop\/wp-content\/uploads\/sites\/2\/2020\/05\/5AL-1.png","contentUrl":"https:\/\/wroniszewska.pl\/beautyshop\/wp-content\/uploads\/sites\/2\/2020\/05\/5AL-1.png","width":640,"height":640},{"@type":"WebPage","@id":"https:\/\/wroniszewska.pl\/beautyshop\/produkt\/arma-lift-maska-odmladzajaca\/","url":"https:\/\/wroniszewska.pl\/beautyshop\/produkt\/arma-lift-maska-odmladzajaca\/","name":"Arma-Lift maska - BEAUTY SHOP Wroniszewska","isPartOf":{"@id":"https:\/\/wroniszewska.pl\/beautyshop\/#website"},"primaryImageOfPage":{"@id":"https:\/\/wroniszewska.pl\/beautyshop\/produkt\/arma-lift-maska-odmladzajaca\/#primaryimage"},"datePublished":"2020-05-10T13:04:53+00:00","dateModified":"2023-03-15T08:35:07+00:00","breadcrumb":{"@id":"https:\/\/wroniszewska.pl\/beautyshop\/produkt\/arma-lift-maska-odmladzajaca\/#breadcrumb"},"inLanguage":"pl-PL","potentialAction":[{"@type":"ReadAction","target":["https:\/\/wroniszewska.pl\/beautyshop\/produkt\/arma-lift-maska-odmladzajaca\/"]}]},{"@type":"BreadcrumbList","@id":"https:\/\/wroniszewska.pl\/beautyshop\/produkt\/arma-lift-maska-odmladzajaca\/#breadcrumb","itemListElement":[{"@type":"ListItem","position":1,"name":"Strona g\u0142\u00f3wna","item":"https:\/\/wroniszewska.pl\/beautyshop\/"},{"@type":"ListItem","position":2,"name":"Produkty","item":"https:\/\/wroniszewska.pl\/beautyshop\/produkty\/"},{"@type":"ListItem","position":3,"name":"Arma-Lift maska"}]}]}},"_links":{"self":[{"href":"https:\/\/wroniszewska.pl\/beautyshop\/wp-json\/wp\/v2\/product\/165"}],"collection":[{"href":"https:\/\/wroniszewska.pl\/beautyshop\/wp-json\/wp\/v2\/product"}],"about":[{"href":"https:\/\/wroniszewska.pl\/beautyshop\/wp-json\/wp\/v2\/types\/product"}],"wp:featuredmedia":[{"embeddable":true,"href":"https:\/\/wroniszewska.pl\/beautyshop\/wp-json\/wp\/v2\/media\/136"}],"wp:attachment":[{"href":"https:\/\/wroniszewska.pl\/beautyshop\/wp-json\/wp\/v2\/media?parent=165"}],"wp:term":[{"taxonomy":"product_cat","embeddable":true,"href":"https:\/\/wroniszewska.pl\/beautyshop\/wp-json\/wp\/v2\/product_cat?post=165"},{"taxonomy":"product_tag","embeddable":true,"href":"https:\/\/wroniszewska.pl\/beautyshop\/wp-json\/wp\/v2\/product_tag?post=165"}],"curies":[{"name":"wp","href":"https:\/\/api.w.org\/{rel}","templated":true}]}}