{"id":164,"date":"2020-05-10T15:04:19","date_gmt":"2020-05-10T13:04:19","guid":{"rendered":"http:\/\/wroniszewska.pl\/beautyshop\/?post_type=product&#038;p=164"},"modified":"2023-03-15T09:35:20","modified_gmt":"2023-03-15T08:35:20","slug":"red-apax-koncentrat-na-rumien-i-tradzik-rozowaty","status":"publish","type":"product","link":"https:\/\/wroniszewska.pl\/beautyshop\/produkt\/red-apax-koncentrat-na-rumien-i-tradzik-rozowaty\/","title":{"rendered":"Red-Apax koncentrat"},"content":{"rendered":"<p>Koncentrat Red-Apax blokuje termoreceptory w sk\u00f3rze, redukuje zaczerwienienia i przywraca uczucie komfortu. Mo\u017ce r\u00f3wnie\u017c op\u00f3\u017ani\u0107 rozw\u00f3j mikroflory patogennej, szybko zmniejszaj\u0105c stan zapalny sk\u00f3ry. Aktywuje wzrost zdrowej mikroflory i zwi\u0119ksza r\u00f3\u017cnorodno\u015b\u0107 mikrobiomu, poprawia poziom nawil\u017cenia sk\u00f3ry, wyg\u0142adza i wzmacnia jej naturalny p\u0142aszcz ochrony.<\/p>\n<p><strong>Wskazania:<\/strong> sk\u00f3ra zaczerwieniona, uderzenia gor\u0105ca w trakcie menopauzy, sk\u00f3ra nadwra\u017cliwa, po zabiegach estetycznych, podczas farmakoterapii sk\u00f3ry z tr\u0105dzikiem r\u00f3\u017cowatym dla zachowania zdrowia i r\u00f3\u017cnorodno\u015bci mikrobiomu.<\/p>\n<p><strong>Spos\u00f3b u\u017cycia:<\/strong> Nak\u0142ada\u0107 rano i wieczorem na czyst\u0105 sk\u00f3r\u0119 twarzy, szyi i dekoltu, masowa\u0107 do wch\u0142oni\u0119cia. Podczas stosowania pe\u0142nego programu piel\u0119gnacji domowej, zawsze nak\u0142ada\u0107 koncentrat wed\u0142ug numeru na opakowaniu produktu tj. po serum. 1 naci\u015bni\u0119cie pompki daje 0,3 ml preparatu. Zalecamy aplikowanie 0,3-0,6 ml jednorazowo (1-2 naci\u015bni\u0119cia pompki).<\/p>\n<p><strong>Sk\u0142adniki aktywne:<\/strong> ekstrakt z trufli p\u00f3\u0142nocnej, BioEcolia \u00ae, lactobacillus, wyci\u0105g z polymnia sonchifolia<\/p>\n","protected":false},"excerpt":{"rendered":"<ul>\n<li>Koncentrat na rumie\u0144 i tr\u0105dzik r\u00f3\u017cowaty<\/li>\n<li>30 ml<\/li>\n<\/ul>\n","protected":false},"featured_media":135,"template":"","meta":[],"product_cat":[138],"product_tag":[],"acf":[],"yoast_head":"<!-- This site is optimized with the Yoast SEO plugin v19.3 - https:\/\/yoast.com\/wordpress\/plugins\/seo\/ -->\n<title>Red-Apax koncentrat - BEAUTY SHOP Wroniszewska<\/title>\n<meta name=\"robots\" content=\"index, follow, max-snippet:-1, max-image-preview:large, max-video-preview:-1\" \/>\n<link rel=\"canonical\" href=\"https:\/\/wroniszewska.pl\/beautyshop\/produkt\/red-apax-koncentrat-na-rumien-i-tradzik-rozowaty\/\" \/>\n<meta property=\"og:locale\" content=\"pl_PL\" \/>\n<meta property=\"og:type\" content=\"article\" \/>\n<meta property=\"og:title\" content=\"Red-Apax koncentrat - BEAUTY SHOP Wroniszewska\" \/>\n<meta property=\"og:description\" content=\"Koncentrat na rumie\u0144 i tr\u0105dzik r\u00f3\u017cowaty  30 ml\" \/>\n<meta property=\"og:url\" content=\"https:\/\/wroniszewska.pl\/beautyshop\/produkt\/red-apax-koncentrat-na-rumien-i-tradzik-rozowaty\/\" \/>\n<meta property=\"og:site_name\" content=\"BEAUTY SHOP Wroniszewska\" \/>\n<meta property=\"article:modified_time\" content=\"2023-03-15T08:35:20+00:00\" \/>\n<meta property=\"og:image\" content=\"https:\/\/wroniszewska.pl\/beautyshop\/wp-content\/uploads\/sites\/2\/2020\/05\/4RA.png\" \/>\n\t<meta property=\"og:image:width\" content=\"600\" \/>\n\t<meta property=\"og:image:height\" content=\"600\" \/>\n\t<meta property=\"og:image:type\" content=\"image\/png\" \/>\n<meta name=\"twitter:card\" content=\"summary_large_image\" \/>\n<meta name=\"twitter:label1\" content=\"Szacowany czas czytania\" \/>\n\t<meta name=\"twitter:data1\" content=\"1 minuta\" \/>\n<script type=\"application\/ld+json\" class=\"yoast-schema-graph\">{\"@context\":\"https:\/\/schema.org\",\"@graph\":[{\"@type\":\"WebSite\",\"@id\":\"https:\/\/wroniszewska.pl\/beautyshop\/#website\",\"url\":\"https:\/\/wroniszewska.pl\/beautyshop\/\",\"name\":\"BEAUTY SHOP Wroniszewska\",\"description\":\"Kosmetyki profesjonalnych marek: PCA Skin, ProXN, Meder Beauty, Cell Fusion C Expert, Cell Fusion C\",\"potentialAction\":[{\"@type\":\"SearchAction\",\"target\":{\"@type\":\"EntryPoint\",\"urlTemplate\":\"https:\/\/wroniszewska.pl\/beautyshop\/?s={search_term_string}\"},\"query-input\":\"required name=search_term_string\"}],\"inLanguage\":\"pl-PL\"},{\"@type\":\"ImageObject\",\"inLanguage\":\"pl-PL\",\"@id\":\"https:\/\/wroniszewska.pl\/beautyshop\/produkt\/red-apax-koncentrat-na-rumien-i-tradzik-rozowaty\/#primaryimage\",\"url\":\"https:\/\/wroniszewska.pl\/beautyshop\/wp-content\/uploads\/sites\/2\/2020\/05\/4RA.png\",\"contentUrl\":\"https:\/\/wroniszewska.pl\/beautyshop\/wp-content\/uploads\/sites\/2\/2020\/05\/4RA.png\",\"width\":600,\"height\":600},{\"@type\":\"WebPage\",\"@id\":\"https:\/\/wroniszewska.pl\/beautyshop\/produkt\/red-apax-koncentrat-na-rumien-i-tradzik-rozowaty\/\",\"url\":\"https:\/\/wroniszewska.pl\/beautyshop\/produkt\/red-apax-koncentrat-na-rumien-i-tradzik-rozowaty\/\",\"name\":\"Red-Apax koncentrat - BEAUTY SHOP Wroniszewska\",\"isPartOf\":{\"@id\":\"https:\/\/wroniszewska.pl\/beautyshop\/#website\"},\"primaryImageOfPage\":{\"@id\":\"https:\/\/wroniszewska.pl\/beautyshop\/produkt\/red-apax-koncentrat-na-rumien-i-tradzik-rozowaty\/#primaryimage\"},\"datePublished\":\"2020-05-10T13:04:19+00:00\",\"dateModified\":\"2023-03-15T08:35:20+00:00\",\"breadcrumb\":{\"@id\":\"https:\/\/wroniszewska.pl\/beautyshop\/produkt\/red-apax-koncentrat-na-rumien-i-tradzik-rozowaty\/#breadcrumb\"},\"inLanguage\":\"pl-PL\",\"potentialAction\":[{\"@type\":\"ReadAction\",\"target\":[\"https:\/\/wroniszewska.pl\/beautyshop\/produkt\/red-apax-koncentrat-na-rumien-i-tradzik-rozowaty\/\"]}]},{\"@type\":\"BreadcrumbList\",\"@id\":\"https:\/\/wroniszewska.pl\/beautyshop\/produkt\/red-apax-koncentrat-na-rumien-i-tradzik-rozowaty\/#breadcrumb\",\"itemListElement\":[{\"@type\":\"ListItem\",\"position\":1,\"name\":\"Strona g\u0142\u00f3wna\",\"item\":\"https:\/\/wroniszewska.pl\/beautyshop\/\"},{\"@type\":\"ListItem\",\"position\":2,\"name\":\"Produkty\",\"item\":\"https:\/\/wroniszewska.pl\/beautyshop\/produkty\/\"},{\"@type\":\"ListItem\",\"position\":3,\"name\":\"Red-Apax koncentrat\"}]}]}<\/script>\n<!-- \/ Yoast SEO plugin. -->","yoast_head_json":{"title":"Red-Apax koncentrat - BEAUTY SHOP Wroniszewska","robots":{"index":"index","follow":"follow","max-snippet":"max-snippet:-1","max-image-preview":"max-image-preview:large","max-video-preview":"max-video-preview:-1"},"canonical":"https:\/\/wroniszewska.pl\/beautyshop\/produkt\/red-apax-koncentrat-na-rumien-i-tradzik-rozowaty\/","og_locale":"pl_PL","og_type":"article","og_title":"Red-Apax koncentrat - BEAUTY SHOP Wroniszewska","og_description":"Koncentrat na rumie\u0144 i tr\u0105dzik r\u00f3\u017cowaty  30 ml","og_url":"https:\/\/wroniszewska.pl\/beautyshop\/produkt\/red-apax-koncentrat-na-rumien-i-tradzik-rozowaty\/","og_site_name":"BEAUTY SHOP Wroniszewska","article_modified_time":"2023-03-15T08:35:20+00:00","og_image":[{"width":600,"height":600,"url":"https:\/\/wroniszewska.pl\/beautyshop\/wp-content\/uploads\/sites\/2\/2020\/05\/4RA.png","type":"image\/png"}],"twitter_card":"summary_large_image","twitter_misc":{"Szacowany czas czytania":"1 minuta"},"schema":{"@context":"https:\/\/schema.org","@graph":[{"@type":"WebSite","@id":"https:\/\/wroniszewska.pl\/beautyshop\/#website","url":"https:\/\/wroniszewska.pl\/beautyshop\/","name":"BEAUTY SHOP Wroniszewska","description":"Kosmetyki profesjonalnych marek: PCA Skin, ProXN, Meder Beauty, Cell Fusion C Expert, Cell Fusion C","potentialAction":[{"@type":"SearchAction","target":{"@type":"EntryPoint","urlTemplate":"https:\/\/wroniszewska.pl\/beautyshop\/?s={search_term_string}"},"query-input":"required name=search_term_string"}],"inLanguage":"pl-PL"},{"@type":"ImageObject","inLanguage":"pl-PL","@id":"https:\/\/wroniszewska.pl\/beautyshop\/produkt\/red-apax-koncentrat-na-rumien-i-tradzik-rozowaty\/#primaryimage","url":"https:\/\/wroniszewska.pl\/beautyshop\/wp-content\/uploads\/sites\/2\/2020\/05\/4RA.png","contentUrl":"https:\/\/wroniszewska.pl\/beautyshop\/wp-content\/uploads\/sites\/2\/2020\/05\/4RA.png","width":600,"height":600},{"@type":"WebPage","@id":"https:\/\/wroniszewska.pl\/beautyshop\/produkt\/red-apax-koncentrat-na-rumien-i-tradzik-rozowaty\/","url":"https:\/\/wroniszewska.pl\/beautyshop\/produkt\/red-apax-koncentrat-na-rumien-i-tradzik-rozowaty\/","name":"Red-Apax koncentrat - BEAUTY SHOP Wroniszewska","isPartOf":{"@id":"https:\/\/wroniszewska.pl\/beautyshop\/#website"},"primaryImageOfPage":{"@id":"https:\/\/wroniszewska.pl\/beautyshop\/produkt\/red-apax-koncentrat-na-rumien-i-tradzik-rozowaty\/#primaryimage"},"datePublished":"2020-05-10T13:04:19+00:00","dateModified":"2023-03-15T08:35:20+00:00","breadcrumb":{"@id":"https:\/\/wroniszewska.pl\/beautyshop\/produkt\/red-apax-koncentrat-na-rumien-i-tradzik-rozowaty\/#breadcrumb"},"inLanguage":"pl-PL","potentialAction":[{"@type":"ReadAction","target":["https:\/\/wroniszewska.pl\/beautyshop\/produkt\/red-apax-koncentrat-na-rumien-i-tradzik-rozowaty\/"]}]},{"@type":"BreadcrumbList","@id":"https:\/\/wroniszewska.pl\/beautyshop\/produkt\/red-apax-koncentrat-na-rumien-i-tradzik-rozowaty\/#breadcrumb","itemListElement":[{"@type":"ListItem","position":1,"name":"Strona g\u0142\u00f3wna","item":"https:\/\/wroniszewska.pl\/beautyshop\/"},{"@type":"ListItem","position":2,"name":"Produkty","item":"https:\/\/wroniszewska.pl\/beautyshop\/produkty\/"},{"@type":"ListItem","position":3,"name":"Red-Apax koncentrat"}]}]}},"_links":{"self":[{"href":"https:\/\/wroniszewska.pl\/beautyshop\/wp-json\/wp\/v2\/product\/164"}],"collection":[{"href":"https:\/\/wroniszewska.pl\/beautyshop\/wp-json\/wp\/v2\/product"}],"about":[{"href":"https:\/\/wroniszewska.pl\/beautyshop\/wp-json\/wp\/v2\/types\/product"}],"wp:featuredmedia":[{"embeddable":true,"href":"https:\/\/wroniszewska.pl\/beautyshop\/wp-json\/wp\/v2\/media\/135"}],"wp:attachment":[{"href":"https:\/\/wroniszewska.pl\/beautyshop\/wp-json\/wp\/v2\/media?parent=164"}],"wp:term":[{"taxonomy":"product_cat","embeddable":true,"href":"https:\/\/wroniszewska.pl\/beautyshop\/wp-json\/wp\/v2\/product_cat?post=164"},{"taxonomy":"product_tag","embeddable":true,"href":"https:\/\/wroniszewska.pl\/beautyshop\/wp-json\/wp\/v2\/product_tag?post=164"}],"curies":[{"name":"wp","href":"https:\/\/api.w.org\/{rel}","templated":true}]}}