{"id":163,"date":"2020-05-10T15:03:46","date_gmt":"2020-05-10T13:03:46","guid":{"rendered":"http:\/\/wroniszewska.pl\/beautyshop\/?post_type=product&#038;p=163"},"modified":"2023-03-15T09:35:28","modified_gmt":"2023-03-15T08:35:28","slug":"myo-fix-koncentrat-redukujacy-zmarszczki","status":"publish","type":"product","link":"https:\/\/wroniszewska.pl\/beautyshop\/produkt\/myo-fix-koncentrat-redukujacy-zmarszczki\/","title":{"rendered":"Myo-Fix koncentrat"},"content":{"rendered":"<p>Koncentrat Myo-Fix zmniejsza ruchomo\u015b\u0107 powierzchniowych cz\u0119\u015bci mi\u0119\u015bni mimicznych, rozlu\u017ania sploty w\u0142\u00f3kien mi\u0119\u015bniowych ze sk\u00f3r\u0105. Zapewnia efekt, kt\u00f3ry pozwala zachowa\u0107 naturalny wyraz twarzy i ekspresj\u0119 (bez efektu nieruchomej maski), jednocze\u015bnie zapobiega tworzeniu si\u0119 nowych zmarszczek mimicznych, wyg\u0142adzaj\u0105c istniej\u0105ce.<\/p>\n<p><strong>Wskazania:<\/strong> Zmarszczki mimiczne na czole, w k\u0105cikach oczu (kurze \u0142apki), pionowe zmarszczki nad g\u00f3rn\u0105 warg\u0105 (zmarszczki palacza).<\/p>\n<p><strong>Spos\u00f3b u\u017cycia:<\/strong> Nak\u0142ada\u0107 rano i wieczorem na czyst\u0105 sk\u00f3r\u0119, zawsze wzd\u0142u\u017c linii zmarszczek mimicznych, masowa\u0107 a\u017c do wch\u0142oni\u0119cia. Mo\u017cna zastosowa\u0107 patyczek kosmetyczny dla \u0142atwiejszej aplikacji. Nie nak\u0142ada\u0107 na g\u00f3rne powieki! Podczas stosowania pe\u0142nego programu piel\u0119gnacji domowej, zawsze nak\u0142ada\u0107 koncentrat wed\u0142ug numeru na opakowaniu produktu tj. po serum. 1 naci\u015bni\u0119cie pompki daje 0,3 ml preparatu. Zalecamy aplikowanie 0,3-0,6 ml jednorazowo (1-2 naci\u015bni\u0119cia pompki).<\/p>\n<p>Nie nak\u0142ada\u0107 na powieki. Nie ma potrzeby nak\u0142adania koncentratu na cz\u0119\u015bci twarzy, w kt\u00f3rych zmarszczki nie s\u0105 zwi\u0105zane z aktywnym wyrazem twarzy np. ko\u015bci policzkowe, dolna jedna trzecia twarzy.<\/p>\n<p><strong>Sk\u0142adniki aktywne: p<\/strong>eptydy neuromodulacyjne, argirelina, leuphasil, syn-ake.<\/p>\n","protected":false},"excerpt":{"rendered":"<ul>\n<li>Koncentrat redukuj\u0105cy zmarszczki mimiczne<\/li>\n<li>15 ml<\/li>\n<\/ul>\n","protected":false},"featured_media":8684,"template":"","meta":[],"product_cat":[138],"product_tag":[],"acf":[],"yoast_head":"<!-- This site is optimized with the Yoast SEO plugin v19.3 - https:\/\/yoast.com\/wordpress\/plugins\/seo\/ -->\n<title>Myo-Fix koncentrat - BEAUTY SHOP Wroniszewska<\/title>\n<meta name=\"robots\" content=\"index, follow, max-snippet:-1, max-image-preview:large, max-video-preview:-1\" \/>\n<link rel=\"canonical\" href=\"https:\/\/wroniszewska.pl\/beautyshop\/produkt\/myo-fix-koncentrat-redukujacy-zmarszczki\/\" \/>\n<meta property=\"og:locale\" content=\"pl_PL\" \/>\n<meta property=\"og:type\" content=\"article\" \/>\n<meta property=\"og:title\" content=\"Myo-Fix koncentrat - BEAUTY SHOP Wroniszewska\" \/>\n<meta property=\"og:description\" content=\"Koncentrat redukuj\u0105cy zmarszczki mimiczne  15 ml\" \/>\n<meta property=\"og:url\" content=\"https:\/\/wroniszewska.pl\/beautyshop\/produkt\/myo-fix-koncentrat-redukujacy-zmarszczki\/\" \/>\n<meta property=\"og:site_name\" content=\"BEAUTY SHOP Wroniszewska\" \/>\n<meta property=\"article:modified_time\" content=\"2023-03-15T08:35:28+00:00\" \/>\n<meta property=\"og:image\" content=\"https:\/\/wroniszewska.pl\/beautyshop\/wp-content\/uploads\/sites\/2\/2020\/05\/4MF_2022.webp\" \/>\n\t<meta property=\"og:image:width\" content=\"600\" \/>\n\t<meta property=\"og:image:height\" content=\"600\" \/>\n\t<meta property=\"og:image:type\" content=\"image\/webp\" \/>\n<meta name=\"twitter:card\" content=\"summary_large_image\" \/>\n<meta name=\"twitter:label1\" content=\"Szacowany czas czytania\" \/>\n\t<meta name=\"twitter:data1\" content=\"1 minuta\" \/>\n<script type=\"application\/ld+json\" class=\"yoast-schema-graph\">{\"@context\":\"https:\/\/schema.org\",\"@graph\":[{\"@type\":\"WebSite\",\"@id\":\"https:\/\/wroniszewska.pl\/beautyshop\/#website\",\"url\":\"https:\/\/wroniszewska.pl\/beautyshop\/\",\"name\":\"BEAUTY SHOP Wroniszewska\",\"description\":\"Kosmetyki profesjonalnych marek: PCA Skin, ProXN, Meder Beauty, Cell Fusion C Expert, Cell Fusion C\",\"potentialAction\":[{\"@type\":\"SearchAction\",\"target\":{\"@type\":\"EntryPoint\",\"urlTemplate\":\"https:\/\/wroniszewska.pl\/beautyshop\/?s={search_term_string}\"},\"query-input\":\"required name=search_term_string\"}],\"inLanguage\":\"pl-PL\"},{\"@type\":\"ImageObject\",\"inLanguage\":\"pl-PL\",\"@id\":\"https:\/\/wroniszewska.pl\/beautyshop\/produkt\/myo-fix-koncentrat-redukujacy-zmarszczki\/#primaryimage\",\"url\":\"https:\/\/wroniszewska.pl\/beautyshop\/wp-content\/uploads\/sites\/2\/2020\/05\/4MF_2022.webp\",\"contentUrl\":\"https:\/\/wroniszewska.pl\/beautyshop\/wp-content\/uploads\/sites\/2\/2020\/05\/4MF_2022.webp\",\"width\":600,\"height\":600},{\"@type\":\"WebPage\",\"@id\":\"https:\/\/wroniszewska.pl\/beautyshop\/produkt\/myo-fix-koncentrat-redukujacy-zmarszczki\/\",\"url\":\"https:\/\/wroniszewska.pl\/beautyshop\/produkt\/myo-fix-koncentrat-redukujacy-zmarszczki\/\",\"name\":\"Myo-Fix koncentrat - BEAUTY SHOP Wroniszewska\",\"isPartOf\":{\"@id\":\"https:\/\/wroniszewska.pl\/beautyshop\/#website\"},\"primaryImageOfPage\":{\"@id\":\"https:\/\/wroniszewska.pl\/beautyshop\/produkt\/myo-fix-koncentrat-redukujacy-zmarszczki\/#primaryimage\"},\"datePublished\":\"2020-05-10T13:03:46+00:00\",\"dateModified\":\"2023-03-15T08:35:28+00:00\",\"breadcrumb\":{\"@id\":\"https:\/\/wroniszewska.pl\/beautyshop\/produkt\/myo-fix-koncentrat-redukujacy-zmarszczki\/#breadcrumb\"},\"inLanguage\":\"pl-PL\",\"potentialAction\":[{\"@type\":\"ReadAction\",\"target\":[\"https:\/\/wroniszewska.pl\/beautyshop\/produkt\/myo-fix-koncentrat-redukujacy-zmarszczki\/\"]}]},{\"@type\":\"BreadcrumbList\",\"@id\":\"https:\/\/wroniszewska.pl\/beautyshop\/produkt\/myo-fix-koncentrat-redukujacy-zmarszczki\/#breadcrumb\",\"itemListElement\":[{\"@type\":\"ListItem\",\"position\":1,\"name\":\"Strona g\u0142\u00f3wna\",\"item\":\"https:\/\/wroniszewska.pl\/beautyshop\/\"},{\"@type\":\"ListItem\",\"position\":2,\"name\":\"Produkty\",\"item\":\"https:\/\/wroniszewska.pl\/beautyshop\/produkty\/\"},{\"@type\":\"ListItem\",\"position\":3,\"name\":\"Myo-Fix koncentrat\"}]}]}<\/script>\n<!-- \/ Yoast SEO plugin. -->","yoast_head_json":{"title":"Myo-Fix koncentrat - BEAUTY SHOP Wroniszewska","robots":{"index":"index","follow":"follow","max-snippet":"max-snippet:-1","max-image-preview":"max-image-preview:large","max-video-preview":"max-video-preview:-1"},"canonical":"https:\/\/wroniszewska.pl\/beautyshop\/produkt\/myo-fix-koncentrat-redukujacy-zmarszczki\/","og_locale":"pl_PL","og_type":"article","og_title":"Myo-Fix koncentrat - BEAUTY SHOP Wroniszewska","og_description":"Koncentrat redukuj\u0105cy zmarszczki mimiczne  15 ml","og_url":"https:\/\/wroniszewska.pl\/beautyshop\/produkt\/myo-fix-koncentrat-redukujacy-zmarszczki\/","og_site_name":"BEAUTY SHOP Wroniszewska","article_modified_time":"2023-03-15T08:35:28+00:00","og_image":[{"width":600,"height":600,"url":"https:\/\/wroniszewska.pl\/beautyshop\/wp-content\/uploads\/sites\/2\/2020\/05\/4MF_2022.webp","type":"image\/webp"}],"twitter_card":"summary_large_image","twitter_misc":{"Szacowany czas czytania":"1 minuta"},"schema":{"@context":"https:\/\/schema.org","@graph":[{"@type":"WebSite","@id":"https:\/\/wroniszewska.pl\/beautyshop\/#website","url":"https:\/\/wroniszewska.pl\/beautyshop\/","name":"BEAUTY SHOP Wroniszewska","description":"Kosmetyki profesjonalnych marek: PCA Skin, ProXN, Meder Beauty, Cell Fusion C Expert, Cell Fusion C","potentialAction":[{"@type":"SearchAction","target":{"@type":"EntryPoint","urlTemplate":"https:\/\/wroniszewska.pl\/beautyshop\/?s={search_term_string}"},"query-input":"required name=search_term_string"}],"inLanguage":"pl-PL"},{"@type":"ImageObject","inLanguage":"pl-PL","@id":"https:\/\/wroniszewska.pl\/beautyshop\/produkt\/myo-fix-koncentrat-redukujacy-zmarszczki\/#primaryimage","url":"https:\/\/wroniszewska.pl\/beautyshop\/wp-content\/uploads\/sites\/2\/2020\/05\/4MF_2022.webp","contentUrl":"https:\/\/wroniszewska.pl\/beautyshop\/wp-content\/uploads\/sites\/2\/2020\/05\/4MF_2022.webp","width":600,"height":600},{"@type":"WebPage","@id":"https:\/\/wroniszewska.pl\/beautyshop\/produkt\/myo-fix-koncentrat-redukujacy-zmarszczki\/","url":"https:\/\/wroniszewska.pl\/beautyshop\/produkt\/myo-fix-koncentrat-redukujacy-zmarszczki\/","name":"Myo-Fix koncentrat - BEAUTY SHOP Wroniszewska","isPartOf":{"@id":"https:\/\/wroniszewska.pl\/beautyshop\/#website"},"primaryImageOfPage":{"@id":"https:\/\/wroniszewska.pl\/beautyshop\/produkt\/myo-fix-koncentrat-redukujacy-zmarszczki\/#primaryimage"},"datePublished":"2020-05-10T13:03:46+00:00","dateModified":"2023-03-15T08:35:28+00:00","breadcrumb":{"@id":"https:\/\/wroniszewska.pl\/beautyshop\/produkt\/myo-fix-koncentrat-redukujacy-zmarszczki\/#breadcrumb"},"inLanguage":"pl-PL","potentialAction":[{"@type":"ReadAction","target":["https:\/\/wroniszewska.pl\/beautyshop\/produkt\/myo-fix-koncentrat-redukujacy-zmarszczki\/"]}]},{"@type":"BreadcrumbList","@id":"https:\/\/wroniszewska.pl\/beautyshop\/produkt\/myo-fix-koncentrat-redukujacy-zmarszczki\/#breadcrumb","itemListElement":[{"@type":"ListItem","position":1,"name":"Strona g\u0142\u00f3wna","item":"https:\/\/wroniszewska.pl\/beautyshop\/"},{"@type":"ListItem","position":2,"name":"Produkty","item":"https:\/\/wroniszewska.pl\/beautyshop\/produkty\/"},{"@type":"ListItem","position":3,"name":"Myo-Fix koncentrat"}]}]}},"_links":{"self":[{"href":"https:\/\/wroniszewska.pl\/beautyshop\/wp-json\/wp\/v2\/product\/163"}],"collection":[{"href":"https:\/\/wroniszewska.pl\/beautyshop\/wp-json\/wp\/v2\/product"}],"about":[{"href":"https:\/\/wroniszewska.pl\/beautyshop\/wp-json\/wp\/v2\/types\/product"}],"wp:featuredmedia":[{"embeddable":true,"href":"https:\/\/wroniszewska.pl\/beautyshop\/wp-json\/wp\/v2\/media\/8684"}],"wp:attachment":[{"href":"https:\/\/wroniszewska.pl\/beautyshop\/wp-json\/wp\/v2\/media?parent=163"}],"wp:term":[{"taxonomy":"product_cat","embeddable":true,"href":"https:\/\/wroniszewska.pl\/beautyshop\/wp-json\/wp\/v2\/product_cat?post=163"},{"taxonomy":"product_tag","embeddable":true,"href":"https:\/\/wroniszewska.pl\/beautyshop\/wp-json\/wp\/v2\/product_tag?post=163"}],"curies":[{"name":"wp","href":"https:\/\/api.w.org\/{rel}","templated":true}]}}