{"id":162,"date":"2020-05-10T15:03:18","date_gmt":"2020-05-10T13:03:18","guid":{"rendered":"http:\/\/wroniszewska.pl\/beautyshop\/?post_type=product&#038;p=162"},"modified":"2023-06-21T20:29:33","modified_gmt":"2023-06-21T18:29:33","slug":"lipo-oval-koncentrat-na-drugi-podbrodek","status":"publish","type":"product","link":"https:\/\/wroniszewska.pl\/beautyshop\/produkt\/lipo-oval-koncentrat-na-drugi-podbrodek\/","title":{"rendered":"Lipo-Oval koncentrat"},"content":{"rendered":"<p>Koncentrat Lipo-Oval stymuluje mikrokr\u0105\u017cenie i poprawia odprowadzanie wody. Redukuje tkank\u0119 t\u0142uszczow\u0105, usprawnia kr\u0105\u017cenie krwi, u\u0142atwia drena\u017c i zmniejsza lokalne depozyty t\u0142uszczu. Dodatkowo uspokaja sk\u00f3r\u0119 i przywraca jej elastyczno\u015b\u0107, zapobiega zwiotczeniu po redukcji tkanki t\u0142uszczowej, koi i nawil\u017ca.<\/p>\n<p><strong>Wskazania:<\/strong> sk\u0142onno\u015b\u0107 do obrz\u0119k\u00f3w (limfatycznych, pourazowych i pooperacyjnych), opuchni\u0119cia pod oczami, \u201eworki pod oczami\u201d, podw\u00f3jny podbr\u00f3dek, pulchna i opuchni\u0119ta twarz.<\/p>\n<p><strong>Spos\u00f3b u\u017cycia:<\/strong> Nak\u0142ada\u0107 rano i wieczorem na czyst\u0105 sk\u00f3r\u0119 twarzy, szyi i dekoltu, masowa\u0107 do wch\u0142oni\u0119cia. Podczas stosowania pe\u0142nego programu piel\u0119gnacji domowej, zawsze nak\u0142ada\u0107 koncentrat wed\u0142ug numeru na opakowaniu produktu tj. po serum. 1 naci\u015bni\u0119cie pompki daje 0,3 ml preparatu. Zalecamy aplikowanie 0,3-0,6 ml jednorazowo (1-2 naci\u015bni\u0119cia pompki).<\/p>\n<p><strong>Sk\u0142adniki aktywne:<\/strong> Niacynamid, kompleks Slim-Excess\u00ae, peptyd Calmosensine\u2122.<\/p>\n","protected":false},"excerpt":{"rendered":"<ul>\n<li>Koncentrat wyszczuplaj\u0105cy twarz<\/li>\n<li>30 ml<\/li>\n<\/ul>\n","protected":false},"featured_media":133,"template":"","meta":[],"product_cat":[138],"product_tag":[],"acf":[],"yoast_head":"<!-- This site is optimized with the Yoast SEO plugin v19.3 - https:\/\/yoast.com\/wordpress\/plugins\/seo\/ -->\n<title>Lipo-Oval koncentrat - BEAUTY SHOP Wroniszewska<\/title>\n<meta name=\"robots\" content=\"index, follow, max-snippet:-1, max-image-preview:large, max-video-preview:-1\" \/>\n<link rel=\"canonical\" href=\"https:\/\/wroniszewska.pl\/beautyshop\/produkt\/lipo-oval-koncentrat-na-drugi-podbrodek\/\" \/>\n<meta property=\"og:locale\" content=\"pl_PL\" \/>\n<meta property=\"og:type\" content=\"article\" \/>\n<meta property=\"og:title\" content=\"Lipo-Oval koncentrat - BEAUTY SHOP Wroniszewska\" \/>\n<meta property=\"og:description\" content=\"Koncentrat wyszczuplaj\u0105cy twarz  30 ml\" \/>\n<meta property=\"og:url\" content=\"https:\/\/wroniszewska.pl\/beautyshop\/produkt\/lipo-oval-koncentrat-na-drugi-podbrodek\/\" \/>\n<meta property=\"og:site_name\" content=\"BEAUTY SHOP Wroniszewska\" \/>\n<meta property=\"article:modified_time\" content=\"2023-06-21T18:29:33+00:00\" \/>\n<meta property=\"og:image\" content=\"https:\/\/wroniszewska.pl\/beautyshop\/wp-content\/uploads\/sites\/2\/2020\/05\/4LO-1.png\" \/>\n\t<meta property=\"og:image:width\" content=\"600\" \/>\n\t<meta property=\"og:image:height\" content=\"600\" \/>\n\t<meta property=\"og:image:type\" content=\"image\/png\" \/>\n<meta name=\"twitter:card\" content=\"summary_large_image\" \/>\n<meta name=\"twitter:label1\" content=\"Szacowany czas czytania\" \/>\n\t<meta name=\"twitter:data1\" content=\"1 minuta\" \/>\n<script type=\"application\/ld+json\" class=\"yoast-schema-graph\">{\"@context\":\"https:\/\/schema.org\",\"@graph\":[{\"@type\":\"WebSite\",\"@id\":\"https:\/\/wroniszewska.pl\/beautyshop\/#website\",\"url\":\"https:\/\/wroniszewska.pl\/beautyshop\/\",\"name\":\"BEAUTY SHOP Wroniszewska\",\"description\":\"Kosmetyki profesjonalnych marek: PCA Skin, ProXN, Meder Beauty, Cell Fusion C Expert, Cell Fusion C\",\"potentialAction\":[{\"@type\":\"SearchAction\",\"target\":{\"@type\":\"EntryPoint\",\"urlTemplate\":\"https:\/\/wroniszewska.pl\/beautyshop\/?s={search_term_string}\"},\"query-input\":\"required name=search_term_string\"}],\"inLanguage\":\"pl-PL\"},{\"@type\":\"ImageObject\",\"inLanguage\":\"pl-PL\",\"@id\":\"https:\/\/wroniszewska.pl\/beautyshop\/produkt\/lipo-oval-koncentrat-na-drugi-podbrodek\/#primaryimage\",\"url\":\"https:\/\/wroniszewska.pl\/beautyshop\/wp-content\/uploads\/sites\/2\/2020\/05\/4LO-1.png\",\"contentUrl\":\"https:\/\/wroniszewska.pl\/beautyshop\/wp-content\/uploads\/sites\/2\/2020\/05\/4LO-1.png\",\"width\":600,\"height\":600},{\"@type\":\"WebPage\",\"@id\":\"https:\/\/wroniszewska.pl\/beautyshop\/produkt\/lipo-oval-koncentrat-na-drugi-podbrodek\/\",\"url\":\"https:\/\/wroniszewska.pl\/beautyshop\/produkt\/lipo-oval-koncentrat-na-drugi-podbrodek\/\",\"name\":\"Lipo-Oval koncentrat - BEAUTY SHOP Wroniszewska\",\"isPartOf\":{\"@id\":\"https:\/\/wroniszewska.pl\/beautyshop\/#website\"},\"primaryImageOfPage\":{\"@id\":\"https:\/\/wroniszewska.pl\/beautyshop\/produkt\/lipo-oval-koncentrat-na-drugi-podbrodek\/#primaryimage\"},\"datePublished\":\"2020-05-10T13:03:18+00:00\",\"dateModified\":\"2023-06-21T18:29:33+00:00\",\"breadcrumb\":{\"@id\":\"https:\/\/wroniszewska.pl\/beautyshop\/produkt\/lipo-oval-koncentrat-na-drugi-podbrodek\/#breadcrumb\"},\"inLanguage\":\"pl-PL\",\"potentialAction\":[{\"@type\":\"ReadAction\",\"target\":[\"https:\/\/wroniszewska.pl\/beautyshop\/produkt\/lipo-oval-koncentrat-na-drugi-podbrodek\/\"]}]},{\"@type\":\"BreadcrumbList\",\"@id\":\"https:\/\/wroniszewska.pl\/beautyshop\/produkt\/lipo-oval-koncentrat-na-drugi-podbrodek\/#breadcrumb\",\"itemListElement\":[{\"@type\":\"ListItem\",\"position\":1,\"name\":\"Strona g\u0142\u00f3wna\",\"item\":\"https:\/\/wroniszewska.pl\/beautyshop\/\"},{\"@type\":\"ListItem\",\"position\":2,\"name\":\"Produkty\",\"item\":\"https:\/\/wroniszewska.pl\/beautyshop\/produkty\/\"},{\"@type\":\"ListItem\",\"position\":3,\"name\":\"Lipo-Oval koncentrat\"}]}]}<\/script>\n<!-- \/ Yoast SEO plugin. -->","yoast_head_json":{"title":"Lipo-Oval koncentrat - BEAUTY SHOP Wroniszewska","robots":{"index":"index","follow":"follow","max-snippet":"max-snippet:-1","max-image-preview":"max-image-preview:large","max-video-preview":"max-video-preview:-1"},"canonical":"https:\/\/wroniszewska.pl\/beautyshop\/produkt\/lipo-oval-koncentrat-na-drugi-podbrodek\/","og_locale":"pl_PL","og_type":"article","og_title":"Lipo-Oval koncentrat - BEAUTY SHOP Wroniszewska","og_description":"Koncentrat wyszczuplaj\u0105cy twarz  30 ml","og_url":"https:\/\/wroniszewska.pl\/beautyshop\/produkt\/lipo-oval-koncentrat-na-drugi-podbrodek\/","og_site_name":"BEAUTY SHOP Wroniszewska","article_modified_time":"2023-06-21T18:29:33+00:00","og_image":[{"width":600,"height":600,"url":"https:\/\/wroniszewska.pl\/beautyshop\/wp-content\/uploads\/sites\/2\/2020\/05\/4LO-1.png","type":"image\/png"}],"twitter_card":"summary_large_image","twitter_misc":{"Szacowany czas czytania":"1 minuta"},"schema":{"@context":"https:\/\/schema.org","@graph":[{"@type":"WebSite","@id":"https:\/\/wroniszewska.pl\/beautyshop\/#website","url":"https:\/\/wroniszewska.pl\/beautyshop\/","name":"BEAUTY SHOP Wroniszewska","description":"Kosmetyki profesjonalnych marek: PCA Skin, ProXN, Meder Beauty, Cell Fusion C Expert, Cell Fusion C","potentialAction":[{"@type":"SearchAction","target":{"@type":"EntryPoint","urlTemplate":"https:\/\/wroniszewska.pl\/beautyshop\/?s={search_term_string}"},"query-input":"required name=search_term_string"}],"inLanguage":"pl-PL"},{"@type":"ImageObject","inLanguage":"pl-PL","@id":"https:\/\/wroniszewska.pl\/beautyshop\/produkt\/lipo-oval-koncentrat-na-drugi-podbrodek\/#primaryimage","url":"https:\/\/wroniszewska.pl\/beautyshop\/wp-content\/uploads\/sites\/2\/2020\/05\/4LO-1.png","contentUrl":"https:\/\/wroniszewska.pl\/beautyshop\/wp-content\/uploads\/sites\/2\/2020\/05\/4LO-1.png","width":600,"height":600},{"@type":"WebPage","@id":"https:\/\/wroniszewska.pl\/beautyshop\/produkt\/lipo-oval-koncentrat-na-drugi-podbrodek\/","url":"https:\/\/wroniszewska.pl\/beautyshop\/produkt\/lipo-oval-koncentrat-na-drugi-podbrodek\/","name":"Lipo-Oval koncentrat - BEAUTY SHOP Wroniszewska","isPartOf":{"@id":"https:\/\/wroniszewska.pl\/beautyshop\/#website"},"primaryImageOfPage":{"@id":"https:\/\/wroniszewska.pl\/beautyshop\/produkt\/lipo-oval-koncentrat-na-drugi-podbrodek\/#primaryimage"},"datePublished":"2020-05-10T13:03:18+00:00","dateModified":"2023-06-21T18:29:33+00:00","breadcrumb":{"@id":"https:\/\/wroniszewska.pl\/beautyshop\/produkt\/lipo-oval-koncentrat-na-drugi-podbrodek\/#breadcrumb"},"inLanguage":"pl-PL","potentialAction":[{"@type":"ReadAction","target":["https:\/\/wroniszewska.pl\/beautyshop\/produkt\/lipo-oval-koncentrat-na-drugi-podbrodek\/"]}]},{"@type":"BreadcrumbList","@id":"https:\/\/wroniszewska.pl\/beautyshop\/produkt\/lipo-oval-koncentrat-na-drugi-podbrodek\/#breadcrumb","itemListElement":[{"@type":"ListItem","position":1,"name":"Strona g\u0142\u00f3wna","item":"https:\/\/wroniszewska.pl\/beautyshop\/"},{"@type":"ListItem","position":2,"name":"Produkty","item":"https:\/\/wroniszewska.pl\/beautyshop\/produkty\/"},{"@type":"ListItem","position":3,"name":"Lipo-Oval koncentrat"}]}]}},"_links":{"self":[{"href":"https:\/\/wroniszewska.pl\/beautyshop\/wp-json\/wp\/v2\/product\/162"}],"collection":[{"href":"https:\/\/wroniszewska.pl\/beautyshop\/wp-json\/wp\/v2\/product"}],"about":[{"href":"https:\/\/wroniszewska.pl\/beautyshop\/wp-json\/wp\/v2\/types\/product"}],"wp:featuredmedia":[{"embeddable":true,"href":"https:\/\/wroniszewska.pl\/beautyshop\/wp-json\/wp\/v2\/media\/133"}],"wp:attachment":[{"href":"https:\/\/wroniszewska.pl\/beautyshop\/wp-json\/wp\/v2\/media?parent=162"}],"wp:term":[{"taxonomy":"product_cat","embeddable":true,"href":"https:\/\/wroniszewska.pl\/beautyshop\/wp-json\/wp\/v2\/product_cat?post=162"},{"taxonomy":"product_tag","embeddable":true,"href":"https:\/\/wroniszewska.pl\/beautyshop\/wp-json\/wp\/v2\/product_tag?post=162"}],"curies":[{"name":"wp","href":"https:\/\/api.w.org\/{rel}","templated":true}]}}