{"id":161,"date":"2020-05-10T15:01:59","date_gmt":"2020-05-10T13:01:59","guid":{"rendered":"http:\/\/wroniszewska.pl\/beautyshop\/?post_type=product&#038;p=161"},"modified":"2023-03-15T09:28:43","modified_gmt":"2023-03-15T08:28:43","slug":"hydra-fill-koncentrat-nawilzajacy-z-efektem-photoshop","status":"publish","type":"product","link":"https:\/\/wroniszewska.pl\/beautyshop\/produkt\/hydra-fill-koncentrat-nawilzajacy-z-efektem-photoshop\/","title":{"rendered":"Hydra-Fill koncentrat"},"content":{"rendered":"<p>Koncentrat Hydra-Fill natychmiast nawil\u017ca, koi i wyg\u0142adza sk\u00f3r\u0119, jednocze\u015bnie pomaga wzmocni\u0107 syntez\u0119 kwasu hialuronowego w g\u0142\u0119bokich warstwach sk\u00f3ry. Po kilku tygodniach stosowania sk\u00f3ra wygl\u0105da na j\u0119drniejsz\u0105 i bardziej elastyczn\u0105, a zmarszczki staj\u0105 si\u0119 mniej widoczne.<\/p>\n<p><strong>Wskazania:<\/strong> sk\u00f3ra sucha, utrata elastyczno\u015bci i spr\u0119\u017cysto\u015bci, zwi\u0119kszona wra\u017cliwo\u015b\u0107, podra\u017cnienia.<\/p>\n<p><strong>Spos\u00f3b u\u017cycia:<\/strong> Nak\u0142ada\u0107 rano i wieczorem na czyst\u0105 sk\u00f3r\u0119 twarzy, szyi i dekoltu, masowa\u0107 do wch\u0142oni\u0119cia. Podczas stosowania pe\u0142nego programu piel\u0119gnacji domowej, zawsze nak\u0142ada\u0107 koncentrat wed\u0142ug numeru na opakowaniu produktu tj. po serum. 1 naci\u015bni\u0119cie pompki daje 0,3 ml preparatu. Zalecamy aplikowanie 0,3-0,6 ml jednorazowo (1-2 naci\u015bni\u0119cia pompki).<\/p>\n<p><strong>Sk\u0142adniki aktywne:<\/strong> gliceryna, kwas hialuronowy, ekstrakt z nasion tamaryndowca indyjskiego.<\/p>\n","protected":false},"excerpt":{"rendered":"<ul>\n<li>Koncentrat nawil\u017caj\u0105cy i wype\u0142niaj\u0105cy sk\u00f3r\u0119<\/li>\n<li>30 ml<\/li>\n<\/ul>\n","protected":false},"featured_media":132,"template":"","meta":[],"product_cat":[138],"product_tag":[],"acf":[],"yoast_head":"<!-- This site is optimized with the Yoast SEO plugin v19.3 - https:\/\/yoast.com\/wordpress\/plugins\/seo\/ -->\n<title>Hydra-Fill koncentrat - BEAUTY SHOP Wroniszewska<\/title>\n<meta name=\"robots\" content=\"index, follow, max-snippet:-1, max-image-preview:large, max-video-preview:-1\" \/>\n<link rel=\"canonical\" href=\"https:\/\/wroniszewska.pl\/beautyshop\/produkt\/hydra-fill-koncentrat-nawilzajacy-z-efektem-photoshop\/\" \/>\n<meta property=\"og:locale\" content=\"pl_PL\" \/>\n<meta property=\"og:type\" content=\"article\" \/>\n<meta property=\"og:title\" content=\"Hydra-Fill koncentrat - BEAUTY SHOP Wroniszewska\" \/>\n<meta property=\"og:description\" content=\"Koncentrat nawil\u017caj\u0105cy i wype\u0142niaj\u0105cy sk\u00f3r\u0119  30 ml\" \/>\n<meta property=\"og:url\" content=\"https:\/\/wroniszewska.pl\/beautyshop\/produkt\/hydra-fill-koncentrat-nawilzajacy-z-efektem-photoshop\/\" \/>\n<meta property=\"og:site_name\" content=\"BEAUTY SHOP Wroniszewska\" \/>\n<meta property=\"article:modified_time\" content=\"2023-03-15T08:28:43+00:00\" \/>\n<meta property=\"og:image\" content=\"https:\/\/wroniszewska.pl\/beautyshop\/wp-content\/uploads\/sites\/2\/2020\/05\/4HF-1.png\" \/>\n\t<meta property=\"og:image:width\" content=\"600\" \/>\n\t<meta property=\"og:image:height\" content=\"600\" \/>\n\t<meta property=\"og:image:type\" content=\"image\/png\" \/>\n<meta name=\"twitter:card\" content=\"summary_large_image\" \/>\n<meta name=\"twitter:label1\" content=\"Szacowany czas czytania\" \/>\n\t<meta name=\"twitter:data1\" content=\"1 minuta\" \/>\n<script type=\"application\/ld+json\" class=\"yoast-schema-graph\">{\"@context\":\"https:\/\/schema.org\",\"@graph\":[{\"@type\":\"WebSite\",\"@id\":\"https:\/\/wroniszewska.pl\/beautyshop\/#website\",\"url\":\"https:\/\/wroniszewska.pl\/beautyshop\/\",\"name\":\"BEAUTY SHOP Wroniszewska\",\"description\":\"Kosmetyki profesjonalnych marek: PCA Skin, ProXN, Meder Beauty, Cell Fusion C Expert, Cell Fusion C\",\"potentialAction\":[{\"@type\":\"SearchAction\",\"target\":{\"@type\":\"EntryPoint\",\"urlTemplate\":\"https:\/\/wroniszewska.pl\/beautyshop\/?s={search_term_string}\"},\"query-input\":\"required name=search_term_string\"}],\"inLanguage\":\"pl-PL\"},{\"@type\":\"ImageObject\",\"inLanguage\":\"pl-PL\",\"@id\":\"https:\/\/wroniszewska.pl\/beautyshop\/produkt\/hydra-fill-koncentrat-nawilzajacy-z-efektem-photoshop\/#primaryimage\",\"url\":\"https:\/\/wroniszewska.pl\/beautyshop\/wp-content\/uploads\/sites\/2\/2020\/05\/4HF-1.png\",\"contentUrl\":\"https:\/\/wroniszewska.pl\/beautyshop\/wp-content\/uploads\/sites\/2\/2020\/05\/4HF-1.png\",\"width\":600,\"height\":600},{\"@type\":\"WebPage\",\"@id\":\"https:\/\/wroniszewska.pl\/beautyshop\/produkt\/hydra-fill-koncentrat-nawilzajacy-z-efektem-photoshop\/\",\"url\":\"https:\/\/wroniszewska.pl\/beautyshop\/produkt\/hydra-fill-koncentrat-nawilzajacy-z-efektem-photoshop\/\",\"name\":\"Hydra-Fill koncentrat - BEAUTY SHOP Wroniszewska\",\"isPartOf\":{\"@id\":\"https:\/\/wroniszewska.pl\/beautyshop\/#website\"},\"primaryImageOfPage\":{\"@id\":\"https:\/\/wroniszewska.pl\/beautyshop\/produkt\/hydra-fill-koncentrat-nawilzajacy-z-efektem-photoshop\/#primaryimage\"},\"datePublished\":\"2020-05-10T13:01:59+00:00\",\"dateModified\":\"2023-03-15T08:28:43+00:00\",\"breadcrumb\":{\"@id\":\"https:\/\/wroniszewska.pl\/beautyshop\/produkt\/hydra-fill-koncentrat-nawilzajacy-z-efektem-photoshop\/#breadcrumb\"},\"inLanguage\":\"pl-PL\",\"potentialAction\":[{\"@type\":\"ReadAction\",\"target\":[\"https:\/\/wroniszewska.pl\/beautyshop\/produkt\/hydra-fill-koncentrat-nawilzajacy-z-efektem-photoshop\/\"]}]},{\"@type\":\"BreadcrumbList\",\"@id\":\"https:\/\/wroniszewska.pl\/beautyshop\/produkt\/hydra-fill-koncentrat-nawilzajacy-z-efektem-photoshop\/#breadcrumb\",\"itemListElement\":[{\"@type\":\"ListItem\",\"position\":1,\"name\":\"Strona g\u0142\u00f3wna\",\"item\":\"https:\/\/wroniszewska.pl\/beautyshop\/\"},{\"@type\":\"ListItem\",\"position\":2,\"name\":\"Produkty\",\"item\":\"https:\/\/wroniszewska.pl\/beautyshop\/produkty\/\"},{\"@type\":\"ListItem\",\"position\":3,\"name\":\"Hydra-Fill koncentrat\"}]}]}<\/script>\n<!-- \/ Yoast SEO plugin. -->","yoast_head_json":{"title":"Hydra-Fill koncentrat - BEAUTY SHOP Wroniszewska","robots":{"index":"index","follow":"follow","max-snippet":"max-snippet:-1","max-image-preview":"max-image-preview:large","max-video-preview":"max-video-preview:-1"},"canonical":"https:\/\/wroniszewska.pl\/beautyshop\/produkt\/hydra-fill-koncentrat-nawilzajacy-z-efektem-photoshop\/","og_locale":"pl_PL","og_type":"article","og_title":"Hydra-Fill koncentrat - BEAUTY SHOP Wroniszewska","og_description":"Koncentrat nawil\u017caj\u0105cy i wype\u0142niaj\u0105cy sk\u00f3r\u0119  30 ml","og_url":"https:\/\/wroniszewska.pl\/beautyshop\/produkt\/hydra-fill-koncentrat-nawilzajacy-z-efektem-photoshop\/","og_site_name":"BEAUTY SHOP Wroniszewska","article_modified_time":"2023-03-15T08:28:43+00:00","og_image":[{"width":600,"height":600,"url":"https:\/\/wroniszewska.pl\/beautyshop\/wp-content\/uploads\/sites\/2\/2020\/05\/4HF-1.png","type":"image\/png"}],"twitter_card":"summary_large_image","twitter_misc":{"Szacowany czas czytania":"1 minuta"},"schema":{"@context":"https:\/\/schema.org","@graph":[{"@type":"WebSite","@id":"https:\/\/wroniszewska.pl\/beautyshop\/#website","url":"https:\/\/wroniszewska.pl\/beautyshop\/","name":"BEAUTY SHOP Wroniszewska","description":"Kosmetyki profesjonalnych marek: PCA Skin, ProXN, Meder Beauty, Cell Fusion C Expert, Cell Fusion C","potentialAction":[{"@type":"SearchAction","target":{"@type":"EntryPoint","urlTemplate":"https:\/\/wroniszewska.pl\/beautyshop\/?s={search_term_string}"},"query-input":"required name=search_term_string"}],"inLanguage":"pl-PL"},{"@type":"ImageObject","inLanguage":"pl-PL","@id":"https:\/\/wroniszewska.pl\/beautyshop\/produkt\/hydra-fill-koncentrat-nawilzajacy-z-efektem-photoshop\/#primaryimage","url":"https:\/\/wroniszewska.pl\/beautyshop\/wp-content\/uploads\/sites\/2\/2020\/05\/4HF-1.png","contentUrl":"https:\/\/wroniszewska.pl\/beautyshop\/wp-content\/uploads\/sites\/2\/2020\/05\/4HF-1.png","width":600,"height":600},{"@type":"WebPage","@id":"https:\/\/wroniszewska.pl\/beautyshop\/produkt\/hydra-fill-koncentrat-nawilzajacy-z-efektem-photoshop\/","url":"https:\/\/wroniszewska.pl\/beautyshop\/produkt\/hydra-fill-koncentrat-nawilzajacy-z-efektem-photoshop\/","name":"Hydra-Fill koncentrat - BEAUTY SHOP Wroniszewska","isPartOf":{"@id":"https:\/\/wroniszewska.pl\/beautyshop\/#website"},"primaryImageOfPage":{"@id":"https:\/\/wroniszewska.pl\/beautyshop\/produkt\/hydra-fill-koncentrat-nawilzajacy-z-efektem-photoshop\/#primaryimage"},"datePublished":"2020-05-10T13:01:59+00:00","dateModified":"2023-03-15T08:28:43+00:00","breadcrumb":{"@id":"https:\/\/wroniszewska.pl\/beautyshop\/produkt\/hydra-fill-koncentrat-nawilzajacy-z-efektem-photoshop\/#breadcrumb"},"inLanguage":"pl-PL","potentialAction":[{"@type":"ReadAction","target":["https:\/\/wroniszewska.pl\/beautyshop\/produkt\/hydra-fill-koncentrat-nawilzajacy-z-efektem-photoshop\/"]}]},{"@type":"BreadcrumbList","@id":"https:\/\/wroniszewska.pl\/beautyshop\/produkt\/hydra-fill-koncentrat-nawilzajacy-z-efektem-photoshop\/#breadcrumb","itemListElement":[{"@type":"ListItem","position":1,"name":"Strona g\u0142\u00f3wna","item":"https:\/\/wroniszewska.pl\/beautyshop\/"},{"@type":"ListItem","position":2,"name":"Produkty","item":"https:\/\/wroniszewska.pl\/beautyshop\/produkty\/"},{"@type":"ListItem","position":3,"name":"Hydra-Fill koncentrat"}]}]}},"_links":{"self":[{"href":"https:\/\/wroniszewska.pl\/beautyshop\/wp-json\/wp\/v2\/product\/161"}],"collection":[{"href":"https:\/\/wroniszewska.pl\/beautyshop\/wp-json\/wp\/v2\/product"}],"about":[{"href":"https:\/\/wroniszewska.pl\/beautyshop\/wp-json\/wp\/v2\/types\/product"}],"wp:featuredmedia":[{"embeddable":true,"href":"https:\/\/wroniszewska.pl\/beautyshop\/wp-json\/wp\/v2\/media\/132"}],"wp:attachment":[{"href":"https:\/\/wroniszewska.pl\/beautyshop\/wp-json\/wp\/v2\/media?parent=161"}],"wp:term":[{"taxonomy":"product_cat","embeddable":true,"href":"https:\/\/wroniszewska.pl\/beautyshop\/wp-json\/wp\/v2\/product_cat?post=161"},{"taxonomy":"product_tag","embeddable":true,"href":"https:\/\/wroniszewska.pl\/beautyshop\/wp-json\/wp\/v2\/product_tag?post=161"}],"curies":[{"name":"wp","href":"https:\/\/api.w.org\/{rel}","templated":true}]}}