{"id":160,"date":"2021-05-10T15:01:13","date_gmt":"2021-05-10T13:01:13","guid":{"rendered":"http:\/\/wroniszewska.pl\/beautyshop\/?post_type=product&#038;p=160"},"modified":"2023-03-15T09:38:26","modified_gmt":"2023-03-15T08:38:26","slug":"eu-seb-koncentrat-do-skory-problematycznej-z-prebiotykiem","status":"publish","type":"product","link":"https:\/\/wroniszewska.pl\/beautyshop\/produkt\/eu-seb-koncentrat-do-skory-problematycznej-z-prebiotykiem\/","title":{"rendered":"Eu-Seb koncentrat"},"content":{"rendered":"<p>Koncentrat Eu-Seb hamuje rozw\u00f3j patogennej i niepo\u017c\u0105danej mikroflory, w tym Propionibacterium Acnes, szybko t\u0142umi stan zapalny i normalizuje sk\u00f3r\u0119. Aktywuj\u0105c wzrost zdrowej mikroflory zwi\u0119ksza r\u00f3\u017cnorodno\u015b\u0107 mikrobiomu, poprawia poziom nawil\u017cenia, wyg\u0142adza i wyr\u00f3wnuje koloryt sk\u00f3ry.<\/p>\n<p><strong>Wskazania:<\/strong> sk\u00f3ra problematyczna, sk\u00f3ra tr\u0105dzikowa, nawracaj\u0105ce stany zapalenie sk\u00f3ry\/dermatozy. Mo\u017cna stosowa\u0107 podczas og\u00f3lnoustrojowej terapii tr\u0105dziku (z Roaccutan, Izotek itp.), aby zachowa\u0107 zdrowie i r\u00f3\u017cnorodno\u015b\u0107 mikrobiomu sk\u00f3ry.<\/p>\n<p>UWAGA: Nie zalecamy jednoczesnego stosowania koncentratu Eu-Seb z alfa-hydroksykwasami i\/lub retinolem. W przypadkach, gdy w pierwszej fazie terapii istnieje konieczno\u015b\u0107 u\u017cycia peeling\u00f3w chemicznych, zalecamy stosowanie koncentratu Eu-Seb jako leczenia wspomagaj\u0105cego, kt\u00f3rego celem jest zmniejszenie dzia\u0142a\u0144 niepo\u017c\u0105danych (takich jak sucho\u015b\u0107 i podra\u017cnienie).<\/p>\n<p><strong>Spos\u00f3b u\u017cycia:<\/strong> Nak\u0142ada\u0107 rano i wieczorem na czyst\u0105 sk\u00f3r\u0119 twarzy, szyi i dekoltu, masowa\u0107 do wch\u0142oni\u0119cia. Podczas stosowania pe\u0142nego programu piel\u0119gnacji domowej, zawsze nak\u0142ada\u0107 koncentrat wed\u0142ug numeru na opakowaniu produktu tj. po serum. 1 naci\u015bni\u0119cie pompki daje 0,3 ml preparatu. Zalecamy aplikowanie 0,3-0,6 ml jednorazowo (1-2 naci\u015bni\u0119cia pompki).<\/p>\n<p><strong>Sk\u0142adniki aktywne:<\/strong> BioEcolia \u00ae.<\/p>\n","protected":false},"excerpt":{"rendered":"<ul>\n<li>Koncentrat do sk\u00f3ry t\u0142ustej i problematycznej<\/li>\n<li>30 ml<\/li>\n<\/ul>\n","protected":false},"featured_media":131,"template":"","meta":[],"product_cat":[138],"product_tag":[],"acf":[],"yoast_head":"<!-- This site is optimized with the Yoast SEO plugin v19.3 - https:\/\/yoast.com\/wordpress\/plugins\/seo\/ -->\n<title>Eu-Seb koncentrat - BEAUTY SHOP Wroniszewska<\/title>\n<meta name=\"robots\" content=\"index, follow, max-snippet:-1, max-image-preview:large, max-video-preview:-1\" \/>\n<link rel=\"canonical\" href=\"https:\/\/wroniszewska.pl\/beautyshop\/produkt\/eu-seb-koncentrat-do-skory-problematycznej-z-prebiotykiem\/\" \/>\n<meta property=\"og:locale\" content=\"pl_PL\" \/>\n<meta property=\"og:type\" content=\"article\" \/>\n<meta property=\"og:title\" content=\"Eu-Seb koncentrat - BEAUTY SHOP Wroniszewska\" \/>\n<meta property=\"og:description\" content=\"Koncentrat do sk\u00f3ry t\u0142ustej i problematycznej  30 ml\" \/>\n<meta property=\"og:url\" content=\"https:\/\/wroniszewska.pl\/beautyshop\/produkt\/eu-seb-koncentrat-do-skory-problematycznej-z-prebiotykiem\/\" \/>\n<meta property=\"og:site_name\" content=\"BEAUTY SHOP Wroniszewska\" \/>\n<meta property=\"article:modified_time\" content=\"2023-03-15T08:38:26+00:00\" \/>\n<meta property=\"og:image\" content=\"https:\/\/wroniszewska.pl\/beautyshop\/wp-content\/uploads\/sites\/2\/2020\/05\/4ES-1-1.png\" \/>\n\t<meta property=\"og:image:width\" content=\"600\" \/>\n\t<meta property=\"og:image:height\" content=\"600\" \/>\n\t<meta property=\"og:image:type\" content=\"image\/png\" \/>\n<meta name=\"twitter:card\" content=\"summary_large_image\" \/>\n<meta name=\"twitter:label1\" content=\"Szacowany czas czytania\" \/>\n\t<meta name=\"twitter:data1\" content=\"1 minuta\" \/>\n<script type=\"application\/ld+json\" class=\"yoast-schema-graph\">{\"@context\":\"https:\/\/schema.org\",\"@graph\":[{\"@type\":\"WebSite\",\"@id\":\"https:\/\/wroniszewska.pl\/beautyshop\/#website\",\"url\":\"https:\/\/wroniszewska.pl\/beautyshop\/\",\"name\":\"BEAUTY SHOP Wroniszewska\",\"description\":\"Kosmetyki profesjonalnych marek: PCA Skin, ProXN, Meder Beauty, Cell Fusion C Expert, Cell Fusion C\",\"potentialAction\":[{\"@type\":\"SearchAction\",\"target\":{\"@type\":\"EntryPoint\",\"urlTemplate\":\"https:\/\/wroniszewska.pl\/beautyshop\/?s={search_term_string}\"},\"query-input\":\"required name=search_term_string\"}],\"inLanguage\":\"pl-PL\"},{\"@type\":\"ImageObject\",\"inLanguage\":\"pl-PL\",\"@id\":\"https:\/\/wroniszewska.pl\/beautyshop\/produkt\/eu-seb-koncentrat-do-skory-problematycznej-z-prebiotykiem\/#primaryimage\",\"url\":\"https:\/\/wroniszewska.pl\/beautyshop\/wp-content\/uploads\/sites\/2\/2020\/05\/4ES-1-1.png\",\"contentUrl\":\"https:\/\/wroniszewska.pl\/beautyshop\/wp-content\/uploads\/sites\/2\/2020\/05\/4ES-1-1.png\",\"width\":600,\"height\":600},{\"@type\":\"WebPage\",\"@id\":\"https:\/\/wroniszewska.pl\/beautyshop\/produkt\/eu-seb-koncentrat-do-skory-problematycznej-z-prebiotykiem\/\",\"url\":\"https:\/\/wroniszewska.pl\/beautyshop\/produkt\/eu-seb-koncentrat-do-skory-problematycznej-z-prebiotykiem\/\",\"name\":\"Eu-Seb koncentrat - BEAUTY SHOP Wroniszewska\",\"isPartOf\":{\"@id\":\"https:\/\/wroniszewska.pl\/beautyshop\/#website\"},\"primaryImageOfPage\":{\"@id\":\"https:\/\/wroniszewska.pl\/beautyshop\/produkt\/eu-seb-koncentrat-do-skory-problematycznej-z-prebiotykiem\/#primaryimage\"},\"datePublished\":\"2021-05-10T13:01:13+00:00\",\"dateModified\":\"2023-03-15T08:38:26+00:00\",\"breadcrumb\":{\"@id\":\"https:\/\/wroniszewska.pl\/beautyshop\/produkt\/eu-seb-koncentrat-do-skory-problematycznej-z-prebiotykiem\/#breadcrumb\"},\"inLanguage\":\"pl-PL\",\"potentialAction\":[{\"@type\":\"ReadAction\",\"target\":[\"https:\/\/wroniszewska.pl\/beautyshop\/produkt\/eu-seb-koncentrat-do-skory-problematycznej-z-prebiotykiem\/\"]}]},{\"@type\":\"BreadcrumbList\",\"@id\":\"https:\/\/wroniszewska.pl\/beautyshop\/produkt\/eu-seb-koncentrat-do-skory-problematycznej-z-prebiotykiem\/#breadcrumb\",\"itemListElement\":[{\"@type\":\"ListItem\",\"position\":1,\"name\":\"Strona g\u0142\u00f3wna\",\"item\":\"https:\/\/wroniszewska.pl\/beautyshop\/\"},{\"@type\":\"ListItem\",\"position\":2,\"name\":\"Produkty\",\"item\":\"https:\/\/wroniszewska.pl\/beautyshop\/produkty\/\"},{\"@type\":\"ListItem\",\"position\":3,\"name\":\"Eu-Seb koncentrat\"}]}]}<\/script>\n<!-- \/ Yoast SEO plugin. -->","yoast_head_json":{"title":"Eu-Seb koncentrat - BEAUTY SHOP Wroniszewska","robots":{"index":"index","follow":"follow","max-snippet":"max-snippet:-1","max-image-preview":"max-image-preview:large","max-video-preview":"max-video-preview:-1"},"canonical":"https:\/\/wroniszewska.pl\/beautyshop\/produkt\/eu-seb-koncentrat-do-skory-problematycznej-z-prebiotykiem\/","og_locale":"pl_PL","og_type":"article","og_title":"Eu-Seb koncentrat - BEAUTY SHOP Wroniszewska","og_description":"Koncentrat do sk\u00f3ry t\u0142ustej i problematycznej  30 ml","og_url":"https:\/\/wroniszewska.pl\/beautyshop\/produkt\/eu-seb-koncentrat-do-skory-problematycznej-z-prebiotykiem\/","og_site_name":"BEAUTY SHOP Wroniszewska","article_modified_time":"2023-03-15T08:38:26+00:00","og_image":[{"width":600,"height":600,"url":"https:\/\/wroniszewska.pl\/beautyshop\/wp-content\/uploads\/sites\/2\/2020\/05\/4ES-1-1.png","type":"image\/png"}],"twitter_card":"summary_large_image","twitter_misc":{"Szacowany czas czytania":"1 minuta"},"schema":{"@context":"https:\/\/schema.org","@graph":[{"@type":"WebSite","@id":"https:\/\/wroniszewska.pl\/beautyshop\/#website","url":"https:\/\/wroniszewska.pl\/beautyshop\/","name":"BEAUTY SHOP Wroniszewska","description":"Kosmetyki profesjonalnych marek: PCA Skin, ProXN, Meder Beauty, Cell Fusion C Expert, Cell Fusion C","potentialAction":[{"@type":"SearchAction","target":{"@type":"EntryPoint","urlTemplate":"https:\/\/wroniszewska.pl\/beautyshop\/?s={search_term_string}"},"query-input":"required name=search_term_string"}],"inLanguage":"pl-PL"},{"@type":"ImageObject","inLanguage":"pl-PL","@id":"https:\/\/wroniszewska.pl\/beautyshop\/produkt\/eu-seb-koncentrat-do-skory-problematycznej-z-prebiotykiem\/#primaryimage","url":"https:\/\/wroniszewska.pl\/beautyshop\/wp-content\/uploads\/sites\/2\/2020\/05\/4ES-1-1.png","contentUrl":"https:\/\/wroniszewska.pl\/beautyshop\/wp-content\/uploads\/sites\/2\/2020\/05\/4ES-1-1.png","width":600,"height":600},{"@type":"WebPage","@id":"https:\/\/wroniszewska.pl\/beautyshop\/produkt\/eu-seb-koncentrat-do-skory-problematycznej-z-prebiotykiem\/","url":"https:\/\/wroniszewska.pl\/beautyshop\/produkt\/eu-seb-koncentrat-do-skory-problematycznej-z-prebiotykiem\/","name":"Eu-Seb koncentrat - BEAUTY SHOP Wroniszewska","isPartOf":{"@id":"https:\/\/wroniszewska.pl\/beautyshop\/#website"},"primaryImageOfPage":{"@id":"https:\/\/wroniszewska.pl\/beautyshop\/produkt\/eu-seb-koncentrat-do-skory-problematycznej-z-prebiotykiem\/#primaryimage"},"datePublished":"2021-05-10T13:01:13+00:00","dateModified":"2023-03-15T08:38:26+00:00","breadcrumb":{"@id":"https:\/\/wroniszewska.pl\/beautyshop\/produkt\/eu-seb-koncentrat-do-skory-problematycznej-z-prebiotykiem\/#breadcrumb"},"inLanguage":"pl-PL","potentialAction":[{"@type":"ReadAction","target":["https:\/\/wroniszewska.pl\/beautyshop\/produkt\/eu-seb-koncentrat-do-skory-problematycznej-z-prebiotykiem\/"]}]},{"@type":"BreadcrumbList","@id":"https:\/\/wroniszewska.pl\/beautyshop\/produkt\/eu-seb-koncentrat-do-skory-problematycznej-z-prebiotykiem\/#breadcrumb","itemListElement":[{"@type":"ListItem","position":1,"name":"Strona g\u0142\u00f3wna","item":"https:\/\/wroniszewska.pl\/beautyshop\/"},{"@type":"ListItem","position":2,"name":"Produkty","item":"https:\/\/wroniszewska.pl\/beautyshop\/produkty\/"},{"@type":"ListItem","position":3,"name":"Eu-Seb koncentrat"}]}]}},"_links":{"self":[{"href":"https:\/\/wroniszewska.pl\/beautyshop\/wp-json\/wp\/v2\/product\/160"}],"collection":[{"href":"https:\/\/wroniszewska.pl\/beautyshop\/wp-json\/wp\/v2\/product"}],"about":[{"href":"https:\/\/wroniszewska.pl\/beautyshop\/wp-json\/wp\/v2\/types\/product"}],"wp:featuredmedia":[{"embeddable":true,"href":"https:\/\/wroniszewska.pl\/beautyshop\/wp-json\/wp\/v2\/media\/131"}],"wp:attachment":[{"href":"https:\/\/wroniszewska.pl\/beautyshop\/wp-json\/wp\/v2\/media?parent=160"}],"wp:term":[{"taxonomy":"product_cat","embeddable":true,"href":"https:\/\/wroniszewska.pl\/beautyshop\/wp-json\/wp\/v2\/product_cat?post=160"},{"taxonomy":"product_tag","embeddable":true,"href":"https:\/\/wroniszewska.pl\/beautyshop\/wp-json\/wp\/v2\/product_tag?post=160"}],"curies":[{"name":"wp","href":"https:\/\/api.w.org\/{rel}","templated":true}]}}